{"id":3804,"date":"2023-08-11T14:24:09","date_gmt":"2023-08-11T13:24:09","guid":{"rendered":"http:\/\/www.res-group.com\/erken-kariyer\/stajlar\/"},"modified":"2023-08-31T10:55:36","modified_gmt":"2023-08-31T09:55:36","slug":"staj-programi","status":"publish","type":"page","link":"https:\/\/www.res-group.com\/tr\/kariyer\/erken-kariyer\/staj-programi\/","title":{"rendered":"Staj Program\u0131"},"content":{"rendered":"","protected":false},"excerpt":{"rendered":"","protected":false},"author":1,"featured_media":3589,"parent":3801,"menu_order":1,"comment_status":"closed","ping_status":"closed","template":"index.php","meta":{"_acf_changed":false,"footnotes":""},"class_list":["post-3804","page","type-page","status-publish","has-post-thumbnail","hentry"],"acf":[],"yoast_head":"<!-- This site is optimized with the Yoast SEO Premium plugin v27.2 (Yoast SEO v27.2) - https:\/\/yoast.com\/product\/yoast-seo-premium-wordpress\/ -->\n<title>Staj Program\u0131 - RES<\/title>\n<meta name=\"robots\" content=\"index, follow, max-snippet:-1, max-image-preview:large, max-video-preview:-1\" \/>\n<link rel=\"canonical\" href=\"https:\/\/www.res-group.com\/tr\/kariyer\/erken-kariyer\/staj-programi\/\" \/>\n<meta property=\"og:locale\" content=\"tr_TR\" \/>\n<meta property=\"og:type\" content=\"article\" \/>\n<meta property=\"og:title\" content=\"Staj Program\u0131\" \/>\n<meta property=\"og:url\" content=\"https:\/\/www.res-group.com\/tr\/kariyer\/erken-kariyer\/staj-programi\/\" \/>\n<meta property=\"og:site_name\" content=\"RES\" \/>\n<meta property=\"article:modified_time\" content=\"2023-08-31T09:55:36+00:00\" \/>\n<meta property=\"og:image\" content=\"https:\/\/www.res-group.com\/wp-content\/uploads\/2023\/08\/Internships-banner-desktop-1.jpg\" \/>\n\t<meta property=\"og:image:width\" content=\"1920\" \/>\n\t<meta property=\"og:image:height\" content=\"970\" \/>\n\t<meta property=\"og:image:type\" content=\"image\/jpeg\" \/>\n<meta name=\"twitter:card\" content=\"summary_large_image\" \/>\n<meta name=\"twitter:site\" content=\"@RESGroup\" \/>\n<script type=\"application\/ld+json\" class=\"yoast-schema-graph\">{\"@context\":\"https:\/\/schema.org\",\"@graph\":[{\"@type\":\"WebPage\",\"@id\":\"https:\/\/www.res-group.com\/tr\/kariyer\/erken-kariyer\/staj-programi\/\",\"url\":\"https:\/\/www.res-group.com\/tr\/kariyer\/erken-kariyer\/staj-programi\/\",\"name\":\"Staj Program\u0131 - RES\",\"isPartOf\":{\"@id\":\"https:\/\/www.res-group.com\/tr\/#website\"},\"primaryImageOfPage\":{\"@id\":\"https:\/\/www.res-group.com\/tr\/kariyer\/erken-kariyer\/staj-programi\/#primaryimage\"},\"image\":{\"@id\":\"https:\/\/www.res-group.com\/tr\/kariyer\/erken-kariyer\/staj-programi\/#primaryimage\"},\"thumbnailUrl\":\"https:\/\/www.res-group.com\/wp-content\/uploads\/2023\/08\/Internships-banner-desktop-1.jpg\",\"datePublished\":\"2023-08-11T13:24:09+00:00\",\"dateModified\":\"2023-08-31T09:55:36+00:00\",\"breadcrumb\":{\"@id\":\"https:\/\/www.res-group.com\/tr\/kariyer\/erken-kariyer\/staj-programi\/#breadcrumb\"},\"inLanguage\":\"tr\",\"potentialAction\":[{\"@type\":\"ReadAction\",\"target\":[\"https:\/\/www.res-group.com\/tr\/kariyer\/erken-kariyer\/staj-programi\/\"]}]},{\"@type\":\"ImageObject\",\"inLanguage\":\"tr\",\"@id\":\"https:\/\/www.res-group.com\/tr\/kariyer\/erken-kariyer\/staj-programi\/#primaryimage\",\"url\":\"https:\/\/www.res-group.com\/wp-content\/uploads\/2023\/08\/Internships-banner-desktop-1.jpg\",\"contentUrl\":\"https:\/\/www.res-group.com\/wp-content\/uploads\/2023\/08\/Internships-banner-desktop-1.jpg\",\"width\":1920,\"height\":970},{\"@type\":\"BreadcrumbList\",\"@id\":\"https:\/\/www.res-group.com\/tr\/kariyer\/erken-kariyer\/staj-programi\/#breadcrumb\",\"itemListElement\":[{\"@type\":\"ListItem\",\"position\":1,\"name\":\"In\u00edcio\",\"item\":\"https:\/\/www.res-group.com\/tr\/\"},{\"@type\":\"ListItem\",\"position\":2,\"name\":\"Kariyer\",\"item\":\"https:\/\/www.res-group.com\/tr\/kariyer\/\"},{\"@type\":\"ListItem\",\"position\":3,\"name\":\"Kariyer &#8211; uzman yard\u0131mc\u0131s\u0131 seviyesi\",\"item\":\"https:\/\/www.res-group.com\/tr\/kariyer\/uzman-yardimcisi-seviyesi\/\"},{\"@type\":\"ListItem\",\"position\":4,\"name\":\"Staj Program\u0131\"}]},{\"@type\":\"WebSite\",\"@id\":\"https:\/\/www.res-group.com\/tr\/#website\",\"url\":\"https:\/\/www.res-group.com\/tr\/\",\"name\":\"res-group.com\",\"description\":\"The power behind a clean energy future\",\"publisher\":{\"@id\":\"https:\/\/www.res-group.com\/tr\/#organization\"},\"potentialAction\":[{\"@type\":\"SearchAction\",\"target\":{\"@type\":\"EntryPoint\",\"urlTemplate\":\"https:\/\/www.res-group.com\/tr\/?s={search_term_string}\"},\"query-input\":{\"@type\":\"PropertyValueSpecification\",\"valueRequired\":true,\"valueName\":\"search_term_string\"}}],\"inLanguage\":\"tr\"},{\"@type\":\"Organization\",\"@id\":\"https:\/\/www.res-group.com\/tr\/#organization\",\"name\":\"RES\",\"url\":\"https:\/\/www.res-group.com\/tr\/\",\"logo\":{\"@type\":\"ImageObject\",\"inLanguage\":\"tr\",\"@id\":\"https:\/\/www.res-group.com\/tr\/#\/schema\/logo\/image\/\",\"url\":\"https:\/\/www.res-group.com\/wp-content\/uploads\/2023\/05\/header-logo.svg\",\"contentUrl\":\"https:\/\/www.res-group.com\/wp-content\/uploads\/2023\/05\/header-logo.svg\",\"width\":82.634,\"height\":38,\"caption\":\"RES\"},\"image\":{\"@id\":\"https:\/\/www.res-group.com\/tr\/#\/schema\/logo\/image\/\"},\"sameAs\":[\"https:\/\/x.com\/RESGroup\",\"https:\/\/www.instagram.com\/res_powerforgood\",\"https:\/\/www.linkedin.com\/company\/res-group\/\",\"https:\/\/vimeo.com\/resgroup\"]}]}<\/script>\n<!-- \/ Yoast SEO Premium plugin. -->","yoast_head_json":{"title":"Staj Program\u0131 - RES","robots":{"index":"index","follow":"follow","max-snippet":"max-snippet:-1","max-image-preview":"max-image-preview:large","max-video-preview":"max-video-preview:-1"},"canonical":"https:\/\/www.res-group.com\/tr\/kariyer\/erken-kariyer\/staj-programi\/","og_locale":"tr_TR","og_type":"article","og_title":"Staj Program\u0131","og_url":"https:\/\/www.res-group.com\/tr\/kariyer\/erken-kariyer\/staj-programi\/","og_site_name":"RES","article_modified_time":"2023-08-31T09:55:36+00:00","og_image":[{"width":1920,"height":970,"url":"https:\/\/www.res-group.com\/wp-content\/uploads\/2023\/08\/Internships-banner-desktop-1.jpg","type":"image\/jpeg"}],"twitter_card":"summary_large_image","twitter_site":"@RESGroup","schema":{"@context":"https:\/\/schema.org","@graph":[{"@type":"WebPage","@id":"https:\/\/www.res-group.com\/tr\/kariyer\/erken-kariyer\/staj-programi\/","url":"https:\/\/www.res-group.com\/tr\/kariyer\/erken-kariyer\/staj-programi\/","name":"Staj Program\u0131 - RES","isPartOf":{"@id":"https:\/\/www.res-group.com\/tr\/#website"},"primaryImageOfPage":{"@id":"https:\/\/www.res-group.com\/tr\/kariyer\/erken-kariyer\/staj-programi\/#primaryimage"},"image":{"@id":"https:\/\/www.res-group.com\/tr\/kariyer\/erken-kariyer\/staj-programi\/#primaryimage"},"thumbnailUrl":"https:\/\/www.res-group.com\/wp-content\/uploads\/2023\/08\/Internships-banner-desktop-1.jpg","datePublished":"2023-08-11T13:24:09+00:00","dateModified":"2023-08-31T09:55:36+00:00","breadcrumb":{"@id":"https:\/\/www.res-group.com\/tr\/kariyer\/erken-kariyer\/staj-programi\/#breadcrumb"},"inLanguage":"tr","potentialAction":[{"@type":"ReadAction","target":["https:\/\/www.res-group.com\/tr\/kariyer\/erken-kariyer\/staj-programi\/"]}]},{"@type":"ImageObject","inLanguage":"tr","@id":"https:\/\/www.res-group.com\/tr\/kariyer\/erken-kariyer\/staj-programi\/#primaryimage","url":"https:\/\/www.res-group.com\/wp-content\/uploads\/2023\/08\/Internships-banner-desktop-1.jpg","contentUrl":"https:\/\/www.res-group.com\/wp-content\/uploads\/2023\/08\/Internships-banner-desktop-1.jpg","width":1920,"height":970},{"@type":"BreadcrumbList","@id":"https:\/\/www.res-group.com\/tr\/kariyer\/erken-kariyer\/staj-programi\/#breadcrumb","itemListElement":[{"@type":"ListItem","position":1,"name":"In\u00edcio","item":"https:\/\/www.res-group.com\/tr\/"},{"@type":"ListItem","position":2,"name":"Kariyer","item":"https:\/\/www.res-group.com\/tr\/kariyer\/"},{"@type":"ListItem","position":3,"name":"Kariyer &#8211; uzman yard\u0131mc\u0131s\u0131 seviyesi","item":"https:\/\/www.res-group.com\/tr\/kariyer\/uzman-yardimcisi-seviyesi\/"},{"@type":"ListItem","position":4,"name":"Staj Program\u0131"}]},{"@type":"WebSite","@id":"https:\/\/www.res-group.com\/tr\/#website","url":"https:\/\/www.res-group.com\/tr\/","name":"res-group.com","description":"The power behind a clean energy future","publisher":{"@id":"https:\/\/www.res-group.com\/tr\/#organization"},"potentialAction":[{"@type":"SearchAction","target":{"@type":"EntryPoint","urlTemplate":"https:\/\/www.res-group.com\/tr\/?s={search_term_string}"},"query-input":{"@type":"PropertyValueSpecification","valueRequired":true,"valueName":"search_term_string"}}],"inLanguage":"tr"},{"@type":"Organization","@id":"https:\/\/www.res-group.com\/tr\/#organization","name":"RES","url":"https:\/\/www.res-group.com\/tr\/","logo":{"@type":"ImageObject","inLanguage":"tr","@id":"https:\/\/www.res-group.com\/tr\/#\/schema\/logo\/image\/","url":"https:\/\/www.res-group.com\/wp-content\/uploads\/2023\/05\/header-logo.svg","contentUrl":"https:\/\/www.res-group.com\/wp-content\/uploads\/2023\/05\/header-logo.svg","width":82.634,"height":38,"caption":"RES"},"image":{"@id":"https:\/\/www.res-group.com\/tr\/#\/schema\/logo\/image\/"},"sameAs":["https:\/\/x.com\/RESGroup","https:\/\/www.instagram.com\/res_powerforgood","https:\/\/www.linkedin.com\/company\/res-group\/","https:\/\/vimeo.com\/resgroup"]}]}},"_links":{"self":[{"href":"https:\/\/www.res-group.com\/tr\/wp-json\/wp\/v2\/pages\/3804","targetHints":{"allow":["GET"]}}],"collection":[{"href":"https:\/\/www.res-group.com\/tr\/wp-json\/wp\/v2\/pages"}],"about":[{"href":"https:\/\/www.res-group.com\/tr\/wp-json\/wp\/v2\/types\/page"}],"author":[{"embeddable":true,"href":"https:\/\/www.res-group.com\/tr\/wp-json\/wp\/v2\/users\/1"}],"replies":[{"embeddable":true,"href":"https:\/\/www.res-group.com\/tr\/wp-json\/wp\/v2\/comments?post=3804"}],"version-history":[{"count":0,"href":"https:\/\/www.res-group.com\/tr\/wp-json\/wp\/v2\/pages\/3804\/revisions"}],"up":[{"embeddable":true,"href":"https:\/\/www.res-group.com\/tr\/wp-json\/wp\/v2\/pages\/3801"}],"wp:featuredmedia":[{"embeddable":true,"href":"https:\/\/www.res-group.com\/tr\/wp-json\/wp\/v2\/media\/3589"}],"wp:attachment":[{"href":"https:\/\/www.res-group.com\/tr\/wp-json\/wp\/v2\/media?parent=3804"}],"curies":[{"name":"wp","href":"https:\/\/api.w.org\/{rel}","templated":true}]}}