{"id":3578,"date":"2023-08-10T16:56:34","date_gmt":"2023-08-10T15:56:34","guid":{"rendered":"http:\/\/www.res-group.com\/gelistirme\/arazi-sahipleri\/"},"modified":"2024-07-22T09:50:23","modified_gmt":"2024-07-22T08:50:23","slug":"arazi-sahipleri","status":"publish","type":"page","link":"https:\/\/www.res-group.com\/tr\/proje-gelistirme\/arazi-sahipleri\/","title":{"rendered":"Arazi Sahipleri"},"content":{"rendered":"","protected":false},"excerpt":{"rendered":"","protected":false},"author":1,"featured_media":19403,"parent":3574,"menu_order":0,"comment_status":"closed","ping_status":"closed","template":"index.php","meta":{"_acf_changed":true,"footnotes":""},"class_list":["post-3578","page","type-page","status-publish","has-post-thumbnail","hentry"],"acf":[],"yoast_head":"<!-- This site is optimized with the Yoast SEO Premium plugin v27.2 (Yoast SEO v27.2) - https:\/\/yoast.com\/product\/yoast-seo-premium-wordpress\/ -->\n<title>Arazi Sahipleri - RES<\/title>\n<meta name=\"description\" content=\"Temiz enerji projelerini i\u015fbirli\u011fi i\u00e7inde ve anlaml\u0131, \u00fcretken ili\u015fkiler kurarak hayata ge\u00e7iriyoruz, b\u00f6ylece s\u0131f\u0131r karbon enerjisine eri\u015fimin getirece\u011fi uzun vadeli ekonomik ve \u00e7evresel faydalar\u0131 birlikte ger\u00e7ekle\u015ftirebiliyoruz.\" \/>\n<meta name=\"robots\" content=\"index, follow, max-snippet:-1, max-image-preview:large, max-video-preview:-1\" \/>\n<link rel=\"canonical\" href=\"https:\/\/www.res-group.com\/tr\/proje-gelistirme\/arazi-sahipleri\/\" \/>\n<meta property=\"og:locale\" content=\"tr_TR\" \/>\n<meta property=\"og:type\" content=\"article\" \/>\n<meta property=\"og:title\" content=\"Arazi Sahipleri\" \/>\n<meta property=\"og:description\" content=\"Temiz enerji projelerini i\u015fbirli\u011fi i\u00e7inde ve anlaml\u0131, \u00fcretken ili\u015fkiler kurarak hayata ge\u00e7iriyoruz, b\u00f6ylece s\u0131f\u0131r karbon enerjisine eri\u015fimin getirece\u011fi uzun vadeli ekonomik ve \u00e7evresel faydalar\u0131 birlikte ger\u00e7ekle\u015ftirebiliyoruz.\" \/>\n<meta property=\"og:url\" content=\"https:\/\/www.res-group.com\/tr\/proje-gelistirme\/arazi-sahipleri\/\" \/>\n<meta property=\"og:site_name\" content=\"RES\" \/>\n<meta property=\"article:modified_time\" content=\"2024-07-22T08:50:23+00:00\" \/>\n<meta property=\"og:image\" content=\"https:\/\/www.res-group.com\/wp-content\/uploads\/2023\/08\/Landowners-Banner-Desktop-1.jpg\" \/>\n\t<meta property=\"og:image:width\" content=\"1920\" \/>\n\t<meta property=\"og:image:height\" content=\"970\" \/>\n\t<meta property=\"og:image:type\" content=\"image\/jpeg\" \/>\n<meta name=\"twitter:card\" content=\"summary_large_image\" \/>\n<meta name=\"twitter:site\" content=\"@RESGroup\" \/>\n<meta name=\"twitter:label1\" content=\"Tahmini okuma s\u00fcresi\" \/>\n\t<meta name=\"twitter:data1\" content=\"1 dakika\" \/>\n<script type=\"application\/ld+json\" class=\"yoast-schema-graph\">{\"@context\":\"https:\/\/schema.org\",\"@graph\":[{\"@type\":\"WebPage\",\"@id\":\"https:\/\/www.res-group.com\/tr\/proje-gelistirme\/arazi-sahipleri\/\",\"url\":\"https:\/\/www.res-group.com\/tr\/proje-gelistirme\/arazi-sahipleri\/\",\"name\":\"Arazi Sahipleri - RES\",\"isPartOf\":{\"@id\":\"https:\/\/www.res-group.com\/tr\/#website\"},\"primaryImageOfPage\":{\"@id\":\"https:\/\/www.res-group.com\/tr\/proje-gelistirme\/arazi-sahipleri\/#primaryimage\"},\"image\":{\"@id\":\"https:\/\/www.res-group.com\/tr\/proje-gelistirme\/arazi-sahipleri\/#primaryimage\"},\"thumbnailUrl\":\"https:\/\/www.res-group.com\/wp-content\/uploads\/2023\/08\/Landowners-Banner-Desktop-1.jpg\",\"datePublished\":\"2023-08-10T15:56:34+00:00\",\"dateModified\":\"2024-07-22T08:50:23+00:00\",\"description\":\"Temiz enerji projelerini i\u015fbirli\u011fi i\u00e7inde ve anlaml\u0131, \u00fcretken ili\u015fkiler kurarak hayata ge\u00e7iriyoruz, b\u00f6ylece s\u0131f\u0131r karbon enerjisine eri\u015fimin getirece\u011fi uzun vadeli ekonomik ve \u00e7evresel faydalar\u0131 birlikte ger\u00e7ekle\u015ftirebiliyoruz.\",\"breadcrumb\":{\"@id\":\"https:\/\/www.res-group.com\/tr\/proje-gelistirme\/arazi-sahipleri\/#breadcrumb\"},\"inLanguage\":\"tr\",\"potentialAction\":[{\"@type\":\"ReadAction\",\"target\":[\"https:\/\/www.res-group.com\/tr\/proje-gelistirme\/arazi-sahipleri\/\"]}]},{\"@type\":\"ImageObject\",\"inLanguage\":\"tr\",\"@id\":\"https:\/\/www.res-group.com\/tr\/proje-gelistirme\/arazi-sahipleri\/#primaryimage\",\"url\":\"https:\/\/www.res-group.com\/wp-content\/uploads\/2023\/08\/Landowners-Banner-Desktop-1.jpg\",\"contentUrl\":\"https:\/\/www.res-group.com\/wp-content\/uploads\/2023\/08\/Landowners-Banner-Desktop-1.jpg\",\"width\":1920,\"height\":970},{\"@type\":\"BreadcrumbList\",\"@id\":\"https:\/\/www.res-group.com\/tr\/proje-gelistirme\/arazi-sahipleri\/#breadcrumb\",\"itemListElement\":[{\"@type\":\"ListItem\",\"position\":1,\"name\":\"In\u00edcio\",\"item\":\"https:\/\/www.res-group.com\/tr\/\"},{\"@type\":\"ListItem\",\"position\":2,\"name\":\"Proje Geli\u015ftirme\",\"item\":\"https:\/\/www.res-group.com\/tr\/proje-gelistirme\/\"},{\"@type\":\"ListItem\",\"position\":3,\"name\":\"Arazi Sahipleri\"}]},{\"@type\":\"WebSite\",\"@id\":\"https:\/\/www.res-group.com\/tr\/#website\",\"url\":\"https:\/\/www.res-group.com\/tr\/\",\"name\":\"res-group.com\",\"description\":\"The power behind a clean energy future\",\"publisher\":{\"@id\":\"https:\/\/www.res-group.com\/tr\/#organization\"},\"potentialAction\":[{\"@type\":\"SearchAction\",\"target\":{\"@type\":\"EntryPoint\",\"urlTemplate\":\"https:\/\/www.res-group.com\/tr\/?s={search_term_string}\"},\"query-input\":{\"@type\":\"PropertyValueSpecification\",\"valueRequired\":true,\"valueName\":\"search_term_string\"}}],\"inLanguage\":\"tr\"},{\"@type\":\"Organization\",\"@id\":\"https:\/\/www.res-group.com\/tr\/#organization\",\"name\":\"RES\",\"url\":\"https:\/\/www.res-group.com\/tr\/\",\"logo\":{\"@type\":\"ImageObject\",\"inLanguage\":\"tr\",\"@id\":\"https:\/\/www.res-group.com\/tr\/#\/schema\/logo\/image\/\",\"url\":\"https:\/\/www.res-group.com\/wp-content\/uploads\/2023\/05\/header-logo.svg\",\"contentUrl\":\"https:\/\/www.res-group.com\/wp-content\/uploads\/2023\/05\/header-logo.svg\",\"width\":82.634,\"height\":38,\"caption\":\"RES\"},\"image\":{\"@id\":\"https:\/\/www.res-group.com\/tr\/#\/schema\/logo\/image\/\"},\"sameAs\":[\"https:\/\/x.com\/RESGroup\",\"https:\/\/www.instagram.com\/res_powerforgood\",\"https:\/\/www.linkedin.com\/company\/res-group\/\",\"https:\/\/vimeo.com\/resgroup\"]}]}<\/script>\n<!-- \/ Yoast SEO Premium plugin. -->","yoast_head_json":{"title":"Arazi Sahipleri - RES","description":"Temiz enerji projelerini i\u015fbirli\u011fi i\u00e7inde ve anlaml\u0131, \u00fcretken ili\u015fkiler kurarak hayata ge\u00e7iriyoruz, b\u00f6ylece s\u0131f\u0131r karbon enerjisine eri\u015fimin getirece\u011fi uzun vadeli ekonomik ve \u00e7evresel faydalar\u0131 birlikte ger\u00e7ekle\u015ftirebiliyoruz.","robots":{"index":"index","follow":"follow","max-snippet":"max-snippet:-1","max-image-preview":"max-image-preview:large","max-video-preview":"max-video-preview:-1"},"canonical":"https:\/\/www.res-group.com\/tr\/proje-gelistirme\/arazi-sahipleri\/","og_locale":"tr_TR","og_type":"article","og_title":"Arazi Sahipleri","og_description":"Temiz enerji projelerini i\u015fbirli\u011fi i\u00e7inde ve anlaml\u0131, \u00fcretken ili\u015fkiler kurarak hayata ge\u00e7iriyoruz, b\u00f6ylece s\u0131f\u0131r karbon enerjisine eri\u015fimin getirece\u011fi uzun vadeli ekonomik ve \u00e7evresel faydalar\u0131 birlikte ger\u00e7ekle\u015ftirebiliyoruz.","og_url":"https:\/\/www.res-group.com\/tr\/proje-gelistirme\/arazi-sahipleri\/","og_site_name":"RES","article_modified_time":"2024-07-22T08:50:23+00:00","og_image":[{"width":1920,"height":970,"url":"https:\/\/www.res-group.com\/wp-content\/uploads\/2023\/08\/Landowners-Banner-Desktop-1.jpg","type":"image\/jpeg"}],"twitter_card":"summary_large_image","twitter_site":"@RESGroup","twitter_misc":{"Tahmini okuma s\u00fcresi":"1 dakika"},"schema":{"@context":"https:\/\/schema.org","@graph":[{"@type":"WebPage","@id":"https:\/\/www.res-group.com\/tr\/proje-gelistirme\/arazi-sahipleri\/","url":"https:\/\/www.res-group.com\/tr\/proje-gelistirme\/arazi-sahipleri\/","name":"Arazi Sahipleri - RES","isPartOf":{"@id":"https:\/\/www.res-group.com\/tr\/#website"},"primaryImageOfPage":{"@id":"https:\/\/www.res-group.com\/tr\/proje-gelistirme\/arazi-sahipleri\/#primaryimage"},"image":{"@id":"https:\/\/www.res-group.com\/tr\/proje-gelistirme\/arazi-sahipleri\/#primaryimage"},"thumbnailUrl":"https:\/\/www.res-group.com\/wp-content\/uploads\/2023\/08\/Landowners-Banner-Desktop-1.jpg","datePublished":"2023-08-10T15:56:34+00:00","dateModified":"2024-07-22T08:50:23+00:00","description":"Temiz enerji projelerini i\u015fbirli\u011fi i\u00e7inde ve anlaml\u0131, \u00fcretken ili\u015fkiler kurarak hayata ge\u00e7iriyoruz, b\u00f6ylece s\u0131f\u0131r karbon enerjisine eri\u015fimin getirece\u011fi uzun vadeli ekonomik ve \u00e7evresel faydalar\u0131 birlikte ger\u00e7ekle\u015ftirebiliyoruz.","breadcrumb":{"@id":"https:\/\/www.res-group.com\/tr\/proje-gelistirme\/arazi-sahipleri\/#breadcrumb"},"inLanguage":"tr","potentialAction":[{"@type":"ReadAction","target":["https:\/\/www.res-group.com\/tr\/proje-gelistirme\/arazi-sahipleri\/"]}]},{"@type":"ImageObject","inLanguage":"tr","@id":"https:\/\/www.res-group.com\/tr\/proje-gelistirme\/arazi-sahipleri\/#primaryimage","url":"https:\/\/www.res-group.com\/wp-content\/uploads\/2023\/08\/Landowners-Banner-Desktop-1.jpg","contentUrl":"https:\/\/www.res-group.com\/wp-content\/uploads\/2023\/08\/Landowners-Banner-Desktop-1.jpg","width":1920,"height":970},{"@type":"BreadcrumbList","@id":"https:\/\/www.res-group.com\/tr\/proje-gelistirme\/arazi-sahipleri\/#breadcrumb","itemListElement":[{"@type":"ListItem","position":1,"name":"In\u00edcio","item":"https:\/\/www.res-group.com\/tr\/"},{"@type":"ListItem","position":2,"name":"Proje Geli\u015ftirme","item":"https:\/\/www.res-group.com\/tr\/proje-gelistirme\/"},{"@type":"ListItem","position":3,"name":"Arazi Sahipleri"}]},{"@type":"WebSite","@id":"https:\/\/www.res-group.com\/tr\/#website","url":"https:\/\/www.res-group.com\/tr\/","name":"res-group.com","description":"The power behind a clean energy future","publisher":{"@id":"https:\/\/www.res-group.com\/tr\/#organization"},"potentialAction":[{"@type":"SearchAction","target":{"@type":"EntryPoint","urlTemplate":"https:\/\/www.res-group.com\/tr\/?s={search_term_string}"},"query-input":{"@type":"PropertyValueSpecification","valueRequired":true,"valueName":"search_term_string"}}],"inLanguage":"tr"},{"@type":"Organization","@id":"https:\/\/www.res-group.com\/tr\/#organization","name":"RES","url":"https:\/\/www.res-group.com\/tr\/","logo":{"@type":"ImageObject","inLanguage":"tr","@id":"https:\/\/www.res-group.com\/tr\/#\/schema\/logo\/image\/","url":"https:\/\/www.res-group.com\/wp-content\/uploads\/2023\/05\/header-logo.svg","contentUrl":"https:\/\/www.res-group.com\/wp-content\/uploads\/2023\/05\/header-logo.svg","width":82.634,"height":38,"caption":"RES"},"image":{"@id":"https:\/\/www.res-group.com\/tr\/#\/schema\/logo\/image\/"},"sameAs":["https:\/\/x.com\/RESGroup","https:\/\/www.instagram.com\/res_powerforgood","https:\/\/www.linkedin.com\/company\/res-group\/","https:\/\/vimeo.com\/resgroup"]}]}},"_links":{"self":[{"href":"https:\/\/www.res-group.com\/tr\/wp-json\/wp\/v2\/pages\/3578","targetHints":{"allow":["GET"]}}],"collection":[{"href":"https:\/\/www.res-group.com\/tr\/wp-json\/wp\/v2\/pages"}],"about":[{"href":"https:\/\/www.res-group.com\/tr\/wp-json\/wp\/v2\/types\/page"}],"author":[{"embeddable":true,"href":"https:\/\/www.res-group.com\/tr\/wp-json\/wp\/v2\/users\/1"}],"replies":[{"embeddable":true,"href":"https:\/\/www.res-group.com\/tr\/wp-json\/wp\/v2\/comments?post=3578"}],"version-history":[{"count":0,"href":"https:\/\/www.res-group.com\/tr\/wp-json\/wp\/v2\/pages\/3578\/revisions"}],"up":[{"embeddable":true,"href":"https:\/\/www.res-group.com\/tr\/wp-json\/wp\/v2\/pages\/3574"}],"wp:featuredmedia":[{"embeddable":true,"href":"https:\/\/www.res-group.com\/tr\/wp-json\/wp\/v2\/media\/19403"}],"wp:attachment":[{"href":"https:\/\/www.res-group.com\/tr\/wp-json\/wp\/v2\/media?parent=3578"}],"curies":[{"name":"wp","href":"https:\/\/api.w.org\/{rel}","templated":true}]}}