{"id":3574,"date":"2023-08-10T16:55:25","date_gmt":"2023-08-10T15:55:25","guid":{"rendered":"http:\/\/www.res-group.com\/gelistirme\/"},"modified":"2026-01-26T14:15:59","modified_gmt":"2026-01-26T14:15:59","slug":"proje-gelistirme","status":"publish","type":"page","link":"https:\/\/www.res-group.com\/tr\/proje-gelistirme\/","title":{"rendered":"Proje Geli\u015ftirme"},"content":{"rendered":"","protected":false},"excerpt":{"rendered":"","protected":false},"author":1,"featured_media":1306,"parent":0,"menu_order":0,"comment_status":"closed","ping_status":"closed","template":"index.php","meta":{"_acf_changed":false,"footnotes":""},"class_list":["post-3574","page","type-page","status-publish","has-post-thumbnail","hentry"],"acf":[],"yoast_head":"<!-- This site is optimized with the Yoast SEO Premium plugin v27.2 (Yoast SEO v27.2) - https:\/\/yoast.com\/product\/yoast-seo-premium-wordpress\/ -->\n<title>Proje Geli\u015ftirme - RES<\/title>\n<meta name=\"description\" content=\"D\u00fcnya \u00e7ap\u0131nda kara r\u00fczgar\u0131, a\u00e7\u0131k deniz r\u00fczgar\u0131, g\u00fcne\u015f enerjisi, enerji depolama ve ye\u015fil hidrojen alanlar\u0131nda ba\u015far\u0131l\u0131 temiz enerji projeleri geli\u015ftiriyoruz. Projelerimizin maksimum de\u011fer \u00fcretmesini sa\u011fl\u0131yor ve yol boyunca arazi sahipleri, yerel topluluklar, \u0130lk Milletler, yat\u0131r\u0131mc\u0131lar, h\u00fck\u00fcmetler ve yetkililerle anlaml\u0131 ili\u015fkiler kuruyoruz.\" \/>\n<meta name=\"robots\" content=\"index, follow, max-snippet:-1, max-image-preview:large, max-video-preview:-1\" \/>\n<link rel=\"canonical\" href=\"https:\/\/www.res-group.com\/tr\/proje-gelistirme\/\" \/>\n<meta property=\"og:locale\" content=\"tr_TR\" \/>\n<meta property=\"og:type\" content=\"article\" \/>\n<meta property=\"og:title\" content=\"Proje Geli\u015ftirme\" \/>\n<meta property=\"og:description\" content=\"D\u00fcnya \u00e7ap\u0131nda kara r\u00fczgar\u0131, a\u00e7\u0131k deniz r\u00fczgar\u0131, g\u00fcne\u015f enerjisi, enerji depolama ve ye\u015fil hidrojen alanlar\u0131nda ba\u015far\u0131l\u0131 temiz enerji projeleri geli\u015ftiriyoruz. Projelerimizin maksimum de\u011fer \u00fcretmesini sa\u011fl\u0131yor ve yol boyunca arazi sahipleri, yerel topluluklar, \u0130lk Milletler, yat\u0131r\u0131mc\u0131lar, h\u00fck\u00fcmetler ve yetkililerle anlaml\u0131 ili\u015fkiler kuruyoruz.\" \/>\n<meta property=\"og:url\" content=\"https:\/\/www.res-group.com\/tr\/proje-gelistirme\/\" \/>\n<meta property=\"og:site_name\" content=\"RES\" \/>\n<meta property=\"article:modified_time\" content=\"2026-01-26T14:15:59+00:00\" \/>\n<meta property=\"og:image\" content=\"https:\/\/www.res-group.com\/wp-content\/uploads\/2023\/05\/Banner_singleservice_mob.png\" \/>\n\t<meta property=\"og:image:width\" content=\"390\" \/>\n\t<meta property=\"og:image:height\" content=\"755\" \/>\n\t<meta property=\"og:image:type\" content=\"image\/png\" \/>\n<meta name=\"twitter:card\" content=\"summary_large_image\" \/>\n<meta name=\"twitter:site\" content=\"@RESGroup\" \/>\n<meta name=\"twitter:label1\" content=\"Tahmini okuma s\u00fcresi\" \/>\n\t<meta name=\"twitter:data1\" content=\"1 dakika\" \/>\n<script type=\"application\/ld+json\" class=\"yoast-schema-graph\">{\"@context\":\"https:\/\/schema.org\",\"@graph\":[{\"@type\":\"WebPage\",\"@id\":\"https:\/\/www.res-group.com\/tr\/proje-gelistirme\/\",\"url\":\"https:\/\/www.res-group.com\/tr\/proje-gelistirme\/\",\"name\":\"Proje Geli\u015ftirme - RES\",\"isPartOf\":{\"@id\":\"https:\/\/www.res-group.com\/tr\/#website\"},\"primaryImageOfPage\":{\"@id\":\"https:\/\/www.res-group.com\/tr\/proje-gelistirme\/#primaryimage\"},\"image\":{\"@id\":\"https:\/\/www.res-group.com\/tr\/proje-gelistirme\/#primaryimage\"},\"thumbnailUrl\":\"https:\/\/www.res-group.com\/wp-content\/uploads\/2023\/05\/Banner_singleservice_mob.png\",\"datePublished\":\"2023-08-10T15:55:25+00:00\",\"dateModified\":\"2026-01-26T14:15:59+00:00\",\"description\":\"D\u00fcnya \u00e7ap\u0131nda kara r\u00fczgar\u0131, a\u00e7\u0131k deniz r\u00fczgar\u0131, g\u00fcne\u015f enerjisi, enerji depolama ve ye\u015fil hidrojen alanlar\u0131nda ba\u015far\u0131l\u0131 temiz enerji projeleri geli\u015ftiriyoruz. Projelerimizin maksimum de\u011fer \u00fcretmesini sa\u011fl\u0131yor ve yol boyunca arazi sahipleri, yerel topluluklar, \u0130lk Milletler, yat\u0131r\u0131mc\u0131lar, h\u00fck\u00fcmetler ve yetkililerle anlaml\u0131 ili\u015fkiler kuruyoruz.\",\"breadcrumb\":{\"@id\":\"https:\/\/www.res-group.com\/tr\/proje-gelistirme\/#breadcrumb\"},\"inLanguage\":\"tr\",\"potentialAction\":[{\"@type\":\"ReadAction\",\"target\":[\"https:\/\/www.res-group.com\/tr\/proje-gelistirme\/\"]}]},{\"@type\":\"ImageObject\",\"inLanguage\":\"tr\",\"@id\":\"https:\/\/www.res-group.com\/tr\/proje-gelistirme\/#primaryimage\",\"url\":\"https:\/\/www.res-group.com\/wp-content\/uploads\/2023\/05\/Banner_singleservice_mob.png\",\"contentUrl\":\"https:\/\/www.res-group.com\/wp-content\/uploads\/2023\/05\/Banner_singleservice_mob.png\",\"width\":390,\"height\":755},{\"@type\":\"BreadcrumbList\",\"@id\":\"https:\/\/www.res-group.com\/tr\/proje-gelistirme\/#breadcrumb\",\"itemListElement\":[{\"@type\":\"ListItem\",\"position\":1,\"name\":\"In\u00edcio\",\"item\":\"https:\/\/www.res-group.com\/tr\/\"},{\"@type\":\"ListItem\",\"position\":2,\"name\":\"Proje Geli\u015ftirme\"}]},{\"@type\":\"WebSite\",\"@id\":\"https:\/\/www.res-group.com\/tr\/#website\",\"url\":\"https:\/\/www.res-group.com\/tr\/\",\"name\":\"res-group.com\",\"description\":\"The power behind a clean energy future\",\"publisher\":{\"@id\":\"https:\/\/www.res-group.com\/tr\/#organization\"},\"potentialAction\":[{\"@type\":\"SearchAction\",\"target\":{\"@type\":\"EntryPoint\",\"urlTemplate\":\"https:\/\/www.res-group.com\/tr\/?s={search_term_string}\"},\"query-input\":{\"@type\":\"PropertyValueSpecification\",\"valueRequired\":true,\"valueName\":\"search_term_string\"}}],\"inLanguage\":\"tr\"},{\"@type\":\"Organization\",\"@id\":\"https:\/\/www.res-group.com\/tr\/#organization\",\"name\":\"RES\",\"url\":\"https:\/\/www.res-group.com\/tr\/\",\"logo\":{\"@type\":\"ImageObject\",\"inLanguage\":\"tr\",\"@id\":\"https:\/\/www.res-group.com\/tr\/#\/schema\/logo\/image\/\",\"url\":\"https:\/\/www.res-group.com\/wp-content\/uploads\/2023\/05\/header-logo.svg\",\"contentUrl\":\"https:\/\/www.res-group.com\/wp-content\/uploads\/2023\/05\/header-logo.svg\",\"width\":82.634,\"height\":38,\"caption\":\"RES\"},\"image\":{\"@id\":\"https:\/\/www.res-group.com\/tr\/#\/schema\/logo\/image\/\"},\"sameAs\":[\"https:\/\/x.com\/RESGroup\",\"https:\/\/www.instagram.com\/res_powerforgood\",\"https:\/\/www.linkedin.com\/company\/res-group\/\",\"https:\/\/vimeo.com\/resgroup\"]}]}<\/script>\n<!-- \/ Yoast SEO Premium plugin. -->","yoast_head_json":{"title":"Proje Geli\u015ftirme - RES","description":"D\u00fcnya \u00e7ap\u0131nda kara r\u00fczgar\u0131, a\u00e7\u0131k deniz r\u00fczgar\u0131, g\u00fcne\u015f enerjisi, enerji depolama ve ye\u015fil hidrojen alanlar\u0131nda ba\u015far\u0131l\u0131 temiz enerji projeleri geli\u015ftiriyoruz. Projelerimizin maksimum de\u011fer \u00fcretmesini sa\u011fl\u0131yor ve yol boyunca arazi sahipleri, yerel topluluklar, \u0130lk Milletler, yat\u0131r\u0131mc\u0131lar, h\u00fck\u00fcmetler ve yetkililerle anlaml\u0131 ili\u015fkiler kuruyoruz.","robots":{"index":"index","follow":"follow","max-snippet":"max-snippet:-1","max-image-preview":"max-image-preview:large","max-video-preview":"max-video-preview:-1"},"canonical":"https:\/\/www.res-group.com\/tr\/proje-gelistirme\/","og_locale":"tr_TR","og_type":"article","og_title":"Proje Geli\u015ftirme","og_description":"D\u00fcnya \u00e7ap\u0131nda kara r\u00fczgar\u0131, a\u00e7\u0131k deniz r\u00fczgar\u0131, g\u00fcne\u015f enerjisi, enerji depolama ve ye\u015fil hidrojen alanlar\u0131nda ba\u015far\u0131l\u0131 temiz enerji projeleri geli\u015ftiriyoruz. Projelerimizin maksimum de\u011fer \u00fcretmesini sa\u011fl\u0131yor ve yol boyunca arazi sahipleri, yerel topluluklar, \u0130lk Milletler, yat\u0131r\u0131mc\u0131lar, h\u00fck\u00fcmetler ve yetkililerle anlaml\u0131 ili\u015fkiler kuruyoruz.","og_url":"https:\/\/www.res-group.com\/tr\/proje-gelistirme\/","og_site_name":"RES","article_modified_time":"2026-01-26T14:15:59+00:00","og_image":[{"width":390,"height":755,"url":"https:\/\/www.res-group.com\/wp-content\/uploads\/2023\/05\/Banner_singleservice_mob.png","type":"image\/png"}],"twitter_card":"summary_large_image","twitter_site":"@RESGroup","twitter_misc":{"Tahmini okuma s\u00fcresi":"1 dakika"},"schema":{"@context":"https:\/\/schema.org","@graph":[{"@type":"WebPage","@id":"https:\/\/www.res-group.com\/tr\/proje-gelistirme\/","url":"https:\/\/www.res-group.com\/tr\/proje-gelistirme\/","name":"Proje Geli\u015ftirme - RES","isPartOf":{"@id":"https:\/\/www.res-group.com\/tr\/#website"},"primaryImageOfPage":{"@id":"https:\/\/www.res-group.com\/tr\/proje-gelistirme\/#primaryimage"},"image":{"@id":"https:\/\/www.res-group.com\/tr\/proje-gelistirme\/#primaryimage"},"thumbnailUrl":"https:\/\/www.res-group.com\/wp-content\/uploads\/2023\/05\/Banner_singleservice_mob.png","datePublished":"2023-08-10T15:55:25+00:00","dateModified":"2026-01-26T14:15:59+00:00","description":"D\u00fcnya \u00e7ap\u0131nda kara r\u00fczgar\u0131, a\u00e7\u0131k deniz r\u00fczgar\u0131, g\u00fcne\u015f enerjisi, enerji depolama ve ye\u015fil hidrojen alanlar\u0131nda ba\u015far\u0131l\u0131 temiz enerji projeleri geli\u015ftiriyoruz. Projelerimizin maksimum de\u011fer \u00fcretmesini sa\u011fl\u0131yor ve yol boyunca arazi sahipleri, yerel topluluklar, \u0130lk Milletler, yat\u0131r\u0131mc\u0131lar, h\u00fck\u00fcmetler ve yetkililerle anlaml\u0131 ili\u015fkiler kuruyoruz.","breadcrumb":{"@id":"https:\/\/www.res-group.com\/tr\/proje-gelistirme\/#breadcrumb"},"inLanguage":"tr","potentialAction":[{"@type":"ReadAction","target":["https:\/\/www.res-group.com\/tr\/proje-gelistirme\/"]}]},{"@type":"ImageObject","inLanguage":"tr","@id":"https:\/\/www.res-group.com\/tr\/proje-gelistirme\/#primaryimage","url":"https:\/\/www.res-group.com\/wp-content\/uploads\/2023\/05\/Banner_singleservice_mob.png","contentUrl":"https:\/\/www.res-group.com\/wp-content\/uploads\/2023\/05\/Banner_singleservice_mob.png","width":390,"height":755},{"@type":"BreadcrumbList","@id":"https:\/\/www.res-group.com\/tr\/proje-gelistirme\/#breadcrumb","itemListElement":[{"@type":"ListItem","position":1,"name":"In\u00edcio","item":"https:\/\/www.res-group.com\/tr\/"},{"@type":"ListItem","position":2,"name":"Proje Geli\u015ftirme"}]},{"@type":"WebSite","@id":"https:\/\/www.res-group.com\/tr\/#website","url":"https:\/\/www.res-group.com\/tr\/","name":"res-group.com","description":"The power behind a clean energy future","publisher":{"@id":"https:\/\/www.res-group.com\/tr\/#organization"},"potentialAction":[{"@type":"SearchAction","target":{"@type":"EntryPoint","urlTemplate":"https:\/\/www.res-group.com\/tr\/?s={search_term_string}"},"query-input":{"@type":"PropertyValueSpecification","valueRequired":true,"valueName":"search_term_string"}}],"inLanguage":"tr"},{"@type":"Organization","@id":"https:\/\/www.res-group.com\/tr\/#organization","name":"RES","url":"https:\/\/www.res-group.com\/tr\/","logo":{"@type":"ImageObject","inLanguage":"tr","@id":"https:\/\/www.res-group.com\/tr\/#\/schema\/logo\/image\/","url":"https:\/\/www.res-group.com\/wp-content\/uploads\/2023\/05\/header-logo.svg","contentUrl":"https:\/\/www.res-group.com\/wp-content\/uploads\/2023\/05\/header-logo.svg","width":82.634,"height":38,"caption":"RES"},"image":{"@id":"https:\/\/www.res-group.com\/tr\/#\/schema\/logo\/image\/"},"sameAs":["https:\/\/x.com\/RESGroup","https:\/\/www.instagram.com\/res_powerforgood","https:\/\/www.linkedin.com\/company\/res-group\/","https:\/\/vimeo.com\/resgroup"]}]}},"_links":{"self":[{"href":"https:\/\/www.res-group.com\/tr\/wp-json\/wp\/v2\/pages\/3574","targetHints":{"allow":["GET"]}}],"collection":[{"href":"https:\/\/www.res-group.com\/tr\/wp-json\/wp\/v2\/pages"}],"about":[{"href":"https:\/\/www.res-group.com\/tr\/wp-json\/wp\/v2\/types\/page"}],"author":[{"embeddable":true,"href":"https:\/\/www.res-group.com\/tr\/wp-json\/wp\/v2\/users\/1"}],"replies":[{"embeddable":true,"href":"https:\/\/www.res-group.com\/tr\/wp-json\/wp\/v2\/comments?post=3574"}],"version-history":[{"count":0,"href":"https:\/\/www.res-group.com\/tr\/wp-json\/wp\/v2\/pages\/3574\/revisions"}],"wp:featuredmedia":[{"embeddable":true,"href":"https:\/\/www.res-group.com\/tr\/wp-json\/wp\/v2\/media\/1306"}],"wp:attachment":[{"href":"https:\/\/www.res-group.com\/tr\/wp-json\/wp\/v2\/media?parent=3574"}],"curies":[{"name":"wp","href":"https:\/\/api.w.org\/{rel}","templated":true}]}}