{"id":31555,"date":"2025-01-27T13:21:08","date_gmt":"2025-01-27T13:21:08","guid":{"rendered":"https:\/\/www.res-group.com\/blade-om-management\/"},"modified":"2025-03-26T14:38:29","modified_gmt":"2025-03-26T14:38:29","slug":"blade-om-management","status":"publish","type":"page","link":"https:\/\/www.res-group.com\/tr\/kanat-isletme-ve-bakim-yonetimi\/","title":{"rendered":"T\u00fcrbin Kanad\u0131 Bak\u0131m Ve Onar\u0131m Y\u00f6netimi"},"content":{"rendered":"","protected":false},"excerpt":{"rendered":"","protected":false},"author":1,"featured_media":31476,"parent":0,"menu_order":0,"comment_status":"closed","ping_status":"closed","template":"index.php","meta":{"_acf_changed":false,"footnotes":""},"class_list":["post-31555","page","type-page","status-publish","has-post-thumbnail","hentry"],"acf":[],"yoast_head":"<!-- This site is optimized with the Yoast SEO Premium plugin v27.2 (Yoast SEO v27.2) - https:\/\/yoast.com\/product\/yoast-seo-premium-wordpress\/ -->\n<title>T\u00fcrbin Kanad\u0131 Bak\u0131m Ve Onar\u0131m Y\u00f6netimi - RES<\/title>\n<meta name=\"description\" content=\"We cover every aspect needed to reduce downtime and maximise the performance of your wind farm through our complete blade management solutions spanning blade inspections, advanced blade engineering, blade repair and upgrades.\" \/>\n<meta name=\"robots\" content=\"index, follow, max-snippet:-1, max-image-preview:large, max-video-preview:-1\" \/>\n<link rel=\"canonical\" href=\"https:\/\/www.res-group.com\/tr\/kanat-isletme-ve-bakim-yonetimi\/\" \/>\n<meta property=\"og:locale\" content=\"tr_TR\" \/>\n<meta property=\"og:type\" content=\"article\" \/>\n<meta property=\"og:title\" content=\"T\u00fcrbin Kanad\u0131 Bak\u0131m Ve Onar\u0131m Y\u00f6netimi\" \/>\n<meta property=\"og:description\" content=\"We cover every aspect needed to reduce downtime and maximise the performance of your wind farm through our complete blade management solutions spanning blade inspections, advanced blade engineering, blade repair and upgrades.\" \/>\n<meta property=\"og:url\" content=\"https:\/\/www.res-group.com\/tr\/kanat-isletme-ve-bakim-yonetimi\/\" \/>\n<meta property=\"og:site_name\" content=\"RES\" \/>\n<meta property=\"article:modified_time\" content=\"2025-03-26T14:38:29+00:00\" \/>\n<meta property=\"og:image\" content=\"https:\/\/www.res-group.com\/wp-content\/uploads\/2025\/02\/Banner_home_Inspections.png\" \/>\n\t<meta property=\"og:image:width\" content=\"1898\" \/>\n\t<meta property=\"og:image:height\" content=\"922\" \/>\n\t<meta property=\"og:image:type\" content=\"image\/png\" \/>\n<meta name=\"twitter:card\" content=\"summary_large_image\" \/>\n<meta name=\"twitter:site\" content=\"@RESGroup\" \/>\n<meta name=\"twitter:label1\" content=\"Tahmini okuma s\u00fcresi\" \/>\n\t<meta name=\"twitter:data1\" content=\"1 dakika\" \/>\n<script type=\"application\/ld+json\" class=\"yoast-schema-graph\">{\"@context\":\"https:\/\/schema.org\",\"@graph\":[{\"@type\":\"WebPage\",\"@id\":\"https:\/\/www.res-group.com\/tr\/kanat-isletme-ve-bakim-yonetimi\/\",\"url\":\"https:\/\/www.res-group.com\/tr\/kanat-isletme-ve-bakim-yonetimi\/\",\"name\":\"T\u00fcrbin Kanad\u0131 Bak\u0131m Ve Onar\u0131m Y\u00f6netimi - RES\",\"isPartOf\":{\"@id\":\"https:\/\/www.res-group.com\/tr\/#website\"},\"primaryImageOfPage\":{\"@id\":\"https:\/\/www.res-group.com\/tr\/kanat-isletme-ve-bakim-yonetimi\/#primaryimage\"},\"image\":{\"@id\":\"https:\/\/www.res-group.com\/tr\/kanat-isletme-ve-bakim-yonetimi\/#primaryimage\"},\"thumbnailUrl\":\"https:\/\/www.res-group.com\/wp-content\/uploads\/2025\/02\/Banner_home_Inspections.png\",\"datePublished\":\"2025-01-27T13:21:08+00:00\",\"dateModified\":\"2025-03-26T14:38:29+00:00\",\"description\":\"We cover every aspect needed to reduce downtime and maximise the performance of your wind farm through our complete blade management solutions spanning blade inspections, advanced blade engineering, blade repair and upgrades.\",\"breadcrumb\":{\"@id\":\"https:\/\/www.res-group.com\/tr\/kanat-isletme-ve-bakim-yonetimi\/#breadcrumb\"},\"inLanguage\":\"tr\",\"potentialAction\":[{\"@type\":\"ReadAction\",\"target\":[\"https:\/\/www.res-group.com\/tr\/kanat-isletme-ve-bakim-yonetimi\/\"]}]},{\"@type\":\"ImageObject\",\"inLanguage\":\"tr\",\"@id\":\"https:\/\/www.res-group.com\/tr\/kanat-isletme-ve-bakim-yonetimi\/#primaryimage\",\"url\":\"https:\/\/www.res-group.com\/wp-content\/uploads\/2025\/02\/Banner_home_Inspections.png\",\"contentUrl\":\"https:\/\/www.res-group.com\/wp-content\/uploads\/2025\/02\/Banner_home_Inspections.png\",\"width\":1898,\"height\":922,\"caption\":\"Wind Turbine Blade Inspection and Maintenance\"},{\"@type\":\"BreadcrumbList\",\"@id\":\"https:\/\/www.res-group.com\/tr\/kanat-isletme-ve-bakim-yonetimi\/#breadcrumb\",\"itemListElement\":[{\"@type\":\"ListItem\",\"position\":1,\"name\":\"In\u00edcio\",\"item\":\"https:\/\/www.res-group.com\/tr\/\"},{\"@type\":\"ListItem\",\"position\":2,\"name\":\"T\u00fcrbin Kanad\u0131 Bak\u0131m Ve Onar\u0131m Y\u00f6netimi\"}]},{\"@type\":\"WebSite\",\"@id\":\"https:\/\/www.res-group.com\/tr\/#website\",\"url\":\"https:\/\/www.res-group.com\/tr\/\",\"name\":\"res-group.com\",\"description\":\"The power behind a clean energy future\",\"publisher\":{\"@id\":\"https:\/\/www.res-group.com\/tr\/#organization\"},\"potentialAction\":[{\"@type\":\"SearchAction\",\"target\":{\"@type\":\"EntryPoint\",\"urlTemplate\":\"https:\/\/www.res-group.com\/tr\/?s={search_term_string}\"},\"query-input\":{\"@type\":\"PropertyValueSpecification\",\"valueRequired\":true,\"valueName\":\"search_term_string\"}}],\"inLanguage\":\"tr\"},{\"@type\":\"Organization\",\"@id\":\"https:\/\/www.res-group.com\/tr\/#organization\",\"name\":\"RES\",\"url\":\"https:\/\/www.res-group.com\/tr\/\",\"logo\":{\"@type\":\"ImageObject\",\"inLanguage\":\"tr\",\"@id\":\"https:\/\/www.res-group.com\/tr\/#\/schema\/logo\/image\/\",\"url\":\"https:\/\/www.res-group.com\/wp-content\/uploads\/2023\/05\/header-logo.svg\",\"contentUrl\":\"https:\/\/www.res-group.com\/wp-content\/uploads\/2023\/05\/header-logo.svg\",\"width\":82.634,\"height\":38,\"caption\":\"RES\"},\"image\":{\"@id\":\"https:\/\/www.res-group.com\/tr\/#\/schema\/logo\/image\/\"},\"sameAs\":[\"https:\/\/x.com\/RESGroup\",\"https:\/\/www.instagram.com\/res_powerforgood\",\"https:\/\/www.linkedin.com\/company\/res-group\/\",\"https:\/\/vimeo.com\/resgroup\"]}]}<\/script>\n<!-- \/ Yoast SEO Premium plugin. -->","yoast_head_json":{"title":"T\u00fcrbin Kanad\u0131 Bak\u0131m Ve Onar\u0131m Y\u00f6netimi - RES","description":"We cover every aspect needed to reduce downtime and maximise the performance of your wind farm through our complete blade management solutions spanning blade inspections, advanced blade engineering, blade repair and upgrades.","robots":{"index":"index","follow":"follow","max-snippet":"max-snippet:-1","max-image-preview":"max-image-preview:large","max-video-preview":"max-video-preview:-1"},"canonical":"https:\/\/www.res-group.com\/tr\/kanat-isletme-ve-bakim-yonetimi\/","og_locale":"tr_TR","og_type":"article","og_title":"T\u00fcrbin Kanad\u0131 Bak\u0131m Ve Onar\u0131m Y\u00f6netimi","og_description":"We cover every aspect needed to reduce downtime and maximise the performance of your wind farm through our complete blade management solutions spanning blade inspections, advanced blade engineering, blade repair and upgrades.","og_url":"https:\/\/www.res-group.com\/tr\/kanat-isletme-ve-bakim-yonetimi\/","og_site_name":"RES","article_modified_time":"2025-03-26T14:38:29+00:00","og_image":[{"width":1898,"height":922,"url":"https:\/\/www.res-group.com\/wp-content\/uploads\/2025\/02\/Banner_home_Inspections.png","type":"image\/png"}],"twitter_card":"summary_large_image","twitter_site":"@RESGroup","twitter_misc":{"Tahmini okuma s\u00fcresi":"1 dakika"},"schema":{"@context":"https:\/\/schema.org","@graph":[{"@type":"WebPage","@id":"https:\/\/www.res-group.com\/tr\/kanat-isletme-ve-bakim-yonetimi\/","url":"https:\/\/www.res-group.com\/tr\/kanat-isletme-ve-bakim-yonetimi\/","name":"T\u00fcrbin Kanad\u0131 Bak\u0131m Ve Onar\u0131m Y\u00f6netimi - RES","isPartOf":{"@id":"https:\/\/www.res-group.com\/tr\/#website"},"primaryImageOfPage":{"@id":"https:\/\/www.res-group.com\/tr\/kanat-isletme-ve-bakim-yonetimi\/#primaryimage"},"image":{"@id":"https:\/\/www.res-group.com\/tr\/kanat-isletme-ve-bakim-yonetimi\/#primaryimage"},"thumbnailUrl":"https:\/\/www.res-group.com\/wp-content\/uploads\/2025\/02\/Banner_home_Inspections.png","datePublished":"2025-01-27T13:21:08+00:00","dateModified":"2025-03-26T14:38:29+00:00","description":"We cover every aspect needed to reduce downtime and maximise the performance of your wind farm through our complete blade management solutions spanning blade inspections, advanced blade engineering, blade repair and upgrades.","breadcrumb":{"@id":"https:\/\/www.res-group.com\/tr\/kanat-isletme-ve-bakim-yonetimi\/#breadcrumb"},"inLanguage":"tr","potentialAction":[{"@type":"ReadAction","target":["https:\/\/www.res-group.com\/tr\/kanat-isletme-ve-bakim-yonetimi\/"]}]},{"@type":"ImageObject","inLanguage":"tr","@id":"https:\/\/www.res-group.com\/tr\/kanat-isletme-ve-bakim-yonetimi\/#primaryimage","url":"https:\/\/www.res-group.com\/wp-content\/uploads\/2025\/02\/Banner_home_Inspections.png","contentUrl":"https:\/\/www.res-group.com\/wp-content\/uploads\/2025\/02\/Banner_home_Inspections.png","width":1898,"height":922,"caption":"Wind Turbine Blade Inspection and Maintenance"},{"@type":"BreadcrumbList","@id":"https:\/\/www.res-group.com\/tr\/kanat-isletme-ve-bakim-yonetimi\/#breadcrumb","itemListElement":[{"@type":"ListItem","position":1,"name":"In\u00edcio","item":"https:\/\/www.res-group.com\/tr\/"},{"@type":"ListItem","position":2,"name":"T\u00fcrbin Kanad\u0131 Bak\u0131m Ve Onar\u0131m Y\u00f6netimi"}]},{"@type":"WebSite","@id":"https:\/\/www.res-group.com\/tr\/#website","url":"https:\/\/www.res-group.com\/tr\/","name":"res-group.com","description":"The power behind a clean energy future","publisher":{"@id":"https:\/\/www.res-group.com\/tr\/#organization"},"potentialAction":[{"@type":"SearchAction","target":{"@type":"EntryPoint","urlTemplate":"https:\/\/www.res-group.com\/tr\/?s={search_term_string}"},"query-input":{"@type":"PropertyValueSpecification","valueRequired":true,"valueName":"search_term_string"}}],"inLanguage":"tr"},{"@type":"Organization","@id":"https:\/\/www.res-group.com\/tr\/#organization","name":"RES","url":"https:\/\/www.res-group.com\/tr\/","logo":{"@type":"ImageObject","inLanguage":"tr","@id":"https:\/\/www.res-group.com\/tr\/#\/schema\/logo\/image\/","url":"https:\/\/www.res-group.com\/wp-content\/uploads\/2023\/05\/header-logo.svg","contentUrl":"https:\/\/www.res-group.com\/wp-content\/uploads\/2023\/05\/header-logo.svg","width":82.634,"height":38,"caption":"RES"},"image":{"@id":"https:\/\/www.res-group.com\/tr\/#\/schema\/logo\/image\/"},"sameAs":["https:\/\/x.com\/RESGroup","https:\/\/www.instagram.com\/res_powerforgood","https:\/\/www.linkedin.com\/company\/res-group\/","https:\/\/vimeo.com\/resgroup"]}]}},"_links":{"self":[{"href":"https:\/\/www.res-group.com\/tr\/wp-json\/wp\/v2\/pages\/31555","targetHints":{"allow":["GET"]}}],"collection":[{"href":"https:\/\/www.res-group.com\/tr\/wp-json\/wp\/v2\/pages"}],"about":[{"href":"https:\/\/www.res-group.com\/tr\/wp-json\/wp\/v2\/types\/page"}],"author":[{"embeddable":true,"href":"https:\/\/www.res-group.com\/tr\/wp-json\/wp\/v2\/users\/1"}],"replies":[{"embeddable":true,"href":"https:\/\/www.res-group.com\/tr\/wp-json\/wp\/v2\/comments?post=31555"}],"version-history":[{"count":0,"href":"https:\/\/www.res-group.com\/tr\/wp-json\/wp\/v2\/pages\/31555\/revisions"}],"wp:featuredmedia":[{"embeddable":true,"href":"https:\/\/www.res-group.com\/tr\/wp-json\/wp\/v2\/media\/31476"}],"wp:attachment":[{"href":"https:\/\/www.res-group.com\/tr\/wp-json\/wp\/v2\/media?parent=31555"}],"curies":[{"name":"wp","href":"https:\/\/api.w.org\/{rel}","templated":true}]}}