{"id":19663,"date":"2023-08-29T12:20:06","date_gmt":"2023-08-29T11:20:06","guid":{"rendered":"http:\/\/www.res-group.com\/terms-of-use\/"},"modified":"2026-04-30T15:34:55","modified_gmt":"2026-04-30T14:34:55","slug":"terms-of-use","status":"publish","type":"page","link":"https:\/\/www.res-group.com\/tr\/terms-of-use\/","title":{"rendered":"Kullan\u0131m \u015fartlar\u0131"},"content":{"rendered":"\n<div class=\"highlight-panel\">\n<div class=\"container\">\n<h3>\n<strong><br>\nKullan\u0131m Ko\u015fullar\u0131m\u0131z\u0131 incelemek i\u00e7in l\u00fctfen ana sayfam\u0131z\u0131 ziyaret edin<br>\n<\/strong><br>\n<\/h3>\n<p>\n<a class=\"button\" href=\"\/terms-of-use\/\">K\u00fcresel Kullan\u0131m Ko\u015fullar\u0131n\u0131 okuyun<\/a>\n<\/p>\n<\/div>\n<\/div>\n","protected":false},"excerpt":{"rendered":"<p>Kullan\u0131m Ko\u015fullar\u0131m\u0131z\u0131 incelemek i\u00e7in l\u00fctfen ana sayfam\u0131z\u0131 ziyaret edin K\u00fcresel Kullan\u0131m Ko\u015fullar\u0131n\u0131 okuyun<\/p>\n","protected":false},"author":18,"featured_media":0,"parent":0,"menu_order":0,"comment_status":"closed","ping_status":"closed","template":"","meta":{"_acf_changed":false,"footnotes":""},"class_list":["post-19663","page","type-page","status-publish","hentry"],"acf":[],"yoast_head":"<!-- This site is optimized with the Yoast SEO Premium plugin v27.2 (Yoast SEO v27.2) - https:\/\/yoast.com\/product\/yoast-seo-premium-wordpress\/ -->\n<title>Kullan\u0131m \u015fartlar\u0131 - RES<\/title>\n<meta name=\"robots\" content=\"index, follow, max-snippet:-1, max-image-preview:large, max-video-preview:-1\" \/>\n<link rel=\"canonical\" href=\"https:\/\/www.res-group.com\/tr\/terms-of-use\/\" \/>\n<meta property=\"og:locale\" content=\"tr_TR\" \/>\n<meta property=\"og:type\" content=\"article\" \/>\n<meta property=\"og:title\" content=\"Kullan\u0131m \u015fartlar\u0131\" \/>\n<meta property=\"og:description\" content=\"Kullan\u0131m Ko\u015fullar\u0131m\u0131z\u0131 incelemek i\u00e7in l\u00fctfen ana sayfam\u0131z\u0131 ziyaret edin K\u00fcresel Kullan\u0131m Ko\u015fullar\u0131n\u0131 okuyun\" \/>\n<meta property=\"og:url\" content=\"https:\/\/www.res-group.com\/tr\/terms-of-use\/\" \/>\n<meta property=\"og:site_name\" content=\"RES\" \/>\n<meta property=\"article:modified_time\" content=\"2026-04-30T14:34:55+00:00\" \/>\n<meta name=\"twitter:card\" content=\"summary_large_image\" \/>\n<meta name=\"twitter:site\" content=\"@RESGroup\" \/>\n<meta name=\"twitter:label1\" content=\"Tahmini okuma s\u00fcresi\" \/>\n\t<meta name=\"twitter:data1\" content=\"1 dakika\" \/>\n<script type=\"application\/ld+json\" class=\"yoast-schema-graph\">{\"@context\":\"https:\/\/schema.org\",\"@graph\":[{\"@type\":\"WebPage\",\"@id\":\"https:\/\/www.res-group.com\/tr\/terms-of-use\/\",\"url\":\"https:\/\/www.res-group.com\/tr\/terms-of-use\/\",\"name\":\"Kullan\u0131m \u015fartlar\u0131 - RES\",\"isPartOf\":{\"@id\":\"https:\/\/www.res-group.com\/tr\/#website\"},\"datePublished\":\"2023-08-29T11:20:06+00:00\",\"dateModified\":\"2026-04-30T14:34:55+00:00\",\"breadcrumb\":{\"@id\":\"https:\/\/www.res-group.com\/tr\/terms-of-use\/#breadcrumb\"},\"inLanguage\":\"tr\",\"potentialAction\":[{\"@type\":\"ReadAction\",\"target\":[\"https:\/\/www.res-group.com\/tr\/terms-of-use\/\"]}]},{\"@type\":\"BreadcrumbList\",\"@id\":\"https:\/\/www.res-group.com\/tr\/terms-of-use\/#breadcrumb\",\"itemListElement\":[{\"@type\":\"ListItem\",\"position\":1,\"name\":\"In\u00edcio\",\"item\":\"https:\/\/www.res-group.com\/tr\/\"},{\"@type\":\"ListItem\",\"position\":2,\"name\":\"Kullan\u0131m \u015fartlar\u0131\"}]},{\"@type\":\"WebSite\",\"@id\":\"https:\/\/www.res-group.com\/tr\/#website\",\"url\":\"https:\/\/www.res-group.com\/tr\/\",\"name\":\"res-group.com\",\"description\":\"The power behind a clean energy future\",\"publisher\":{\"@id\":\"https:\/\/www.res-group.com\/tr\/#organization\"},\"potentialAction\":[{\"@type\":\"SearchAction\",\"target\":{\"@type\":\"EntryPoint\",\"urlTemplate\":\"https:\/\/www.res-group.com\/tr\/?s={search_term_string}\"},\"query-input\":{\"@type\":\"PropertyValueSpecification\",\"valueRequired\":true,\"valueName\":\"search_term_string\"}}],\"inLanguage\":\"tr\"},{\"@type\":\"Organization\",\"@id\":\"https:\/\/www.res-group.com\/tr\/#organization\",\"name\":\"RES\",\"url\":\"https:\/\/www.res-group.com\/tr\/\",\"logo\":{\"@type\":\"ImageObject\",\"inLanguage\":\"tr\",\"@id\":\"https:\/\/www.res-group.com\/tr\/#\/schema\/logo\/image\/\",\"url\":\"https:\/\/www.res-group.com\/wp-content\/uploads\/2023\/05\/header-logo.svg\",\"contentUrl\":\"https:\/\/www.res-group.com\/wp-content\/uploads\/2023\/05\/header-logo.svg\",\"width\":82.634,\"height\":38,\"caption\":\"RES\"},\"image\":{\"@id\":\"https:\/\/www.res-group.com\/tr\/#\/schema\/logo\/image\/\"},\"sameAs\":[\"https:\/\/x.com\/RESGroup\",\"https:\/\/www.instagram.com\/res_powerforgood\",\"https:\/\/www.linkedin.com\/company\/res-group\/\",\"https:\/\/vimeo.com\/resgroup\"]}]}<\/script>\n<!-- \/ Yoast SEO Premium plugin. -->","yoast_head_json":{"title":"Kullan\u0131m \u015fartlar\u0131 - RES","robots":{"index":"index","follow":"follow","max-snippet":"max-snippet:-1","max-image-preview":"max-image-preview:large","max-video-preview":"max-video-preview:-1"},"canonical":"https:\/\/www.res-group.com\/tr\/terms-of-use\/","og_locale":"tr_TR","og_type":"article","og_title":"Kullan\u0131m \u015fartlar\u0131","og_description":"Kullan\u0131m Ko\u015fullar\u0131m\u0131z\u0131 incelemek i\u00e7in l\u00fctfen ana sayfam\u0131z\u0131 ziyaret edin K\u00fcresel Kullan\u0131m Ko\u015fullar\u0131n\u0131 okuyun","og_url":"https:\/\/www.res-group.com\/tr\/terms-of-use\/","og_site_name":"RES","article_modified_time":"2026-04-30T14:34:55+00:00","twitter_card":"summary_large_image","twitter_site":"@RESGroup","twitter_misc":{"Tahmini okuma s\u00fcresi":"1 dakika"},"schema":{"@context":"https:\/\/schema.org","@graph":[{"@type":"WebPage","@id":"https:\/\/www.res-group.com\/tr\/terms-of-use\/","url":"https:\/\/www.res-group.com\/tr\/terms-of-use\/","name":"Kullan\u0131m \u015fartlar\u0131 - RES","isPartOf":{"@id":"https:\/\/www.res-group.com\/tr\/#website"},"datePublished":"2023-08-29T11:20:06+00:00","dateModified":"2026-04-30T14:34:55+00:00","breadcrumb":{"@id":"https:\/\/www.res-group.com\/tr\/terms-of-use\/#breadcrumb"},"inLanguage":"tr","potentialAction":[{"@type":"ReadAction","target":["https:\/\/www.res-group.com\/tr\/terms-of-use\/"]}]},{"@type":"BreadcrumbList","@id":"https:\/\/www.res-group.com\/tr\/terms-of-use\/#breadcrumb","itemListElement":[{"@type":"ListItem","position":1,"name":"In\u00edcio","item":"https:\/\/www.res-group.com\/tr\/"},{"@type":"ListItem","position":2,"name":"Kullan\u0131m \u015fartlar\u0131"}]},{"@type":"WebSite","@id":"https:\/\/www.res-group.com\/tr\/#website","url":"https:\/\/www.res-group.com\/tr\/","name":"res-group.com","description":"The power behind a clean energy future","publisher":{"@id":"https:\/\/www.res-group.com\/tr\/#organization"},"potentialAction":[{"@type":"SearchAction","target":{"@type":"EntryPoint","urlTemplate":"https:\/\/www.res-group.com\/tr\/?s={search_term_string}"},"query-input":{"@type":"PropertyValueSpecification","valueRequired":true,"valueName":"search_term_string"}}],"inLanguage":"tr"},{"@type":"Organization","@id":"https:\/\/www.res-group.com\/tr\/#organization","name":"RES","url":"https:\/\/www.res-group.com\/tr\/","logo":{"@type":"ImageObject","inLanguage":"tr","@id":"https:\/\/www.res-group.com\/tr\/#\/schema\/logo\/image\/","url":"https:\/\/www.res-group.com\/wp-content\/uploads\/2023\/05\/header-logo.svg","contentUrl":"https:\/\/www.res-group.com\/wp-content\/uploads\/2023\/05\/header-logo.svg","width":82.634,"height":38,"caption":"RES"},"image":{"@id":"https:\/\/www.res-group.com\/tr\/#\/schema\/logo\/image\/"},"sameAs":["https:\/\/x.com\/RESGroup","https:\/\/www.instagram.com\/res_powerforgood","https:\/\/www.linkedin.com\/company\/res-group\/","https:\/\/vimeo.com\/resgroup"]}]}},"_links":{"self":[{"href":"https:\/\/www.res-group.com\/tr\/wp-json\/wp\/v2\/pages\/19663","targetHints":{"allow":["GET"]}}],"collection":[{"href":"https:\/\/www.res-group.com\/tr\/wp-json\/wp\/v2\/pages"}],"about":[{"href":"https:\/\/www.res-group.com\/tr\/wp-json\/wp\/v2\/types\/page"}],"author":[{"embeddable":true,"href":"https:\/\/www.res-group.com\/tr\/wp-json\/wp\/v2\/users\/18"}],"replies":[{"embeddable":true,"href":"https:\/\/www.res-group.com\/tr\/wp-json\/wp\/v2\/comments?post=19663"}],"version-history":[{"count":2,"href":"https:\/\/www.res-group.com\/tr\/wp-json\/wp\/v2\/pages\/19663\/revisions"}],"predecessor-version":[{"id":47076,"href":"https:\/\/www.res-group.com\/tr\/wp-json\/wp\/v2\/pages\/19663\/revisions\/47076"}],"wp:attachment":[{"href":"https:\/\/www.res-group.com\/tr\/wp-json\/wp\/v2\/media?parent=19663"}],"curies":[{"name":"wp","href":"https:\/\/api.w.org\/{rel}","templated":true}]}}