{"id":13473,"date":"2023-08-25T07:52:23","date_gmt":"2023-08-25T06:52:23","guid":{"rendered":"http:\/\/www.res-group.com\/secenekler\/"},"modified":"2023-08-25T18:00:04","modified_gmt":"2023-08-25T17:00:04","slug":"secenekler","status":"publish","type":"page","link":"https:\/\/www.res-group.com\/tr\/secenekler\/","title":{"rendered":"Se\u00e7enekler"},"content":{"rendered":"\n<p>Bu sayfa \u00f6rnektir. Bir blog g\u00f6nderisinden farkl\u0131d\u0131r, \u00e7\u00fcnk\u00fc tek bir yerde kal\u0131r ve site gezintinizde (\u00e7o\u011fu temada) g\u00f6r\u00fcn\u00fcr. \u00c7o\u011fu ki\u015fi, kendilerini potansiyel site ziyaret\u00e7ileriyle tan\u0131\u015ft\u0131ran bir Hakk\u0131nda sayfas\u0131yla ba\u015flar. \u015e\u00f6yle gibi bir \u015fey s\u00f6yleyebilir:   <\/p>\n\n<blockquote class=\"wp-block-quote is-layout-flow wp-block-quote-is-layout-flow\"><p>Selam! Ben g\u00fcnd\u00fcz bisiklet habercisiyim, geceleri akt\u00f6r olmak istiyorum ve bu benim web sitem. Los Angeles&#8217;ta ya\u015f\u0131yorum, Jack ad\u0131nda harika bir k\u00f6pe\u011fim var ve pi\u00f1a coladas&#8217;\u0131 seviyorum. (Ve ya\u011fmura yakalanmak.)   <\/p><\/blockquote>\n\n<p>&#8230; veya bunun gibi bir \u015fey:<\/p>\n\n<blockquote class=\"wp-block-quote is-layout-flow wp-block-quote-is-layout-flow\"><p>XYZ Doohickey \u015eirketi 1971 y\u0131l\u0131nda kuruldu ve o zamandan beri halka kaliteli doohickeys sunuyor. Gotham City&#8217;de bulunan XYZ, 2.000&#8217;den fazla ki\u015fiyi istihdam ediyor ve Gotham toplulu\u011fu i\u00e7in her t\u00fcrl\u00fc harika \u015feyi yap\u0131yor. <\/p><\/blockquote>\n\n<p>Yeni bir WordPress kullan\u0131c\u0131s\u0131 olarak, bu sayfay\u0131 silmek ve i\u00e7eri\u011finiz i\u00e7in yeni sayfalar olu\u015fturmak i\u00e7in <a href=\"http:\/\/res\/wp-admin\/\">kontrol panelinize<\/a> gitmelisiniz. \u0130yi e\u011flenceler!<\/p>\n","protected":false},"excerpt":{"rendered":"<p>Bu sayfa \u00f6rnektir. Bir blog g\u00f6nderisinden farkl\u0131d\u0131r, \u00e7\u00fcnk\u00fc tek bir yerde kal\u0131r ve site gezintinizde (\u00e7o\u011fu temada) g\u00f6r\u00fcn\u00fcr. \u00c7o\u011fu ki\u015fi, kendilerini potansiyel site ziyaret\u00e7ileriyle tan\u0131\u015ft\u0131ran bir Hakk\u0131nda sayfas\u0131yla ba\u015flar. \u015e\u00f6yle gibi bir \u015fey s\u00f6yleyebilir: Selam! Ben g\u00fcnd\u00fcz bisiklet habercisiyim, geceleri akt\u00f6r olmak istiyorum ve bu benim web sitem. Los Angeles&#8217;ta&#8230;<\/p>\n","protected":false},"author":1,"featured_media":0,"parent":0,"menu_order":0,"comment_status":"closed","ping_status":"closed","template":"","meta":{"_acf_changed":false,"footnotes":""},"class_list":["post-13473","page","type-page","status-publish","hentry"],"acf":[],"yoast_head":"<!-- This site is optimized with the Yoast SEO Premium plugin v27.2 (Yoast SEO v27.2) - https:\/\/yoast.com\/product\/yoast-seo-premium-wordpress\/ -->\n<title>Se\u00e7enekler - RES<\/title>\n<meta name=\"robots\" content=\"index, follow, max-snippet:-1, max-image-preview:large, max-video-preview:-1\" \/>\n<link rel=\"canonical\" href=\"https:\/\/www.res-group.com\/tr\/secenekler\/\" \/>\n<meta property=\"og:locale\" content=\"tr_TR\" \/>\n<meta property=\"og:type\" content=\"article\" \/>\n<meta property=\"og:title\" content=\"Se\u00e7enekler\" \/>\n<meta property=\"og:description\" content=\"Bu sayfa \u00f6rnektir. Bir blog g\u00f6nderisinden farkl\u0131d\u0131r, \u00e7\u00fcnk\u00fc tek bir yerde kal\u0131r ve site gezintinizde (\u00e7o\u011fu temada) g\u00f6r\u00fcn\u00fcr. \u00c7o\u011fu ki\u015fi, kendilerini potansiyel site ziyaret\u00e7ileriyle tan\u0131\u015ft\u0131ran bir Hakk\u0131nda sayfas\u0131yla ba\u015flar. \u015e\u00f6yle gibi bir \u015fey s\u00f6yleyebilir: Selam! Ben g\u00fcnd\u00fcz bisiklet habercisiyim, geceleri akt\u00f6r olmak istiyorum ve bu benim web sitem. Los Angeles&#8217;ta...\" \/>\n<meta property=\"og:url\" content=\"https:\/\/www.res-group.com\/tr\/secenekler\/\" \/>\n<meta property=\"og:site_name\" content=\"RES\" \/>\n<meta property=\"article:modified_time\" content=\"2023-08-25T17:00:04+00:00\" \/>\n<meta name=\"twitter:card\" content=\"summary_large_image\" \/>\n<meta name=\"twitter:site\" content=\"@RESGroup\" \/>\n<meta name=\"twitter:label1\" content=\"Tahmini okuma s\u00fcresi\" \/>\n\t<meta name=\"twitter:data1\" content=\"1 dakika\" \/>\n<script type=\"application\/ld+json\" class=\"yoast-schema-graph\">{\"@context\":\"https:\/\/schema.org\",\"@graph\":[{\"@type\":\"WebPage\",\"@id\":\"https:\/\/www.res-group.com\/tr\/secenekler\/\",\"url\":\"https:\/\/www.res-group.com\/tr\/secenekler\/\",\"name\":\"Se\u00e7enekler - RES\",\"isPartOf\":{\"@id\":\"https:\/\/www.res-group.com\/tr\/#website\"},\"datePublished\":\"2023-08-25T06:52:23+00:00\",\"dateModified\":\"2023-08-25T17:00:04+00:00\",\"breadcrumb\":{\"@id\":\"https:\/\/www.res-group.com\/tr\/secenekler\/#breadcrumb\"},\"inLanguage\":\"tr\",\"potentialAction\":[{\"@type\":\"ReadAction\",\"target\":[\"https:\/\/www.res-group.com\/tr\/secenekler\/\"]}]},{\"@type\":\"BreadcrumbList\",\"@id\":\"https:\/\/www.res-group.com\/tr\/secenekler\/#breadcrumb\",\"itemListElement\":[{\"@type\":\"ListItem\",\"position\":1,\"name\":\"In\u00edcio\",\"item\":\"https:\/\/www.res-group.com\/tr\/\"},{\"@type\":\"ListItem\",\"position\":2,\"name\":\"Se\u00e7enekler\"}]},{\"@type\":\"WebSite\",\"@id\":\"https:\/\/www.res-group.com\/tr\/#website\",\"url\":\"https:\/\/www.res-group.com\/tr\/\",\"name\":\"res-group.com\",\"description\":\"The power behind a clean energy future\",\"publisher\":{\"@id\":\"https:\/\/www.res-group.com\/tr\/#organization\"},\"potentialAction\":[{\"@type\":\"SearchAction\",\"target\":{\"@type\":\"EntryPoint\",\"urlTemplate\":\"https:\/\/www.res-group.com\/tr\/?s={search_term_string}\"},\"query-input\":{\"@type\":\"PropertyValueSpecification\",\"valueRequired\":true,\"valueName\":\"search_term_string\"}}],\"inLanguage\":\"tr\"},{\"@type\":\"Organization\",\"@id\":\"https:\/\/www.res-group.com\/tr\/#organization\",\"name\":\"RES\",\"url\":\"https:\/\/www.res-group.com\/tr\/\",\"logo\":{\"@type\":\"ImageObject\",\"inLanguage\":\"tr\",\"@id\":\"https:\/\/www.res-group.com\/tr\/#\/schema\/logo\/image\/\",\"url\":\"https:\/\/www.res-group.com\/wp-content\/uploads\/2023\/05\/header-logo.svg\",\"contentUrl\":\"https:\/\/www.res-group.com\/wp-content\/uploads\/2023\/05\/header-logo.svg\",\"width\":82.634,\"height\":38,\"caption\":\"RES\"},\"image\":{\"@id\":\"https:\/\/www.res-group.com\/tr\/#\/schema\/logo\/image\/\"},\"sameAs\":[\"https:\/\/x.com\/RESGroup\",\"https:\/\/www.instagram.com\/res_powerforgood\",\"https:\/\/www.linkedin.com\/company\/res-group\/\",\"https:\/\/vimeo.com\/resgroup\"]}]}<\/script>\n<!-- \/ Yoast SEO Premium plugin. -->","yoast_head_json":{"title":"Se\u00e7enekler - RES","robots":{"index":"index","follow":"follow","max-snippet":"max-snippet:-1","max-image-preview":"max-image-preview:large","max-video-preview":"max-video-preview:-1"},"canonical":"https:\/\/www.res-group.com\/tr\/secenekler\/","og_locale":"tr_TR","og_type":"article","og_title":"Se\u00e7enekler","og_description":"Bu sayfa \u00f6rnektir. Bir blog g\u00f6nderisinden farkl\u0131d\u0131r, \u00e7\u00fcnk\u00fc tek bir yerde kal\u0131r ve site gezintinizde (\u00e7o\u011fu temada) g\u00f6r\u00fcn\u00fcr. \u00c7o\u011fu ki\u015fi, kendilerini potansiyel site ziyaret\u00e7ileriyle tan\u0131\u015ft\u0131ran bir Hakk\u0131nda sayfas\u0131yla ba\u015flar. \u015e\u00f6yle gibi bir \u015fey s\u00f6yleyebilir: Selam! Ben g\u00fcnd\u00fcz bisiklet habercisiyim, geceleri akt\u00f6r olmak istiyorum ve bu benim web sitem. Los Angeles&#8217;ta...","og_url":"https:\/\/www.res-group.com\/tr\/secenekler\/","og_site_name":"RES","article_modified_time":"2023-08-25T17:00:04+00:00","twitter_card":"summary_large_image","twitter_site":"@RESGroup","twitter_misc":{"Tahmini okuma s\u00fcresi":"1 dakika"},"schema":{"@context":"https:\/\/schema.org","@graph":[{"@type":"WebPage","@id":"https:\/\/www.res-group.com\/tr\/secenekler\/","url":"https:\/\/www.res-group.com\/tr\/secenekler\/","name":"Se\u00e7enekler - RES","isPartOf":{"@id":"https:\/\/www.res-group.com\/tr\/#website"},"datePublished":"2023-08-25T06:52:23+00:00","dateModified":"2023-08-25T17:00:04+00:00","breadcrumb":{"@id":"https:\/\/www.res-group.com\/tr\/secenekler\/#breadcrumb"},"inLanguage":"tr","potentialAction":[{"@type":"ReadAction","target":["https:\/\/www.res-group.com\/tr\/secenekler\/"]}]},{"@type":"BreadcrumbList","@id":"https:\/\/www.res-group.com\/tr\/secenekler\/#breadcrumb","itemListElement":[{"@type":"ListItem","position":1,"name":"In\u00edcio","item":"https:\/\/www.res-group.com\/tr\/"},{"@type":"ListItem","position":2,"name":"Se\u00e7enekler"}]},{"@type":"WebSite","@id":"https:\/\/www.res-group.com\/tr\/#website","url":"https:\/\/www.res-group.com\/tr\/","name":"res-group.com","description":"The power behind a clean energy future","publisher":{"@id":"https:\/\/www.res-group.com\/tr\/#organization"},"potentialAction":[{"@type":"SearchAction","target":{"@type":"EntryPoint","urlTemplate":"https:\/\/www.res-group.com\/tr\/?s={search_term_string}"},"query-input":{"@type":"PropertyValueSpecification","valueRequired":true,"valueName":"search_term_string"}}],"inLanguage":"tr"},{"@type":"Organization","@id":"https:\/\/www.res-group.com\/tr\/#organization","name":"RES","url":"https:\/\/www.res-group.com\/tr\/","logo":{"@type":"ImageObject","inLanguage":"tr","@id":"https:\/\/www.res-group.com\/tr\/#\/schema\/logo\/image\/","url":"https:\/\/www.res-group.com\/wp-content\/uploads\/2023\/05\/header-logo.svg","contentUrl":"https:\/\/www.res-group.com\/wp-content\/uploads\/2023\/05\/header-logo.svg","width":82.634,"height":38,"caption":"RES"},"image":{"@id":"https:\/\/www.res-group.com\/tr\/#\/schema\/logo\/image\/"},"sameAs":["https:\/\/x.com\/RESGroup","https:\/\/www.instagram.com\/res_powerforgood","https:\/\/www.linkedin.com\/company\/res-group\/","https:\/\/vimeo.com\/resgroup"]}]}},"_links":{"self":[{"href":"https:\/\/www.res-group.com\/tr\/wp-json\/wp\/v2\/pages\/13473","targetHints":{"allow":["GET"]}}],"collection":[{"href":"https:\/\/www.res-group.com\/tr\/wp-json\/wp\/v2\/pages"}],"about":[{"href":"https:\/\/www.res-group.com\/tr\/wp-json\/wp\/v2\/types\/page"}],"author":[{"embeddable":true,"href":"https:\/\/www.res-group.com\/tr\/wp-json\/wp\/v2\/users\/1"}],"replies":[{"embeddable":true,"href":"https:\/\/www.res-group.com\/tr\/wp-json\/wp\/v2\/comments?post=13473"}],"version-history":[{"count":0,"href":"https:\/\/www.res-group.com\/tr\/wp-json\/wp\/v2\/pages\/13473\/revisions"}],"wp:attachment":[{"href":"https:\/\/www.res-group.com\/tr\/wp-json\/wp\/v2\/media?parent=13473"}],"curies":[{"name":"wp","href":"https:\/\/api.w.org\/{rel}","templated":true}]}}