{"id":13471,"date":"2023-08-25T07:40:49","date_gmt":"2023-08-25T06:40:49","guid":{"rendered":"http:\/\/www.res-group.com\/gizlilik\/"},"modified":"2026-04-15T17:31:52","modified_gmt":"2026-04-15T16:31:52","slug":"gizlilik","status":"publish","type":"page","link":"https:\/\/www.res-group.com\/tr\/gizlilik\/","title":{"rendered":"G\u0130ZL\u0130L\u0130K"},"content":{"rendered":"\n<h3 class=\"wp-block-heading\" id=\"h-\"><\/h3>\n\n\n\n<p>RES Group, her bireyin gizlilik ve y\u00fcr\u00fcrl\u00fckteki yasalara uyma hakk\u0131na ba\u011fl\u0131d\u0131r. Bu gizlilik bildirimi, bu web sitesi arac\u0131l\u0131\u011f\u0131yla toplanan ki\u015fisel bilgileri kontrol eden ve kullanan t\u00fcm RES Group \u015firketleri i\u00e7in ge\u00e7erlidir. Ayr\u0131ca bu bildirim, Avrupa Birli\u011fi&#8217;nde veya Avrupa Birli\u011fi&#8217;nden do\u011frudan bize sa\u011flanan ki\u015fisel bilgileri, \u00f6rne\u011fin bu web sitesi yerine e-posta veya mektup yoluyla nas\u0131l kulland\u0131\u011f\u0131m\u0131z\u0131 da a\u00e7\u0131klar.<\/p>\n\n\n\n<p>Genel bir husus olarak, yasal soru\u015fturma, soru\u015fturma ve uyumluluk ama\u00e7lar\u0131 i\u00e7in ki\u015fisel verileri toplayabilece\u011fimizi, kullanabilece\u011fimizi ve a\u00e7\u0131klayabilece\u011fimizi l\u00fctfen unutmay\u0131n. Verildi\u011fi durumlarda, izniniz do\u011fultusunda ki\u015fisel verileri toplayabilir, kullanabilir ve if\u015fa edebiliriz.<\/p>\n\n\n\n<h4 class=\"wp-block-heading\" id=\"h-hangi-bilgileri-topluyoruz\">HANG\u0130 B\u0130LG\u0130LER\u0130 TOPLUYORUZ?<\/h4>\n\n\n\n<p>Bu web sitesi yaln\u0131zca sizin taraf\u0131n\u0131zdan \u00f6zel olarak ve g\u00f6n\u00fcll\u00fc olarak sa\u011flanan ki\u015fisel bilgileri toplar. Toplanan bilgilerde, ad\u0131n\u0131z, e-posta adresiniz, telefon numaran\u0131z veya adresiniz gibi ileti\u015fim bilgileri bulunabilir. <br>Bizimle e-posta veya ba\u015fka yollarla ileti\u015fime ge\u00e7meniz ve kendiniz hakk\u0131nda bilgi vermeniz durumunda, s\u00f6z konusu ki\u015fisel bilgiler de s\u00f6z konusu konuyla ba\u011flant\u0131l\u0131 olarak toplanacak, kullan\u0131lacak ve a\u00e7\u0131klanacakt\u0131r ve bununla ilgili makul bir beklentiniz olmal\u0131d\u0131r.<\/p>\n\n\n\n<p>Sizin veya kurulu\u015funuzun bizimle veya hizmet sa\u011flay\u0131c\u0131s\u0131 oldu\u011fumuz \u00fc\u00e7\u00fcnc\u00fc taraflarla (ki onlar da bize bilgileri sa\u011flam\u0131\u015f olabilirler) i\u015f ili\u015fkileriniz varsa, bu, \u00f6deme verileri de dahil olmak \u00fczere ki\u015fisel verilerinizi toplayabilece\u011fimiz, kullanabilece\u011fimiz ve if\u015fa edebilece\u011fimiz anlam\u0131na gelebilir (\u00f6rne\u011fin, geli\u015ftirdi\u011fimiz, devreye ald\u0131\u011f\u0131m\u0131z veya y\u00f6netti\u011fimiz bir yenilenebilir enerji projesinde arazi sahibiyseniz)<br>Ayr\u0131ca, kamuya a\u00e7\u0131k kaynaklardan ve ticari \/ devlet veritabanlar\u0131ndan etkile\u015fimde bulundu\u011fumuz ki\u015filer hakk\u0131ndaki ki\u015fisel bilgileri toplar, kullan\u0131r ve a\u00e7\u0131klar\u0131z.<\/p>\n\n\n\n<p>Ayr\u0131ca, bazen ofislerde, \u015fantiyelerde ve operasyonel projelerde ve bizim taraf\u0131m\u0131zdan sahip olunan, i\u015fletilen veya ziyaret edilen di\u011fer yerlerde foto\u011fraf \u00e7eker ve g\u00f6rsel-i\u015fitsel film \u00e7ekeriz ve bu, bireylerin g\u00f6r\u00fcnt\u00fclerini ve seslerini yakalaman\u0131n yan\u0131 s\u0131ra araba kay\u0131tlar\u0131n\u0131 da i\u00e7erebilir (\u00f6rne\u011fin, g\u00fcvenlik amac\u0131yla kullan\u0131lan CCTV&#8217;de). RES taraf\u0131ndan veya RES ad\u0131na filme alma, kaydetme veya foto\u011fraflama organize edildi\u011finde, genellikle i\u015faretler, duyurular veya di\u011fer ileti\u015fim bi\u00e7imleriyle buna dikkat \u00e7ekilir. Bu, g\u00f6r\u00fcnt\u00fcn\u00fcz\u00fcn ve di\u011fer ki\u015fisel verilerinizin yakalanma potansiyeli oldu\u011fu konusunda sizi uyaracakt\u0131r, b\u00f6ylece isterseniz bunun olmas\u0131n\u0131 \u00f6nleyebilirsiniz.   Daha az resmi durumlarda, \u00f6rne\u011fin bir RES \u00e7al\u0131\u015fan\u0131 ak\u0131ll\u0131 telefon kullanarak film \u00e7eker veya foto\u011fraf \u00e7ekerse, bu t\u00fcr bir ileti\u015fim ger\u00e7ekle\u015fmeyebilir. Bunu yapmamay\u0131 kabul etmedi\u011finiz s\u00fcrece, \u0130leti\u015fim Ekibimizle ileti\u015fime ge\u00e7erek belirli durumlarda ki\u015fisel verilerinizin bu \u015fekilde kullan\u0131lmas\u0131na ili\u015fkin a\u00e7\u0131k veya z\u0131mni onay\u0131n\u0131z\u0131 geri \u00e7ekebilirsiniz (ayr\u0131nt\u0131lar a\u015fa\u011f\u0131dad\u0131r) <\/p>\n\n\n\n<h4 class=\"wp-block-heading\" id=\"h-kisisel-bilgilerinizi-neden-topluyoruz\">K\u0130\u015e\u0130SEL B\u0130LG\u0130LER\u0130N\u0130Z\u0130 NEDEN TOPLUYORUZ?<\/h4>\n\n\n\n<p>RES Group, yukar\u0131da a\u00e7\u0131kland\u0131\u011f\u0131 gibi, yasal uyumluluk, g\u00fcvenlik veya sigorta ama\u00e7lar\u0131yla veya finansal s\u00fcre\u00e7lerimiz ve kontrollerimizle ba\u011flant\u0131l\u0131 olarak i\u015f ili\u015fkilerimizde kulland\u0131\u011f\u0131n\u0131z bilgileri toplayabilir, kullanabilir ve a\u00e7\u0131klayabilir. Ki\u015fisel bilgileriniz, size veya kurulu\u015funuza sundu\u011fumuz hizmetleri geli\u015ftirmek veya sizin taraf\u0131n\u0131zdan dile getirilen sorulara veya di\u011fer sorunlara yan\u0131t vermek i\u00e7in de toplanabilir, kullan\u0131labilir ve a\u00e7\u0131klanabilir. <\/p>\n\n\n\n<p>Sizi RES Group i\u00e7inde bir pozisyon i\u00e7in de\u011ferlendirebilmemiz i\u00e7in bize ki\u015fisel bilgiler g\u00f6nderirseniz veya bu web sitesinde ilan edilen bir bo\u015f pozisyonla ilgili olarak RES&#8217;e ba\u015fvurman\u0131z durumunda, ba\u015fvurunuzu de\u011ferlendirmek ve s\u00f6z konusu i\u015fe al\u0131m s\u00fcreci s\u0131ras\u0131nda veya sonras\u0131nda ba\u015fka bir \u015fekilde ele almak amac\u0131yla bu verileri toplar, kullan\u0131r ve a\u00e7\u0131klar\u0131z.<\/p>\n\n\n\n<p>Buna ek olarak, ki\u015fisel bilgileri bu gizlilik bildiriminde a\u00e7\u0131klananlarla ilgili veya yard\u0131mc\u0131 olan di\u011fer ama\u00e7lar i\u00e7in toplayacak, kullanacak ve a\u00e7\u0131klayaca\u011f\u0131z.<\/p>\n\n\n\n<p>RES Group, g\u00f6nderdi\u011finiz veya ba\u015fka bir \u015fekilde elde etti\u011fimiz bilgileri pazarlama ve pazar ara\u015ft\u0131rmas\u0131 yapmak i\u00e7in de kullanabilir, ancak ki\u015fisel bilgileri tutma nedenlerimizle ilgili olmayan ama\u00e7lar i\u00e7in \u00fc\u00e7\u00fcnc\u00fc taraflara satmaz veya if\u015fa etmeyiz.<\/p>\n\n\n\n<p>Yenilenebilir enerji projelerinin geli\u015ftirilmesinde ve in\u015fas\u0131nda, yerel toplumun \u00fcyelerine dan\u0131\u015fmam\u0131z ve onlar\u0131 bilgilendirmemiz gerekmektedir. Bu ama\u00e7lar do\u011frultusunda, yerel halk\u0131n adreslerini elde etmek i\u00e7in \u00fc\u00e7\u00fcnc\u00fc taraf veritabanlar\u0131n\u0131 kullanarak posta ve di\u011fer medya kampanyalar\u0131n\u0131 y\u00fcr\u00fct\u00fcyoruz. <\/p>\n\n\n\n<p>Bu nedenle, bu yol \u00fczerinden bizden haber alabilirsiniz, ancak sizinle ileti\u015fim kurmay\u0131 b\u0131rakmam\u0131z i\u00e7in bize talimat vermekte her zaman \u00f6zg\u00fcrs\u00fcn\u00fcz. Bizden geldi\u011fine inand\u0131\u011f\u0131n\u0131z ve almak istemedi\u011finiz istenmeyen pazarlama materyalleri al\u0131rsan\u0131z, l\u00fctfen 01923 299200 numaral\u0131 telefondan \u0130leti\u015fim Ekibimizle ileti\u015fime ge\u00e7erek bize bildirin veya  <a href=\"mailto:info@res-group.com\"><strong>privacy@res-group.com mail adresimize<\/strong><\/a>veya \u0130leti\u015fim Ekibimize g\u00f6ndermek \u00fczere, RES Group, Beaufort Court, Egg Farm Lane, Kings Langley, Hertfordshire, WD4 8LR adresine yaz\u0131n.<\/p>\n\n\n\n<h4 class=\"wp-block-heading\" id=\"h-kisisel-bilgilerinizi-aldiktan-sonra-diger-kuruluslarla-paylasacak-miyiz\">KI\u015eISEL BILGILERINIZI ALDIKTAN SONRA DI\u011eER KURULU\u015eLARLA PAYLA\u015eACAK MIYIZ?<\/h4>\n\n\n\n<p>Bize verdi\u011finiz hi\u00e7bir bilgiyi genellikle RES Group \u015eirketleri d\u0131\u015f\u0131ndaki herhangi bir kurulu\u015fa aktarmayaca\u011f\u0131z. Yasalar\u0131n izin verdi\u011fi veya gerektirdi\u011fi durumlarda bunun istisnalar\u0131 vard\u0131r (yasal uyumluluk ama\u00e7lar\u0131, su\u00e7un \u00f6nlenmesi, kredi kontrolleri ve doland\u0131r\u0131c\u0131l\u0131\u011f\u0131n \u00f6nlenmesi dahil). Sizinle bir anla\u015fmam\u0131z oldu\u011funda veya bunu yapan birine hizmet sa\u011flad\u0131\u011f\u0131m\u0131z veya bizim veya m\u00fc\u015fterilerimizin faaliyetlerinden etkilendi\u011finiz durumlarda, \u00f6rne\u011fin harici dan\u0131\u015fmanlara sizi veya kurulu\u015funuzu ilgilendiren bir konuyla ilgili olarak bizi veya m\u00fc\u015fterimizi desteklemeleri talimat\u0131n\u0131 vermek i\u00e7in gerekli olabilir (herhangi bir anla\u015fmazl\u0131k dahil). Ayr\u0131ca, bizim taraf\u0131m\u0131zdan veya bizim ad\u0131m\u0131za veya personelimiz taraf\u0131ndan \u00e7ekilen veya yap\u0131lan foto\u011fraflar\u0131 ve g\u00f6rsel-i\u015fitsel film \u00e7ekimlerini web sitelerimizde ve personelimiz gibi \u00fc\u00e7\u00fcnc\u00fc taraflar\u0131n web sitelerinde yay\u0131nlayabilir ve bunlar\u0131 RES i\u00e7inde dahili ileti\u015fim ve e\u011fitim amac\u0131yla kullanabiliriz.   <\/p>\n\n\n\n<h4 class=\"wp-block-heading\" id=\"h-bilgileriniz-guvenli-bir-sekilde-saklaniyor-mu\">B\u0130LG\u0130LER\u0130N\u0130Z G\u00dcVENL\u0130 B\u0130R \u015eEK\u0130LDE SAKLANIYOR MU?<\/h4>\n\n\n\n<p>Belirli bir ama\u00e7 i\u00e7in bilgi g\u00f6nderdi\u011finizde, bu bilgiler g\u00fcvenlik ve gizlili\u011fi korumak i\u00e7in tasarlanm\u0131\u015f mevcut i\u015f uygulamalar\u0131m\u0131za uygun olarak saklanacakt\u0131r. Bu bilgileri imha etmemizi isterseniz, uygulanabilir oldu\u011fu \u00f6l\u00e7\u00fcde, ge\u00e7erli herhangi bir yasal k\u0131s\u0131tlamaya ve gelecekte bize kar\u015f\u0131 yasal taleplerde bulunulmas\u0131 durumunda uyumlulu\u011fu g\u00f6stermek de dahil olmak \u00fczere, yasal ve dahili uyumluluk y\u00fck\u00fcml\u00fcl\u00fcklerimizi yerine getirmek amac\u0131yla bilgileri saklama gereksinimlerimize tabi olarak bunu yapaca\u011f\u0131z. <\/p>\n\n\n\n<p>Ki\u015fisel verilerinizi, yasal ve dahili uyumluluk ama\u00e7lar\u0131 ve taleplerin gelecekte potansiyel olarak savunulmas\u0131 veya ba\u015fka bir \u015fekilde izin verilmesi de dahil olmak \u00fczere, makul bir \u015fekilde gerekli oldu\u011fu s\u00fcrece (veya yaln\u0131zca izninizle sa\u011flanan bilgilerle ba\u011flant\u0131l\u0131 olarak, siz bu izni geri \u00e7ekene kadar) saklayaca\u011f\u0131z.<\/p>\n\n\n\n<h4 class=\"wp-block-heading\" id=\"h-hakkinizda-hangi-bilgileri-saklandigini-nasil-ogrenebilirsiniz\">HAKKINIZDA HANG\u0130 B\u0130LGILER\u0130 SAKLANDI\u011eINI NASIL \u00d6\u011eRENEB\u0130L\u0130RS\u0130N\u0130Z?<\/h4>\n\n\n\n<p>Bir ba\u015fvuruyu tamamlamaya ve kimlik kan\u0131t\u0131 sa\u011flamaya tabi olarak, hakk\u0131n\u0131zda toplad\u0131\u011f\u0131m\u0131z belirli bilgileri bilme hakk\u0131na sahipsiniz. Bu ama\u00e7lar i\u00e7in 01923 299200 numaral\u0131 telefondan \u0130leti\u015fim Ekibimizle ileti\u015fime ge\u00e7ebilir, <a href=\"mailto:info@res-group.com\"><strong>privacy@res-group.com<\/strong><\/a> adresinden bize e-posta g\u00f6nderebilir veya \u0130leti\u015fim Ekibi, RES Group, Beaufort Court, Egg Farm Lane, Kings Langley, Hertfordshire, WD4 8LR adresine yazabilirsiniz. <\/p>\n\n\n\n<p>Talep edebilece\u011finiz bilgiler, size sunmam\u0131z gereken ki\u015fisel bilgiler ise, y\u00fcr\u00fcrl\u00fckteki yasalara uygun olarak derhal sa\u011flanacakt\u0131r. Her hal\u00fckarda, tuttu\u011fumuz bilgilerin do\u011fru, g\u00fcncel ve alakal\u0131 olmas\u0131n\u0131 sa\u011flamak i\u00e7in t\u00fcm makul \u00e7abay\u0131 g\u00f6sterece\u011fiz ve herhangi bir yanl\u0131\u015fl\u0131\u011f\u0131 d\u00fczeltmekten memnuniyet duyaca\u011f\u0131z. <\/p>\n\n\n\n<h4 class=\"wp-block-heading\" id=\"h-google-recaptcha\">GOOGLE RECAPTCHA<\/h4>\n\n\n\n<p>Web sitelerimizde Google reCAPTCHA (\u201cReCAPTCHA\u201d) hizmetini de kullanabiliriz. Bu hizmet, Google LLC (\u201cGoogle\u201d) (1600 Amphitheatre Parkway, Mountain View, CA 94043, ABD) taraf\u0131ndan sunulmaktad\u0131r. ReCAPTCHA, \u201cotomatik yaz\u0131l\u0131mlar\u0131n\u201d otomatik tarama veya spam yoluyla web sitemizi yava\u015flatmas\u0131n\u0131 \u00f6nlemek amac\u0131yla, kullan\u0131c\u0131n\u0131n ger\u00e7ek bir ki\u015fi mi yoksa bir \u201crobot\u201d mu oldu\u011funu belirlemek i\u00e7in web sitemize girilen verileri (\u00f6rne\u011fin ileti\u015fim formundaki veriler) analiz eder. Kullan\u0131c\u0131n\u0131n IP adresi, yazma al\u0131\u015fkanl\u0131klar\u0131, sitede yapt\u0131\u011f\u0131 t\u0131klama say\u0131s\u0131 ve taray\u0131c\u0131n\u0131n kulland\u0131\u011f\u0131 dil gibi analiz edilen bilgiler Google&#8217;a g\u00f6nderilir. ReCAPTCHA taraf\u0131ndan toplanan t\u00fcm bilgiler, Google taraf\u0131ndan <a href=\"https:\/\/cloud.google.com\/terms\">Google Cloud Hizmet \u015eartlar\u0131<\/a> ve <a href=\"https:\/\/cloud.google.com\/terms\/data-processing-addendum\">Cloud Veri \u0130\u015fleme Eki<\/a> uyar\u0131nca i\u015flenmektedir.<\/p>\n\n\n\n<h4 class=\"wp-block-heading\" id=\"h-gizlilik-polikikasi-guncellemeleri\">G\u0130ZL\u0130L\u0130K POL\u0130K\u0130KASI G\u00dcNCELLEMELER\u0130<\/h4>\n\n\n\n<p>Bu sayfadaki politikalar\u0131m\u0131z\u0131 zaman zaman g\u00fcncelleyebiliriz, bu nedenle l\u00fctfen en son s\u00fcr\u00fcm\u00fc okudu\u011funuzdan emin olmak i\u00e7in kontrol edin.<\/p>\n\n\n\n<p>EN SON G\u00dcNCELLEME: A\u011eUSTOS 2022<\/p>\n","protected":false},"excerpt":{"rendered":"<p>RES Group, her bireyin gizlilik ve y\u00fcr\u00fcrl\u00fckteki yasalara uyma hakk\u0131na ba\u011fl\u0131d\u0131r. Bu gizlilik bildirimi, bu web sitesi arac\u0131l\u0131\u011f\u0131yla toplanan ki\u015fisel bilgileri kontrol eden ve kullanan t\u00fcm RES Group \u015firketleri i\u00e7in ge\u00e7erlidir. Ayr\u0131ca bu bildirim, Avrupa Birli\u011fi&#8217;nde veya Avrupa Birli\u011fi&#8217;nden do\u011frudan bize sa\u011flanan ki\u015fisel bilgileri, \u00f6rne\u011fin bu web sitesi yerine e-posta&#8230;<\/p>\n","protected":false},"author":1,"featured_media":0,"parent":0,"menu_order":0,"comment_status":"closed","ping_status":"closed","template":"","meta":{"_acf_changed":false,"footnotes":""},"class_list":["post-13471","page","type-page","status-publish","hentry"],"acf":[],"yoast_head":"<!-- This site is optimized with the Yoast SEO Premium plugin v27.2 (Yoast SEO v27.2) - https:\/\/yoast.com\/product\/yoast-seo-premium-wordpress\/ -->\n<title>G\u0130ZL\u0130L\u0130K - RES<\/title>\n<meta name=\"robots\" content=\"index, follow, max-snippet:-1, max-image-preview:large, max-video-preview:-1\" \/>\n<link rel=\"canonical\" href=\"https:\/\/www.res-group.com\/tr\/gizlilik\/\" \/>\n<meta property=\"og:locale\" content=\"tr_TR\" \/>\n<meta property=\"og:type\" content=\"article\" \/>\n<meta property=\"og:title\" content=\"G\u0130ZL\u0130L\u0130K\" \/>\n<meta property=\"og:description\" content=\"RES Group, her bireyin gizlilik ve y\u00fcr\u00fcrl\u00fckteki yasalara uyma hakk\u0131na ba\u011fl\u0131d\u0131r. Bu gizlilik bildirimi, bu web sitesi arac\u0131l\u0131\u011f\u0131yla toplanan ki\u015fisel bilgileri kontrol eden ve kullanan t\u00fcm RES Group \u015firketleri i\u00e7in ge\u00e7erlidir. Ayr\u0131ca bu bildirim, Avrupa Birli\u011fi&#8217;nde veya Avrupa Birli\u011fi&#8217;nden do\u011frudan bize sa\u011flanan ki\u015fisel bilgileri, \u00f6rne\u011fin bu web sitesi yerine e-posta...\" \/>\n<meta property=\"og:url\" content=\"https:\/\/www.res-group.com\/tr\/gizlilik\/\" \/>\n<meta property=\"og:site_name\" content=\"RES\" \/>\n<meta property=\"article:modified_time\" content=\"2026-04-15T16:31:52+00:00\" \/>\n<meta name=\"twitter:card\" content=\"summary_large_image\" \/>\n<meta name=\"twitter:site\" content=\"@RESGroup\" \/>\n<meta name=\"twitter:label1\" content=\"Tahmini okuma s\u00fcresi\" \/>\n\t<meta name=\"twitter:data1\" content=\"5 dakika\" \/>\n<script type=\"application\/ld+json\" class=\"yoast-schema-graph\">{\"@context\":\"https:\/\/schema.org\",\"@graph\":[{\"@type\":\"WebPage\",\"@id\":\"https:\/\/www.res-group.com\/tr\/gizlilik\/\",\"url\":\"https:\/\/www.res-group.com\/tr\/gizlilik\/\",\"name\":\"G\u0130ZL\u0130L\u0130K - RES\",\"isPartOf\":{\"@id\":\"https:\/\/www.res-group.com\/tr\/#website\"},\"datePublished\":\"2023-08-25T06:40:49+00:00\",\"dateModified\":\"2026-04-15T16:31:52+00:00\",\"breadcrumb\":{\"@id\":\"https:\/\/www.res-group.com\/tr\/gizlilik\/#breadcrumb\"},\"inLanguage\":\"tr\",\"potentialAction\":[{\"@type\":\"ReadAction\",\"target\":[\"https:\/\/www.res-group.com\/tr\/gizlilik\/\"]}]},{\"@type\":\"BreadcrumbList\",\"@id\":\"https:\/\/www.res-group.com\/tr\/gizlilik\/#breadcrumb\",\"itemListElement\":[{\"@type\":\"ListItem\",\"position\":1,\"name\":\"In\u00edcio\",\"item\":\"https:\/\/www.res-group.com\/tr\/\"},{\"@type\":\"ListItem\",\"position\":2,\"name\":\"G\u0130ZL\u0130L\u0130K\"}]},{\"@type\":\"WebSite\",\"@id\":\"https:\/\/www.res-group.com\/tr\/#website\",\"url\":\"https:\/\/www.res-group.com\/tr\/\",\"name\":\"res-group.com\",\"description\":\"The power behind a clean energy future\",\"publisher\":{\"@id\":\"https:\/\/www.res-group.com\/tr\/#organization\"},\"potentialAction\":[{\"@type\":\"SearchAction\",\"target\":{\"@type\":\"EntryPoint\",\"urlTemplate\":\"https:\/\/www.res-group.com\/tr\/?s={search_term_string}\"},\"query-input\":{\"@type\":\"PropertyValueSpecification\",\"valueRequired\":true,\"valueName\":\"search_term_string\"}}],\"inLanguage\":\"tr\"},{\"@type\":\"Organization\",\"@id\":\"https:\/\/www.res-group.com\/tr\/#organization\",\"name\":\"RES\",\"url\":\"https:\/\/www.res-group.com\/tr\/\",\"logo\":{\"@type\":\"ImageObject\",\"inLanguage\":\"tr\",\"@id\":\"https:\/\/www.res-group.com\/tr\/#\/schema\/logo\/image\/\",\"url\":\"https:\/\/www.res-group.com\/wp-content\/uploads\/2023\/05\/header-logo.svg\",\"contentUrl\":\"https:\/\/www.res-group.com\/wp-content\/uploads\/2023\/05\/header-logo.svg\",\"width\":82.634,\"height\":38,\"caption\":\"RES\"},\"image\":{\"@id\":\"https:\/\/www.res-group.com\/tr\/#\/schema\/logo\/image\/\"},\"sameAs\":[\"https:\/\/x.com\/RESGroup\",\"https:\/\/www.instagram.com\/res_powerforgood\",\"https:\/\/www.linkedin.com\/company\/res-group\/\",\"https:\/\/vimeo.com\/resgroup\"]}]}<\/script>\n<!-- \/ Yoast SEO Premium plugin. -->","yoast_head_json":{"title":"G\u0130ZL\u0130L\u0130K - RES","robots":{"index":"index","follow":"follow","max-snippet":"max-snippet:-1","max-image-preview":"max-image-preview:large","max-video-preview":"max-video-preview:-1"},"canonical":"https:\/\/www.res-group.com\/tr\/gizlilik\/","og_locale":"tr_TR","og_type":"article","og_title":"G\u0130ZL\u0130L\u0130K","og_description":"RES Group, her bireyin gizlilik ve y\u00fcr\u00fcrl\u00fckteki yasalara uyma hakk\u0131na ba\u011fl\u0131d\u0131r. Bu gizlilik bildirimi, bu web sitesi arac\u0131l\u0131\u011f\u0131yla toplanan ki\u015fisel bilgileri kontrol eden ve kullanan t\u00fcm RES Group \u015firketleri i\u00e7in ge\u00e7erlidir. Ayr\u0131ca bu bildirim, Avrupa Birli\u011fi&#8217;nde veya Avrupa Birli\u011fi&#8217;nden do\u011frudan bize sa\u011flanan ki\u015fisel bilgileri, \u00f6rne\u011fin bu web sitesi yerine e-posta...","og_url":"https:\/\/www.res-group.com\/tr\/gizlilik\/","og_site_name":"RES","article_modified_time":"2026-04-15T16:31:52+00:00","twitter_card":"summary_large_image","twitter_site":"@RESGroup","twitter_misc":{"Tahmini okuma s\u00fcresi":"5 dakika"},"schema":{"@context":"https:\/\/schema.org","@graph":[{"@type":"WebPage","@id":"https:\/\/www.res-group.com\/tr\/gizlilik\/","url":"https:\/\/www.res-group.com\/tr\/gizlilik\/","name":"G\u0130ZL\u0130L\u0130K - RES","isPartOf":{"@id":"https:\/\/www.res-group.com\/tr\/#website"},"datePublished":"2023-08-25T06:40:49+00:00","dateModified":"2026-04-15T16:31:52+00:00","breadcrumb":{"@id":"https:\/\/www.res-group.com\/tr\/gizlilik\/#breadcrumb"},"inLanguage":"tr","potentialAction":[{"@type":"ReadAction","target":["https:\/\/www.res-group.com\/tr\/gizlilik\/"]}]},{"@type":"BreadcrumbList","@id":"https:\/\/www.res-group.com\/tr\/gizlilik\/#breadcrumb","itemListElement":[{"@type":"ListItem","position":1,"name":"In\u00edcio","item":"https:\/\/www.res-group.com\/tr\/"},{"@type":"ListItem","position":2,"name":"G\u0130ZL\u0130L\u0130K"}]},{"@type":"WebSite","@id":"https:\/\/www.res-group.com\/tr\/#website","url":"https:\/\/www.res-group.com\/tr\/","name":"res-group.com","description":"The power behind a clean energy future","publisher":{"@id":"https:\/\/www.res-group.com\/tr\/#organization"},"potentialAction":[{"@type":"SearchAction","target":{"@type":"EntryPoint","urlTemplate":"https:\/\/www.res-group.com\/tr\/?s={search_term_string}"},"query-input":{"@type":"PropertyValueSpecification","valueRequired":true,"valueName":"search_term_string"}}],"inLanguage":"tr"},{"@type":"Organization","@id":"https:\/\/www.res-group.com\/tr\/#organization","name":"RES","url":"https:\/\/www.res-group.com\/tr\/","logo":{"@type":"ImageObject","inLanguage":"tr","@id":"https:\/\/www.res-group.com\/tr\/#\/schema\/logo\/image\/","url":"https:\/\/www.res-group.com\/wp-content\/uploads\/2023\/05\/header-logo.svg","contentUrl":"https:\/\/www.res-group.com\/wp-content\/uploads\/2023\/05\/header-logo.svg","width":82.634,"height":38,"caption":"RES"},"image":{"@id":"https:\/\/www.res-group.com\/tr\/#\/schema\/logo\/image\/"},"sameAs":["https:\/\/x.com\/RESGroup","https:\/\/www.instagram.com\/res_powerforgood","https:\/\/www.linkedin.com\/company\/res-group\/","https:\/\/vimeo.com\/resgroup"]}]}},"_links":{"self":[{"href":"https:\/\/www.res-group.com\/tr\/wp-json\/wp\/v2\/pages\/13471","targetHints":{"allow":["GET"]}}],"collection":[{"href":"https:\/\/www.res-group.com\/tr\/wp-json\/wp\/v2\/pages"}],"about":[{"href":"https:\/\/www.res-group.com\/tr\/wp-json\/wp\/v2\/types\/page"}],"author":[{"embeddable":true,"href":"https:\/\/www.res-group.com\/tr\/wp-json\/wp\/v2\/users\/1"}],"replies":[{"embeddable":true,"href":"https:\/\/www.res-group.com\/tr\/wp-json\/wp\/v2\/comments?post=13471"}],"version-history":[{"count":1,"href":"https:\/\/www.res-group.com\/tr\/wp-json\/wp\/v2\/pages\/13471\/revisions"}],"predecessor-version":[{"id":45110,"href":"https:\/\/www.res-group.com\/tr\/wp-json\/wp\/v2\/pages\/13471\/revisions\/45110"}],"wp:attachment":[{"href":"https:\/\/www.res-group.com\/tr\/wp-json\/wp\/v2\/media?parent=13471"}],"curies":[{"name":"wp","href":"https:\/\/api.w.org\/{rel}","templated":true}]}}