{"id":19662,"date":"2023-08-29T12:20:06","date_gmt":"2023-08-29T11:20:06","guid":{"rendered":"http:\/\/www.res-group.com\/terms-of-use\/"},"modified":"2026-04-28T14:58:25","modified_gmt":"2026-04-28T13:58:25","slug":"terms-of-use","status":"publish","type":"page","link":"https:\/\/www.res-group.com\/sv\/terms-of-use\/","title":{"rendered":"Anv\u00e4ndarvillkor"},"content":{"rendered":"\n<div class=\"highlight-panel\">\n<div class=\"container\">\n<h3>\n<strong><br>\nF\u00f6r att l\u00e4sa v\u00e5ra anv\u00e4ndarvillkor, bes\u00f6k v\u00e5r globala sida<br>\n<\/strong><br>\n<\/h3>\n<p>\n<a class=\"button\" href=\"\/terms-of-use\/\">L\u00e4s de globala anv\u00e4ndarvillkoren<\/a>\n<\/p>\n<\/div>\n<\/div>\n","protected":false},"excerpt":{"rendered":"<p>F\u00f6r att l\u00e4sa v\u00e5ra anv\u00e4ndarvillkor, bes\u00f6k v\u00e5r globala sida L\u00e4s de globala anv\u00e4ndarvillkoren<\/p>\n","protected":false},"author":18,"featured_media":0,"parent":0,"menu_order":0,"comment_status":"closed","ping_status":"closed","template":"","meta":{"_acf_changed":false,"footnotes":""},"class_list":["post-19662","page","type-page","status-publish","hentry"],"acf":[],"yoast_head":"<!-- This site is optimized with the Yoast SEO Premium plugin v27.2 (Yoast SEO v27.2) - https:\/\/yoast.com\/product\/yoast-seo-premium-wordpress\/ -->\n<title>Anv\u00e4ndarvillkor - RES<\/title>\n<meta name=\"robots\" content=\"index, follow, max-snippet:-1, max-image-preview:large, max-video-preview:-1\" \/>\n<link rel=\"canonical\" href=\"https:\/\/www.res-group.com\/sv\/terms-of-use\/\" \/>\n<meta property=\"og:locale\" content=\"sv_SE\" \/>\n<meta property=\"og:type\" content=\"article\" \/>\n<meta property=\"og:title\" content=\"Anv\u00e4ndarvillkor\" \/>\n<meta property=\"og:description\" content=\"F\u00f6r att l\u00e4sa v\u00e5ra anv\u00e4ndarvillkor, bes\u00f6k v\u00e5r globala sida L\u00e4s de globala anv\u00e4ndarvillkoren\" \/>\n<meta property=\"og:url\" content=\"https:\/\/www.res-group.com\/sv\/terms-of-use\/\" \/>\n<meta property=\"og:site_name\" content=\"RES\" \/>\n<meta property=\"article:modified_time\" content=\"2026-04-28T13:58:25+00:00\" \/>\n<meta name=\"twitter:card\" content=\"summary_large_image\" \/>\n<meta name=\"twitter:site\" content=\"@RESGroup\" \/>\n<meta name=\"twitter:label1\" content=\"Ber\u00e4knad l\u00e4stid\" \/>\n\t<meta name=\"twitter:data1\" content=\"1 minut\" \/>\n<script type=\"application\/ld+json\" class=\"yoast-schema-graph\">{\"@context\":\"https:\/\/schema.org\",\"@graph\":[{\"@type\":\"WebPage\",\"@id\":\"https:\/\/www.res-group.com\/sv\/terms-of-use\/\",\"url\":\"https:\/\/www.res-group.com\/sv\/terms-of-use\/\",\"name\":\"Anv\u00e4ndarvillkor - RES\",\"isPartOf\":{\"@id\":\"https:\/\/www.res-group.com\/sv\/#website\"},\"datePublished\":\"2023-08-29T11:20:06+00:00\",\"dateModified\":\"2026-04-28T13:58:25+00:00\",\"breadcrumb\":{\"@id\":\"https:\/\/www.res-group.com\/sv\/terms-of-use\/#breadcrumb\"},\"inLanguage\":\"sv-SE\",\"potentialAction\":[{\"@type\":\"ReadAction\",\"target\":[\"https:\/\/www.res-group.com\/sv\/terms-of-use\/\"]}]},{\"@type\":\"BreadcrumbList\",\"@id\":\"https:\/\/www.res-group.com\/sv\/terms-of-use\/#breadcrumb\",\"itemListElement\":[{\"@type\":\"ListItem\",\"position\":1,\"name\":\"In\u00edcio\",\"item\":\"https:\/\/www.res-group.com\/sv\/\"},{\"@type\":\"ListItem\",\"position\":2,\"name\":\"Anv\u00e4ndarvillkor\"}]},{\"@type\":\"WebSite\",\"@id\":\"https:\/\/www.res-group.com\/sv\/#website\",\"url\":\"https:\/\/www.res-group.com\/sv\/\",\"name\":\"res-group.com\",\"description\":\"The power behind a clean energy future\",\"publisher\":{\"@id\":\"https:\/\/www.res-group.com\/sv\/#organization\"},\"potentialAction\":[{\"@type\":\"SearchAction\",\"target\":{\"@type\":\"EntryPoint\",\"urlTemplate\":\"https:\/\/www.res-group.com\/sv\/?s={search_term_string}\"},\"query-input\":{\"@type\":\"PropertyValueSpecification\",\"valueRequired\":true,\"valueName\":\"search_term_string\"}}],\"inLanguage\":\"sv-SE\"},{\"@type\":\"Organization\",\"@id\":\"https:\/\/www.res-group.com\/sv\/#organization\",\"name\":\"RES\",\"url\":\"https:\/\/www.res-group.com\/sv\/\",\"logo\":{\"@type\":\"ImageObject\",\"inLanguage\":\"sv-SE\",\"@id\":\"https:\/\/www.res-group.com\/sv\/#\/schema\/logo\/image\/\",\"url\":\"https:\/\/www.res-group.com\/wp-content\/uploads\/2023\/05\/header-logo.svg\",\"contentUrl\":\"https:\/\/www.res-group.com\/wp-content\/uploads\/2023\/05\/header-logo.svg\",\"width\":82.634,\"height\":38,\"caption\":\"RES\"},\"image\":{\"@id\":\"https:\/\/www.res-group.com\/sv\/#\/schema\/logo\/image\/\"},\"sameAs\":[\"https:\/\/x.com\/RESGroup\",\"https:\/\/www.instagram.com\/res_powerforgood\",\"https:\/\/www.linkedin.com\/company\/res-group\/\",\"https:\/\/vimeo.com\/resgroup\"]}]}<\/script>\n<!-- \/ Yoast SEO Premium plugin. -->","yoast_head_json":{"title":"Anv\u00e4ndarvillkor - RES","robots":{"index":"index","follow":"follow","max-snippet":"max-snippet:-1","max-image-preview":"max-image-preview:large","max-video-preview":"max-video-preview:-1"},"canonical":"https:\/\/www.res-group.com\/sv\/terms-of-use\/","og_locale":"sv_SE","og_type":"article","og_title":"Anv\u00e4ndarvillkor","og_description":"F\u00f6r att l\u00e4sa v\u00e5ra anv\u00e4ndarvillkor, bes\u00f6k v\u00e5r globala sida L\u00e4s de globala anv\u00e4ndarvillkoren","og_url":"https:\/\/www.res-group.com\/sv\/terms-of-use\/","og_site_name":"RES","article_modified_time":"2026-04-28T13:58:25+00:00","twitter_card":"summary_large_image","twitter_site":"@RESGroup","twitter_misc":{"Ber\u00e4knad l\u00e4stid":"1 minut"},"schema":{"@context":"https:\/\/schema.org","@graph":[{"@type":"WebPage","@id":"https:\/\/www.res-group.com\/sv\/terms-of-use\/","url":"https:\/\/www.res-group.com\/sv\/terms-of-use\/","name":"Anv\u00e4ndarvillkor - RES","isPartOf":{"@id":"https:\/\/www.res-group.com\/sv\/#website"},"datePublished":"2023-08-29T11:20:06+00:00","dateModified":"2026-04-28T13:58:25+00:00","breadcrumb":{"@id":"https:\/\/www.res-group.com\/sv\/terms-of-use\/#breadcrumb"},"inLanguage":"sv-SE","potentialAction":[{"@type":"ReadAction","target":["https:\/\/www.res-group.com\/sv\/terms-of-use\/"]}]},{"@type":"BreadcrumbList","@id":"https:\/\/www.res-group.com\/sv\/terms-of-use\/#breadcrumb","itemListElement":[{"@type":"ListItem","position":1,"name":"In\u00edcio","item":"https:\/\/www.res-group.com\/sv\/"},{"@type":"ListItem","position":2,"name":"Anv\u00e4ndarvillkor"}]},{"@type":"WebSite","@id":"https:\/\/www.res-group.com\/sv\/#website","url":"https:\/\/www.res-group.com\/sv\/","name":"res-group.com","description":"The power behind a clean energy future","publisher":{"@id":"https:\/\/www.res-group.com\/sv\/#organization"},"potentialAction":[{"@type":"SearchAction","target":{"@type":"EntryPoint","urlTemplate":"https:\/\/www.res-group.com\/sv\/?s={search_term_string}"},"query-input":{"@type":"PropertyValueSpecification","valueRequired":true,"valueName":"search_term_string"}}],"inLanguage":"sv-SE"},{"@type":"Organization","@id":"https:\/\/www.res-group.com\/sv\/#organization","name":"RES","url":"https:\/\/www.res-group.com\/sv\/","logo":{"@type":"ImageObject","inLanguage":"sv-SE","@id":"https:\/\/www.res-group.com\/sv\/#\/schema\/logo\/image\/","url":"https:\/\/www.res-group.com\/wp-content\/uploads\/2023\/05\/header-logo.svg","contentUrl":"https:\/\/www.res-group.com\/wp-content\/uploads\/2023\/05\/header-logo.svg","width":82.634,"height":38,"caption":"RES"},"image":{"@id":"https:\/\/www.res-group.com\/sv\/#\/schema\/logo\/image\/"},"sameAs":["https:\/\/x.com\/RESGroup","https:\/\/www.instagram.com\/res_powerforgood","https:\/\/www.linkedin.com\/company\/res-group\/","https:\/\/vimeo.com\/resgroup"]}]}},"_links":{"self":[{"href":"https:\/\/www.res-group.com\/sv\/wp-json\/wp\/v2\/pages\/19662","targetHints":{"allow":["GET"]}}],"collection":[{"href":"https:\/\/www.res-group.com\/sv\/wp-json\/wp\/v2\/pages"}],"about":[{"href":"https:\/\/www.res-group.com\/sv\/wp-json\/wp\/v2\/types\/page"}],"author":[{"embeddable":true,"href":"https:\/\/www.res-group.com\/sv\/wp-json\/wp\/v2\/users\/18"}],"replies":[{"embeddable":true,"href":"https:\/\/www.res-group.com\/sv\/wp-json\/wp\/v2\/comments?post=19662"}],"version-history":[{"count":3,"href":"https:\/\/www.res-group.com\/sv\/wp-json\/wp\/v2\/pages\/19662\/revisions"}],"predecessor-version":[{"id":46988,"href":"https:\/\/www.res-group.com\/sv\/wp-json\/wp\/v2\/pages\/19662\/revisions\/46988"}],"wp:attachment":[{"href":"https:\/\/www.res-group.com\/sv\/wp-json\/wp\/v2\/media?parent=19662"}],"curies":[{"name":"wp","href":"https:\/\/api.w.org\/{rel}","templated":true}]}}