{"id":13445,"date":"2023-08-24T17:03:46","date_gmt":"2023-08-24T16:03:46","guid":{"rendered":"http:\/\/www.res-group.com\/om-oss\/affinity-networks\/"},"modified":"2025-06-26T10:21:20","modified_gmt":"2025-06-26T09:21:20","slug":"affinity-networks","status":"publish","type":"page","link":"https:\/\/www.res-group.com\/sv\/om-oss\/affinity-networks\/","title":{"rendered":"Affinity Networks"},"content":{"rendered":"","protected":false},"excerpt":{"rendered":"","protected":false},"author":1,"featured_media":19341,"parent":13443,"menu_order":0,"comment_status":"closed","ping_status":"closed","template":"index.php","meta":{"_acf_changed":false,"footnotes":""},"class_list":["post-13445","page","type-page","status-publish","has-post-thumbnail","hentry"],"acf":[],"yoast_head":"<!-- This site is optimized with the Yoast SEO Premium plugin v27.2 (Yoast SEO v27.2) - https:\/\/yoast.com\/product\/yoast-seo-premium-wordpress\/ -->\n<title>Affinity Networks - RES<\/title>\n<meta name=\"description\" content=\"V\u00e5ra n\u00e4tverk \u00e4r \u00f6ppna f\u00f6r alla anst\u00e4llda och erbjuder en trygg plats d\u00e4r m\u00e4nniskor kan tr\u00e4ffas och fritt dela med sig av sina identiteter, erfarenheter och de utmaningar de st\u00e4lls inf\u00f6r p\u00e5 arbetsplatsen.\" \/>\n<meta name=\"robots\" content=\"index, follow, max-snippet:-1, max-image-preview:large, max-video-preview:-1\" \/>\n<link rel=\"canonical\" href=\"https:\/\/www.res-group.com\/sv\/om-oss\/affinity-networks\/\" \/>\n<meta property=\"og:locale\" content=\"sv_SE\" \/>\n<meta property=\"og:type\" content=\"article\" \/>\n<meta property=\"og:title\" content=\"Affinity Networks\" \/>\n<meta property=\"og:description\" content=\"V\u00e5ra n\u00e4tverk \u00e4r \u00f6ppna f\u00f6r alla anst\u00e4llda och erbjuder en trygg plats d\u00e4r m\u00e4nniskor kan tr\u00e4ffas och fritt dela med sig av sina identiteter, erfarenheter och de utmaningar de st\u00e4lls inf\u00f6r p\u00e5 arbetsplatsen.\" \/>\n<meta property=\"og:url\" content=\"https:\/\/www.res-group.com\/sv\/om-oss\/affinity-networks\/\" \/>\n<meta property=\"og:site_name\" content=\"RES\" \/>\n<meta property=\"article:modified_time\" content=\"2025-06-26T09:21:20+00:00\" \/>\n<meta property=\"og:image\" content=\"https:\/\/www.res-group.com\/wp-content\/uploads\/2023\/08\/Affinity-Network-Banner-Desktop.jpg\" \/>\n\t<meta property=\"og:image:width\" content=\"1920\" \/>\n\t<meta property=\"og:image:height\" content=\"970\" \/>\n\t<meta property=\"og:image:type\" content=\"image\/jpeg\" \/>\n<meta name=\"twitter:card\" content=\"summary_large_image\" \/>\n<meta name=\"twitter:site\" content=\"@RESGroup\" \/>\n<meta name=\"twitter:label1\" content=\"Ber\u00e4knad l\u00e4stid\" \/>\n\t<meta name=\"twitter:data1\" content=\"1 minut\" \/>\n<script type=\"application\/ld+json\" class=\"yoast-schema-graph\">{\"@context\":\"https:\/\/schema.org\",\"@graph\":[{\"@type\":\"WebPage\",\"@id\":\"https:\/\/www.res-group.com\/sv\/om-oss\/affinity-networks\/\",\"url\":\"https:\/\/www.res-group.com\/sv\/om-oss\/affinity-networks\/\",\"name\":\"Affinity Networks - RES\",\"isPartOf\":{\"@id\":\"https:\/\/www.res-group.com\/sv\/#website\"},\"primaryImageOfPage\":{\"@id\":\"https:\/\/www.res-group.com\/sv\/om-oss\/affinity-networks\/#primaryimage\"},\"image\":{\"@id\":\"https:\/\/www.res-group.com\/sv\/om-oss\/affinity-networks\/#primaryimage\"},\"thumbnailUrl\":\"https:\/\/www.res-group.com\/wp-content\/uploads\/2023\/08\/Affinity-Network-Banner-Desktop.jpg\",\"datePublished\":\"2023-08-24T16:03:46+00:00\",\"dateModified\":\"2025-06-26T09:21:20+00:00\",\"description\":\"V\u00e5ra n\u00e4tverk \u00e4r \u00f6ppna f\u00f6r alla anst\u00e4llda och erbjuder en trygg plats d\u00e4r m\u00e4nniskor kan tr\u00e4ffas och fritt dela med sig av sina identiteter, erfarenheter och de utmaningar de st\u00e4lls inf\u00f6r p\u00e5 arbetsplatsen.\",\"breadcrumb\":{\"@id\":\"https:\/\/www.res-group.com\/sv\/om-oss\/affinity-networks\/#breadcrumb\"},\"inLanguage\":\"sv-SE\",\"potentialAction\":[{\"@type\":\"ReadAction\",\"target\":[\"https:\/\/www.res-group.com\/sv\/om-oss\/affinity-networks\/\"]}]},{\"@type\":\"ImageObject\",\"inLanguage\":\"sv-SE\",\"@id\":\"https:\/\/www.res-group.com\/sv\/om-oss\/affinity-networks\/#primaryimage\",\"url\":\"https:\/\/www.res-group.com\/wp-content\/uploads\/2023\/08\/Affinity-Network-Banner-Desktop.jpg\",\"contentUrl\":\"https:\/\/www.res-group.com\/wp-content\/uploads\/2023\/08\/Affinity-Network-Banner-Desktop.jpg\",\"width\":1920,\"height\":970},{\"@type\":\"BreadcrumbList\",\"@id\":\"https:\/\/www.res-group.com\/sv\/om-oss\/affinity-networks\/#breadcrumb\",\"itemListElement\":[{\"@type\":\"ListItem\",\"position\":1,\"name\":\"In\u00edcio\",\"item\":\"https:\/\/www.res-group.com\/sv\/\"},{\"@type\":\"ListItem\",\"position\":2,\"name\":\"Om oss\",\"item\":\"https:\/\/www.res-group.com\/sv\/om-oss\/\"},{\"@type\":\"ListItem\",\"position\":3,\"name\":\"Affinity Networks\"}]},{\"@type\":\"WebSite\",\"@id\":\"https:\/\/www.res-group.com\/sv\/#website\",\"url\":\"https:\/\/www.res-group.com\/sv\/\",\"name\":\"res-group.com\",\"description\":\"The power behind a clean energy future\",\"publisher\":{\"@id\":\"https:\/\/www.res-group.com\/sv\/#organization\"},\"potentialAction\":[{\"@type\":\"SearchAction\",\"target\":{\"@type\":\"EntryPoint\",\"urlTemplate\":\"https:\/\/www.res-group.com\/sv\/?s={search_term_string}\"},\"query-input\":{\"@type\":\"PropertyValueSpecification\",\"valueRequired\":true,\"valueName\":\"search_term_string\"}}],\"inLanguage\":\"sv-SE\"},{\"@type\":\"Organization\",\"@id\":\"https:\/\/www.res-group.com\/sv\/#organization\",\"name\":\"RES\",\"url\":\"https:\/\/www.res-group.com\/sv\/\",\"logo\":{\"@type\":\"ImageObject\",\"inLanguage\":\"sv-SE\",\"@id\":\"https:\/\/www.res-group.com\/sv\/#\/schema\/logo\/image\/\",\"url\":\"https:\/\/www.res-group.com\/wp-content\/uploads\/2023\/05\/header-logo.svg\",\"contentUrl\":\"https:\/\/www.res-group.com\/wp-content\/uploads\/2023\/05\/header-logo.svg\",\"width\":82.634,\"height\":38,\"caption\":\"RES\"},\"image\":{\"@id\":\"https:\/\/www.res-group.com\/sv\/#\/schema\/logo\/image\/\"},\"sameAs\":[\"https:\/\/x.com\/RESGroup\",\"https:\/\/www.instagram.com\/res_powerforgood\",\"https:\/\/www.linkedin.com\/company\/res-group\/\",\"https:\/\/vimeo.com\/resgroup\"]}]}<\/script>\n<!-- \/ Yoast SEO Premium plugin. -->","yoast_head_json":{"title":"Affinity Networks - RES","description":"V\u00e5ra n\u00e4tverk \u00e4r \u00f6ppna f\u00f6r alla anst\u00e4llda och erbjuder en trygg plats d\u00e4r m\u00e4nniskor kan tr\u00e4ffas och fritt dela med sig av sina identiteter, erfarenheter och de utmaningar de st\u00e4lls inf\u00f6r p\u00e5 arbetsplatsen.","robots":{"index":"index","follow":"follow","max-snippet":"max-snippet:-1","max-image-preview":"max-image-preview:large","max-video-preview":"max-video-preview:-1"},"canonical":"https:\/\/www.res-group.com\/sv\/om-oss\/affinity-networks\/","og_locale":"sv_SE","og_type":"article","og_title":"Affinity Networks","og_description":"V\u00e5ra n\u00e4tverk \u00e4r \u00f6ppna f\u00f6r alla anst\u00e4llda och erbjuder en trygg plats d\u00e4r m\u00e4nniskor kan tr\u00e4ffas och fritt dela med sig av sina identiteter, erfarenheter och de utmaningar de st\u00e4lls inf\u00f6r p\u00e5 arbetsplatsen.","og_url":"https:\/\/www.res-group.com\/sv\/om-oss\/affinity-networks\/","og_site_name":"RES","article_modified_time":"2025-06-26T09:21:20+00:00","og_image":[{"width":1920,"height":970,"url":"https:\/\/www.res-group.com\/wp-content\/uploads\/2023\/08\/Affinity-Network-Banner-Desktop.jpg","type":"image\/jpeg"}],"twitter_card":"summary_large_image","twitter_site":"@RESGroup","twitter_misc":{"Ber\u00e4knad l\u00e4stid":"1 minut"},"schema":{"@context":"https:\/\/schema.org","@graph":[{"@type":"WebPage","@id":"https:\/\/www.res-group.com\/sv\/om-oss\/affinity-networks\/","url":"https:\/\/www.res-group.com\/sv\/om-oss\/affinity-networks\/","name":"Affinity Networks - RES","isPartOf":{"@id":"https:\/\/www.res-group.com\/sv\/#website"},"primaryImageOfPage":{"@id":"https:\/\/www.res-group.com\/sv\/om-oss\/affinity-networks\/#primaryimage"},"image":{"@id":"https:\/\/www.res-group.com\/sv\/om-oss\/affinity-networks\/#primaryimage"},"thumbnailUrl":"https:\/\/www.res-group.com\/wp-content\/uploads\/2023\/08\/Affinity-Network-Banner-Desktop.jpg","datePublished":"2023-08-24T16:03:46+00:00","dateModified":"2025-06-26T09:21:20+00:00","description":"V\u00e5ra n\u00e4tverk \u00e4r \u00f6ppna f\u00f6r alla anst\u00e4llda och erbjuder en trygg plats d\u00e4r m\u00e4nniskor kan tr\u00e4ffas och fritt dela med sig av sina identiteter, erfarenheter och de utmaningar de st\u00e4lls inf\u00f6r p\u00e5 arbetsplatsen.","breadcrumb":{"@id":"https:\/\/www.res-group.com\/sv\/om-oss\/affinity-networks\/#breadcrumb"},"inLanguage":"sv-SE","potentialAction":[{"@type":"ReadAction","target":["https:\/\/www.res-group.com\/sv\/om-oss\/affinity-networks\/"]}]},{"@type":"ImageObject","inLanguage":"sv-SE","@id":"https:\/\/www.res-group.com\/sv\/om-oss\/affinity-networks\/#primaryimage","url":"https:\/\/www.res-group.com\/wp-content\/uploads\/2023\/08\/Affinity-Network-Banner-Desktop.jpg","contentUrl":"https:\/\/www.res-group.com\/wp-content\/uploads\/2023\/08\/Affinity-Network-Banner-Desktop.jpg","width":1920,"height":970},{"@type":"BreadcrumbList","@id":"https:\/\/www.res-group.com\/sv\/om-oss\/affinity-networks\/#breadcrumb","itemListElement":[{"@type":"ListItem","position":1,"name":"In\u00edcio","item":"https:\/\/www.res-group.com\/sv\/"},{"@type":"ListItem","position":2,"name":"Om oss","item":"https:\/\/www.res-group.com\/sv\/om-oss\/"},{"@type":"ListItem","position":3,"name":"Affinity Networks"}]},{"@type":"WebSite","@id":"https:\/\/www.res-group.com\/sv\/#website","url":"https:\/\/www.res-group.com\/sv\/","name":"res-group.com","description":"The power behind a clean energy future","publisher":{"@id":"https:\/\/www.res-group.com\/sv\/#organization"},"potentialAction":[{"@type":"SearchAction","target":{"@type":"EntryPoint","urlTemplate":"https:\/\/www.res-group.com\/sv\/?s={search_term_string}"},"query-input":{"@type":"PropertyValueSpecification","valueRequired":true,"valueName":"search_term_string"}}],"inLanguage":"sv-SE"},{"@type":"Organization","@id":"https:\/\/www.res-group.com\/sv\/#organization","name":"RES","url":"https:\/\/www.res-group.com\/sv\/","logo":{"@type":"ImageObject","inLanguage":"sv-SE","@id":"https:\/\/www.res-group.com\/sv\/#\/schema\/logo\/image\/","url":"https:\/\/www.res-group.com\/wp-content\/uploads\/2023\/05\/header-logo.svg","contentUrl":"https:\/\/www.res-group.com\/wp-content\/uploads\/2023\/05\/header-logo.svg","width":82.634,"height":38,"caption":"RES"},"image":{"@id":"https:\/\/www.res-group.com\/sv\/#\/schema\/logo\/image\/"},"sameAs":["https:\/\/x.com\/RESGroup","https:\/\/www.instagram.com\/res_powerforgood","https:\/\/www.linkedin.com\/company\/res-group\/","https:\/\/vimeo.com\/resgroup"]}]}},"_links":{"self":[{"href":"https:\/\/www.res-group.com\/sv\/wp-json\/wp\/v2\/pages\/13445","targetHints":{"allow":["GET"]}}],"collection":[{"href":"https:\/\/www.res-group.com\/sv\/wp-json\/wp\/v2\/pages"}],"about":[{"href":"https:\/\/www.res-group.com\/sv\/wp-json\/wp\/v2\/types\/page"}],"author":[{"embeddable":true,"href":"https:\/\/www.res-group.com\/sv\/wp-json\/wp\/v2\/users\/1"}],"replies":[{"embeddable":true,"href":"https:\/\/www.res-group.com\/sv\/wp-json\/wp\/v2\/comments?post=13445"}],"version-history":[{"count":0,"href":"https:\/\/www.res-group.com\/sv\/wp-json\/wp\/v2\/pages\/13445\/revisions"}],"up":[{"embeddable":true,"href":"https:\/\/www.res-group.com\/sv\/wp-json\/wp\/v2\/pages\/13443"}],"wp:featuredmedia":[{"embeddable":true,"href":"https:\/\/www.res-group.com\/sv\/wp-json\/wp\/v2\/media\/19341"}],"wp:attachment":[{"href":"https:\/\/www.res-group.com\/sv\/wp-json\/wp\/v2\/media?parent=13445"}],"curies":[{"name":"wp","href":"https:\/\/api.w.org\/{rel}","templated":true}]}}