{"id":13225,"date":"2023-08-21T14:30:41","date_gmt":"2023-08-21T13:30:41","guid":{"rendered":"http:\/\/www.res-group.com\/utveckling\/"},"modified":"2026-01-26T14:15:11","modified_gmt":"2026-01-26T14:15:11","slug":"utveckling","status":"publish","type":"page","link":"https:\/\/www.res-group.com\/sv\/projektutveckling\/","title":{"rendered":"Projektutveckling"},"content":{"rendered":"","protected":false},"excerpt":{"rendered":"","protected":false},"author":1,"featured_media":1305,"parent":0,"menu_order":0,"comment_status":"closed","ping_status":"closed","template":"index.php","meta":{"_acf_changed":false,"footnotes":""},"class_list":["post-13225","page","type-page","status-publish","has-post-thumbnail","hentry"],"acf":[],"yoast_head":"<!-- This site is optimized with the Yoast SEO Premium plugin v27.2 (Yoast SEO v27.2) - https:\/\/yoast.com\/product\/yoast-seo-premium-wordpress\/ -->\n<title>Projektutveckling - RES<\/title>\n<meta name=\"description\" content=\"Vi utvecklar framg\u00e5ngsrika projekt inom f\u00f6rnybar energi \u00f6ver hela v\u00e4rlden. Vi \u00e4r verksamma inom land- och havsbaserad vindkraft, solenergi, batterilagring och gr\u00f6n v\u00e4tgas. Vi ser till att v\u00e5ra projekt genererar maximalt v\u00e4rde och bygger meningsfulla relationer med mark\u00e4gare, lokala samh\u00e4llen, urinv\u00e5nare, investerare, offentliga f\u00f6rvaltningar och myndigheter l\u00e4ngs v\u00e4gen.\" \/>\n<meta name=\"robots\" content=\"index, follow, max-snippet:-1, max-image-preview:large, max-video-preview:-1\" \/>\n<link rel=\"canonical\" href=\"https:\/\/www.res-group.com\/sv\/projektutveckling\/\" \/>\n<meta property=\"og:locale\" content=\"sv_SE\" \/>\n<meta property=\"og:type\" content=\"article\" \/>\n<meta property=\"og:title\" content=\"Projektutveckling\" \/>\n<meta property=\"og:description\" content=\"Vi utvecklar framg\u00e5ngsrika projekt inom f\u00f6rnybar energi \u00f6ver hela v\u00e4rlden. Vi \u00e4r verksamma inom land- och havsbaserad vindkraft, solenergi, batterilagring och gr\u00f6n v\u00e4tgas. Vi ser till att v\u00e5ra projekt genererar maximalt v\u00e4rde och bygger meningsfulla relationer med mark\u00e4gare, lokala samh\u00e4llen, urinv\u00e5nare, investerare, offentliga f\u00f6rvaltningar och myndigheter l\u00e4ngs v\u00e4gen.\" \/>\n<meta property=\"og:url\" content=\"https:\/\/www.res-group.com\/sv\/projektutveckling\/\" \/>\n<meta property=\"og:site_name\" content=\"RES\" \/>\n<meta property=\"article:modified_time\" content=\"2026-01-26T14:15:11+00:00\" \/>\n<meta property=\"og:image\" content=\"https:\/\/www.res-group.com\/wp-content\/uploads\/2023\/05\/Banner_singleservice_mob.png\" \/>\n\t<meta property=\"og:image:width\" content=\"390\" \/>\n\t<meta property=\"og:image:height\" content=\"755\" \/>\n\t<meta property=\"og:image:type\" content=\"image\/png\" \/>\n<meta name=\"twitter:card\" content=\"summary_large_image\" \/>\n<meta name=\"twitter:site\" content=\"@RESGroup\" \/>\n<meta name=\"twitter:label1\" content=\"Ber\u00e4knad l\u00e4stid\" \/>\n\t<meta name=\"twitter:data1\" content=\"1 minut\" \/>\n<script type=\"application\/ld+json\" class=\"yoast-schema-graph\">{\"@context\":\"https:\/\/schema.org\",\"@graph\":[{\"@type\":\"WebPage\",\"@id\":\"https:\/\/www.res-group.com\/sv\/projektutveckling\/\",\"url\":\"https:\/\/www.res-group.com\/sv\/projektutveckling\/\",\"name\":\"Projektutveckling - RES\",\"isPartOf\":{\"@id\":\"https:\/\/www.res-group.com\/sv\/#website\"},\"primaryImageOfPage\":{\"@id\":\"https:\/\/www.res-group.com\/sv\/projektutveckling\/#primaryimage\"},\"image\":{\"@id\":\"https:\/\/www.res-group.com\/sv\/projektutveckling\/#primaryimage\"},\"thumbnailUrl\":\"https:\/\/www.res-group.com\/wp-content\/uploads\/2023\/05\/Banner_singleservice_mob.png\",\"datePublished\":\"2023-08-21T13:30:41+00:00\",\"dateModified\":\"2026-01-26T14:15:11+00:00\",\"description\":\"Vi utvecklar framg\u00e5ngsrika projekt inom f\u00f6rnybar energi \u00f6ver hela v\u00e4rlden. Vi \u00e4r verksamma inom land- och havsbaserad vindkraft, solenergi, batterilagring och gr\u00f6n v\u00e4tgas. Vi ser till att v\u00e5ra projekt genererar maximalt v\u00e4rde och bygger meningsfulla relationer med mark\u00e4gare, lokala samh\u00e4llen, urinv\u00e5nare, investerare, offentliga f\u00f6rvaltningar och myndigheter l\u00e4ngs v\u00e4gen.\",\"breadcrumb\":{\"@id\":\"https:\/\/www.res-group.com\/sv\/projektutveckling\/#breadcrumb\"},\"inLanguage\":\"sv-SE\",\"potentialAction\":[{\"@type\":\"ReadAction\",\"target\":[\"https:\/\/www.res-group.com\/sv\/projektutveckling\/\"]}]},{\"@type\":\"ImageObject\",\"inLanguage\":\"sv-SE\",\"@id\":\"https:\/\/www.res-group.com\/sv\/projektutveckling\/#primaryimage\",\"url\":\"https:\/\/www.res-group.com\/wp-content\/uploads\/2023\/05\/Banner_singleservice_mob.png\",\"contentUrl\":\"https:\/\/www.res-group.com\/wp-content\/uploads\/2023\/05\/Banner_singleservice_mob.png\",\"width\":390,\"height\":755},{\"@type\":\"BreadcrumbList\",\"@id\":\"https:\/\/www.res-group.com\/sv\/projektutveckling\/#breadcrumb\",\"itemListElement\":[{\"@type\":\"ListItem\",\"position\":1,\"name\":\"In\u00edcio\",\"item\":\"https:\/\/www.res-group.com\/sv\/\"},{\"@type\":\"ListItem\",\"position\":2,\"name\":\"Projektutveckling\"}]},{\"@type\":\"WebSite\",\"@id\":\"https:\/\/www.res-group.com\/sv\/#website\",\"url\":\"https:\/\/www.res-group.com\/sv\/\",\"name\":\"res-group.com\",\"description\":\"The power behind a clean energy future\",\"publisher\":{\"@id\":\"https:\/\/www.res-group.com\/sv\/#organization\"},\"potentialAction\":[{\"@type\":\"SearchAction\",\"target\":{\"@type\":\"EntryPoint\",\"urlTemplate\":\"https:\/\/www.res-group.com\/sv\/?s={search_term_string}\"},\"query-input\":{\"@type\":\"PropertyValueSpecification\",\"valueRequired\":true,\"valueName\":\"search_term_string\"}}],\"inLanguage\":\"sv-SE\"},{\"@type\":\"Organization\",\"@id\":\"https:\/\/www.res-group.com\/sv\/#organization\",\"name\":\"RES\",\"url\":\"https:\/\/www.res-group.com\/sv\/\",\"logo\":{\"@type\":\"ImageObject\",\"inLanguage\":\"sv-SE\",\"@id\":\"https:\/\/www.res-group.com\/sv\/#\/schema\/logo\/image\/\",\"url\":\"https:\/\/www.res-group.com\/wp-content\/uploads\/2023\/05\/header-logo.svg\",\"contentUrl\":\"https:\/\/www.res-group.com\/wp-content\/uploads\/2023\/05\/header-logo.svg\",\"width\":82.634,\"height\":38,\"caption\":\"RES\"},\"image\":{\"@id\":\"https:\/\/www.res-group.com\/sv\/#\/schema\/logo\/image\/\"},\"sameAs\":[\"https:\/\/x.com\/RESGroup\",\"https:\/\/www.instagram.com\/res_powerforgood\",\"https:\/\/www.linkedin.com\/company\/res-group\/\",\"https:\/\/vimeo.com\/resgroup\"]}]}<\/script>\n<!-- \/ Yoast SEO Premium plugin. -->","yoast_head_json":{"title":"Projektutveckling - RES","description":"Vi utvecklar framg\u00e5ngsrika projekt inom f\u00f6rnybar energi \u00f6ver hela v\u00e4rlden. Vi \u00e4r verksamma inom land- och havsbaserad vindkraft, solenergi, batterilagring och gr\u00f6n v\u00e4tgas. Vi ser till att v\u00e5ra projekt genererar maximalt v\u00e4rde och bygger meningsfulla relationer med mark\u00e4gare, lokala samh\u00e4llen, urinv\u00e5nare, investerare, offentliga f\u00f6rvaltningar och myndigheter l\u00e4ngs v\u00e4gen.","robots":{"index":"index","follow":"follow","max-snippet":"max-snippet:-1","max-image-preview":"max-image-preview:large","max-video-preview":"max-video-preview:-1"},"canonical":"https:\/\/www.res-group.com\/sv\/projektutveckling\/","og_locale":"sv_SE","og_type":"article","og_title":"Projektutveckling","og_description":"Vi utvecklar framg\u00e5ngsrika projekt inom f\u00f6rnybar energi \u00f6ver hela v\u00e4rlden. Vi \u00e4r verksamma inom land- och havsbaserad vindkraft, solenergi, batterilagring och gr\u00f6n v\u00e4tgas. Vi ser till att v\u00e5ra projekt genererar maximalt v\u00e4rde och bygger meningsfulla relationer med mark\u00e4gare, lokala samh\u00e4llen, urinv\u00e5nare, investerare, offentliga f\u00f6rvaltningar och myndigheter l\u00e4ngs v\u00e4gen.","og_url":"https:\/\/www.res-group.com\/sv\/projektutveckling\/","og_site_name":"RES","article_modified_time":"2026-01-26T14:15:11+00:00","og_image":[{"width":390,"height":755,"url":"https:\/\/www.res-group.com\/wp-content\/uploads\/2023\/05\/Banner_singleservice_mob.png","type":"image\/png"}],"twitter_card":"summary_large_image","twitter_site":"@RESGroup","twitter_misc":{"Ber\u00e4knad l\u00e4stid":"1 minut"},"schema":{"@context":"https:\/\/schema.org","@graph":[{"@type":"WebPage","@id":"https:\/\/www.res-group.com\/sv\/projektutveckling\/","url":"https:\/\/www.res-group.com\/sv\/projektutveckling\/","name":"Projektutveckling - RES","isPartOf":{"@id":"https:\/\/www.res-group.com\/sv\/#website"},"primaryImageOfPage":{"@id":"https:\/\/www.res-group.com\/sv\/projektutveckling\/#primaryimage"},"image":{"@id":"https:\/\/www.res-group.com\/sv\/projektutveckling\/#primaryimage"},"thumbnailUrl":"https:\/\/www.res-group.com\/wp-content\/uploads\/2023\/05\/Banner_singleservice_mob.png","datePublished":"2023-08-21T13:30:41+00:00","dateModified":"2026-01-26T14:15:11+00:00","description":"Vi utvecklar framg\u00e5ngsrika projekt inom f\u00f6rnybar energi \u00f6ver hela v\u00e4rlden. Vi \u00e4r verksamma inom land- och havsbaserad vindkraft, solenergi, batterilagring och gr\u00f6n v\u00e4tgas. Vi ser till att v\u00e5ra projekt genererar maximalt v\u00e4rde och bygger meningsfulla relationer med mark\u00e4gare, lokala samh\u00e4llen, urinv\u00e5nare, investerare, offentliga f\u00f6rvaltningar och myndigheter l\u00e4ngs v\u00e4gen.","breadcrumb":{"@id":"https:\/\/www.res-group.com\/sv\/projektutveckling\/#breadcrumb"},"inLanguage":"sv-SE","potentialAction":[{"@type":"ReadAction","target":["https:\/\/www.res-group.com\/sv\/projektutveckling\/"]}]},{"@type":"ImageObject","inLanguage":"sv-SE","@id":"https:\/\/www.res-group.com\/sv\/projektutveckling\/#primaryimage","url":"https:\/\/www.res-group.com\/wp-content\/uploads\/2023\/05\/Banner_singleservice_mob.png","contentUrl":"https:\/\/www.res-group.com\/wp-content\/uploads\/2023\/05\/Banner_singleservice_mob.png","width":390,"height":755},{"@type":"BreadcrumbList","@id":"https:\/\/www.res-group.com\/sv\/projektutveckling\/#breadcrumb","itemListElement":[{"@type":"ListItem","position":1,"name":"In\u00edcio","item":"https:\/\/www.res-group.com\/sv\/"},{"@type":"ListItem","position":2,"name":"Projektutveckling"}]},{"@type":"WebSite","@id":"https:\/\/www.res-group.com\/sv\/#website","url":"https:\/\/www.res-group.com\/sv\/","name":"res-group.com","description":"The power behind a clean energy future","publisher":{"@id":"https:\/\/www.res-group.com\/sv\/#organization"},"potentialAction":[{"@type":"SearchAction","target":{"@type":"EntryPoint","urlTemplate":"https:\/\/www.res-group.com\/sv\/?s={search_term_string}"},"query-input":{"@type":"PropertyValueSpecification","valueRequired":true,"valueName":"search_term_string"}}],"inLanguage":"sv-SE"},{"@type":"Organization","@id":"https:\/\/www.res-group.com\/sv\/#organization","name":"RES","url":"https:\/\/www.res-group.com\/sv\/","logo":{"@type":"ImageObject","inLanguage":"sv-SE","@id":"https:\/\/www.res-group.com\/sv\/#\/schema\/logo\/image\/","url":"https:\/\/www.res-group.com\/wp-content\/uploads\/2023\/05\/header-logo.svg","contentUrl":"https:\/\/www.res-group.com\/wp-content\/uploads\/2023\/05\/header-logo.svg","width":82.634,"height":38,"caption":"RES"},"image":{"@id":"https:\/\/www.res-group.com\/sv\/#\/schema\/logo\/image\/"},"sameAs":["https:\/\/x.com\/RESGroup","https:\/\/www.instagram.com\/res_powerforgood","https:\/\/www.linkedin.com\/company\/res-group\/","https:\/\/vimeo.com\/resgroup"]}]}},"_links":{"self":[{"href":"https:\/\/www.res-group.com\/sv\/wp-json\/wp\/v2\/pages\/13225","targetHints":{"allow":["GET"]}}],"collection":[{"href":"https:\/\/www.res-group.com\/sv\/wp-json\/wp\/v2\/pages"}],"about":[{"href":"https:\/\/www.res-group.com\/sv\/wp-json\/wp\/v2\/types\/page"}],"author":[{"embeddable":true,"href":"https:\/\/www.res-group.com\/sv\/wp-json\/wp\/v2\/users\/1"}],"replies":[{"embeddable":true,"href":"https:\/\/www.res-group.com\/sv\/wp-json\/wp\/v2\/comments?post=13225"}],"version-history":[{"count":0,"href":"https:\/\/www.res-group.com\/sv\/wp-json\/wp\/v2\/pages\/13225\/revisions"}],"wp:featuredmedia":[{"embeddable":true,"href":"https:\/\/www.res-group.com\/sv\/wp-json\/wp\/v2\/media\/1305"}],"wp:attachment":[{"href":"https:\/\/www.res-group.com\/sv\/wp-json\/wp\/v2\/media?parent=13225"}],"curies":[{"name":"wp","href":"https:\/\/api.w.org\/{rel}","templated":true}]}}