{"id":37625,"date":"2023-08-29T14:21:31","date_gmt":"2023-08-29T13:21:31","guid":{"rendered":"https:\/\/www.res-group.com\/regulatory-documents\/"},"modified":"2026-04-02T15:20:19","modified_gmt":"2026-04-02T14:20:19","slug":"regulatory-documents","status":"publish","type":"page","link":"https:\/\/www.res-group.com\/pt-br\/regulatory-documents\/","title":{"rendered":"Documentos regulamentares"},"content":{"rendered":"\n<h1 class=\"wp-block-heading\" id=\"h-documentos-regulamentares\">Documentos regulamentares<\/h1>\n\n\n\n<p><a href=\"#regulatory\"><strong>Documentos regulamentares<\/strong><\/a><br><a href=\"#gender\"><strong>Remunera\u00e7\u00e3o por g\u00eanero<\/strong><\/a><br><a href=\"#tax\"><strong>Estrat\u00e9gia tribut\u00e1ria<\/strong><\/a><br><a href=\"#bprn\"><strong>BPRN<\/strong><\/a><br><a href=\"#amp\"><strong>Pol\u00edtica de gest\u00e3o de ativos no Reino Unido e Irlanda<\/strong><\/a><br><a href=\"#globalcodeofconduct\"><strong>C\u00f3digo de Conduta Global<\/strong><\/a><\/p>\n\n\n\n<h3 class=\"wp-block-heading\" id=\"h-certificacoes-e-politicas-de-gestao\"><strong>Certifica\u00e7\u00f5es e Pol\u00edticas de Gest\u00e3o<\/strong><\/h3>\n\n\n\n<p><a href=\"https:\/\/www.res-group.com\/wp-content\/uploads\/2025\/05\/M08587-RES-ENERGY-SERVICES-LTDA.-ISO14001-2466.pdf\">ISO14001 \u2013 2466<\/a><br><a href=\"https:\/\/www.res-group.com\/wp-content\/uploads\/2025\/05\/M08587-RES-ENERGY-SERVICES-LTDA.-ISO9001-26795.pdf\">ISO9001 \u2013 26795<\/a><br><a href=\"https:\/\/www.res-group.com\/wp-content\/uploads\/2025\/05\/M08587-RES-ENERGY-SERVICES-LTDA.-ISO45001-0385.pdf\">ISO45001 \u2013 0385<\/a><\/p>\n\n\n\n<h3 class=\"wp-block-heading\" id=\"regulatory\"><strong>Documentos regulamentares<\/strong><\/h3>\n\n\n\n<p>Declara\u00e7\u00e3o sobre a preserva\u00e7\u00e3o da amenidade, em conformidade com o Anexo 9 da Lei da Eletricidade de 1989<\/p>\n\n\n\n<h3 class=\"wp-block-heading\" id=\"h-introducao\">Introdu\u00e7\u00e3o<\/h3>\n\n\n\n<p>V\u00e1rias empresas do Grupo RES possuem uma licen\u00e7a de produ\u00e7\u00e3o de eletricidade e t\u00eam o dever, nos termos do Anexo 9 da Lei da Eletricidade de 1989, de ter em considera\u00e7\u00e3o a preserva\u00e7\u00e3o da amenidade. A declara\u00e7\u00e3o que se segue explica como iremos cumprir as obriga\u00e7\u00f5es previstas na Ordem. Esta exige que o titular da licen\u00e7a relevante tenha em conta os efeitos que as propostas teriam na beleza natural da paisagem rural, na flora, fauna, edif\u00edcios ou objetos de interesse hist\u00f3rico e s\u00edtios e estruturas de interesse arqueol\u00f3gico. \u00c9 tamb\u00e9m necess\u00e1rio tomar medidas para mitigar os efeitos sobre a amenidade.<\/p>\n\n\n\n<h3 class=\"wp-block-heading\" id=\"h-requisitos-legais\">Requisitos legais<\/h3>\n\n\n\n<p><a href=\"https:\/\/www.legislation.gov.uk\/ukpga\/1989\/29\/schedule\/9\">A Lei da Eletricidade de 1989 (conforme alterada)<\/a> imp\u00f5e aos titulares de licen\u00e7as ou a pessoas autorizadas por isen\u00e7\u00e3o a gerar eletricidade a obriga\u00e7\u00e3o de considerar a preserva\u00e7\u00e3o da amenidade e da pesca (conforme aplic\u00e1vel) nos termos do Anexo 9. W<\/p>\n\n\n\n<p>\u00c9 uma exig\u00eancia legal publicar o <a href=\"https:\/\/www.res-group.com\/wp-content\/uploads\/2025\/03\/rel-igualdade-51362026000110-2025-1.pdf\">relat\u00f3rio de transpar\u00eancia salarial<\/a> para o mercado brasileiro.<\/p>\n\n\n\n<h3 class=\"wp-block-heading\" id=\"h-avaliacao-ambiental\">Avalia\u00e7\u00e3o ambiental<\/h3>\n\n\n\n<p>Uma avalia\u00e7\u00e3o ambiental ser\u00e1 realizada de acordo com a legisla\u00e7\u00e3o relevante antes do desenvolvimento de qualquer proposta para linhas subterr\u00e2neas ou a\u00e9reas projetadas e instaladas pela RES para projetos de RES.<\/p>\n\n\n\n<h3 class=\"wp-block-heading\" id=\"h-buscar-minimizar-o-impacto-da-infraestrutura\">Buscar minimizar o impacto da infraestrutura<\/h3>\n\n\n\n<p>Procuraremos minimizar os efeitos da infraestrutura em \u00e1reas valorizadas pela sua amenidade. Nos casos em que as obras sejam suscet\u00edveis de ter um efeito adverso na amenidade, realizaremos as nossas atividades de forma a reduzir o impacto dessas atividades ao m\u00ednimo pr\u00e1tico.<\/p>\n\n\n\n<h3 class=\"wp-block-heading\" id=\"h-auditorias-e-conformidade-com-as-condicoes-de-planejamento\">Auditorias e conformidade com as condi\u00e7\u00f5es de planejamento<\/h3>\n\n\n\n<p>Realizaremos auditorias de sa\u00fade, seguran\u00e7a e meio ambiente de acordo com os padr\u00f5es da nossa empresa e continuaremos a cumprir as condi\u00e7\u00f5es de planejamento durante toda a vida \u00fatil do projeto.<\/p>\n\n\n\n<h3 class=\"wp-block-heading\" id=\"h-formacao-e-sensibilizacao\">Forma\u00e7\u00e3o e sensibiliza\u00e7\u00e3o<\/h3>\n\n\n\n<p>Promoveremos a sensibiliza\u00e7\u00e3o ambiental entre os funcion\u00e1rios atrav\u00e9s de forma\u00e7\u00e3o adequada e divulga\u00e7\u00e3o de informa\u00e7\u00f5es. Tamb\u00e9m sensibilizaremos os contratantes para as partes relevantes desta declara\u00e7\u00e3o.<\/p>\n\n\n\n<h3 class=\"wp-block-heading\" id=\"h-revisao\">Revis\u00e3o<\/h3>\n\n\n\n<p>Pretendemos rever a nossa declara\u00e7\u00e3o do Anexo 9 de cinco em cinco anos ou ap\u00f3s altera\u00e7\u00f5es significativas na legisla\u00e7\u00e3o ou na nossa atividade. Quando apropriado, consultaremos as partes interessadas relevantes durante o processo de revis\u00e3o.<\/p>\n\n\n\n<h1 class=\"wp-block-heading\" id=\"gender\"><strong>Remunera\u00e7\u00e3o por g\u00eanero<\/strong><\/h1>\n\n\n\n<p>Na RES, precisamos de uma for\u00e7a de trabalho diversificada, onde todos sejam recompensados de forma justa pelo que fazem e pela contribui\u00e7\u00e3o que d\u00e3o para concretizar a nossa vis\u00e3o. Apoiamos totalmente a exig\u00eancia do Governo do Reino Unido de que as empresas com mais de 250 funcion\u00e1rios publiquem anualmente os seus resultados relativos \u00e0 diferen\u00e7a de remunera\u00e7\u00e3o entre homens e mulheres.<\/p>\n\n\n\n<h5 class=\"wp-block-heading\" id=\"h-relatorio-sobre-a-diferenca-de-remuneracao-entre-homens-e-mulheres-2022\"><a href=\"https:\/\/www.deepl.com\/wp-content\/uploads\/2023\/08\/genderpaygapreport2022.pdf\">Relat\u00f3rio sobre a diferen\u00e7a de remunera\u00e7\u00e3o entre homens e mulheres 2022<\/a><\/h5>\n\n\n\n<h1 class=\"wp-block-heading\" id=\"tax\"><strong>Estrat\u00e9gia fiscal<\/strong><\/h1>\n\n\n\n<p>Este documento descreve a pol\u00edtica e a abordagem adotadas pela Renewable Energy Systems Holdings Limited e seu grupo de empresas (o \u201cGrupo RES\u201d) na condu\u00e7\u00e3o de seus assuntos fiscais e na gest\u00e3o de seus riscos fiscais. Este documento foi aprovado pelo Conselho Fiscal do grupo em agosto de 2023 como sendo a estrat\u00e9gia fiscal do grupo. Ele ser\u00e1 revisado periodicamente, e quaisquer altera\u00e7\u00f5es ser\u00e3o aprovadas pelo Conselho.<\/p>\n\n\n\n<h3 class=\"wp-block-heading\" id=\"h-nosso-negocio\">Nosso neg\u00f3cio<\/h3>\n\n\n\n<p>O RES Group \u00e9 uma empresa familiar estabelecida que atua no setor de energia renov\u00e1vel h\u00e1 mais de 40 anos, especializada no desenvolvimento, constru\u00e7\u00e3o, gest\u00e3o de ativos e opera\u00e7\u00e3o de nossos projetos de energia renov\u00e1vel em escala comercial, incluindo energia e\u00f3lica, solar, armazenamento e transmiss\u00e3o de energia. Durante esse tempo, o RES Group desenvolveu uma excelente reputa\u00e7\u00e3o pelos mais altos padr\u00f5es de qualidade e continua comprometido em cumprir suas responsabilidades para com as comunidades e os ambientes em que atua.<\/p>\n\n\n\n<p>A estrutura de propriedade proporcionou um longo per\u00edodo de estabilidade corporativa e permitiu que o grupo se concentrasse em gerar lucros por meio de suas atividades principais e pr\u00e1ticas comerciais respons\u00e1veis, em vez de uma vis\u00e3o de curto prazo e foco exclusivo na maximiza\u00e7\u00e3o do lucro.<\/p>\n\n\n\n<p>O trabalho em equipe, a coopera\u00e7\u00e3o e o respeito m\u00fatuo est\u00e3o no centro da nossa cultura empresarial. O grupo tem um senso de orgulho generalizado e um forte senso de honra e de fazer a coisa certa.<\/p>\n\n\n\n<p>Esses fatores ajudaram a moldar a abordagem do Grupo em rela\u00e7\u00e3o \u00e0 governan\u00e7a corporativa e \u00e0 gest\u00e3o de riscos, que est\u00e3o, por sua vez, incorporados na pol\u00edtica tribut\u00e1ria e na abordagem do grupo para a gest\u00e3o de riscos fiscais.<\/p>\n\n\n\n<h3 class=\"wp-block-heading\" id=\"h-politica-tributaria-do-grupo\">Pol\u00edtica tribut\u00e1ria do grupo<\/h3>\n\n\n\n<p>O Grupo RES opera globalmente, onde realiza atividades de constru\u00e7\u00e3o, como desenvolvimento, constru\u00e7\u00e3o e gest\u00e3o de ativos, por meio de entidades locais. Onde quer que opere, o Grupo RES compromete-se a cumprir integralmente todas as leis e regulamentos aplic\u00e1veis no territ\u00f3rio.<\/p>\n\n\n\n<p>A estrat\u00e9gia de risco fiscal do Grupo \u00e9 consistente com a estrat\u00e9gia do grupo em mat\u00e9ria de governan\u00e7a corporativa e gest\u00e3o de riscos e est\u00e1 focada em cinco \u00e1reas principais:<\/p>\n\n\n\n<ul class=\"wp-block-list\">\n<li>Integridade na conformidade e relat\u00f3rios<\/li>\n\n\n\n<li>Pr\u00e1ticas comerciais respons\u00e1veis<\/li>\n\n\n\n<li>Investimento em nosso pessoal e desenvolvimento de capacidades<\/li>\n\n\n\n<li>Controle e gest\u00e3o de riscos<\/li>\n\n\n\n<li>Manuten\u00e7\u00e3o da nossa reputa\u00e7\u00e3o.<\/li>\n<\/ul>\n\n\n\n<p>A nossa abordagem \u00e0 gest\u00e3o dos assuntos do grupo \u00e9 consistente com o Quadro de Conformidade Cooperativa da HMRC e est\u00e1 em conformidade com as diretrizes da OCDE para empresas multinacionais sobre quest\u00f5es de conduta empresarial respons\u00e1vel.<\/p>\n\n\n\n<h3 class=\"wp-block-heading\" id=\"h-tributacao-no-reino-unido\">Tributa\u00e7\u00e3o no Reino Unido<\/h3>\n\n\n\n<p>O Grupo RES continua empenhado em conduzir os seus assuntos fiscais e gerir o seu risco fiscal de forma respons\u00e1vel, resumido no seguinte:<\/p>\n\n\n\n<ul class=\"wp-block-list\">\n<li>Garantir a consist\u00eancia com a estrat\u00e9gia do Grupo.<\/li>\n\n\n\n<li>Monitorar os principais riscos por meio de reuni\u00f5es peri\u00f3dicas de conformidade tribut\u00e1ria com a participa\u00e7\u00e3o dos respons\u00e1veis pelas diferentes \u00e1reas tribut\u00e1rias.<\/li>\n\n\n\n<li>Cumprir integralmente e em tempo h\u00e1bil todos os requisitos de relat\u00f3rios, incluindo a apresenta\u00e7\u00e3o de todas as declara\u00e7\u00f5es fiscais dentro dos prazos legais.<\/li>\n\n\n\n<li>Investir em nosso pessoal e desenvolver suas capacidades, fornecendo orienta\u00e7\u00e3o sobre quest\u00f5es tribut\u00e1rias e incentivando\/apoiando seu desenvolvimento t\u00e9cnico e profissional.<\/li>\n\n\n\n<li>Interpretar as leis relevantes de forma legal e estruturar transa\u00e7\u00f5es de boa-f\u00e9, utilizando fundamentos comerciais e refletindo as consequ\u00eancias econ\u00f4micas, em oposi\u00e7\u00e3o a transa\u00e7\u00f5es artificiais cujo objetivo principal fosse obter uma vantagem fiscal.<\/li>\n\n\n\n<li>Obter aconselhamento externo, quando necess\u00e1rio, para apoiar a posi\u00e7\u00e3o assumida em nossas declara\u00e7\u00f5es fiscais e garantir a conformidade.<\/li>\n<\/ul>\n\n\n\n<h3 class=\"wp-block-heading\" id=\"h-abordagem-ao-risco-e-atitude-em-relacao-ao-planejamento-tributario\">Abordagem ao risco e atitude em rela\u00e7\u00e3o ao planejamento tribut\u00e1rio<\/h3>\n\n\n\n<p>O grupo RES acredita firmemente que deve pagar os impostos legalmente devidos no Reino Unido e em qualquer outro territ\u00f3rio em que opera. As transa\u00e7\u00f5es s\u00e3o estruturadas com base em crit\u00e9rios comerciais e empresariais e n\u00e3o de forma artificial ou com o objetivo de criar um resultado fiscal abusivo.<\/p>\n\n\n\n<p>Quando existirem benef\u00edcios fiscais e incentivos que ofere\u00e7am efici\u00eancias fiscais leg\u00edtimas, o grupo procurar\u00e1 utiliz\u00e1-los e promover valor para os seus acionistas.<\/p>\n\n\n\n<p>Pode haver casos em que abordagens alternativas sejam permitidas ou ambiguidades possam levar a interpreta\u00e7\u00f5es diferentes e, em \u00faltima inst\u00e2ncia, a resultados fiscais diferentes. Como o grupo RES est\u00e1 empenhado em agir com integridade no cumprimento e na comunica\u00e7\u00e3o, a administra\u00e7\u00e3o utilizar\u00e1 o seu julgamento para determinar a op\u00e7\u00e3o adequada, tendo em considera\u00e7\u00e3o os objetivos pol\u00edticos pretendidos pelo governo legislador.<\/p>\n\n\n\n<h3 class=\"wp-block-heading\" id=\"h-abordagem-em-relacao-as-suas-relacoes-com-a-hmrc\">Abordagem em rela\u00e7\u00e3o \u00e0s suas rela\u00e7\u00f5es com a HMRC<\/h3>\n\n\n\n<p>Em todas as suas rela\u00e7\u00f5es com a HMRC, o grupo RES continua comprometido em:<\/p>\n\n\n\n<ul class=\"wp-block-list\">\n<li>Operar dentro de uma estrutura de abertura, confian\u00e7a e transpar\u00eancia.<\/li>\n\n\n\n<li>Manter nosso relacionamento colaborativo e profissional.<\/li>\n\n\n\n<li>Conduzir todas as comunica\u00e7\u00f5es de maneira cort\u00eas, que preserve nosso respeito m\u00fatuo e siga os procedimentos acordados.<\/li>\n\n\n\n<li>Compartilhar informa\u00e7\u00f5es com a HMRC em tempo h\u00e1bil em rela\u00e7\u00e3o \u00e0 nossa tomada de decis\u00f5es, atividades comerciais, resultados, principais desenvolvimentos e planejamento tribut\u00e1rio.<\/li>\n<\/ul>\n\n\n\n<h1 class=\"wp-block-heading\" id=\"bprn\"><strong>BPRN<\/strong><\/h1>\n\n\n\n<p>Como importador e, portanto, produtor de baterias industriais ao abrigo do Regulamento relativo a baterias e acumuladores usados de 2009, a Renewable Energy Systems (Northern Ireland) Limited produz baterias de i\u00f5es de l\u00edtio (NMC). Somos obrigados a recolher gratuitamente as baterias industriais usadas do mesmo tipo e composi\u00e7\u00e3o qu\u00edmica fornecidas a um utilizador final para tratamento e reciclagem. Somos obrigados a faz\u00ea-lo em qualquer ano civil em que colocamos novas baterias industriais no mercado.<\/p>\n\n\n\n<p>Se algum dos nossos clientes ou, em certos casos, outros utilizadores finais, nos solicitarem a recolha de baterias industriais, devem contactar-nos atrav\u00e9s do n\u00famero 01923 299 200. Acordaremos as disposi\u00e7\u00f5es necess\u00e1rias para a devolu\u00e7\u00e3o, tratamento adequado e reciclagem das baterias industriais usadas.<\/p>\n\n\n\n<h1 class=\"wp-block-heading\" id=\"amp\"><strong>Pol\u00edtica de Gest\u00e3o de Ativos do Reino Unido e Irlanda<\/strong><\/h1>\n\n\n\n<p>A RES fornece uma ampla gama de servi\u00e7os de gest\u00e3o de ativos a clientes que exigem a propriedade e a gest\u00e3o respons\u00e1vel da opera\u00e7\u00e3o e manuten\u00e7\u00e3o de ativos f\u00edsicos. Esta pol\u00edtica baseia-se nos objetivos da nossa organiza\u00e7\u00e3o, que procuram garantir que os nossos ativos s\u00e3o geridos de forma a maximizar os benef\u00edcios, reduzir os riscos e fornecer n\u00edveis satisfat\u00f3rios de servi\u00e7o aos clientes de uma forma segura e sustent\u00e1vel. <a href=\"https:\/\/www.res-group.com\/wp-content\/uploads\/2023\/08\/uki-asset-management-policy.pdf\">Leia a pol\u00edtica completa aqui<\/a>.<\/p>\n\n\n\n<a class=\"anchor\" id=\"globalcodeofconduct\"><\/a>\n\n\n\n<h1 class=\"wp-block-heading\" id=\"h-codigo-de-conduta-global\"><strong>C\u00f3digo de Conduta Global<\/strong><\/h1>\n\n\n\n<p>Estamos comprometidos em conduzir nossos neg\u00f3cios com seguran\u00e7a, responsabilidade e integridade. Nosso C\u00f3digo de Conduta estabelece os padr\u00f5es de comportamento que esperamos de nossos colaboradores e reflete nossos valores, nossa cultura e nosso compromisso de agir de forma \u00e9tica em todos os locais onde atuamos.<\/p>\n\n\n\n<p><a href=\"https:\/\/www.res-group.com\/code-of-conduct\/\"><a href=\"https:\/\/www.res-group.com\/code-of-conduct\/\">Acesse a pol\u00edtica completa em v\u00e1rios idiomas aqui<\/a><\/a><\/p>\n","protected":false},"excerpt":{"rendered":"<p>Documentos regulamentares Documentos regulamentaresRemunera\u00e7\u00e3o por g\u00eaneroEstrat\u00e9gia tribut\u00e1riaBPRNPol\u00edtica de gest\u00e3o de ativos no Reino Unido e IrlandaC\u00f3digo de Conduta Global Certifica\u00e7\u00f5es e Pol\u00edticas de Gest\u00e3o ISO14001 \u2013 2466ISO9001 \u2013 26795ISO45001 \u2013 0385 Documentos regulamentares Declara\u00e7\u00e3o sobre a preserva\u00e7\u00e3o da amenidade, em conformidade com o Anexo 9 da Lei da Eletricidade de&#8230;<\/p>\n","protected":false},"author":18,"featured_media":0,"parent":0,"menu_order":0,"comment_status":"closed","ping_status":"closed","template":"","meta":{"_acf_changed":false,"footnotes":""},"class_list":["post-37625","page","type-page","status-publish","hentry"],"acf":[],"yoast_head":"<!-- This site is optimized with the Yoast SEO Premium plugin v27.2 (Yoast SEO v27.2) - https:\/\/yoast.com\/product\/yoast-seo-premium-wordpress\/ -->\n<title>Documentos regulamentares - RES<\/title>\n<meta name=\"robots\" content=\"index, follow, max-snippet:-1, max-image-preview:large, max-video-preview:-1\" \/>\n<link rel=\"canonical\" href=\"https:\/\/www.res-group.com\/pt-br\/regulatory-documents\/\" \/>\n<meta property=\"og:locale\" content=\"pt_BR\" \/>\n<meta property=\"og:type\" content=\"article\" \/>\n<meta property=\"og:title\" content=\"Documentos regulamentares\" \/>\n<meta property=\"og:description\" content=\"Documentos regulamentares Documentos regulamentaresRemunera\u00e7\u00e3o por g\u00eaneroEstrat\u00e9gia tribut\u00e1riaBPRNPol\u00edtica de gest\u00e3o de ativos no Reino Unido e IrlandaC\u00f3digo de Conduta Global Certifica\u00e7\u00f5es e Pol\u00edticas de Gest\u00e3o ISO14001 \u2013 2466ISO9001 \u2013 26795ISO45001 \u2013 0385 Documentos regulamentares Declara\u00e7\u00e3o sobre a preserva\u00e7\u00e3o da amenidade, em conformidade com o Anexo 9 da Lei da Eletricidade de...\" \/>\n<meta property=\"og:url\" content=\"https:\/\/www.res-group.com\/pt-br\/regulatory-documents\/\" \/>\n<meta property=\"og:site_name\" content=\"RES\" \/>\n<meta property=\"article:modified_time\" content=\"2026-04-02T14:20:19+00:00\" \/>\n<meta name=\"twitter:card\" content=\"summary_large_image\" \/>\n<meta name=\"twitter:site\" content=\"@RESGroup\" \/>\n<meta name=\"twitter:label1\" content=\"Est. reading time\" \/>\n\t<meta name=\"twitter:data1\" content=\"7 minutos\" \/>\n<script type=\"application\/ld+json\" class=\"yoast-schema-graph\">{\"@context\":\"https:\/\/schema.org\",\"@graph\":[{\"@type\":\"WebPage\",\"@id\":\"https:\/\/www.res-group.com\/pt-br\/regulatory-documents\/\",\"url\":\"https:\/\/www.res-group.com\/pt-br\/regulatory-documents\/\",\"name\":\"Documentos regulamentares - RES\",\"isPartOf\":{\"@id\":\"https:\/\/www.res-group.com\/pt-br\/#website\"},\"datePublished\":\"2023-08-29T13:21:31+00:00\",\"dateModified\":\"2026-04-02T14:20:19+00:00\",\"breadcrumb\":{\"@id\":\"https:\/\/www.res-group.com\/pt-br\/regulatory-documents\/#breadcrumb\"},\"inLanguage\":\"pt-BR\",\"potentialAction\":[{\"@type\":\"ReadAction\",\"target\":[\"https:\/\/www.res-group.com\/pt-br\/regulatory-documents\/\"]}]},{\"@type\":\"BreadcrumbList\",\"@id\":\"https:\/\/www.res-group.com\/pt-br\/regulatory-documents\/#breadcrumb\",\"itemListElement\":[{\"@type\":\"ListItem\",\"position\":1,\"name\":\"In\u00edcio\",\"item\":\"https:\/\/www.res-group.com\/pt-br\/\"},{\"@type\":\"ListItem\",\"position\":2,\"name\":\"Documentos regulamentares\"}]},{\"@type\":\"WebSite\",\"@id\":\"https:\/\/www.res-group.com\/pt-br\/#website\",\"url\":\"https:\/\/www.res-group.com\/pt-br\/\",\"name\":\"res-group.com\",\"description\":\"The power behind a clean energy future\",\"publisher\":{\"@id\":\"https:\/\/www.res-group.com\/pt-br\/#organization\"},\"potentialAction\":[{\"@type\":\"SearchAction\",\"target\":{\"@type\":\"EntryPoint\",\"urlTemplate\":\"https:\/\/www.res-group.com\/pt-br\/?s={search_term_string}\"},\"query-input\":{\"@type\":\"PropertyValueSpecification\",\"valueRequired\":true,\"valueName\":\"search_term_string\"}}],\"inLanguage\":\"pt-BR\"},{\"@type\":\"Organization\",\"@id\":\"https:\/\/www.res-group.com\/pt-br\/#organization\",\"name\":\"RES\",\"url\":\"https:\/\/www.res-group.com\/pt-br\/\",\"logo\":{\"@type\":\"ImageObject\",\"inLanguage\":\"pt-BR\",\"@id\":\"https:\/\/www.res-group.com\/pt-br\/#\/schema\/logo\/image\/\",\"url\":\"https:\/\/www.res-group.com\/wp-content\/uploads\/2023\/05\/header-logo.svg\",\"contentUrl\":\"https:\/\/www.res-group.com\/wp-content\/uploads\/2023\/05\/header-logo.svg\",\"width\":82.634,\"height\":38,\"caption\":\"RES\"},\"image\":{\"@id\":\"https:\/\/www.res-group.com\/pt-br\/#\/schema\/logo\/image\/\"},\"sameAs\":[\"https:\/\/x.com\/RESGroup\",\"https:\/\/www.instagram.com\/res_powerforgood\",\"https:\/\/www.linkedin.com\/company\/res-group\/\",\"https:\/\/vimeo.com\/resgroup\"]}]}<\/script>\n<!-- \/ Yoast SEO Premium plugin. -->","yoast_head_json":{"title":"Documentos regulamentares - RES","robots":{"index":"index","follow":"follow","max-snippet":"max-snippet:-1","max-image-preview":"max-image-preview:large","max-video-preview":"max-video-preview:-1"},"canonical":"https:\/\/www.res-group.com\/pt-br\/regulatory-documents\/","og_locale":"pt_BR","og_type":"article","og_title":"Documentos regulamentares","og_description":"Documentos regulamentares Documentos regulamentaresRemunera\u00e7\u00e3o por g\u00eaneroEstrat\u00e9gia tribut\u00e1riaBPRNPol\u00edtica de gest\u00e3o de ativos no Reino Unido e IrlandaC\u00f3digo de Conduta Global Certifica\u00e7\u00f5es e Pol\u00edticas de Gest\u00e3o ISO14001 \u2013 2466ISO9001 \u2013 26795ISO45001 \u2013 0385 Documentos regulamentares Declara\u00e7\u00e3o sobre a preserva\u00e7\u00e3o da amenidade, em conformidade com o Anexo 9 da Lei da Eletricidade de...","og_url":"https:\/\/www.res-group.com\/pt-br\/regulatory-documents\/","og_site_name":"RES","article_modified_time":"2026-04-02T14:20:19+00:00","twitter_card":"summary_large_image","twitter_site":"@RESGroup","twitter_misc":{"Est. reading time":"7 minutos"},"schema":{"@context":"https:\/\/schema.org","@graph":[{"@type":"WebPage","@id":"https:\/\/www.res-group.com\/pt-br\/regulatory-documents\/","url":"https:\/\/www.res-group.com\/pt-br\/regulatory-documents\/","name":"Documentos regulamentares - RES","isPartOf":{"@id":"https:\/\/www.res-group.com\/pt-br\/#website"},"datePublished":"2023-08-29T13:21:31+00:00","dateModified":"2026-04-02T14:20:19+00:00","breadcrumb":{"@id":"https:\/\/www.res-group.com\/pt-br\/regulatory-documents\/#breadcrumb"},"inLanguage":"pt-BR","potentialAction":[{"@type":"ReadAction","target":["https:\/\/www.res-group.com\/pt-br\/regulatory-documents\/"]}]},{"@type":"BreadcrumbList","@id":"https:\/\/www.res-group.com\/pt-br\/regulatory-documents\/#breadcrumb","itemListElement":[{"@type":"ListItem","position":1,"name":"In\u00edcio","item":"https:\/\/www.res-group.com\/pt-br\/"},{"@type":"ListItem","position":2,"name":"Documentos regulamentares"}]},{"@type":"WebSite","@id":"https:\/\/www.res-group.com\/pt-br\/#website","url":"https:\/\/www.res-group.com\/pt-br\/","name":"res-group.com","description":"The power behind a clean energy future","publisher":{"@id":"https:\/\/www.res-group.com\/pt-br\/#organization"},"potentialAction":[{"@type":"SearchAction","target":{"@type":"EntryPoint","urlTemplate":"https:\/\/www.res-group.com\/pt-br\/?s={search_term_string}"},"query-input":{"@type":"PropertyValueSpecification","valueRequired":true,"valueName":"search_term_string"}}],"inLanguage":"pt-BR"},{"@type":"Organization","@id":"https:\/\/www.res-group.com\/pt-br\/#organization","name":"RES","url":"https:\/\/www.res-group.com\/pt-br\/","logo":{"@type":"ImageObject","inLanguage":"pt-BR","@id":"https:\/\/www.res-group.com\/pt-br\/#\/schema\/logo\/image\/","url":"https:\/\/www.res-group.com\/wp-content\/uploads\/2023\/05\/header-logo.svg","contentUrl":"https:\/\/www.res-group.com\/wp-content\/uploads\/2023\/05\/header-logo.svg","width":82.634,"height":38,"caption":"RES"},"image":{"@id":"https:\/\/www.res-group.com\/pt-br\/#\/schema\/logo\/image\/"},"sameAs":["https:\/\/x.com\/RESGroup","https:\/\/www.instagram.com\/res_powerforgood","https:\/\/www.linkedin.com\/company\/res-group\/","https:\/\/vimeo.com\/resgroup"]}]}},"_links":{"self":[{"href":"https:\/\/www.res-group.com\/pt-br\/wp-json\/wp\/v2\/pages\/37625","targetHints":{"allow":["GET"]}}],"collection":[{"href":"https:\/\/www.res-group.com\/pt-br\/wp-json\/wp\/v2\/pages"}],"about":[{"href":"https:\/\/www.res-group.com\/pt-br\/wp-json\/wp\/v2\/types\/page"}],"author":[{"embeddable":true,"href":"https:\/\/www.res-group.com\/pt-br\/wp-json\/wp\/v2\/users\/18"}],"replies":[{"embeddable":true,"href":"https:\/\/www.res-group.com\/pt-br\/wp-json\/wp\/v2\/comments?post=37625"}],"version-history":[{"count":2,"href":"https:\/\/www.res-group.com\/pt-br\/wp-json\/wp\/v2\/pages\/37625\/revisions"}],"predecessor-version":[{"id":44691,"href":"https:\/\/www.res-group.com\/pt-br\/wp-json\/wp\/v2\/pages\/37625\/revisions\/44691"}],"wp:attachment":[{"href":"https:\/\/www.res-group.com\/pt-br\/wp-json\/wp\/v2\/media?parent=37625"}],"curies":[{"name":"wp","href":"https:\/\/api.w.org\/{rel}","templated":true}]}}