{"id":37623,"date":"2025-07-17T17:26:39","date_gmt":"2025-07-17T16:26:39","guid":{"rendered":"https:\/\/www.res-group.com\/?page_id=37623"},"modified":"2025-07-17T17:29:18","modified_gmt":"2025-07-17T16:29:18","slug":"modern-slavery","status":"publish","type":"page","link":"https:\/\/www.res-group.com\/pt-br\/modern-slavery\/","title":{"rendered":"Escravid\u00e3o moderna"},"content":{"rendered":"\n<p><strong>Lei sobre Escravid\u00e3o Moderna de 2015 \u2013 Declara\u00e7\u00e3o sobre Escravid\u00e3o e Tr\u00e1fico Humano<\/strong><\/p>\n\n\n\n<p>Somos uma empresa global que desenvolve, constr\u00f3i e presta servi\u00e7os a projetos e infraestruturas de energia renov\u00e1vel em grande escala. Somos a empresa-m\u00e3e da RES. A empresa tem sede no Reino Unido e opera em 24 pa\u00edses, sendo cada pa\u00eds liderado por um gerente nacional ou l\u00edder regional, com a colabora\u00e7\u00e3o da alta administra\u00e7\u00e3o do Grupo RES.<\/p>\n\n\n\n<p>Os princ\u00edpios fundadores da Lei sobre Escravid\u00e3o Moderna de 2015 (a \u201cMSA\u201d) est\u00e3o alinhados com os valores da nossa organiza\u00e7\u00e3o e o nosso conselho de administra\u00e7\u00e3o apoia os princ\u00edpios da MSA nas nossas pr\u00e1ticas comerciais. As pol\u00edticas de aquisi\u00e7\u00e3o da RES levam em considera\u00e7\u00e3o os princ\u00edpios por tr\u00e1s de iniciativas globais relevantes, incluindo o Pacto Global das Na\u00e7\u00f5es Unidas e o C\u00f3digo B\u00e1sico da Iniciativa de Com\u00e9rcio \u00c9tico. Esta declara\u00e7\u00e3o servir\u00e1 como base para o nosso compromisso de tentar garantir que a escravid\u00e3o moderna n\u00e3o exista na nossa cadeia de suprimentos.<\/p>\n\n\n\n<p>A RES aderiu ao Pacto Global das Na\u00e7\u00f5es Unidas (UNGC) para refor\u00e7ar o seu compromisso com pr\u00e1ticas comerciais sustent\u00e1veis.<\/p>\n\n\n\n<p>A RES trabalha com uma ampla cadeia de fornecimento, incluindo fabricantes de equipamentos especializados. Acreditamos que os nossos fornecedores devem trabalhar para garantir que a escravid\u00e3o moderna n\u00e3o ocorra. Isto inclui os subcontratados dos nossos fornecedores, que podem recorrer a trabalhadores tempor\u00e1rios e de ag\u00eancias.<\/p>\n\n\n\n<p>A RES analisa periodicamente os riscos relacionados \u00e0 escravid\u00e3o moderna e tem se concentrado nos principais fornecedores com presen\u00e7a global na fabrica\u00e7\u00e3o, como fornecedores de turbinas e\u00f3licas e equipamentos el\u00e9tricos para nossos projetos. Analisamos a quest\u00e3o da escravid\u00e3o moderna com alguns de nossos parceiros mais pr\u00f3ximos neste setor e alguns exemplos de medidas tomadas por alguns deles incluem:<\/p>\n\n\n\n<ul class=\"wp-block-list\">\n<li>Ader\u00eancia ao Pacto Global da ONU<\/li>\n\n\n\n<li>Publica\u00e7\u00e3o de pol\u00edticas de direitos humanos<\/li>\n\n\n\n<li>Cria\u00e7\u00e3o de comit\u00eas de sustentabilidade, c\u00f3digos de conduta e canais de comunica\u00e7\u00e3o para funcion\u00e1rios especificamente relacionados \u00e0 \u00e9tica nos neg\u00f3cios<\/li>\n\n\n\n<li>Realiza\u00e7\u00e3o de due diligence social e ambiental de projetos<\/li>\n\n\n\n<li>Implementa\u00e7\u00e3o de um sistema de gest\u00e3o respons\u00e1vel da cadeia de suprimentos, que inclui c\u00f3digo de conduta para fornecedores, monitoramento de seus fornecedores, auditorias e acompanhamento.<\/li>\n<\/ul>\n\n\n\n<p>Ao avaliar o risco em rela\u00e7\u00e3o \u00e0 escravid\u00e3o moderna, estamos trabalhando com fornecedores de equipamentos importantes para identificar qualquer componente fabricado ou adquirido em pa\u00edses que possam ser considerados de maior risco (com base na \u00faltima edi\u00e7\u00e3o do \u00cdndice Global de Escravid\u00e3o). Identificamos que a grande maioria das atividades de desenvolvimento, constru\u00e7\u00e3o e servi\u00e7os da RES ocorre em pa\u00edses considerados de risco relativamente baixo e tomamos as medidas descritas acima em rela\u00e7\u00e3o \u00e0s atividades de nossa cadeia de fornecimento.<\/p>\n\n\n\n<p>A RES publicou orienta\u00e7\u00f5es para os funcion\u00e1rios sobre como levantar preocupa\u00e7\u00f5es relacionadas \u00e0 \u00e9tica nos neg\u00f3cios e den\u00fancias, e se compromete a trat\u00e1-las de forma eficaz. Pol\u00edticas relacionadas a compras sustent\u00e1veis e escravid\u00e3o moderna tamb\u00e9m est\u00e3o dispon\u00edveis para todos os funcion\u00e1rios na intranet da empresa.<\/p>\n\n\n\n<p>Esta declara\u00e7\u00e3o foi aprovada pelo conselho da Renewable Energy Systems Limited (em nome de todas as outras empresas da RES). O conte\u00fado desta declara\u00e7\u00e3o tamb\u00e9m foi compartilhado com outras partes interessadas internas relevantes.<\/p>\n\n\n\n<p>Esta declara\u00e7\u00e3o \u00e9 feita nos termos da se\u00e7\u00e3o 54(1) da MSA e constitui a declara\u00e7\u00e3o da RES sobre escravid\u00e3o e tr\u00e1fico humano para o ano financeiro que termina em 31 de outubro de 2024.<\/p>\n\n\n\n<p>Esta declara\u00e7\u00e3o permanece praticamente inalterada em rela\u00e7\u00e3o ao ano anterior, uma vez que a RES n\u00e3o identificou quaisquer medidas adicionais ou altera\u00e7\u00f5es necess\u00e1rias no per\u00edodo interm\u00e9dio.<\/p>\n\n\n\n<p>Assinado por:<\/p>\n\n\n\n<p>Eduardo Medina<\/p>\n\n\n\n<p>CEO<\/p>\n\n\n\n<p>Janeiro de 2025<\/p>\n","protected":false},"excerpt":{"rendered":"<p>Lei sobre Escravid\u00e3o Moderna de 2015 \u2013 Declara\u00e7\u00e3o sobre Escravid\u00e3o e Tr\u00e1fico Humano Somos uma empresa global que desenvolve, constr\u00f3i e presta servi\u00e7os a projetos e infraestruturas de energia renov\u00e1vel em grande escala. Somos a empresa-m\u00e3e da RES. A empresa tem sede no Reino Unido e opera em 24 pa\u00edses,&#8230;<\/p>\n","protected":false},"author":1,"featured_media":0,"parent":0,"menu_order":0,"comment_status":"closed","ping_status":"closed","template":"","meta":{"_acf_changed":false,"footnotes":""},"class_list":["post-37623","page","type-page","status-publish","hentry"],"acf":[],"yoast_head":"<!-- This site is optimized with the Yoast SEO Premium plugin v27.2 (Yoast SEO v27.2) - https:\/\/yoast.com\/product\/yoast-seo-premium-wordpress\/ -->\n<title>Escravid\u00e3o moderna - RES<\/title>\n<meta name=\"robots\" content=\"index, follow, max-snippet:-1, max-image-preview:large, max-video-preview:-1\" \/>\n<link rel=\"canonical\" href=\"https:\/\/www.res-group.com\/pt-br\/modern-slavery\/\" \/>\n<meta property=\"og:locale\" content=\"pt_BR\" \/>\n<meta property=\"og:type\" content=\"article\" \/>\n<meta property=\"og:title\" content=\"Escravid\u00e3o moderna\" \/>\n<meta property=\"og:description\" content=\"Lei sobre Escravid\u00e3o Moderna de 2015 \u2013 Declara\u00e7\u00e3o sobre Escravid\u00e3o e Tr\u00e1fico Humano Somos uma empresa global que desenvolve, constr\u00f3i e presta servi\u00e7os a projetos e infraestruturas de energia renov\u00e1vel em grande escala. Somos a empresa-m\u00e3e da RES. A empresa tem sede no Reino Unido e opera em 24 pa\u00edses,...\" \/>\n<meta property=\"og:url\" content=\"https:\/\/www.res-group.com\/pt-br\/modern-slavery\/\" \/>\n<meta property=\"og:site_name\" content=\"RES\" \/>\n<meta property=\"article:modified_time\" content=\"2025-07-17T16:29:18+00:00\" \/>\n<meta name=\"twitter:card\" content=\"summary_large_image\" \/>\n<meta name=\"twitter:site\" content=\"@RESGroup\" \/>\n<meta name=\"twitter:label1\" content=\"Est. reading time\" \/>\n\t<meta name=\"twitter:data1\" content=\"3 minutos\" \/>\n<script type=\"application\/ld+json\" class=\"yoast-schema-graph\">{\"@context\":\"https:\/\/schema.org\",\"@graph\":[{\"@type\":\"WebPage\",\"@id\":\"https:\/\/www.res-group.com\/pt-br\/modern-slavery\/\",\"url\":\"https:\/\/www.res-group.com\/pt-br\/modern-slavery\/\",\"name\":\"Escravid\u00e3o moderna - RES\",\"isPartOf\":{\"@id\":\"https:\/\/www.res-group.com\/pt-br\/#website\"},\"datePublished\":\"2025-07-17T16:26:39+00:00\",\"dateModified\":\"2025-07-17T16:29:18+00:00\",\"breadcrumb\":{\"@id\":\"https:\/\/www.res-group.com\/pt-br\/modern-slavery\/#breadcrumb\"},\"inLanguage\":\"pt-BR\",\"potentialAction\":[{\"@type\":\"ReadAction\",\"target\":[\"https:\/\/www.res-group.com\/pt-br\/modern-slavery\/\"]}]},{\"@type\":\"BreadcrumbList\",\"@id\":\"https:\/\/www.res-group.com\/pt-br\/modern-slavery\/#breadcrumb\",\"itemListElement\":[{\"@type\":\"ListItem\",\"position\":1,\"name\":\"In\u00edcio\",\"item\":\"https:\/\/www.res-group.com\/pt-br\/\"},{\"@type\":\"ListItem\",\"position\":2,\"name\":\"Escravid\u00e3o moderna\"}]},{\"@type\":\"WebSite\",\"@id\":\"https:\/\/www.res-group.com\/pt-br\/#website\",\"url\":\"https:\/\/www.res-group.com\/pt-br\/\",\"name\":\"res-group.com\",\"description\":\"The power behind a clean energy future\",\"publisher\":{\"@id\":\"https:\/\/www.res-group.com\/pt-br\/#organization\"},\"potentialAction\":[{\"@type\":\"SearchAction\",\"target\":{\"@type\":\"EntryPoint\",\"urlTemplate\":\"https:\/\/www.res-group.com\/pt-br\/?s={search_term_string}\"},\"query-input\":{\"@type\":\"PropertyValueSpecification\",\"valueRequired\":true,\"valueName\":\"search_term_string\"}}],\"inLanguage\":\"pt-BR\"},{\"@type\":\"Organization\",\"@id\":\"https:\/\/www.res-group.com\/pt-br\/#organization\",\"name\":\"RES\",\"url\":\"https:\/\/www.res-group.com\/pt-br\/\",\"logo\":{\"@type\":\"ImageObject\",\"inLanguage\":\"pt-BR\",\"@id\":\"https:\/\/www.res-group.com\/pt-br\/#\/schema\/logo\/image\/\",\"url\":\"https:\/\/www.res-group.com\/wp-content\/uploads\/2023\/05\/header-logo.svg\",\"contentUrl\":\"https:\/\/www.res-group.com\/wp-content\/uploads\/2023\/05\/header-logo.svg\",\"width\":82.634,\"height\":38,\"caption\":\"RES\"},\"image\":{\"@id\":\"https:\/\/www.res-group.com\/pt-br\/#\/schema\/logo\/image\/\"},\"sameAs\":[\"https:\/\/x.com\/RESGroup\",\"https:\/\/www.instagram.com\/res_powerforgood\",\"https:\/\/www.linkedin.com\/company\/res-group\/\",\"https:\/\/vimeo.com\/resgroup\"]}]}<\/script>\n<!-- \/ Yoast SEO Premium plugin. -->","yoast_head_json":{"title":"Escravid\u00e3o moderna - RES","robots":{"index":"index","follow":"follow","max-snippet":"max-snippet:-1","max-image-preview":"max-image-preview:large","max-video-preview":"max-video-preview:-1"},"canonical":"https:\/\/www.res-group.com\/pt-br\/modern-slavery\/","og_locale":"pt_BR","og_type":"article","og_title":"Escravid\u00e3o moderna","og_description":"Lei sobre Escravid\u00e3o Moderna de 2015 \u2013 Declara\u00e7\u00e3o sobre Escravid\u00e3o e Tr\u00e1fico Humano Somos uma empresa global que desenvolve, constr\u00f3i e presta servi\u00e7os a projetos e infraestruturas de energia renov\u00e1vel em grande escala. Somos a empresa-m\u00e3e da RES. A empresa tem sede no Reino Unido e opera em 24 pa\u00edses,...","og_url":"https:\/\/www.res-group.com\/pt-br\/modern-slavery\/","og_site_name":"RES","article_modified_time":"2025-07-17T16:29:18+00:00","twitter_card":"summary_large_image","twitter_site":"@RESGroup","twitter_misc":{"Est. reading time":"3 minutos"},"schema":{"@context":"https:\/\/schema.org","@graph":[{"@type":"WebPage","@id":"https:\/\/www.res-group.com\/pt-br\/modern-slavery\/","url":"https:\/\/www.res-group.com\/pt-br\/modern-slavery\/","name":"Escravid\u00e3o moderna - RES","isPartOf":{"@id":"https:\/\/www.res-group.com\/pt-br\/#website"},"datePublished":"2025-07-17T16:26:39+00:00","dateModified":"2025-07-17T16:29:18+00:00","breadcrumb":{"@id":"https:\/\/www.res-group.com\/pt-br\/modern-slavery\/#breadcrumb"},"inLanguage":"pt-BR","potentialAction":[{"@type":"ReadAction","target":["https:\/\/www.res-group.com\/pt-br\/modern-slavery\/"]}]},{"@type":"BreadcrumbList","@id":"https:\/\/www.res-group.com\/pt-br\/modern-slavery\/#breadcrumb","itemListElement":[{"@type":"ListItem","position":1,"name":"In\u00edcio","item":"https:\/\/www.res-group.com\/pt-br\/"},{"@type":"ListItem","position":2,"name":"Escravid\u00e3o moderna"}]},{"@type":"WebSite","@id":"https:\/\/www.res-group.com\/pt-br\/#website","url":"https:\/\/www.res-group.com\/pt-br\/","name":"res-group.com","description":"The power behind a clean energy future","publisher":{"@id":"https:\/\/www.res-group.com\/pt-br\/#organization"},"potentialAction":[{"@type":"SearchAction","target":{"@type":"EntryPoint","urlTemplate":"https:\/\/www.res-group.com\/pt-br\/?s={search_term_string}"},"query-input":{"@type":"PropertyValueSpecification","valueRequired":true,"valueName":"search_term_string"}}],"inLanguage":"pt-BR"},{"@type":"Organization","@id":"https:\/\/www.res-group.com\/pt-br\/#organization","name":"RES","url":"https:\/\/www.res-group.com\/pt-br\/","logo":{"@type":"ImageObject","inLanguage":"pt-BR","@id":"https:\/\/www.res-group.com\/pt-br\/#\/schema\/logo\/image\/","url":"https:\/\/www.res-group.com\/wp-content\/uploads\/2023\/05\/header-logo.svg","contentUrl":"https:\/\/www.res-group.com\/wp-content\/uploads\/2023\/05\/header-logo.svg","width":82.634,"height":38,"caption":"RES"},"image":{"@id":"https:\/\/www.res-group.com\/pt-br\/#\/schema\/logo\/image\/"},"sameAs":["https:\/\/x.com\/RESGroup","https:\/\/www.instagram.com\/res_powerforgood","https:\/\/www.linkedin.com\/company\/res-group\/","https:\/\/vimeo.com\/resgroup"]}]}},"_links":{"self":[{"href":"https:\/\/www.res-group.com\/pt-br\/wp-json\/wp\/v2\/pages\/37623","targetHints":{"allow":["GET"]}}],"collection":[{"href":"https:\/\/www.res-group.com\/pt-br\/wp-json\/wp\/v2\/pages"}],"about":[{"href":"https:\/\/www.res-group.com\/pt-br\/wp-json\/wp\/v2\/types\/page"}],"author":[{"embeddable":true,"href":"https:\/\/www.res-group.com\/pt-br\/wp-json\/wp\/v2\/users\/1"}],"replies":[{"embeddable":true,"href":"https:\/\/www.res-group.com\/pt-br\/wp-json\/wp\/v2\/comments?post=37623"}],"version-history":[{"count":1,"href":"https:\/\/www.res-group.com\/pt-br\/wp-json\/wp\/v2\/pages\/37623\/revisions"}],"predecessor-version":[{"id":43650,"href":"https:\/\/www.res-group.com\/pt-br\/wp-json\/wp\/v2\/pages\/37623\/revisions\/43650"}],"wp:attachment":[{"href":"https:\/\/www.res-group.com\/pt-br\/wp-json\/wp\/v2\/media?parent=37623"}],"curies":[{"name":"wp","href":"https:\/\/api.w.org\/{rel}","templated":true}]}}