{"id":37620,"date":"2023-05-26T12:20:27","date_gmt":"2023-05-26T11:20:27","guid":{"rendered":"https:\/\/www.res-group.com\/privacy-policy\/"},"modified":"2026-04-28T10:13:47","modified_gmt":"2026-04-28T09:13:47","slug":"privacy-policy","status":"publish","type":"page","link":"https:\/\/www.res-group.com\/pt-br\/privacy-policy\/","title":{"rendered":"Declara\u00e7\u00e3o de Privacidade"},"content":{"rendered":"\n<div class=\"highlight-panel\">\n<div class=\"container\">\n<h3>\n<strong><br>\nPara consultar nossa Pol\u00edtica de Privacidade, acesse nossa p\u00e1gina global<br>\n<\/strong><br>\n<\/h3>\n<p><a class=\"button\" href=\"\/privacy-policy\/\">Leia a Pol\u00edtica de Privacidade Global<\/a>\n<\/p><\/div>\n<\/div>\n\n\n\n<p><\/p>\n","protected":false},"excerpt":{"rendered":"<p>Para consultar nossa Pol\u00edtica de Privacidade, acesse nossa p\u00e1gina global Leia a Pol\u00edtica de Privacidade Global<\/p>\n","protected":false},"author":1,"featured_media":0,"parent":0,"menu_order":0,"comment_status":"closed","ping_status":"closed","template":"","meta":{"_acf_changed":false,"footnotes":""},"class_list":["post-37620","page","type-page","status-publish","hentry"],"acf":[],"yoast_head":"<!-- This site is optimized with the Yoast SEO Premium plugin v27.2 (Yoast SEO v27.2) - https:\/\/yoast.com\/product\/yoast-seo-premium-wordpress\/ -->\n<title>Declara\u00e7\u00e3o de Privacidade - RES<\/title>\n<meta name=\"description\" content=\"The RES Group is committed to individual rights to privacy and compliance with applicable laws around the world.\" \/>\n<meta name=\"robots\" content=\"index, follow, max-snippet:-1, max-image-preview:large, max-video-preview:-1\" \/>\n<link rel=\"canonical\" href=\"https:\/\/www.res-group.com\/pt-br\/privacy-policy\/\" \/>\n<meta property=\"og:locale\" content=\"pt_BR\" \/>\n<meta property=\"og:type\" content=\"article\" \/>\n<meta property=\"og:title\" content=\"Declara\u00e7\u00e3o de Privacidade\" \/>\n<meta property=\"og:description\" content=\"The RES Group is committed to individual rights to privacy and compliance with applicable laws around the world.\" \/>\n<meta property=\"og:url\" content=\"https:\/\/www.res-group.com\/pt-br\/privacy-policy\/\" \/>\n<meta property=\"og:site_name\" content=\"RES\" \/>\n<meta property=\"article:modified_time\" content=\"2026-04-28T09:13:47+00:00\" \/>\n<meta name=\"twitter:card\" content=\"summary_large_image\" \/>\n<meta name=\"twitter:site\" content=\"@RESGroup\" \/>\n<meta name=\"twitter:label1\" content=\"Est. reading time\" \/>\n\t<meta name=\"twitter:data1\" content=\"1 minuto\" \/>\n<script type=\"application\/ld+json\" class=\"yoast-schema-graph\">{\"@context\":\"https:\/\/schema.org\",\"@graph\":[{\"@type\":\"WebPage\",\"@id\":\"https:\/\/www.res-group.com\/pt-br\/privacy-policy\/\",\"url\":\"https:\/\/www.res-group.com\/pt-br\/privacy-policy\/\",\"name\":\"Declara\u00e7\u00e3o de Privacidade - RES\",\"isPartOf\":{\"@id\":\"https:\/\/www.res-group.com\/pt-br\/#website\"},\"datePublished\":\"2023-05-26T11:20:27+00:00\",\"dateModified\":\"2026-04-28T09:13:47+00:00\",\"description\":\"The RES Group is committed to individual rights to privacy and compliance with applicable laws around the world.\",\"breadcrumb\":{\"@id\":\"https:\/\/www.res-group.com\/pt-br\/privacy-policy\/#breadcrumb\"},\"inLanguage\":\"pt-BR\",\"potentialAction\":[{\"@type\":\"ReadAction\",\"target\":[\"https:\/\/www.res-group.com\/pt-br\/privacy-policy\/\"]}]},{\"@type\":\"BreadcrumbList\",\"@id\":\"https:\/\/www.res-group.com\/pt-br\/privacy-policy\/#breadcrumb\",\"itemListElement\":[{\"@type\":\"ListItem\",\"position\":1,\"name\":\"In\u00edcio\",\"item\":\"https:\/\/www.res-group.com\/pt-br\/\"},{\"@type\":\"ListItem\",\"position\":2,\"name\":\"Declara\u00e7\u00e3o de Privacidade\"}]},{\"@type\":\"WebSite\",\"@id\":\"https:\/\/www.res-group.com\/pt-br\/#website\",\"url\":\"https:\/\/www.res-group.com\/pt-br\/\",\"name\":\"res-group.com\",\"description\":\"The power behind a clean energy future\",\"publisher\":{\"@id\":\"https:\/\/www.res-group.com\/pt-br\/#organization\"},\"potentialAction\":[{\"@type\":\"SearchAction\",\"target\":{\"@type\":\"EntryPoint\",\"urlTemplate\":\"https:\/\/www.res-group.com\/pt-br\/?s={search_term_string}\"},\"query-input\":{\"@type\":\"PropertyValueSpecification\",\"valueRequired\":true,\"valueName\":\"search_term_string\"}}],\"inLanguage\":\"pt-BR\"},{\"@type\":\"Organization\",\"@id\":\"https:\/\/www.res-group.com\/pt-br\/#organization\",\"name\":\"RES\",\"url\":\"https:\/\/www.res-group.com\/pt-br\/\",\"logo\":{\"@type\":\"ImageObject\",\"inLanguage\":\"pt-BR\",\"@id\":\"https:\/\/www.res-group.com\/pt-br\/#\/schema\/logo\/image\/\",\"url\":\"https:\/\/www.res-group.com\/wp-content\/uploads\/2023\/05\/header-logo.svg\",\"contentUrl\":\"https:\/\/www.res-group.com\/wp-content\/uploads\/2023\/05\/header-logo.svg\",\"width\":82.634,\"height\":38,\"caption\":\"RES\"},\"image\":{\"@id\":\"https:\/\/www.res-group.com\/pt-br\/#\/schema\/logo\/image\/\"},\"sameAs\":[\"https:\/\/x.com\/RESGroup\",\"https:\/\/www.instagram.com\/res_powerforgood\",\"https:\/\/www.linkedin.com\/company\/res-group\/\",\"https:\/\/vimeo.com\/resgroup\"]}]}<\/script>\n<!-- \/ Yoast SEO Premium plugin. -->","yoast_head_json":{"title":"Declara\u00e7\u00e3o de Privacidade - RES","description":"The RES Group is committed to individual rights to privacy and compliance with applicable laws around the world.","robots":{"index":"index","follow":"follow","max-snippet":"max-snippet:-1","max-image-preview":"max-image-preview:large","max-video-preview":"max-video-preview:-1"},"canonical":"https:\/\/www.res-group.com\/pt-br\/privacy-policy\/","og_locale":"pt_BR","og_type":"article","og_title":"Declara\u00e7\u00e3o de Privacidade","og_description":"The RES Group is committed to individual rights to privacy and compliance with applicable laws around the world.","og_url":"https:\/\/www.res-group.com\/pt-br\/privacy-policy\/","og_site_name":"RES","article_modified_time":"2026-04-28T09:13:47+00:00","twitter_card":"summary_large_image","twitter_site":"@RESGroup","twitter_misc":{"Est. reading time":"1 minuto"},"schema":{"@context":"https:\/\/schema.org","@graph":[{"@type":"WebPage","@id":"https:\/\/www.res-group.com\/pt-br\/privacy-policy\/","url":"https:\/\/www.res-group.com\/pt-br\/privacy-policy\/","name":"Declara\u00e7\u00e3o de Privacidade - RES","isPartOf":{"@id":"https:\/\/www.res-group.com\/pt-br\/#website"},"datePublished":"2023-05-26T11:20:27+00:00","dateModified":"2026-04-28T09:13:47+00:00","description":"The RES Group is committed to individual rights to privacy and compliance with applicable laws around the world.","breadcrumb":{"@id":"https:\/\/www.res-group.com\/pt-br\/privacy-policy\/#breadcrumb"},"inLanguage":"pt-BR","potentialAction":[{"@type":"ReadAction","target":["https:\/\/www.res-group.com\/pt-br\/privacy-policy\/"]}]},{"@type":"BreadcrumbList","@id":"https:\/\/www.res-group.com\/pt-br\/privacy-policy\/#breadcrumb","itemListElement":[{"@type":"ListItem","position":1,"name":"In\u00edcio","item":"https:\/\/www.res-group.com\/pt-br\/"},{"@type":"ListItem","position":2,"name":"Declara\u00e7\u00e3o de Privacidade"}]},{"@type":"WebSite","@id":"https:\/\/www.res-group.com\/pt-br\/#website","url":"https:\/\/www.res-group.com\/pt-br\/","name":"res-group.com","description":"The power behind a clean energy future","publisher":{"@id":"https:\/\/www.res-group.com\/pt-br\/#organization"},"potentialAction":[{"@type":"SearchAction","target":{"@type":"EntryPoint","urlTemplate":"https:\/\/www.res-group.com\/pt-br\/?s={search_term_string}"},"query-input":{"@type":"PropertyValueSpecification","valueRequired":true,"valueName":"search_term_string"}}],"inLanguage":"pt-BR"},{"@type":"Organization","@id":"https:\/\/www.res-group.com\/pt-br\/#organization","name":"RES","url":"https:\/\/www.res-group.com\/pt-br\/","logo":{"@type":"ImageObject","inLanguage":"pt-BR","@id":"https:\/\/www.res-group.com\/pt-br\/#\/schema\/logo\/image\/","url":"https:\/\/www.res-group.com\/wp-content\/uploads\/2023\/05\/header-logo.svg","contentUrl":"https:\/\/www.res-group.com\/wp-content\/uploads\/2023\/05\/header-logo.svg","width":82.634,"height":38,"caption":"RES"},"image":{"@id":"https:\/\/www.res-group.com\/pt-br\/#\/schema\/logo\/image\/"},"sameAs":["https:\/\/x.com\/RESGroup","https:\/\/www.instagram.com\/res_powerforgood","https:\/\/www.linkedin.com\/company\/res-group\/","https:\/\/vimeo.com\/resgroup"]}]}},"_links":{"self":[{"href":"https:\/\/www.res-group.com\/pt-br\/wp-json\/wp\/v2\/pages\/37620","targetHints":{"allow":["GET"]}}],"collection":[{"href":"https:\/\/www.res-group.com\/pt-br\/wp-json\/wp\/v2\/pages"}],"about":[{"href":"https:\/\/www.res-group.com\/pt-br\/wp-json\/wp\/v2\/types\/page"}],"author":[{"embeddable":true,"href":"https:\/\/www.res-group.com\/pt-br\/wp-json\/wp\/v2\/users\/1"}],"replies":[{"embeddable":true,"href":"https:\/\/www.res-group.com\/pt-br\/wp-json\/wp\/v2\/comments?post=37620"}],"version-history":[{"count":2,"href":"https:\/\/www.res-group.com\/pt-br\/wp-json\/wp\/v2\/pages\/37620\/revisions"}],"predecessor-version":[{"id":46052,"href":"https:\/\/www.res-group.com\/pt-br\/wp-json\/wp\/v2\/pages\/37620\/revisions\/46052"}],"wp:attachment":[{"href":"https:\/\/www.res-group.com\/pt-br\/wp-json\/wp\/v2\/media?parent=37620"}],"curies":[{"name":"wp","href":"https:\/\/api.w.org\/{rel}","templated":true}]}}