{"id":37617,"date":"2023-08-29T12:20:06","date_gmt":"2023-08-29T11:20:06","guid":{"rendered":"https:\/\/www.res-group.com\/terms-of-use\/"},"modified":"2025-07-17T17:20:26","modified_gmt":"2025-07-17T16:20:26","slug":"terms-of-use","status":"publish","type":"page","link":"https:\/\/www.res-group.com\/pt-br\/terms-of-use\/","title":{"rendered":"Termos de uso"},"content":{"rendered":"\n<p>Este site \u00e9 apenas para fins informativos e a Renewable Energy Systems Limited e qualquer uma ou todas as suas afiliadas e subsidi\u00e1rias (RES) n\u00e3o fazem representa\u00e7\u00f5es ou garantias, expressas ou impl\u00edcitas, quanto \u00e0 precis\u00e3o e integridade das informa\u00e7\u00f5es nele contidas. A RES se isenta, na medida m\u00e1xima permitida por lei, de toda e qualquer responsabilidade em rela\u00e7\u00e3o ao conte\u00fado deste site. <\/p>\n\n<p>O site cont\u00e9m links para outros sites, que n\u00e3o s\u00e3o produzidos nem controlados pela RES. A RES n\u00e3o \u00e9 respons\u00e1vel pelo conte\u00fado desses sites e os links s\u00e3o fornecidos apenas por conveni\u00eancia. A RES n\u00e3o endossa nem verifica o conte\u00fado ou o material dispon\u00edvel nesses sites e, portanto, toda a responsabilidade decorrente deles \u00e9 expressamente exclu\u00edda.  <\/p>\n\n<p>A RES pode rever estes termos e condi\u00e7\u00f5es a qualquer momento, atualizando este site, pelo que deve voltar a esta p\u00e1gina periodicamente para consultar os termos e condi\u00e7\u00f5es ent\u00e3o em vigor.<\/p>\n\n<p>A utiliza\u00e7\u00e3o deste site constitui a aceita\u00e7\u00e3o dos termos e condi\u00e7\u00f5es acima referidos, na data da sua primeira utiliza\u00e7\u00e3o deste site.<\/p>\n\n<p>Voc\u00ea concorda em usar este site apenas para fins legais e de uma forma que n\u00e3o infrinja os direitos, restrinja ou iniba o uso e aproveitamento do site por qualquer outra pessoa.<\/p>\n\n<p>Restri\u00e7\u00f5es de direitos autorais: (a) \u00c9 estritamente proibida a utiliza\u00e7\u00e3o comercial ou publica\u00e7\u00e3o de todo ou qualquer item exibido sem a autoriza\u00e7\u00e3o pr\u00e9via da RES. Nada aqui contido deve ser interpretado como concess\u00e3o de qualquer licen\u00e7a pela RES para utilizar qualquer item exibido. (b) Os documentos podem ser copiados para uso pessoal apenas com a condi\u00e7\u00e3o de que os direitos autorais e as indica\u00e7\u00f5es da fonte tamb\u00e9m sejam copiados, que nenhuma modifica\u00e7\u00e3o seja feita e que o documento seja copiado na \u00edntegra. No entanto, alguns documentos e fotos podem ter sido publicados neste site com a permiss\u00e3o dos propriet\u00e1rios dos direitos autorais relevantes (que n\u00e3o s\u00e3o a RES). Todos os direitos s\u00e3o reservados sobre esses documentos e a permiss\u00e3o para copi\u00e1-los deve ser solicitada aos propriet\u00e1rios dos direitos autorais (as fontes s\u00e3o indicadas dentro desses documentos\/fotografias).     <\/p>\n\n<p>Qualquer comunica\u00e7\u00e3o ou material que voc\u00ea transmitir ou publicar em qualquer \u00e1rea p\u00fablica do site, incluindo quaisquer dados, perguntas, coment\u00e1rios, sugest\u00f5es ou similares, \u00e9 e ser\u00e1 tratado como informa\u00e7\u00e3o n\u00e3o confidencial e n\u00e3o propriet\u00e1ria.<\/p>\n\n<p>Se houver qualquer conflito entre estes Termos de Uso e regras e\/ou termos de uso espec\u00edficos que apare\u00e7am em outra parte deste site relacionados a material espec\u00edfico, estes \u00faltimos prevalecer\u00e3o.<\/p>\n\n<p>Se estes Termos de Uso n\u00e3o forem aceitos na \u00edntegra, o uso deste site dever\u00e1 ser encerrado imediatamente.<\/p>\n\n<h4 class=\"wp-block-heading\">Termos de uso de imagens<\/h4>\n\n<p>Termos de uso de imagens na plataforma de not\u00edcias da RES<\/p>\n\n<p>Como parte da utiliza\u00e7\u00e3o da nossa plataforma de reda\u00e7\u00e3o, as publica\u00e7\u00f5es dos meios de comunica\u00e7\u00e3o social (\u201cVoc\u00ea\u201d) podem aceder ou utilizar determinadas imagens, fotografias ou ilustra\u00e7\u00f5es (\u201cImagens\u201d).<\/p>\n\n<p>Os direitos de autor relativos \u00e0s Imagens s\u00e3o propriedade da RES. Concedemos-lhe uma licen\u00e7a n\u00e3o exclusiva, revog\u00e1vel e intransfer\u00edvel para descarregar, copiar, exibir, visualizar e utilizar as Imagens na cobertura da not\u00edcia relevante da nossa plataforma de reda\u00e7\u00e3o. <\/p>\n\n<p>Ao baixar e usar qualquer uma das Imagens, voc\u00ea concorda em:<\/p>\n\n<p><\/p>\n\n<ul class=\"wp-block-list\">\n<li>creditar a RES \u00a9 e n\u00e3o remover, alterar ou ocultar qualquer marca registrada, marca de servi\u00e7o, direitos autorais e outros avisos de propriedade, se contidos nas Imagens;<\/li>\n\n\n\n<li>usar tais Imagens apenas em associa\u00e7\u00e3o com a cobertura da not\u00edcia relevante, a menos que um Gerente de Comunica\u00e7\u00f5es da RES forne\u00e7a a voc\u00ea aprova\u00e7\u00e3o pr\u00e9via por escrito para o uso adicional pretendido; e<\/li>\n\n\n\n<li>n\u00e3o usar ou explorar as Imagens de qualquer outra forma para qualquer finalidade, exceto conforme especificamente permitido neste documento.<\/li>\n<\/ul>\n","protected":false},"excerpt":{"rendered":"<p>Este site \u00e9 apenas para fins informativos e a Renewable Energy Systems Limited e qualquer uma ou todas as suas afiliadas e subsidi\u00e1rias (RES) n\u00e3o fazem representa\u00e7\u00f5es ou garantias, expressas ou impl\u00edcitas, quanto \u00e0 precis\u00e3o e integridade das informa\u00e7\u00f5es nele contidas. A RES se isenta, na medida m\u00e1xima permitida por&#8230;<\/p>\n","protected":false},"author":18,"featured_media":0,"parent":0,"menu_order":0,"comment_status":"closed","ping_status":"closed","template":"","meta":{"_acf_changed":false,"footnotes":""},"class_list":["post-37617","page","type-page","status-publish","hentry"],"acf":[],"yoast_head":"<!-- This site is optimized with the Yoast SEO Premium plugin v27.2 (Yoast SEO v27.2) - https:\/\/yoast.com\/product\/yoast-seo-premium-wordpress\/ -->\n<title>Termos de uso - RES<\/title>\n<meta name=\"robots\" content=\"index, follow, max-snippet:-1, max-image-preview:large, max-video-preview:-1\" \/>\n<link rel=\"canonical\" href=\"https:\/\/www.res-group.com\/pt-br\/terms-of-use\/\" \/>\n<meta property=\"og:locale\" content=\"pt_BR\" \/>\n<meta property=\"og:type\" content=\"article\" \/>\n<meta property=\"og:title\" content=\"Termos de uso\" \/>\n<meta property=\"og:description\" content=\"Este site \u00e9 apenas para fins informativos e a Renewable Energy Systems Limited e qualquer uma ou todas as suas afiliadas e subsidi\u00e1rias (RES) n\u00e3o fazem representa\u00e7\u00f5es ou garantias, expressas ou impl\u00edcitas, quanto \u00e0 precis\u00e3o e integridade das informa\u00e7\u00f5es nele contidas. A RES se isenta, na medida m\u00e1xima permitida por...\" \/>\n<meta property=\"og:url\" content=\"https:\/\/www.res-group.com\/pt-br\/terms-of-use\/\" \/>\n<meta property=\"og:site_name\" content=\"RES\" \/>\n<meta property=\"article:modified_time\" content=\"2025-07-17T16:20:26+00:00\" \/>\n<meta name=\"twitter:card\" content=\"summary_large_image\" \/>\n<meta name=\"twitter:site\" content=\"@RESGroup\" \/>\n<meta name=\"twitter:label1\" content=\"Est. reading time\" \/>\n\t<meta name=\"twitter:data1\" content=\"3 minutos\" \/>\n<script type=\"application\/ld+json\" class=\"yoast-schema-graph\">{\"@context\":\"https:\/\/schema.org\",\"@graph\":[{\"@type\":\"WebPage\",\"@id\":\"https:\/\/www.res-group.com\/pt-br\/terms-of-use\/\",\"url\":\"https:\/\/www.res-group.com\/pt-br\/terms-of-use\/\",\"name\":\"Termos de uso - RES\",\"isPartOf\":{\"@id\":\"https:\/\/www.res-group.com\/pt-br\/#website\"},\"datePublished\":\"2023-08-29T11:20:06+00:00\",\"dateModified\":\"2025-07-17T16:20:26+00:00\",\"breadcrumb\":{\"@id\":\"https:\/\/www.res-group.com\/pt-br\/terms-of-use\/#breadcrumb\"},\"inLanguage\":\"pt-BR\",\"potentialAction\":[{\"@type\":\"ReadAction\",\"target\":[\"https:\/\/www.res-group.com\/pt-br\/terms-of-use\/\"]}]},{\"@type\":\"BreadcrumbList\",\"@id\":\"https:\/\/www.res-group.com\/pt-br\/terms-of-use\/#breadcrumb\",\"itemListElement\":[{\"@type\":\"ListItem\",\"position\":1,\"name\":\"In\u00edcio\",\"item\":\"https:\/\/www.res-group.com\/pt-br\/\"},{\"@type\":\"ListItem\",\"position\":2,\"name\":\"Termos de uso\"}]},{\"@type\":\"WebSite\",\"@id\":\"https:\/\/www.res-group.com\/pt-br\/#website\",\"url\":\"https:\/\/www.res-group.com\/pt-br\/\",\"name\":\"res-group.com\",\"description\":\"The power behind a clean energy future\",\"publisher\":{\"@id\":\"https:\/\/www.res-group.com\/pt-br\/#organization\"},\"potentialAction\":[{\"@type\":\"SearchAction\",\"target\":{\"@type\":\"EntryPoint\",\"urlTemplate\":\"https:\/\/www.res-group.com\/pt-br\/?s={search_term_string}\"},\"query-input\":{\"@type\":\"PropertyValueSpecification\",\"valueRequired\":true,\"valueName\":\"search_term_string\"}}],\"inLanguage\":\"pt-BR\"},{\"@type\":\"Organization\",\"@id\":\"https:\/\/www.res-group.com\/pt-br\/#organization\",\"name\":\"RES\",\"url\":\"https:\/\/www.res-group.com\/pt-br\/\",\"logo\":{\"@type\":\"ImageObject\",\"inLanguage\":\"pt-BR\",\"@id\":\"https:\/\/www.res-group.com\/pt-br\/#\/schema\/logo\/image\/\",\"url\":\"https:\/\/www.res-group.com\/wp-content\/uploads\/2023\/05\/header-logo.svg\",\"contentUrl\":\"https:\/\/www.res-group.com\/wp-content\/uploads\/2023\/05\/header-logo.svg\",\"width\":82.634,\"height\":38,\"caption\":\"RES\"},\"image\":{\"@id\":\"https:\/\/www.res-group.com\/pt-br\/#\/schema\/logo\/image\/\"},\"sameAs\":[\"https:\/\/x.com\/RESGroup\",\"https:\/\/www.instagram.com\/res_powerforgood\",\"https:\/\/www.linkedin.com\/company\/res-group\/\",\"https:\/\/vimeo.com\/resgroup\"]}]}<\/script>\n<!-- \/ Yoast SEO Premium plugin. -->","yoast_head_json":{"title":"Termos de uso - RES","robots":{"index":"index","follow":"follow","max-snippet":"max-snippet:-1","max-image-preview":"max-image-preview:large","max-video-preview":"max-video-preview:-1"},"canonical":"https:\/\/www.res-group.com\/pt-br\/terms-of-use\/","og_locale":"pt_BR","og_type":"article","og_title":"Termos de uso","og_description":"Este site \u00e9 apenas para fins informativos e a Renewable Energy Systems Limited e qualquer uma ou todas as suas afiliadas e subsidi\u00e1rias (RES) n\u00e3o fazem representa\u00e7\u00f5es ou garantias, expressas ou impl\u00edcitas, quanto \u00e0 precis\u00e3o e integridade das informa\u00e7\u00f5es nele contidas. A RES se isenta, na medida m\u00e1xima permitida por...","og_url":"https:\/\/www.res-group.com\/pt-br\/terms-of-use\/","og_site_name":"RES","article_modified_time":"2025-07-17T16:20:26+00:00","twitter_card":"summary_large_image","twitter_site":"@RESGroup","twitter_misc":{"Est. reading time":"3 minutos"},"schema":{"@context":"https:\/\/schema.org","@graph":[{"@type":"WebPage","@id":"https:\/\/www.res-group.com\/pt-br\/terms-of-use\/","url":"https:\/\/www.res-group.com\/pt-br\/terms-of-use\/","name":"Termos de uso - RES","isPartOf":{"@id":"https:\/\/www.res-group.com\/pt-br\/#website"},"datePublished":"2023-08-29T11:20:06+00:00","dateModified":"2025-07-17T16:20:26+00:00","breadcrumb":{"@id":"https:\/\/www.res-group.com\/pt-br\/terms-of-use\/#breadcrumb"},"inLanguage":"pt-BR","potentialAction":[{"@type":"ReadAction","target":["https:\/\/www.res-group.com\/pt-br\/terms-of-use\/"]}]},{"@type":"BreadcrumbList","@id":"https:\/\/www.res-group.com\/pt-br\/terms-of-use\/#breadcrumb","itemListElement":[{"@type":"ListItem","position":1,"name":"In\u00edcio","item":"https:\/\/www.res-group.com\/pt-br\/"},{"@type":"ListItem","position":2,"name":"Termos de uso"}]},{"@type":"WebSite","@id":"https:\/\/www.res-group.com\/pt-br\/#website","url":"https:\/\/www.res-group.com\/pt-br\/","name":"res-group.com","description":"The power behind a clean energy future","publisher":{"@id":"https:\/\/www.res-group.com\/pt-br\/#organization"},"potentialAction":[{"@type":"SearchAction","target":{"@type":"EntryPoint","urlTemplate":"https:\/\/www.res-group.com\/pt-br\/?s={search_term_string}"},"query-input":{"@type":"PropertyValueSpecification","valueRequired":true,"valueName":"search_term_string"}}],"inLanguage":"pt-BR"},{"@type":"Organization","@id":"https:\/\/www.res-group.com\/pt-br\/#organization","name":"RES","url":"https:\/\/www.res-group.com\/pt-br\/","logo":{"@type":"ImageObject","inLanguage":"pt-BR","@id":"https:\/\/www.res-group.com\/pt-br\/#\/schema\/logo\/image\/","url":"https:\/\/www.res-group.com\/wp-content\/uploads\/2023\/05\/header-logo.svg","contentUrl":"https:\/\/www.res-group.com\/wp-content\/uploads\/2023\/05\/header-logo.svg","width":82.634,"height":38,"caption":"RES"},"image":{"@id":"https:\/\/www.res-group.com\/pt-br\/#\/schema\/logo\/image\/"},"sameAs":["https:\/\/x.com\/RESGroup","https:\/\/www.instagram.com\/res_powerforgood","https:\/\/www.linkedin.com\/company\/res-group\/","https:\/\/vimeo.com\/resgroup"]}]}},"_links":{"self":[{"href":"https:\/\/www.res-group.com\/pt-br\/wp-json\/wp\/v2\/pages\/37617","targetHints":{"allow":["GET"]}}],"collection":[{"href":"https:\/\/www.res-group.com\/pt-br\/wp-json\/wp\/v2\/pages"}],"about":[{"href":"https:\/\/www.res-group.com\/pt-br\/wp-json\/wp\/v2\/types\/page"}],"author":[{"embeddable":true,"href":"https:\/\/www.res-group.com\/pt-br\/wp-json\/wp\/v2\/users\/18"}],"replies":[{"embeddable":true,"href":"https:\/\/www.res-group.com\/pt-br\/wp-json\/wp\/v2\/comments?post=37617"}],"version-history":[{"count":0,"href":"https:\/\/www.res-group.com\/pt-br\/wp-json\/wp\/v2\/pages\/37617\/revisions"}],"wp:attachment":[{"href":"https:\/\/www.res-group.com\/pt-br\/wp-json\/wp\/v2\/media?parent=37617"}],"curies":[{"name":"wp","href":"https:\/\/api.w.org\/{rel}","templated":true}]}}