{"id":37615,"date":"2025-07-17T17:11:49","date_gmt":"2025-07-17T16:11:49","guid":{"rendered":"https:\/\/www.res-group.com\/?page_id=37615"},"modified":"2025-07-17T17:31:50","modified_gmt":"2025-07-17T16:31:50","slug":"cookies","status":"publish","type":"page","link":"https:\/\/www.res-group.com\/pt-br\/cookies\/","title":{"rendered":"Cookies"},"content":{"rendered":"\n<h2 class=\"wp-block-heading\" id=\"h-por-que-usamos-cookies\">Por que usamos cookies?<\/h2>\n\n\n\n<p>Usamos cookies por v\u00e1rios motivos. Alguns cookies s\u00e3o necess\u00e1rios por motivos t\u00e9cnicos para que nosso site funcione, e outros nos permitem rastrear e direcionar os interesses dos nossos usu\u00e1rios para melhorar a experi\u00eancia no nosso site. Terceiros tamb\u00e9m podem usar cookies atrav\u00e9s do nosso site para fins publicit\u00e1rios, anal\u00edticos e outros.<\/p>\n\n\n\n<h3 class=\"wp-block-heading\" id=\"h-\"><\/h3>\n\n\n\n<!-- OneTrust Cookies List start -->\n<div id=\"ot-sdk-cookie-policy\"><\/div>\n<!-- OneTrust Cookies List end -->\n","protected":false},"excerpt":{"rendered":"<p>Por que usamos cookies? Usamos cookies por v\u00e1rios motivos. Alguns cookies s\u00e3o necess\u00e1rios por motivos t\u00e9cnicos para que nosso site funcione, e outros nos permitem rastrear e direcionar os interesses dos nossos usu\u00e1rios para melhorar a experi\u00eancia no nosso site. Terceiros tamb\u00e9m podem usar cookies atrav\u00e9s do nosso site para&#8230;<\/p>\n","protected":false},"author":1,"featured_media":0,"parent":0,"menu_order":0,"comment_status":"closed","ping_status":"closed","template":"","meta":{"_acf_changed":false,"footnotes":""},"class_list":["post-37615","page","type-page","status-publish","hentry"],"acf":[],"yoast_head":"<!-- This site is optimized with the Yoast SEO Premium plugin v27.2 (Yoast SEO v27.2) - https:\/\/yoast.com\/product\/yoast-seo-premium-wordpress\/ -->\n<title>Cookies - RES<\/title>\n<meta name=\"robots\" content=\"index, follow, max-snippet:-1, max-image-preview:large, max-video-preview:-1\" \/>\n<link rel=\"canonical\" href=\"https:\/\/www.res-group.com\/pt-br\/cookies\/\" \/>\n<meta property=\"og:locale\" content=\"pt_BR\" \/>\n<meta property=\"og:type\" content=\"article\" \/>\n<meta property=\"og:title\" content=\"Cookies\" \/>\n<meta property=\"og:description\" content=\"Por que usamos cookies? Usamos cookies por v\u00e1rios motivos. Alguns cookies s\u00e3o necess\u00e1rios por motivos t\u00e9cnicos para que nosso site funcione, e outros nos permitem rastrear e direcionar os interesses dos nossos usu\u00e1rios para melhorar a experi\u00eancia no nosso site. Terceiros tamb\u00e9m podem usar cookies atrav\u00e9s do nosso site para...\" \/>\n<meta property=\"og:url\" content=\"https:\/\/www.res-group.com\/pt-br\/cookies\/\" \/>\n<meta property=\"og:site_name\" content=\"RES\" \/>\n<meta property=\"article:modified_time\" content=\"2025-07-17T16:31:50+00:00\" \/>\n<meta name=\"twitter:card\" content=\"summary_large_image\" \/>\n<meta name=\"twitter:site\" content=\"@RESGroup\" \/>\n<meta name=\"twitter:label1\" content=\"Est. reading time\" \/>\n\t<meta name=\"twitter:data1\" content=\"1 minuto\" \/>\n<script type=\"application\/ld+json\" class=\"yoast-schema-graph\">{\"@context\":\"https:\/\/schema.org\",\"@graph\":[{\"@type\":\"WebPage\",\"@id\":\"https:\/\/www.res-group.com\/pt-br\/cookies\/\",\"url\":\"https:\/\/www.res-group.com\/pt-br\/cookies\/\",\"name\":\"Cookies - RES\",\"isPartOf\":{\"@id\":\"https:\/\/www.res-group.com\/pt-br\/#website\"},\"datePublished\":\"2025-07-17T16:11:49+00:00\",\"dateModified\":\"2025-07-17T16:31:50+00:00\",\"breadcrumb\":{\"@id\":\"https:\/\/www.res-group.com\/pt-br\/cookies\/#breadcrumb\"},\"inLanguage\":\"pt-BR\",\"potentialAction\":[{\"@type\":\"ReadAction\",\"target\":[\"https:\/\/www.res-group.com\/pt-br\/cookies\/\"]}]},{\"@type\":\"BreadcrumbList\",\"@id\":\"https:\/\/www.res-group.com\/pt-br\/cookies\/#breadcrumb\",\"itemListElement\":[{\"@type\":\"ListItem\",\"position\":1,\"name\":\"In\u00edcio\",\"item\":\"https:\/\/www.res-group.com\/pt-br\/\"},{\"@type\":\"ListItem\",\"position\":2,\"name\":\"Cookies\"}]},{\"@type\":\"WebSite\",\"@id\":\"https:\/\/www.res-group.com\/pt-br\/#website\",\"url\":\"https:\/\/www.res-group.com\/pt-br\/\",\"name\":\"res-group.com\",\"description\":\"The power behind a clean energy future\",\"publisher\":{\"@id\":\"https:\/\/www.res-group.com\/pt-br\/#organization\"},\"potentialAction\":[{\"@type\":\"SearchAction\",\"target\":{\"@type\":\"EntryPoint\",\"urlTemplate\":\"https:\/\/www.res-group.com\/pt-br\/?s={search_term_string}\"},\"query-input\":{\"@type\":\"PropertyValueSpecification\",\"valueRequired\":true,\"valueName\":\"search_term_string\"}}],\"inLanguage\":\"pt-BR\"},{\"@type\":\"Organization\",\"@id\":\"https:\/\/www.res-group.com\/pt-br\/#organization\",\"name\":\"RES\",\"url\":\"https:\/\/www.res-group.com\/pt-br\/\",\"logo\":{\"@type\":\"ImageObject\",\"inLanguage\":\"pt-BR\",\"@id\":\"https:\/\/www.res-group.com\/pt-br\/#\/schema\/logo\/image\/\",\"url\":\"https:\/\/www.res-group.com\/wp-content\/uploads\/2023\/05\/header-logo.svg\",\"contentUrl\":\"https:\/\/www.res-group.com\/wp-content\/uploads\/2023\/05\/header-logo.svg\",\"width\":82.634,\"height\":38,\"caption\":\"RES\"},\"image\":{\"@id\":\"https:\/\/www.res-group.com\/pt-br\/#\/schema\/logo\/image\/\"},\"sameAs\":[\"https:\/\/x.com\/RESGroup\",\"https:\/\/www.instagram.com\/res_powerforgood\",\"https:\/\/www.linkedin.com\/company\/res-group\/\",\"https:\/\/vimeo.com\/resgroup\"]}]}<\/script>\n<!-- \/ Yoast SEO Premium plugin. -->","yoast_head_json":{"title":"Cookies - RES","robots":{"index":"index","follow":"follow","max-snippet":"max-snippet:-1","max-image-preview":"max-image-preview:large","max-video-preview":"max-video-preview:-1"},"canonical":"https:\/\/www.res-group.com\/pt-br\/cookies\/","og_locale":"pt_BR","og_type":"article","og_title":"Cookies","og_description":"Por que usamos cookies? Usamos cookies por v\u00e1rios motivos. Alguns cookies s\u00e3o necess\u00e1rios por motivos t\u00e9cnicos para que nosso site funcione, e outros nos permitem rastrear e direcionar os interesses dos nossos usu\u00e1rios para melhorar a experi\u00eancia no nosso site. Terceiros tamb\u00e9m podem usar cookies atrav\u00e9s do nosso site para...","og_url":"https:\/\/www.res-group.com\/pt-br\/cookies\/","og_site_name":"RES","article_modified_time":"2025-07-17T16:31:50+00:00","twitter_card":"summary_large_image","twitter_site":"@RESGroup","twitter_misc":{"Est. reading time":"1 minuto"},"schema":{"@context":"https:\/\/schema.org","@graph":[{"@type":"WebPage","@id":"https:\/\/www.res-group.com\/pt-br\/cookies\/","url":"https:\/\/www.res-group.com\/pt-br\/cookies\/","name":"Cookies - RES","isPartOf":{"@id":"https:\/\/www.res-group.com\/pt-br\/#website"},"datePublished":"2025-07-17T16:11:49+00:00","dateModified":"2025-07-17T16:31:50+00:00","breadcrumb":{"@id":"https:\/\/www.res-group.com\/pt-br\/cookies\/#breadcrumb"},"inLanguage":"pt-BR","potentialAction":[{"@type":"ReadAction","target":["https:\/\/www.res-group.com\/pt-br\/cookies\/"]}]},{"@type":"BreadcrumbList","@id":"https:\/\/www.res-group.com\/pt-br\/cookies\/#breadcrumb","itemListElement":[{"@type":"ListItem","position":1,"name":"In\u00edcio","item":"https:\/\/www.res-group.com\/pt-br\/"},{"@type":"ListItem","position":2,"name":"Cookies"}]},{"@type":"WebSite","@id":"https:\/\/www.res-group.com\/pt-br\/#website","url":"https:\/\/www.res-group.com\/pt-br\/","name":"res-group.com","description":"The power behind a clean energy future","publisher":{"@id":"https:\/\/www.res-group.com\/pt-br\/#organization"},"potentialAction":[{"@type":"SearchAction","target":{"@type":"EntryPoint","urlTemplate":"https:\/\/www.res-group.com\/pt-br\/?s={search_term_string}"},"query-input":{"@type":"PropertyValueSpecification","valueRequired":true,"valueName":"search_term_string"}}],"inLanguage":"pt-BR"},{"@type":"Organization","@id":"https:\/\/www.res-group.com\/pt-br\/#organization","name":"RES","url":"https:\/\/www.res-group.com\/pt-br\/","logo":{"@type":"ImageObject","inLanguage":"pt-BR","@id":"https:\/\/www.res-group.com\/pt-br\/#\/schema\/logo\/image\/","url":"https:\/\/www.res-group.com\/wp-content\/uploads\/2023\/05\/header-logo.svg","contentUrl":"https:\/\/www.res-group.com\/wp-content\/uploads\/2023\/05\/header-logo.svg","width":82.634,"height":38,"caption":"RES"},"image":{"@id":"https:\/\/www.res-group.com\/pt-br\/#\/schema\/logo\/image\/"},"sameAs":["https:\/\/x.com\/RESGroup","https:\/\/www.instagram.com\/res_powerforgood","https:\/\/www.linkedin.com\/company\/res-group\/","https:\/\/vimeo.com\/resgroup"]}]}},"_links":{"self":[{"href":"https:\/\/www.res-group.com\/pt-br\/wp-json\/wp\/v2\/pages\/37615","targetHints":{"allow":["GET"]}}],"collection":[{"href":"https:\/\/www.res-group.com\/pt-br\/wp-json\/wp\/v2\/pages"}],"about":[{"href":"https:\/\/www.res-group.com\/pt-br\/wp-json\/wp\/v2\/types\/page"}],"author":[{"embeddable":true,"href":"https:\/\/www.res-group.com\/pt-br\/wp-json\/wp\/v2\/users\/1"}],"replies":[{"embeddable":true,"href":"https:\/\/www.res-group.com\/pt-br\/wp-json\/wp\/v2\/comments?post=37615"}],"version-history":[{"count":0,"href":"https:\/\/www.res-group.com\/pt-br\/wp-json\/wp\/v2\/pages\/37615\/revisions"}],"wp:attachment":[{"href":"https:\/\/www.res-group.com\/pt-br\/wp-json\/wp\/v2\/media?parent=37615"}],"curies":[{"name":"wp","href":"https:\/\/api.w.org\/{rel}","templated":true}]}}