{"id":31119,"date":"2025-01-20T06:37:19","date_gmt":"2025-01-20T06:37:19","guid":{"rendered":"https:\/\/www.res-group.com\/regulatory-documents\/"},"modified":"2026-04-02T15:10:51","modified_gmt":"2026-04-02T14:10:51","slug":"regulatory-documents","status":"publish","type":"page","link":"https:\/\/www.res-group.com\/no\/regulatory-documents\/","title":{"rendered":"Regulatoriske dokumenter"},"content":{"rendered":"\n<ul class=\"wp-block-list\">\n<li><a href=\"https:\/\/www.res-group.com\/no\/regulatory-documents\/#regulatory\"><strong>Regulatoriske dokumenter<\/strong><\/a><\/li>\n\n\n\n<li><a href=\"https:\/\/www.res-group.com\/no\/regulatory-documents\/#gender\"><strong>L\u00f8nn for kvinner og menn<\/strong><\/a><\/li>\n\n\n\n<li><a href=\"https:\/\/www.res-group.com\/no\/regulatory-documents\/#tax\"><strong>Skattestrategi<\/strong><\/a><\/li>\n\n\n\n<li><a href=\"https:\/\/www.res-group.com\/no\/regulatory-documents\/#bprn\"><strong>BPRN<\/strong><\/a><\/li>\n\n\n\n<li><a href=\"https:\/\/www.res-group.com\/no\/regulatory-documents\/#asset\"><strong>Retningslinjer for kapitalforvaltning i UK&amp;I<\/strong><\/a><\/li>\n\n\n\n<li><strong><a href=\"#globalcodeofconduct\">Globale retningslinjer for atferd<\/a><\/strong><\/li>\n\n\n\n<li><strong>Regulatoriske dokumenter<\/strong><\/li>\n<\/ul>\n\n\n\n<p>Erkl\u00e6ring om bevaring av rekreasjonsomr\u00e5der i henhold til <a>Schedule 9 i Electricity Act 1989<\/a><a href=\"#_msocom_1\">[GE1]<\/a>&nbsp;<\/p>\n\n\n\n<ul class=\"wp-block-list\">\n<li><strong>Innledning<\/strong><\/li>\n<\/ul>\n\n\n\n<p>En rekke selskaper i RES Group har konsesjon for produksjon av elektrisitet og er i henhold til <a>Schedule 9 i The Electricity Act 1989 <\/a><a href=\"#_msocom_2\">[GE2]<\/a>&nbsp;forpliktet til \u00e5 ta hensyn til bevaring av rekreasjonsomr\u00e5der. Erkl\u00e6ringen som f\u00f8lger, forklarer hvordan vi vil utf\u00f8re v\u00e5re plikter i henhold til forordningen. Dette inneb\u00e6rer at den aktuelle konsesjonsinnehaveren m\u00e5 ta hensyn til virkningene forslagene vil ha p\u00e5 landskapets naturskj\u00f8nnhet, p\u00e5 flora, fauna, bygninger eller gjenstander av historisk interesse og steder og strukturer av arkeologisk interesse. Det kreves ogs\u00e5 at det iverksettes tiltak for \u00e5 redusere virkningene p\u00e5 allmennheten.<\/p>\n\n\n\n<ul class=\"wp-block-list\">\n<li><strong>Lovfestede krav<\/strong><\/li>\n<\/ul>\n\n\n\n<p><a><\/a><a href=\"https:\/\/www.legislation.gov.uk\/ukpga\/1989\/29\/schedule\/9\"><strong>Elektrisitetsloven fra 1989 (med endringer)<\/strong><\/a> p\u00e5legger en konsesjonsinnehaver eller en person som er autorisert til \u00e5 produsere elektrisitet, \u00e5 ta hensyn til bevaring av rekreasjons- og fiskerimuligheter (alt etter hva som er aktuelt) i henhold til Schedule 9.<a href=\"#_msocom_3\">[GE3]<\/a>&nbsp;<\/p>\n\n\n\n<ul class=\"wp-block-list\">\n<li><strong>Milj\u00f8vurdering<\/strong><\/li>\n<\/ul>\n\n\n\n<p>En milj\u00f8vurdering vil bli utf\u00f8rt i samsvar med relevant lovgivning f\u00f8r det utarbeides forslag til underjordiske eller luftledninger som RES designer og installerer for RES-prosjekter.<\/p>\n\n\n\n<ul class=\"wp-block-list\">\n<li><strong>S\u00f8ke \u00e5 minimere virkningen av infrastruktur<\/strong><\/li>\n<\/ul>\n\n\n\n<p>Vi vil fors\u00f8ke \u00e5 minimere virkningene av infrastrukturen p\u00e5 frilufts- og rekreasjonsomr\u00e5der. Der det er sannsynlig at arbeidene vil ha en negativ innvirkning p\u00e5 rekreasjonsomr\u00e5dene, vil vi utf\u00f8re aktivitetene v\u00e5re p\u00e5 en slik m\u00e5te at innvirkningen av disse aktivitetene reduseres til et praktisk minimum.<\/p>\n\n\n\n<ul class=\"wp-block-list\">\n<li><strong>Revisjoner og overholdelse av planleggingsvilk\u00e5r<\/strong><\/li>\n<\/ul>\n\n\n\n<p>Vi vil gjennomf\u00f8re helse-, sikkerhets- og milj\u00f8revisjoner i samsvar med selskapets standard, og vi vil fortsette \u00e5 overholde planleggingsbetingelsene i hele prosjektets levetid.<\/p>\n\n\n\n<ul class=\"wp-block-list\">\n<li><strong>Oppl\u00e6ring og bevissthet<\/strong><\/li>\n<\/ul>\n\n\n\n<p>Vi vil fremme milj\u00f8bevissthet blant de ansatte gjennom hensiktsmessig oppl\u00e6ring og informasjonsspredning. Vi vil ogs\u00e5 gj\u00f8re entrepren\u00f8rer oppmerksomme p\u00e5 de relevante delene av denne erkl\u00e6ringen.<\/p>\n\n\n\n<ul class=\"wp-block-list\">\n<li><strong>Gjennomgang<\/strong><\/li>\n<\/ul>\n\n\n\n<p>Vi har til hensikt \u00e5 gjennomg\u00e5 v\u00e5r Schedule 9-erkl\u00e6ring hvert femte \u00e5r eller etter st\u00f8rre endringer i lovgivningen eller virksomheten v\u00e5r. Der det er hensiktsmessig, vil vi r\u00e5df\u00f8re oss med relevante interessenter i l\u00f8pet av gjennomgangsprosessen.<\/p>\n\n\n\n<ul class=\"wp-block-list\">\n<li><strong>Likel\u00f8nn mellom kj\u00f8nnene<\/strong><\/li>\n<\/ul>\n\n\n\n<p>I RES trenger vi en mangfoldig arbeidsstyrke der alle bel\u00f8nnes rettferdig for det de gj\u00f8r og det bidraget de gir til \u00e5 oppfylle v\u00e5r visjon. Vi st\u00f8tter fullt ut den britiske regjeringens krav om at selskaper med over 250 ansatte skal offentliggj\u00f8re \u00e5rlige rapporter om l\u00f8nnsgapet mellom kvinner og menn.<\/p>\n\n\n\n<ul class=\"wp-block-list\">\n<li><a href=\"https:\/\/www.res-group.com\/wp-content\/uploads\/2023\/08\/genderpaygapreport2022.pdf\"><strong>Rapport om l\u00f8nnsgapet mellom kj\u00f8nnene 2022<\/strong><\/a><\/li>\n<\/ul>\n\n\n\n<p>Du finner v\u00e5re tidligere rapporter om l\u00f8nnsgapet mellom kvinner og menn p\u00e5 den britiske regjeringens nettsted: <a href=\"https:\/\/www.gov.uk\/find-gender-pay-gap-data\"><strong>https:\/\/www.gov.uk\/find-gender-pay-gap-data<\/strong><\/a><\/p>\n\n\n\n<ul class=\"wp-block-list\">\n<li><strong>Skattestrategi<\/strong><\/li>\n<\/ul>\n\n\n\n<p>Dette dokumentet beskriver retningslinjene og tiln\u00e6rmingen som Renewable Energy Systems Holdings Limited og dets konsern (\u00abRES-konsernet\u00bb) har valgt for \u00e5 h\u00e5ndtere skatteforhold og skatterisiko. Dette dokumentet er godkjent av konsernets representantskap i august 2023 som konsernets skattestrategi. Den vil bli gjennomg\u00e5tt med jevne mellomrom, og eventuelle endringer vil bli godkjent av styret.<\/p>\n\n\n\n<ul class=\"wp-block-list\">\n<li><strong>V\u00e5r virksomhet<\/strong><\/li>\n<\/ul>\n\n\n\n<p>RES Group er en etablert familieeid bedrift som har drevet virksomhet innen fornybar energi i over 40 \u00e5r, og som har spesialisert seg p\u00e5 utvikling, bygging, forvaltning og drift av fornybare energiprosjekter i stor skala, inkludert vind, sol, energilagring og kraftoverf\u00f8ring. I l\u00f8pet av denne tiden har RES Group opparbeidet seg et utmerket rykte for \u00e5 holde de h\u00f8yeste kvalitetsstandardene, og vi er fortsatt forpliktet til \u00e5 oppfylle v\u00e5rt ansvar overfor lokalsamfunnene og milj\u00f8ene der vi driver virksomhet.<\/p>\n\n\n\n<p>Eierstrukturen har gitt en lang periode med stabilitet i selskapet, og har gjort det mulig for konsernet \u00e5 fokusere p\u00e5 \u00e5 generere overskudd gjennom kjernevirksomheten og ansvarlig forretningspraksis, i stedet for kortsiktig og ensidig fokus p\u00e5 profittmaksimering.<\/p>\n\n\n\n<p>Teamarbeid, samarbeid og gjensidig respekt er kjernen i forretningskulturen v\u00e5r. Vi er stolte av jobben vi gj\u00f8r og er overbevist om viktigheten av \u00e5 v\u00e6re ansvarlig og gj\u00f8re det rette.<\/p>\n\n\n\n<p>Disse faktorene har bidratt til \u00e5 forme konsernets tiln\u00e6rming til selskapsstyring og risikostyring, som igjen er forankret i konsernets skattepolitikk og tiln\u00e6rming til h\u00e5ndtering av skatterisiko.<\/p>\n\n\n\n<ul class=\"wp-block-list\">\n<li><strong>Konsernets skattepolitikk<\/strong><\/li>\n<\/ul>\n\n\n\n<p>RES Group opererer globalt og driver byggevirksomhet som utvikling, bygging og eiendomsforvaltning gjennom lokale enheter. Uansett hvor RES Group opererer, forplikter konsernet seg til \u00e5 overholde alle relevante lover og regler i det aktuelle territoriet.<\/p>\n\n\n\n<p>Konsernets skatterisikostrategi er i tr\u00e5d med konsernets strategi for selskapsstyring og risikostyring, og er fokusert rundt fem hovedomr\u00e5der:<\/p>\n\n\n\n<ul class=\"wp-block-list\">\n<li>Integritet i etterlevelse og rapportering<\/li>\n\n\n\n<li>Ansvarlig forretningspraksis<\/li>\n\n\n\n<li>Investering i v\u00e5re medarbeidere og utvikling av kompetanse<\/li>\n\n\n\n<li>Kontrollere og h\u00e5ndtere risiko<\/li>\n\n\n\n<li>Opprettholde v\u00e5rt omd\u00f8mme.<\/li>\n<\/ul>\n\n\n\n<p>V\u00e5r tiln\u00e6rming til konsernets virksomhet er i samsvar med HMRCs rammeverk for kooperativ etterlevelse og er i tr\u00e5d med OECDs retningslinjer for multinasjonale selskaper om ansvarlig forretningsatferd.<\/p>\n\n\n\n<ul class=\"wp-block-list\">\n<li><strong>Beskatning i Storbritannia<\/strong><\/li>\n<\/ul>\n\n\n\n<p>RES-konsernet er fortsatt forpliktet til \u00e5 h\u00e5ndtere sine skatteforhold og skatterisiko p\u00e5 en ansvarlig m\u00e5te, sammenfattet i f\u00f8lgende punkter:<\/p>\n\n\n\n<ul class=\"wp-block-list\">\n<li>Sikre samsvar med konsernets strategi.<\/li>\n\n\n\n<li>Overv\u00e5king av n\u00f8kkelrisikoer gjennom periodiske m\u00f8ter der de ansvarlige for de ulike skatteomr\u00e5dene deltar.<\/li>\n\n\n\n<li>Overholdelse av alle rapporteringskrav i tide og fullt ut, inkludert innlevering av alle selvangivelser innen de lovbestemte fristene.<\/li>\n\n\n\n<li>Investere i medarbeiderne v\u00e5re og utvikle deres kompetanse ved \u00e5 gi dem veiledning i skatterelaterte sp\u00f8rsm\u00e5l og oppmuntre\/st\u00f8tte dem i deres tekniske og faglige utvikling.<\/li>\n\n\n\n<li>Tolke de relevante lovene p\u00e5 en lovlig m\u00e5te og strukturere transaksjoner p\u00e5 <em>et<\/em> reelt grunnlag ved hjelp av kommersiell rasjonalitet og gjenspeile \u00f8konomiske konsekvenser, i motsetning til kunstige transaksjoner der hovedform\u00e5let er \u00e5 oppn\u00e5 en skattefordel.<\/li>\n\n\n\n<li>Innhenting av ekstern r\u00e5dgivning der det er n\u00f8dvendig for \u00e5 underbygge standpunktene vi inntar i skatteoppgavene v\u00e5re, og for \u00e5 sikre etterlevelse.<\/li>\n\n\n\n<li><strong>Tiln\u00e6rming til risiko og holdning til skatteplanlegging<\/strong><\/li>\n<\/ul>\n\n\n\n<p>RES-konsernet har en sterk tro p\u00e5 at det skal betale de skattebel\u00f8pene som er lovp\u00e5lagt i Storbritannia og i alle andre land der vi har virksomhet. Transaksjoner struktureres p\u00e5 grunnlag av kommersielle og forretningsmessige begrunnelser, og ikke p\u00e5 et kunstig grunnlag eller med det form\u00e5l \u00e5 skape et urimelig skattemessig resultat.<\/p>\n\n\n\n<p>Der det finnes lettelser og insentiver som gir legitime skattefordeler, vil konsernet fors\u00f8ke \u00e5 benytte seg av disse for \u00e5 skape verdi for interessentene.<\/p>\n\n\n\n<p>Det kan forekomme tilfeller der alternative tiln\u00e6rminger er tillatt, eller uklarheter kan f\u00f8re til ulike tolkninger og i siste instans til ulike skattemessige resultater. Ettersom RES-konsernet er forpliktet til \u00e5 opptre med integritet i sin etterlevelse og rapportering, vil ledelsen bruke sin d\u00f8mmekraft til \u00e5 avgj\u00f8re hvilket alternativ som er mest hensiktsmessig, med hensyn til de politiske m\u00e5lene til den lovgivende regjeringen.<\/p>\n\n\n\n<ul class=\"wp-block-list\">\n<li><strong>Tiln\u00e6rming til forholdet til <a>HMRC<\/a><\/strong><a href=\"#_msocom_4\">[GE4]<\/a>&nbsp;<\/li>\n<\/ul>\n\n\n\n<p>RES-konsernet er forpliktet til \u00e5 overholde f\u00f8lgende i all sin omgang med HMRC:<\/p>\n\n\n\n<ul class=\"wp-block-list\">\n<li>Operere innenfor et rammeverk av \u00e5penhet, tillit og transparens.<\/li>\n\n\n\n<li>Opprettholde v\u00e5rt samarbeid og profesjonelle forhold.<\/li>\n\n\n\n<li>Utf\u00f8re all kommunikasjon p\u00e5 en h\u00f8flig m\u00e5te som opprettholder v\u00e5r gjensidige respekt og f\u00f8lger avtalte prosedyrer.<\/li>\n\n\n\n<li>\u00c5 dele informasjon med HMRC i tide i forbindelse med beslutningstaking, forretningsaktiviteter, resultater, viktige utviklingstrekk og skatteplanlegging.<\/li>\n\n\n\n<li><a><strong>BPRN<\/strong><\/a><a href=\"#_msocom_5\">[GE5]<\/a>&nbsp;<\/li>\n<\/ul>\n\n\n\n<p>Som import\u00f8r og dermed produsent av industribatterier i henhold til <em>Waste Batteries and Accumulators Regulations 2009<\/em> produserer vi i Renewable Energy Systems (Northern Ireland) Limited litiumionbatterier (NMC). Vi er forpliktet til \u00e5 ta tilbake gratis industribatterier av samme type og kjemi som leveres til en sluttbruker, for behandling og resirkulering. Vi er forpliktet til \u00e5 gj\u00f8re dette i l\u00f8pet av hvert kalender\u00e5r vi markedsf\u00f8rer nye industribatterier.<\/p>\n\n\n\n<p>Hvis noen av v\u00e5re kunder, eller i visse tilfeller andre sluttbrukere, krever at vi tar tilbake industribatterier, m\u00e5 de kontakte oss p\u00e5 <a>01923 299 200<\/a><a href=\"#_msocom_6\">[GE6]<\/a>&nbsp;. Vi vil da avtale de n\u00f8dvendige ordningene for retur, riktig behandling og resirkulering av de kasserte industribatteriene.<\/p>\n\n\n\n<ul class=\"wp-block-list\">\n<li><strong>Retningslinjer for forvaltning av eiendeler i UK&amp;I<\/strong><\/li>\n<\/ul>\n\n\n\n<p>RES tilbyr et bredt spekter av tjenester innen kapitalforvaltning til kunder som krever eierskap og ansvarlig forvaltning av drift og vedlikehold av fysiske eiendeler. Denne policyen bygger p\u00e5 organisasjonens m\u00e5l om \u00e5 sikre at eiendelene v\u00e5re forvaltes p\u00e5 en m\u00e5te som maksimerer fordelene, reduserer risikoen og gir kundene tilfredsstillende serviceniv\u00e5er p\u00e5 en sikker og b\u00e6rekraftig m\u00e5te. <a href=\"https:\/\/www.res-group.com\/wp-content\/uploads\/2023\/08\/uki-asset-management-policy.pdf\"><strong>Les hele policyen her<\/strong><\/a>.<\/p>\n\n\n\n<a class=\"anchor\" id=\"globalcodeofconduct\"><\/a>\n\n\n\n<ul class=\"wp-block-list\">\n<li><strong>Globale retningslinjer for atferd<\/strong><\/li>\n<\/ul>\n\n\n\n<p>Vi er opptatt av \u00e5 drive virksomheten p\u00e5 en sikker, ansvarlig og integritetsfull m\u00e5te. V\u00e5r atferdskodeks fastsetter de atferdsstandardene vi forventer av v\u00e5re medarbeidere, og gjenspeiler v\u00e5re verdier, v\u00e5r kultur og v\u00e5rt engasjement for \u00e5 opptre etisk uansett hvor vi driver virksomhet.<\/p>\n\n\n\n<p><a href=\"https:\/\/www.res-group.com\/code-of-conduct\/\"><a href=\"https:\/\/www.res-group.com\/code-of-conduct\/\">Les hele retningslinjene p\u00e5 flere spr\u00e5k her<\/a><\/a><a id=\"_msocom_1\"><\/a><\/p>\n","protected":false},"excerpt":{"rendered":"<p>Erkl\u00e6ring om bevaring av rekreasjonsomr\u00e5der i henhold til Schedule 9 i Electricity Act 1989[GE1]&nbsp; En rekke selskaper i RES Group har konsesjon for produksjon av elektrisitet og er i henhold til Schedule 9 i The Electricity Act 1989 [GE2]&nbsp;forpliktet til \u00e5 ta hensyn til bevaring av rekreasjonsomr\u00e5der. Erkl\u00e6ringen som f\u00f8lger,&#8230;<\/p>\n","protected":false},"author":18,"featured_media":0,"parent":0,"menu_order":0,"comment_status":"closed","ping_status":"closed","template":"","meta":{"_acf_changed":false,"footnotes":""},"class_list":["post-31119","page","type-page","status-publish","hentry"],"acf":[],"yoast_head":"<!-- This site is optimized with the Yoast SEO Premium plugin v27.2 (Yoast SEO v27.2) - https:\/\/yoast.com\/product\/yoast-seo-premium-wordpress\/ -->\n<title>Regulatoriske dokumenter - RES<\/title>\n<meta name=\"robots\" content=\"index, follow, max-snippet:-1, max-image-preview:large, max-video-preview:-1\" \/>\n<link rel=\"canonical\" href=\"https:\/\/www.res-group.com\/no\/regulatory-documents\/\" \/>\n<meta property=\"og:locale\" content=\"nb_NO\" \/>\n<meta property=\"og:type\" content=\"article\" \/>\n<meta property=\"og:title\" content=\"Regulatoriske dokumenter\" \/>\n<meta property=\"og:description\" content=\"Erkl\u00e6ring om bevaring av rekreasjonsomr\u00e5der i henhold til Schedule 9 i Electricity Act 1989[GE1]&nbsp; En rekke selskaper i RES Group har konsesjon for produksjon av elektrisitet og er i henhold til Schedule 9 i The Electricity Act 1989 [GE2]&nbsp;forpliktet til \u00e5 ta hensyn til bevaring av rekreasjonsomr\u00e5der. Erkl\u00e6ringen som f\u00f8lger,...\" \/>\n<meta property=\"og:url\" content=\"https:\/\/www.res-group.com\/no\/regulatory-documents\/\" \/>\n<meta property=\"og:site_name\" content=\"RES\" \/>\n<meta property=\"article:modified_time\" content=\"2026-04-02T14:10:51+00:00\" \/>\n<meta name=\"twitter:card\" content=\"summary_large_image\" \/>\n<meta name=\"twitter:site\" content=\"@RESGroup\" \/>\n<meta name=\"twitter:label1\" content=\"Est. reading time\" \/>\n\t<meta name=\"twitter:data1\" content=\"6 minutter\" \/>\n<script type=\"application\/ld+json\" class=\"yoast-schema-graph\">{\"@context\":\"https:\/\/schema.org\",\"@graph\":[{\"@type\":\"WebPage\",\"@id\":\"https:\/\/www.res-group.com\/no\/regulatory-documents\/\",\"url\":\"https:\/\/www.res-group.com\/no\/regulatory-documents\/\",\"name\":\"Regulatoriske dokumenter - RES\",\"isPartOf\":{\"@id\":\"https:\/\/www.res-group.com\/no\/#website\"},\"datePublished\":\"2025-01-20T06:37:19+00:00\",\"dateModified\":\"2026-04-02T14:10:51+00:00\",\"breadcrumb\":{\"@id\":\"https:\/\/www.res-group.com\/no\/regulatory-documents\/#breadcrumb\"},\"inLanguage\":\"nb-NO\",\"potentialAction\":[{\"@type\":\"ReadAction\",\"target\":[\"https:\/\/www.res-group.com\/no\/regulatory-documents\/\"]}]},{\"@type\":\"BreadcrumbList\",\"@id\":\"https:\/\/www.res-group.com\/no\/regulatory-documents\/#breadcrumb\",\"itemListElement\":[{\"@type\":\"ListItem\",\"position\":1,\"name\":\"Hjem\",\"item\":\"https:\/\/www.res-group.com\/no\/\"},{\"@type\":\"ListItem\",\"position\":2,\"name\":\"Regulatoriske dokumenter\"}]},{\"@type\":\"WebSite\",\"@id\":\"https:\/\/www.res-group.com\/no\/#website\",\"url\":\"https:\/\/www.res-group.com\/no\/\",\"name\":\"res-group.com\",\"description\":\"The power behind a clean energy future\",\"publisher\":{\"@id\":\"https:\/\/www.res-group.com\/no\/#organization\"},\"potentialAction\":[{\"@type\":\"SearchAction\",\"target\":{\"@type\":\"EntryPoint\",\"urlTemplate\":\"https:\/\/www.res-group.com\/no\/?s={search_term_string}\"},\"query-input\":{\"@type\":\"PropertyValueSpecification\",\"valueRequired\":true,\"valueName\":\"search_term_string\"}}],\"inLanguage\":\"nb-NO\"},{\"@type\":\"Organization\",\"@id\":\"https:\/\/www.res-group.com\/no\/#organization\",\"name\":\"RES\",\"url\":\"https:\/\/www.res-group.com\/no\/\",\"logo\":{\"@type\":\"ImageObject\",\"inLanguage\":\"nb-NO\",\"@id\":\"https:\/\/www.res-group.com\/no\/#\/schema\/logo\/image\/\",\"url\":\"https:\/\/www.res-group.com\/wp-content\/uploads\/2023\/05\/header-logo.svg\",\"contentUrl\":\"https:\/\/www.res-group.com\/wp-content\/uploads\/2023\/05\/header-logo.svg\",\"width\":82.634,\"height\":38,\"caption\":\"RES\"},\"image\":{\"@id\":\"https:\/\/www.res-group.com\/no\/#\/schema\/logo\/image\/\"},\"sameAs\":[\"https:\/\/x.com\/RESGroup\",\"https:\/\/www.instagram.com\/res_powerforgood\",\"https:\/\/www.linkedin.com\/company\/res-group\/\",\"https:\/\/vimeo.com\/resgroup\"]}]}<\/script>\n<!-- \/ Yoast SEO Premium plugin. -->","yoast_head_json":{"title":"Regulatoriske dokumenter - RES","robots":{"index":"index","follow":"follow","max-snippet":"max-snippet:-1","max-image-preview":"max-image-preview:large","max-video-preview":"max-video-preview:-1"},"canonical":"https:\/\/www.res-group.com\/no\/regulatory-documents\/","og_locale":"nb_NO","og_type":"article","og_title":"Regulatoriske dokumenter","og_description":"Erkl\u00e6ring om bevaring av rekreasjonsomr\u00e5der i henhold til Schedule 9 i Electricity Act 1989[GE1]&nbsp; En rekke selskaper i RES Group har konsesjon for produksjon av elektrisitet og er i henhold til Schedule 9 i The Electricity Act 1989 [GE2]&nbsp;forpliktet til \u00e5 ta hensyn til bevaring av rekreasjonsomr\u00e5der. Erkl\u00e6ringen som f\u00f8lger,...","og_url":"https:\/\/www.res-group.com\/no\/regulatory-documents\/","og_site_name":"RES","article_modified_time":"2026-04-02T14:10:51+00:00","twitter_card":"summary_large_image","twitter_site":"@RESGroup","twitter_misc":{"Est. reading time":"6 minutter"},"schema":{"@context":"https:\/\/schema.org","@graph":[{"@type":"WebPage","@id":"https:\/\/www.res-group.com\/no\/regulatory-documents\/","url":"https:\/\/www.res-group.com\/no\/regulatory-documents\/","name":"Regulatoriske dokumenter - RES","isPartOf":{"@id":"https:\/\/www.res-group.com\/no\/#website"},"datePublished":"2025-01-20T06:37:19+00:00","dateModified":"2026-04-02T14:10:51+00:00","breadcrumb":{"@id":"https:\/\/www.res-group.com\/no\/regulatory-documents\/#breadcrumb"},"inLanguage":"nb-NO","potentialAction":[{"@type":"ReadAction","target":["https:\/\/www.res-group.com\/no\/regulatory-documents\/"]}]},{"@type":"BreadcrumbList","@id":"https:\/\/www.res-group.com\/no\/regulatory-documents\/#breadcrumb","itemListElement":[{"@type":"ListItem","position":1,"name":"Hjem","item":"https:\/\/www.res-group.com\/no\/"},{"@type":"ListItem","position":2,"name":"Regulatoriske dokumenter"}]},{"@type":"WebSite","@id":"https:\/\/www.res-group.com\/no\/#website","url":"https:\/\/www.res-group.com\/no\/","name":"res-group.com","description":"The power behind a clean energy future","publisher":{"@id":"https:\/\/www.res-group.com\/no\/#organization"},"potentialAction":[{"@type":"SearchAction","target":{"@type":"EntryPoint","urlTemplate":"https:\/\/www.res-group.com\/no\/?s={search_term_string}"},"query-input":{"@type":"PropertyValueSpecification","valueRequired":true,"valueName":"search_term_string"}}],"inLanguage":"nb-NO"},{"@type":"Organization","@id":"https:\/\/www.res-group.com\/no\/#organization","name":"RES","url":"https:\/\/www.res-group.com\/no\/","logo":{"@type":"ImageObject","inLanguage":"nb-NO","@id":"https:\/\/www.res-group.com\/no\/#\/schema\/logo\/image\/","url":"https:\/\/www.res-group.com\/wp-content\/uploads\/2023\/05\/header-logo.svg","contentUrl":"https:\/\/www.res-group.com\/wp-content\/uploads\/2023\/05\/header-logo.svg","width":82.634,"height":38,"caption":"RES"},"image":{"@id":"https:\/\/www.res-group.com\/no\/#\/schema\/logo\/image\/"},"sameAs":["https:\/\/x.com\/RESGroup","https:\/\/www.instagram.com\/res_powerforgood","https:\/\/www.linkedin.com\/company\/res-group\/","https:\/\/vimeo.com\/resgroup"]}]}},"_links":{"self":[{"href":"https:\/\/www.res-group.com\/no\/wp-json\/wp\/v2\/pages\/31119","targetHints":{"allow":["GET"]}}],"collection":[{"href":"https:\/\/www.res-group.com\/no\/wp-json\/wp\/v2\/pages"}],"about":[{"href":"https:\/\/www.res-group.com\/no\/wp-json\/wp\/v2\/types\/page"}],"author":[{"embeddable":true,"href":"https:\/\/www.res-group.com\/no\/wp-json\/wp\/v2\/users\/18"}],"replies":[{"embeddable":true,"href":"https:\/\/www.res-group.com\/no\/wp-json\/wp\/v2\/comments?post=31119"}],"version-history":[{"count":2,"href":"https:\/\/www.res-group.com\/no\/wp-json\/wp\/v2\/pages\/31119\/revisions"}],"predecessor-version":[{"id":44689,"href":"https:\/\/www.res-group.com\/no\/wp-json\/wp\/v2\/pages\/31119\/revisions\/44689"}],"wp:attachment":[{"href":"https:\/\/www.res-group.com\/no\/wp-json\/wp\/v2\/media?parent=31119"}],"curies":[{"name":"wp","href":"https:\/\/api.w.org\/{rel}","templated":true}]}}