{"id":31112,"date":"2025-01-20T06:12:07","date_gmt":"2025-01-20T06:12:07","guid":{"rendered":"https:\/\/www.res-group.com\/?page_id=31112"},"modified":"2025-02-19T17:24:34","modified_gmt":"2025-02-19T17:24:34","slug":"modern-slavery","status":"publish","type":"page","link":"https:\/\/www.res-group.com\/no\/modern-slavery\/","title":{"rendered":"Moderne slaveri"},"content":{"rendered":"\n<p><strong>Modern Slavery Act 2015 \u2013 Slavery and Human Trafficking Statement<\/strong><\/p>\n\n\n\n<p>Modern Slavery Act 2015 &#8211; Erkl\u00e6ring om slaveri og menneskehandel<br>Vi er et globalt selskap som utvikler, bygger og drifter fornybare energiprosjekter og infrastruktur. V\u00e5rt morselskap er RES Group (\u00abRES\u00bb). Selskapet har hovedkontor i Storbritannia og driver virksomhet i 14 land, der hvert land ledes av en landansvarlig med innspill fra RES Groups toppledelse.<\/p>\n\n\n\n<p>De grunnleggende prinsippene i Modern Slavery Act 2015 (\u00abMSA\u00bb) er i tr\u00e5d med organisasjonens verdier, og styret st\u00f8tter prinsippene i MSA i v\u00e5r forretningspraksis. RES&#8217; retningslinjer for innkj\u00f8p tar hensyn til prinsippene bak relevante globale initiativer, inkludert FNs Global Compact og Ethical Trading Initiative Base Code. Denne erkl\u00e6ringen vil fungere som et utgangspunkt for v\u00e5r forpliktelse til \u00e5 sikre at moderne slaveri ikke eksisterer i leverand\u00f8rkjeden v\u00e5r.<\/p>\n\n\n\n<p>RES har nylig sluttet seg til FNs Global Compact (UNGC) for \u00e5 styrke sin forpliktelse til b\u00e6rekraftig forretningspraksis.<\/p>\n\n\n\n<p>RES samarbeider med en bred leverand\u00f8rkjede, inkludert produsenter av spesialutstyr. Vi mener at leverand\u00f8rene v\u00e5re b\u00f8r arbeide for \u00e5 sikre at moderne slaveri ikke forekommer. Dette omfatter ogs\u00e5 v\u00e5re leverand\u00f8rers underleverand\u00f8rer, som kan bruke midlertidig ansatte og innleide medarbeidere.<br>RES gjennomg\u00e5r med jevne mellomrom risikoen knyttet til moderne slaveri og har fokusert p\u00e5 store leverand\u00f8rer med et globalt produksjonsavtrykk, for eksempel leverand\u00f8rer av vindturbiner og elektrisk utstyr til v\u00e5re prosjekter. Vi har gjennomg\u00e5tt sp\u00f8rsm\u00e5let om moderne slaveri med noen av v\u00e5re n\u00e6rmeste samarbeidspartnere i denne sektoren, og noen av dem har blant annet gjennomf\u00f8rt f\u00f8lgende tiltak:<\/p>\n\n\n\n<ul class=\"wp-block-list\">\n<li>Medlemskap i FNs Global Compact<\/li>\n\n\n\n<li>Offentliggj\u00f8ring av retningslinjer for menneskerettigheter<\/li>\n\n\n\n<li>Etablering av b\u00e6rekraftskomiteer, etiske retningslinjer og kommunikasjonsveier for ansatte som spesifikt omhandler forretningsetikk<\/li>\n\n\n\n<li>Gjennomf\u00f8ring av sosiale og milj\u00f8messige aktsomhetsvurderinger av prosjekter<\/li>\n\n\n\n<li>Implementering av et system for ansvarlig leverand\u00f8rkjedestyring, som omfatter etiske retningslinjer for leverand\u00f8rer, overv\u00e5king av leverand\u00f8rene, revisjoner og oppf\u00f8lging.<\/li>\n<\/ul>\n\n\n\n<p>N\u00e5r vi vurderer risikoen i forbindelse med moderne slaveri, samarbeider vi med leverand\u00f8rer av st\u00f8rre utstyr for \u00e5 identifisere eventuelle komponenter som produseres eller kj\u00f8pes inn fra land som kan anses \u00e5 ha h\u00f8yere risiko (med henvisning til den siste utgaven av The Global Slavery Index). Vi har identifisert at de aller fleste av RES&#8217; prosjektutviklings-, konstruksjons- og driftsaktiviteter foreg\u00e5r i land som anses \u00e5 ha relativt lav risiko, og vi foretar de ovennevnte tiltakene n\u00e5r det gjelder aktivitetene i leverand\u00f8rkjeden v\u00e5r.<br>RES har publisert en veiledning til de ansatte om hvordan de skal ta opp bekymringer om forretningsetikk og varsling, og forplikter seg til \u00e5 h\u00e5ndtere disse p\u00e5 en effektiv m\u00e5te. Retningslinjer for b\u00e6rekraftige innkj\u00f8p og moderne slaveri er ogs\u00e5 tilgjengelig for alle ansatte p\u00e5 selskapets intranett.<\/p>\n\n\n\n<p>Denne erkl\u00e6ringen er godkjent av styret i Renewable Energy Systems Limited (p\u00e5 vegne av alle andre selskaper i RES). Innholdet i denne erkl\u00e6ringen har ogs\u00e5 blitt delt med andre relevante interne interessenter.<\/p>\n\n\n\n<p>Denne erkl\u00e6ringen er avgitt i henhold til paragraf 54(1) i MSA og utgj\u00f8r RES&#8217; erkl\u00e6ring om slaveri og menneskehandel for regnskaps\u00e5ret som avsluttes 31. oktober 2022.<\/p>\n\n\n\n<p>Denne erkl\u00e6ringen er i stor grad uendret fra \u00e5ret f\u00f8r, ettersom RES ikke har identifisert noen ytterligere tiltak eller n\u00f8dvendige endringer i den mellomliggende perioden.<br>Undertegnet av:<\/p>\n\n\n\n<p>Eduardo Medina<br>CEO<br>April 2023<\/p>\n","protected":false},"excerpt":{"rendered":"<p>Modern Slavery Act 2015 \u2013 Slavery and Human Trafficking Statement Modern Slavery Act 2015 &#8211; Erkl\u00e6ring om slaveri og menneskehandelVi er et globalt selskap som utvikler, bygger og drifter fornybare energiprosjekter og infrastruktur. V\u00e5rt morselskap er RES Group (\u00abRES\u00bb). Selskapet har hovedkontor i Storbritannia og driver virksomhet i 14 land,&#8230;<\/p>\n","protected":false},"author":42,"featured_media":0,"parent":0,"menu_order":0,"comment_status":"closed","ping_status":"closed","template":"","meta":{"_acf_changed":false,"footnotes":""},"class_list":["post-31112","page","type-page","status-publish","hentry"],"acf":[],"yoast_head":"<!-- This site is optimized with the Yoast SEO Premium plugin v27.2 (Yoast SEO v27.2) - https:\/\/yoast.com\/product\/yoast-seo-premium-wordpress\/ -->\n<title>Moderne slaveri - RES<\/title>\n<meta name=\"robots\" content=\"index, follow, max-snippet:-1, max-image-preview:large, max-video-preview:-1\" \/>\n<link rel=\"canonical\" href=\"https:\/\/www.res-group.com\/no\/modern-slavery\/\" \/>\n<meta property=\"og:locale\" content=\"nb_NO\" \/>\n<meta property=\"og:type\" content=\"article\" \/>\n<meta property=\"og:title\" content=\"Moderne slaveri\" \/>\n<meta property=\"og:description\" content=\"Modern Slavery Act 2015 \u2013 Slavery and Human Trafficking Statement Modern Slavery Act 2015 &#8211; Erkl\u00e6ring om slaveri og menneskehandelVi er et globalt selskap som utvikler, bygger og drifter fornybare energiprosjekter og infrastruktur. V\u00e5rt morselskap er RES Group (\u00abRES\u00bb). Selskapet har hovedkontor i Storbritannia og driver virksomhet i 14 land,...\" \/>\n<meta property=\"og:url\" content=\"https:\/\/www.res-group.com\/no\/modern-slavery\/\" \/>\n<meta property=\"og:site_name\" content=\"RES\" \/>\n<meta property=\"article:modified_time\" content=\"2025-02-19T17:24:34+00:00\" \/>\n<meta name=\"twitter:card\" content=\"summary_large_image\" \/>\n<meta name=\"twitter:site\" content=\"@RESGroup\" \/>\n<meta name=\"twitter:label1\" content=\"Est. reading time\" \/>\n\t<meta name=\"twitter:data1\" content=\"3 minutter\" \/>\n<script type=\"application\/ld+json\" class=\"yoast-schema-graph\">{\"@context\":\"https:\/\/schema.org\",\"@graph\":[{\"@type\":\"WebPage\",\"@id\":\"https:\/\/www.res-group.com\/no\/modern-slavery\/\",\"url\":\"https:\/\/www.res-group.com\/no\/modern-slavery\/\",\"name\":\"Moderne slaveri - RES\",\"isPartOf\":{\"@id\":\"https:\/\/www.res-group.com\/no\/#website\"},\"datePublished\":\"2025-01-20T06:12:07+00:00\",\"dateModified\":\"2025-02-19T17:24:34+00:00\",\"breadcrumb\":{\"@id\":\"https:\/\/www.res-group.com\/no\/modern-slavery\/#breadcrumb\"},\"inLanguage\":\"nb-NO\",\"potentialAction\":[{\"@type\":\"ReadAction\",\"target\":[\"https:\/\/www.res-group.com\/no\/modern-slavery\/\"]}]},{\"@type\":\"BreadcrumbList\",\"@id\":\"https:\/\/www.res-group.com\/no\/modern-slavery\/#breadcrumb\",\"itemListElement\":[{\"@type\":\"ListItem\",\"position\":1,\"name\":\"Hjem\",\"item\":\"https:\/\/www.res-group.com\/no\/\"},{\"@type\":\"ListItem\",\"position\":2,\"name\":\"Moderne slaveri\"}]},{\"@type\":\"WebSite\",\"@id\":\"https:\/\/www.res-group.com\/no\/#website\",\"url\":\"https:\/\/www.res-group.com\/no\/\",\"name\":\"res-group.com\",\"description\":\"The power behind a clean energy future\",\"publisher\":{\"@id\":\"https:\/\/www.res-group.com\/no\/#organization\"},\"potentialAction\":[{\"@type\":\"SearchAction\",\"target\":{\"@type\":\"EntryPoint\",\"urlTemplate\":\"https:\/\/www.res-group.com\/no\/?s={search_term_string}\"},\"query-input\":{\"@type\":\"PropertyValueSpecification\",\"valueRequired\":true,\"valueName\":\"search_term_string\"}}],\"inLanguage\":\"nb-NO\"},{\"@type\":\"Organization\",\"@id\":\"https:\/\/www.res-group.com\/no\/#organization\",\"name\":\"RES\",\"url\":\"https:\/\/www.res-group.com\/no\/\",\"logo\":{\"@type\":\"ImageObject\",\"inLanguage\":\"nb-NO\",\"@id\":\"https:\/\/www.res-group.com\/no\/#\/schema\/logo\/image\/\",\"url\":\"https:\/\/www.res-group.com\/wp-content\/uploads\/2023\/05\/header-logo.svg\",\"contentUrl\":\"https:\/\/www.res-group.com\/wp-content\/uploads\/2023\/05\/header-logo.svg\",\"width\":82.634,\"height\":38,\"caption\":\"RES\"},\"image\":{\"@id\":\"https:\/\/www.res-group.com\/no\/#\/schema\/logo\/image\/\"},\"sameAs\":[\"https:\/\/x.com\/RESGroup\",\"https:\/\/www.instagram.com\/res_powerforgood\",\"https:\/\/www.linkedin.com\/company\/res-group\/\",\"https:\/\/vimeo.com\/resgroup\"]}]}<\/script>\n<!-- \/ Yoast SEO Premium plugin. -->","yoast_head_json":{"title":"Moderne slaveri - RES","robots":{"index":"index","follow":"follow","max-snippet":"max-snippet:-1","max-image-preview":"max-image-preview:large","max-video-preview":"max-video-preview:-1"},"canonical":"https:\/\/www.res-group.com\/no\/modern-slavery\/","og_locale":"nb_NO","og_type":"article","og_title":"Moderne slaveri","og_description":"Modern Slavery Act 2015 \u2013 Slavery and Human Trafficking Statement Modern Slavery Act 2015 &#8211; Erkl\u00e6ring om slaveri og menneskehandelVi er et globalt selskap som utvikler, bygger og drifter fornybare energiprosjekter og infrastruktur. V\u00e5rt morselskap er RES Group (\u00abRES\u00bb). Selskapet har hovedkontor i Storbritannia og driver virksomhet i 14 land,...","og_url":"https:\/\/www.res-group.com\/no\/modern-slavery\/","og_site_name":"RES","article_modified_time":"2025-02-19T17:24:34+00:00","twitter_card":"summary_large_image","twitter_site":"@RESGroup","twitter_misc":{"Est. reading time":"3 minutter"},"schema":{"@context":"https:\/\/schema.org","@graph":[{"@type":"WebPage","@id":"https:\/\/www.res-group.com\/no\/modern-slavery\/","url":"https:\/\/www.res-group.com\/no\/modern-slavery\/","name":"Moderne slaveri - RES","isPartOf":{"@id":"https:\/\/www.res-group.com\/no\/#website"},"datePublished":"2025-01-20T06:12:07+00:00","dateModified":"2025-02-19T17:24:34+00:00","breadcrumb":{"@id":"https:\/\/www.res-group.com\/no\/modern-slavery\/#breadcrumb"},"inLanguage":"nb-NO","potentialAction":[{"@type":"ReadAction","target":["https:\/\/www.res-group.com\/no\/modern-slavery\/"]}]},{"@type":"BreadcrumbList","@id":"https:\/\/www.res-group.com\/no\/modern-slavery\/#breadcrumb","itemListElement":[{"@type":"ListItem","position":1,"name":"Hjem","item":"https:\/\/www.res-group.com\/no\/"},{"@type":"ListItem","position":2,"name":"Moderne slaveri"}]},{"@type":"WebSite","@id":"https:\/\/www.res-group.com\/no\/#website","url":"https:\/\/www.res-group.com\/no\/","name":"res-group.com","description":"The power behind a clean energy future","publisher":{"@id":"https:\/\/www.res-group.com\/no\/#organization"},"potentialAction":[{"@type":"SearchAction","target":{"@type":"EntryPoint","urlTemplate":"https:\/\/www.res-group.com\/no\/?s={search_term_string}"},"query-input":{"@type":"PropertyValueSpecification","valueRequired":true,"valueName":"search_term_string"}}],"inLanguage":"nb-NO"},{"@type":"Organization","@id":"https:\/\/www.res-group.com\/no\/#organization","name":"RES","url":"https:\/\/www.res-group.com\/no\/","logo":{"@type":"ImageObject","inLanguage":"nb-NO","@id":"https:\/\/www.res-group.com\/no\/#\/schema\/logo\/image\/","url":"https:\/\/www.res-group.com\/wp-content\/uploads\/2023\/05\/header-logo.svg","contentUrl":"https:\/\/www.res-group.com\/wp-content\/uploads\/2023\/05\/header-logo.svg","width":82.634,"height":38,"caption":"RES"},"image":{"@id":"https:\/\/www.res-group.com\/no\/#\/schema\/logo\/image\/"},"sameAs":["https:\/\/x.com\/RESGroup","https:\/\/www.instagram.com\/res_powerforgood","https:\/\/www.linkedin.com\/company\/res-group\/","https:\/\/vimeo.com\/resgroup"]}]}},"_links":{"self":[{"href":"https:\/\/www.res-group.com\/no\/wp-json\/wp\/v2\/pages\/31112","targetHints":{"allow":["GET"]}}],"collection":[{"href":"https:\/\/www.res-group.com\/no\/wp-json\/wp\/v2\/pages"}],"about":[{"href":"https:\/\/www.res-group.com\/no\/wp-json\/wp\/v2\/types\/page"}],"author":[{"embeddable":true,"href":"https:\/\/www.res-group.com\/no\/wp-json\/wp\/v2\/users\/42"}],"replies":[{"embeddable":true,"href":"https:\/\/www.res-group.com\/no\/wp-json\/wp\/v2\/comments?post=31112"}],"version-history":[{"count":0,"href":"https:\/\/www.res-group.com\/no\/wp-json\/wp\/v2\/pages\/31112\/revisions"}],"wp:attachment":[{"href":"https:\/\/www.res-group.com\/no\/wp-json\/wp\/v2\/media?parent=31112"}],"curies":[{"name":"wp","href":"https:\/\/api.w.org\/{rel}","templated":true}]}}