{"id":31108,"date":"2025-01-20T06:00:23","date_gmt":"2025-01-20T06:00:23","guid":{"rendered":"https:\/\/www.res-group.com\/cookies\/"},"modified":"2025-02-19T12:49:20","modified_gmt":"2025-02-19T12:49:20","slug":"cookies","status":"publish","type":"page","link":"https:\/\/www.res-group.com\/no\/cookies\/","title":{"rendered":"Informasjonskapsler"},"content":{"rendered":"\n<h2 class=\"wp-block-heading\">Hvorfor bruker vi informasjonskapsler?<\/h2>\n\n\n\n<p>Vi bruker informasjonskapsler av flere grunner. Noen informasjonskapsler er n\u00f8dvendige av tekniske \u00e5rsaker for at nettstedet v\u00e5rt skal fungere, og andre informasjonskapsler gj\u00f8r det mulig for oss \u00e5 spore og m\u00e5lrette interessene til brukerne v\u00e5re for \u00e5 forbedre opplevelsen p\u00e5 nettstedet v\u00e5rt. Tredjeparter kan ogs\u00e5 bruke informasjonskapsler p\u00e5 nettstedet v\u00e5rt til annonsering, analyse og andre form\u00e5l.<\/p>\n\n\n\n<!-- OneTrust Cookies List start -->\n<div id=\"ot-sdk-cookie-policy\"><\/div>\n<!-- OneTrust Cookies List end -->\n","protected":false},"excerpt":{"rendered":"<p>Hvorfor bruker vi informasjonskapsler? Vi bruker informasjonskapsler av flere grunner. Noen informasjonskapsler er n\u00f8dvendige av tekniske \u00e5rsaker for at nettstedet v\u00e5rt skal fungere, og andre informasjonskapsler gj\u00f8r det mulig for oss \u00e5 spore og m\u00e5lrette interessene til brukerne v\u00e5re for \u00e5 forbedre opplevelsen p\u00e5 nettstedet v\u00e5rt. Tredjeparter kan ogs\u00e5 bruke&#8230;<\/p>\n","protected":false},"author":1,"featured_media":0,"parent":0,"menu_order":0,"comment_status":"closed","ping_status":"closed","template":"","meta":{"_acf_changed":false,"footnotes":""},"class_list":["post-31108","page","type-page","status-publish","hentry"],"acf":[],"yoast_head":"<!-- This site is optimized with the Yoast SEO Premium plugin v27.2 (Yoast SEO v27.2) - https:\/\/yoast.com\/product\/yoast-seo-premium-wordpress\/ -->\n<title>Informasjonskapsler - RES<\/title>\n<meta name=\"robots\" content=\"index, follow, max-snippet:-1, max-image-preview:large, max-video-preview:-1\" \/>\n<link rel=\"canonical\" href=\"https:\/\/www.res-group.com\/no\/cookies\/\" \/>\n<meta property=\"og:locale\" content=\"nb_NO\" \/>\n<meta property=\"og:type\" content=\"article\" \/>\n<meta property=\"og:title\" content=\"Informasjonskapsler\" \/>\n<meta property=\"og:description\" content=\"Hvorfor bruker vi informasjonskapsler? Vi bruker informasjonskapsler av flere grunner. Noen informasjonskapsler er n\u00f8dvendige av tekniske \u00e5rsaker for at nettstedet v\u00e5rt skal fungere, og andre informasjonskapsler gj\u00f8r det mulig for oss \u00e5 spore og m\u00e5lrette interessene til brukerne v\u00e5re for \u00e5 forbedre opplevelsen p\u00e5 nettstedet v\u00e5rt. Tredjeparter kan ogs\u00e5 bruke...\" \/>\n<meta property=\"og:url\" content=\"https:\/\/www.res-group.com\/no\/cookies\/\" \/>\n<meta property=\"og:site_name\" content=\"RES\" \/>\n<meta property=\"article:modified_time\" content=\"2025-02-19T12:49:20+00:00\" \/>\n<meta name=\"twitter:card\" content=\"summary_large_image\" \/>\n<meta name=\"twitter:site\" content=\"@RESGroup\" \/>\n<meta name=\"twitter:label1\" content=\"Est. reading time\" \/>\n\t<meta name=\"twitter:data1\" content=\"1 minutt\" \/>\n<script type=\"application\/ld+json\" class=\"yoast-schema-graph\">{\"@context\":\"https:\/\/schema.org\",\"@graph\":[{\"@type\":\"WebPage\",\"@id\":\"https:\/\/www.res-group.com\/no\/cookies\/\",\"url\":\"https:\/\/www.res-group.com\/no\/cookies\/\",\"name\":\"Informasjonskapsler - RES\",\"isPartOf\":{\"@id\":\"https:\/\/www.res-group.com\/no\/#website\"},\"datePublished\":\"2025-01-20T06:00:23+00:00\",\"dateModified\":\"2025-02-19T12:49:20+00:00\",\"breadcrumb\":{\"@id\":\"https:\/\/www.res-group.com\/no\/cookies\/#breadcrumb\"},\"inLanguage\":\"nb-NO\",\"potentialAction\":[{\"@type\":\"ReadAction\",\"target\":[\"https:\/\/www.res-group.com\/no\/cookies\/\"]}]},{\"@type\":\"BreadcrumbList\",\"@id\":\"https:\/\/www.res-group.com\/no\/cookies\/#breadcrumb\",\"itemListElement\":[{\"@type\":\"ListItem\",\"position\":1,\"name\":\"Hjem\",\"item\":\"https:\/\/www.res-group.com\/no\/\"},{\"@type\":\"ListItem\",\"position\":2,\"name\":\"Informasjonskapsler\"}]},{\"@type\":\"WebSite\",\"@id\":\"https:\/\/www.res-group.com\/no\/#website\",\"url\":\"https:\/\/www.res-group.com\/no\/\",\"name\":\"res-group.com\",\"description\":\"The power behind a clean energy future\",\"publisher\":{\"@id\":\"https:\/\/www.res-group.com\/no\/#organization\"},\"potentialAction\":[{\"@type\":\"SearchAction\",\"target\":{\"@type\":\"EntryPoint\",\"urlTemplate\":\"https:\/\/www.res-group.com\/no\/?s={search_term_string}\"},\"query-input\":{\"@type\":\"PropertyValueSpecification\",\"valueRequired\":true,\"valueName\":\"search_term_string\"}}],\"inLanguage\":\"nb-NO\"},{\"@type\":\"Organization\",\"@id\":\"https:\/\/www.res-group.com\/no\/#organization\",\"name\":\"RES\",\"url\":\"https:\/\/www.res-group.com\/no\/\",\"logo\":{\"@type\":\"ImageObject\",\"inLanguage\":\"nb-NO\",\"@id\":\"https:\/\/www.res-group.com\/no\/#\/schema\/logo\/image\/\",\"url\":\"https:\/\/www.res-group.com\/wp-content\/uploads\/2023\/05\/header-logo.svg\",\"contentUrl\":\"https:\/\/www.res-group.com\/wp-content\/uploads\/2023\/05\/header-logo.svg\",\"width\":82.634,\"height\":38,\"caption\":\"RES\"},\"image\":{\"@id\":\"https:\/\/www.res-group.com\/no\/#\/schema\/logo\/image\/\"},\"sameAs\":[\"https:\/\/x.com\/RESGroup\",\"https:\/\/www.instagram.com\/res_powerforgood\",\"https:\/\/www.linkedin.com\/company\/res-group\/\",\"https:\/\/vimeo.com\/resgroup\"]}]}<\/script>\n<!-- \/ Yoast SEO Premium plugin. -->","yoast_head_json":{"title":"Informasjonskapsler - RES","robots":{"index":"index","follow":"follow","max-snippet":"max-snippet:-1","max-image-preview":"max-image-preview:large","max-video-preview":"max-video-preview:-1"},"canonical":"https:\/\/www.res-group.com\/no\/cookies\/","og_locale":"nb_NO","og_type":"article","og_title":"Informasjonskapsler","og_description":"Hvorfor bruker vi informasjonskapsler? Vi bruker informasjonskapsler av flere grunner. Noen informasjonskapsler er n\u00f8dvendige av tekniske \u00e5rsaker for at nettstedet v\u00e5rt skal fungere, og andre informasjonskapsler gj\u00f8r det mulig for oss \u00e5 spore og m\u00e5lrette interessene til brukerne v\u00e5re for \u00e5 forbedre opplevelsen p\u00e5 nettstedet v\u00e5rt. Tredjeparter kan ogs\u00e5 bruke...","og_url":"https:\/\/www.res-group.com\/no\/cookies\/","og_site_name":"RES","article_modified_time":"2025-02-19T12:49:20+00:00","twitter_card":"summary_large_image","twitter_site":"@RESGroup","twitter_misc":{"Est. reading time":"1 minutt"},"schema":{"@context":"https:\/\/schema.org","@graph":[{"@type":"WebPage","@id":"https:\/\/www.res-group.com\/no\/cookies\/","url":"https:\/\/www.res-group.com\/no\/cookies\/","name":"Informasjonskapsler - RES","isPartOf":{"@id":"https:\/\/www.res-group.com\/no\/#website"},"datePublished":"2025-01-20T06:00:23+00:00","dateModified":"2025-02-19T12:49:20+00:00","breadcrumb":{"@id":"https:\/\/www.res-group.com\/no\/cookies\/#breadcrumb"},"inLanguage":"nb-NO","potentialAction":[{"@type":"ReadAction","target":["https:\/\/www.res-group.com\/no\/cookies\/"]}]},{"@type":"BreadcrumbList","@id":"https:\/\/www.res-group.com\/no\/cookies\/#breadcrumb","itemListElement":[{"@type":"ListItem","position":1,"name":"Hjem","item":"https:\/\/www.res-group.com\/no\/"},{"@type":"ListItem","position":2,"name":"Informasjonskapsler"}]},{"@type":"WebSite","@id":"https:\/\/www.res-group.com\/no\/#website","url":"https:\/\/www.res-group.com\/no\/","name":"res-group.com","description":"The power behind a clean energy future","publisher":{"@id":"https:\/\/www.res-group.com\/no\/#organization"},"potentialAction":[{"@type":"SearchAction","target":{"@type":"EntryPoint","urlTemplate":"https:\/\/www.res-group.com\/no\/?s={search_term_string}"},"query-input":{"@type":"PropertyValueSpecification","valueRequired":true,"valueName":"search_term_string"}}],"inLanguage":"nb-NO"},{"@type":"Organization","@id":"https:\/\/www.res-group.com\/no\/#organization","name":"RES","url":"https:\/\/www.res-group.com\/no\/","logo":{"@type":"ImageObject","inLanguage":"nb-NO","@id":"https:\/\/www.res-group.com\/no\/#\/schema\/logo\/image\/","url":"https:\/\/www.res-group.com\/wp-content\/uploads\/2023\/05\/header-logo.svg","contentUrl":"https:\/\/www.res-group.com\/wp-content\/uploads\/2023\/05\/header-logo.svg","width":82.634,"height":38,"caption":"RES"},"image":{"@id":"https:\/\/www.res-group.com\/no\/#\/schema\/logo\/image\/"},"sameAs":["https:\/\/x.com\/RESGroup","https:\/\/www.instagram.com\/res_powerforgood","https:\/\/www.linkedin.com\/company\/res-group\/","https:\/\/vimeo.com\/resgroup"]}]}},"_links":{"self":[{"href":"https:\/\/www.res-group.com\/no\/wp-json\/wp\/v2\/pages\/31108","targetHints":{"allow":["GET"]}}],"collection":[{"href":"https:\/\/www.res-group.com\/no\/wp-json\/wp\/v2\/pages"}],"about":[{"href":"https:\/\/www.res-group.com\/no\/wp-json\/wp\/v2\/types\/page"}],"author":[{"embeddable":true,"href":"https:\/\/www.res-group.com\/no\/wp-json\/wp\/v2\/users\/1"}],"replies":[{"embeddable":true,"href":"https:\/\/www.res-group.com\/no\/wp-json\/wp\/v2\/comments?post=31108"}],"version-history":[{"count":0,"href":"https:\/\/www.res-group.com\/no\/wp-json\/wp\/v2\/pages\/31108\/revisions"}],"wp:attachment":[{"href":"https:\/\/www.res-group.com\/no\/wp-json\/wp\/v2\/media?parent=31108"}],"curies":[{"name":"wp","href":"https:\/\/api.w.org\/{rel}","templated":true}]}}