{"id":31106,"date":"2025-01-20T05:53:52","date_gmt":"2025-01-20T05:53:52","guid":{"rendered":"https:\/\/www.res-group.com\/terms-of-use-2\/"},"modified":"2026-04-28T13:43:33","modified_gmt":"2026-04-28T12:43:33","slug":"terms-of-use-2","status":"publish","type":"page","link":"https:\/\/www.res-group.com\/no\/terms-of-us\/","title":{"rendered":"Vilk\u00e5r for bruk\u00a0"},"content":{"rendered":"\n<div class=\"highlight-panel\">\n<div class=\"container\">\n<h3>\n<strong><br>\nFor \u00e5 lese v\u00e5re bruksvilk\u00e5r, g\u00e5 til v\u00e5r globale side<br>\n<\/strong><br>\n<\/h3>\n<p>\n<a class=\"button\" href=\"\/terms-of-use\/\">Les de globale bruksvilk\u00e5rene<\/a>\n<\/p>\n<\/div>\n<\/div>\n","protected":false},"excerpt":{"rendered":"<p>For \u00e5 lese v\u00e5re bruksvilk\u00e5r, g\u00e5 til v\u00e5r globale side Les de globale bruksvilk\u00e5rene<\/p>\n","protected":false},"author":18,"featured_media":0,"parent":0,"menu_order":0,"comment_status":"closed","ping_status":"closed","template":"","meta":{"_acf_changed":false,"footnotes":""},"class_list":["post-31106","page","type-page","status-publish","hentry"],"acf":[],"yoast_head":"<!-- This site is optimized with the Yoast SEO Premium plugin v27.2 (Yoast SEO v27.2) - https:\/\/yoast.com\/product\/yoast-seo-premium-wordpress\/ -->\n<title>Vilk\u00e5r for bruk\u00a0 - RES<\/title>\n<meta name=\"robots\" content=\"index, follow, max-snippet:-1, max-image-preview:large, max-video-preview:-1\" \/>\n<link rel=\"canonical\" href=\"https:\/\/www.res-group.com\/no\/terms-of-us\/\" \/>\n<meta property=\"og:locale\" content=\"nb_NO\" \/>\n<meta property=\"og:type\" content=\"article\" \/>\n<meta property=\"og:title\" content=\"Vilk\u00e5r for bruk\u00a0\" \/>\n<meta property=\"og:description\" content=\"For \u00e5 lese v\u00e5re bruksvilk\u00e5r, g\u00e5 til v\u00e5r globale side Les de globale bruksvilk\u00e5rene\" \/>\n<meta property=\"og:url\" content=\"https:\/\/www.res-group.com\/no\/terms-of-us\/\" \/>\n<meta property=\"og:site_name\" content=\"RES\" \/>\n<meta property=\"article:modified_time\" content=\"2026-04-28T12:43:33+00:00\" \/>\n<meta name=\"twitter:card\" content=\"summary_large_image\" \/>\n<meta name=\"twitter:site\" content=\"@RESGroup\" \/>\n<meta name=\"twitter:label1\" content=\"Est. reading time\" \/>\n\t<meta name=\"twitter:data1\" content=\"1 minutt\" \/>\n<script type=\"application\/ld+json\" class=\"yoast-schema-graph\">{\"@context\":\"https:\/\/schema.org\",\"@graph\":[{\"@type\":\"WebPage\",\"@id\":\"https:\/\/www.res-group.com\/no\/terms-of-us\/\",\"url\":\"https:\/\/www.res-group.com\/no\/terms-of-us\/\",\"name\":\"Vilk\u00e5r for bruk\u00a0 - RES\",\"isPartOf\":{\"@id\":\"https:\/\/www.res-group.com\/no\/#website\"},\"datePublished\":\"2025-01-20T05:53:52+00:00\",\"dateModified\":\"2026-04-28T12:43:33+00:00\",\"breadcrumb\":{\"@id\":\"https:\/\/www.res-group.com\/no\/terms-of-us\/#breadcrumb\"},\"inLanguage\":\"nb-NO\",\"potentialAction\":[{\"@type\":\"ReadAction\",\"target\":[\"https:\/\/www.res-group.com\/no\/terms-of-us\/\"]}]},{\"@type\":\"BreadcrumbList\",\"@id\":\"https:\/\/www.res-group.com\/no\/terms-of-us\/#breadcrumb\",\"itemListElement\":[{\"@type\":\"ListItem\",\"position\":1,\"name\":\"Hjem\",\"item\":\"https:\/\/www.res-group.com\/no\/\"},{\"@type\":\"ListItem\",\"position\":2,\"name\":\"Vilk\u00e5r for bruk\u00a0\"}]},{\"@type\":\"WebSite\",\"@id\":\"https:\/\/www.res-group.com\/no\/#website\",\"url\":\"https:\/\/www.res-group.com\/no\/\",\"name\":\"res-group.com\",\"description\":\"The power behind a clean energy future\",\"publisher\":{\"@id\":\"https:\/\/www.res-group.com\/no\/#organization\"},\"potentialAction\":[{\"@type\":\"SearchAction\",\"target\":{\"@type\":\"EntryPoint\",\"urlTemplate\":\"https:\/\/www.res-group.com\/no\/?s={search_term_string}\"},\"query-input\":{\"@type\":\"PropertyValueSpecification\",\"valueRequired\":true,\"valueName\":\"search_term_string\"}}],\"inLanguage\":\"nb-NO\"},{\"@type\":\"Organization\",\"@id\":\"https:\/\/www.res-group.com\/no\/#organization\",\"name\":\"RES\",\"url\":\"https:\/\/www.res-group.com\/no\/\",\"logo\":{\"@type\":\"ImageObject\",\"inLanguage\":\"nb-NO\",\"@id\":\"https:\/\/www.res-group.com\/no\/#\/schema\/logo\/image\/\",\"url\":\"https:\/\/www.res-group.com\/wp-content\/uploads\/2023\/05\/header-logo.svg\",\"contentUrl\":\"https:\/\/www.res-group.com\/wp-content\/uploads\/2023\/05\/header-logo.svg\",\"width\":82.634,\"height\":38,\"caption\":\"RES\"},\"image\":{\"@id\":\"https:\/\/www.res-group.com\/no\/#\/schema\/logo\/image\/\"},\"sameAs\":[\"https:\/\/x.com\/RESGroup\",\"https:\/\/www.instagram.com\/res_powerforgood\",\"https:\/\/www.linkedin.com\/company\/res-group\/\",\"https:\/\/vimeo.com\/resgroup\"]}]}<\/script>\n<!-- \/ Yoast SEO Premium plugin. -->","yoast_head_json":{"title":"Vilk\u00e5r for bruk\u00a0 - RES","robots":{"index":"index","follow":"follow","max-snippet":"max-snippet:-1","max-image-preview":"max-image-preview:large","max-video-preview":"max-video-preview:-1"},"canonical":"https:\/\/www.res-group.com\/no\/terms-of-us\/","og_locale":"nb_NO","og_type":"article","og_title":"Vilk\u00e5r for bruk\u00a0","og_description":"For \u00e5 lese v\u00e5re bruksvilk\u00e5r, g\u00e5 til v\u00e5r globale side Les de globale bruksvilk\u00e5rene","og_url":"https:\/\/www.res-group.com\/no\/terms-of-us\/","og_site_name":"RES","article_modified_time":"2026-04-28T12:43:33+00:00","twitter_card":"summary_large_image","twitter_site":"@RESGroup","twitter_misc":{"Est. reading time":"1 minutt"},"schema":{"@context":"https:\/\/schema.org","@graph":[{"@type":"WebPage","@id":"https:\/\/www.res-group.com\/no\/terms-of-us\/","url":"https:\/\/www.res-group.com\/no\/terms-of-us\/","name":"Vilk\u00e5r for bruk\u00a0 - RES","isPartOf":{"@id":"https:\/\/www.res-group.com\/no\/#website"},"datePublished":"2025-01-20T05:53:52+00:00","dateModified":"2026-04-28T12:43:33+00:00","breadcrumb":{"@id":"https:\/\/www.res-group.com\/no\/terms-of-us\/#breadcrumb"},"inLanguage":"nb-NO","potentialAction":[{"@type":"ReadAction","target":["https:\/\/www.res-group.com\/no\/terms-of-us\/"]}]},{"@type":"BreadcrumbList","@id":"https:\/\/www.res-group.com\/no\/terms-of-us\/#breadcrumb","itemListElement":[{"@type":"ListItem","position":1,"name":"Hjem","item":"https:\/\/www.res-group.com\/no\/"},{"@type":"ListItem","position":2,"name":"Vilk\u00e5r for bruk\u00a0"}]},{"@type":"WebSite","@id":"https:\/\/www.res-group.com\/no\/#website","url":"https:\/\/www.res-group.com\/no\/","name":"res-group.com","description":"The power behind a clean energy future","publisher":{"@id":"https:\/\/www.res-group.com\/no\/#organization"},"potentialAction":[{"@type":"SearchAction","target":{"@type":"EntryPoint","urlTemplate":"https:\/\/www.res-group.com\/no\/?s={search_term_string}"},"query-input":{"@type":"PropertyValueSpecification","valueRequired":true,"valueName":"search_term_string"}}],"inLanguage":"nb-NO"},{"@type":"Organization","@id":"https:\/\/www.res-group.com\/no\/#organization","name":"RES","url":"https:\/\/www.res-group.com\/no\/","logo":{"@type":"ImageObject","inLanguage":"nb-NO","@id":"https:\/\/www.res-group.com\/no\/#\/schema\/logo\/image\/","url":"https:\/\/www.res-group.com\/wp-content\/uploads\/2023\/05\/header-logo.svg","contentUrl":"https:\/\/www.res-group.com\/wp-content\/uploads\/2023\/05\/header-logo.svg","width":82.634,"height":38,"caption":"RES"},"image":{"@id":"https:\/\/www.res-group.com\/no\/#\/schema\/logo\/image\/"},"sameAs":["https:\/\/x.com\/RESGroup","https:\/\/www.instagram.com\/res_powerforgood","https:\/\/www.linkedin.com\/company\/res-group\/","https:\/\/vimeo.com\/resgroup"]}]}},"_links":{"self":[{"href":"https:\/\/www.res-group.com\/no\/wp-json\/wp\/v2\/pages\/31106","targetHints":{"allow":["GET"]}}],"collection":[{"href":"https:\/\/www.res-group.com\/no\/wp-json\/wp\/v2\/pages"}],"about":[{"href":"https:\/\/www.res-group.com\/no\/wp-json\/wp\/v2\/types\/page"}],"author":[{"embeddable":true,"href":"https:\/\/www.res-group.com\/no\/wp-json\/wp\/v2\/users\/18"}],"replies":[{"embeddable":true,"href":"https:\/\/www.res-group.com\/no\/wp-json\/wp\/v2\/comments?post=31106"}],"version-history":[{"count":3,"href":"https:\/\/www.res-group.com\/no\/wp-json\/wp\/v2\/pages\/31106\/revisions"}],"predecessor-version":[{"id":46946,"href":"https:\/\/www.res-group.com\/no\/wp-json\/wp\/v2\/pages\/31106\/revisions\/46946"}],"wp:attachment":[{"href":"https:\/\/www.res-group.com\/no\/wp-json\/wp\/v2\/media?parent=31106"}],"curies":[{"name":"wp","href":"https:\/\/api.w.org\/{rel}","templated":true}]}}