{"id":3763,"date":"2023-08-11T13:41:24","date_gmt":"2023-08-11T12:41:24","guid":{"rendered":"http:\/\/www.res-group.com\/carrieres\/carrieres-experimentees\/ingenierie-et-technique\/"},"modified":"2023-08-28T18:59:33","modified_gmt":"2023-08-28T17:59:33","slug":"ingenierie-et-technique","status":"publish","type":"page","link":"https:\/\/www.res-group.com\/fr\/carrieres\/carrieres-experimentees\/ingenierie-et-technique\/","title":{"rendered":"Methodes, Performance et Ing\u00e9nierie."},"content":{"rendered":"","protected":false},"excerpt":{"rendered":"","protected":false},"author":1,"featured_media":3767,"parent":3646,"menu_order":1,"comment_status":"closed","ping_status":"closed","template":"index.php","meta":{"_acf_changed":false,"footnotes":""},"class_list":["post-3763","page","type-page","status-publish","has-post-thumbnail","hentry"],"acf":[],"yoast_head":"<!-- This site is optimized with the Yoast SEO Premium plugin v27.2 (Yoast SEO v27.2) - https:\/\/yoast.com\/product\/yoast-seo-premium-wordpress\/ -->\n<title>Methodes, Performance et Ing\u00e9nierie. - RES<\/title>\n<meta name=\"robots\" content=\"index, follow, max-snippet:-1, max-image-preview:large, max-video-preview:-1\" \/>\n<link rel=\"canonical\" href=\"https:\/\/www.res-group.com\/fr\/carrieres\/carrieres-experimentees\/ingenierie-et-technique\/\" \/>\n<meta property=\"og:locale\" content=\"fr_FR\" \/>\n<meta property=\"og:type\" content=\"article\" \/>\n<meta property=\"og:title\" content=\"Methodes, Performance et Ing\u00e9nierie.\" \/>\n<meta property=\"og:url\" content=\"https:\/\/www.res-group.com\/fr\/carrieres\/carrieres-experimentees\/ingenierie-et-technique\/\" \/>\n<meta property=\"og:site_name\" content=\"RES\" \/>\n<meta property=\"article:modified_time\" content=\"2023-08-28T17:59:33+00:00\" \/>\n<meta property=\"og:image\" content=\"https:\/\/www.res-group.com\/wp-content\/uploads\/2023\/08\/ETCareers-Banner-desktop.jpg\" \/>\n\t<meta property=\"og:image:width\" content=\"1920\" \/>\n\t<meta property=\"og:image:height\" content=\"970\" \/>\n\t<meta property=\"og:image:type\" content=\"image\/jpeg\" \/>\n<meta name=\"twitter:card\" content=\"summary_large_image\" \/>\n<meta name=\"twitter:site\" content=\"@RESGroup\" \/>\n<script type=\"application\/ld+json\" class=\"yoast-schema-graph\">{\"@context\":\"https:\/\/schema.org\",\"@graph\":[{\"@type\":\"WebPage\",\"@id\":\"https:\/\/www.res-group.com\/fr\/carrieres\/carrieres-experimentees\/ingenierie-et-technique\/\",\"url\":\"https:\/\/www.res-group.com\/fr\/carrieres\/carrieres-experimentees\/ingenierie-et-technique\/\",\"name\":\"Methodes, Performance et Ing\u00e9nierie. - RES\",\"isPartOf\":{\"@id\":\"https:\/\/www.res-group.com\/fr\/#website\"},\"primaryImageOfPage\":{\"@id\":\"https:\/\/www.res-group.com\/fr\/carrieres\/carrieres-experimentees\/ingenierie-et-technique\/#primaryimage\"},\"image\":{\"@id\":\"https:\/\/www.res-group.com\/fr\/carrieres\/carrieres-experimentees\/ingenierie-et-technique\/#primaryimage\"},\"thumbnailUrl\":\"https:\/\/www.res-group.com\/wp-content\/uploads\/2023\/08\/ETCareers-Banner-desktop.jpg\",\"datePublished\":\"2023-08-11T12:41:24+00:00\",\"dateModified\":\"2023-08-28T17:59:33+00:00\",\"breadcrumb\":{\"@id\":\"https:\/\/www.res-group.com\/fr\/carrieres\/carrieres-experimentees\/ingenierie-et-technique\/#breadcrumb\"},\"inLanguage\":\"fr-FR\",\"potentialAction\":[{\"@type\":\"ReadAction\",\"target\":[\"https:\/\/www.res-group.com\/fr\/carrieres\/carrieres-experimentees\/ingenierie-et-technique\/\"]}]},{\"@type\":\"ImageObject\",\"inLanguage\":\"fr-FR\",\"@id\":\"https:\/\/www.res-group.com\/fr\/carrieres\/carrieres-experimentees\/ingenierie-et-technique\/#primaryimage\",\"url\":\"https:\/\/www.res-group.com\/wp-content\/uploads\/2023\/08\/ETCareers-Banner-desktop.jpg\",\"contentUrl\":\"https:\/\/www.res-group.com\/wp-content\/uploads\/2023\/08\/ETCareers-Banner-desktop.jpg\",\"width\":1920,\"height\":970,\"caption\":\"En\"},{\"@type\":\"BreadcrumbList\",\"@id\":\"https:\/\/www.res-group.com\/fr\/carrieres\/carrieres-experimentees\/ingenierie-et-technique\/#breadcrumb\",\"itemListElement\":[{\"@type\":\"ListItem\",\"position\":1,\"name\":\"In\u00edcio\",\"item\":\"https:\/\/www.res-group.com\/fr\/\"},{\"@type\":\"ListItem\",\"position\":2,\"name\":\"Carri\u00e8res\",\"item\":\"https:\/\/www.res-group.com\/fr\/carrieres\/\"},{\"@type\":\"ListItem\",\"position\":3,\"name\":\"Carri\u00e8res exp\u00e9riment\u00e9es\",\"item\":\"https:\/\/www.res-group.com\/fr\/carrieres\/carrieres-experimentees\/\"},{\"@type\":\"ListItem\",\"position\":4,\"name\":\"Methodes, Performance et Ing\u00e9nierie.\"}]},{\"@type\":\"WebSite\",\"@id\":\"https:\/\/www.res-group.com\/fr\/#website\",\"url\":\"https:\/\/www.res-group.com\/fr\/\",\"name\":\"res-group.com\",\"description\":\"The power behind a clean energy future\",\"publisher\":{\"@id\":\"https:\/\/www.res-group.com\/fr\/#organization\"},\"potentialAction\":[{\"@type\":\"SearchAction\",\"target\":{\"@type\":\"EntryPoint\",\"urlTemplate\":\"https:\/\/www.res-group.com\/fr\/?s={search_term_string}\"},\"query-input\":{\"@type\":\"PropertyValueSpecification\",\"valueRequired\":true,\"valueName\":\"search_term_string\"}}],\"inLanguage\":\"fr-FR\"},{\"@type\":\"Organization\",\"@id\":\"https:\/\/www.res-group.com\/fr\/#organization\",\"name\":\"RES\",\"url\":\"https:\/\/www.res-group.com\/fr\/\",\"logo\":{\"@type\":\"ImageObject\",\"inLanguage\":\"fr-FR\",\"@id\":\"https:\/\/www.res-group.com\/fr\/#\/schema\/logo\/image\/\",\"url\":\"https:\/\/www.res-group.com\/wp-content\/uploads\/2023\/05\/header-logo.svg\",\"contentUrl\":\"https:\/\/www.res-group.com\/wp-content\/uploads\/2023\/05\/header-logo.svg\",\"width\":82.634,\"height\":38,\"caption\":\"RES\"},\"image\":{\"@id\":\"https:\/\/www.res-group.com\/fr\/#\/schema\/logo\/image\/\"},\"sameAs\":[\"https:\/\/x.com\/RESGroup\",\"https:\/\/www.instagram.com\/res_powerforgood\",\"https:\/\/www.linkedin.com\/company\/res-group\/\",\"https:\/\/vimeo.com\/resgroup\"]}]}<\/script>\n<!-- \/ Yoast SEO Premium plugin. -->","yoast_head_json":{"title":"Methodes, Performance et Ing\u00e9nierie. - RES","robots":{"index":"index","follow":"follow","max-snippet":"max-snippet:-1","max-image-preview":"max-image-preview:large","max-video-preview":"max-video-preview:-1"},"canonical":"https:\/\/www.res-group.com\/fr\/carrieres\/carrieres-experimentees\/ingenierie-et-technique\/","og_locale":"fr_FR","og_type":"article","og_title":"Methodes, Performance et Ing\u00e9nierie.","og_url":"https:\/\/www.res-group.com\/fr\/carrieres\/carrieres-experimentees\/ingenierie-et-technique\/","og_site_name":"RES","article_modified_time":"2023-08-28T17:59:33+00:00","og_image":[{"width":1920,"height":970,"url":"https:\/\/www.res-group.com\/wp-content\/uploads\/2023\/08\/ETCareers-Banner-desktop.jpg","type":"image\/jpeg"}],"twitter_card":"summary_large_image","twitter_site":"@RESGroup","schema":{"@context":"https:\/\/schema.org","@graph":[{"@type":"WebPage","@id":"https:\/\/www.res-group.com\/fr\/carrieres\/carrieres-experimentees\/ingenierie-et-technique\/","url":"https:\/\/www.res-group.com\/fr\/carrieres\/carrieres-experimentees\/ingenierie-et-technique\/","name":"Methodes, Performance et Ing\u00e9nierie. - RES","isPartOf":{"@id":"https:\/\/www.res-group.com\/fr\/#website"},"primaryImageOfPage":{"@id":"https:\/\/www.res-group.com\/fr\/carrieres\/carrieres-experimentees\/ingenierie-et-technique\/#primaryimage"},"image":{"@id":"https:\/\/www.res-group.com\/fr\/carrieres\/carrieres-experimentees\/ingenierie-et-technique\/#primaryimage"},"thumbnailUrl":"https:\/\/www.res-group.com\/wp-content\/uploads\/2023\/08\/ETCareers-Banner-desktop.jpg","datePublished":"2023-08-11T12:41:24+00:00","dateModified":"2023-08-28T17:59:33+00:00","breadcrumb":{"@id":"https:\/\/www.res-group.com\/fr\/carrieres\/carrieres-experimentees\/ingenierie-et-technique\/#breadcrumb"},"inLanguage":"fr-FR","potentialAction":[{"@type":"ReadAction","target":["https:\/\/www.res-group.com\/fr\/carrieres\/carrieres-experimentees\/ingenierie-et-technique\/"]}]},{"@type":"ImageObject","inLanguage":"fr-FR","@id":"https:\/\/www.res-group.com\/fr\/carrieres\/carrieres-experimentees\/ingenierie-et-technique\/#primaryimage","url":"https:\/\/www.res-group.com\/wp-content\/uploads\/2023\/08\/ETCareers-Banner-desktop.jpg","contentUrl":"https:\/\/www.res-group.com\/wp-content\/uploads\/2023\/08\/ETCareers-Banner-desktop.jpg","width":1920,"height":970,"caption":"En"},{"@type":"BreadcrumbList","@id":"https:\/\/www.res-group.com\/fr\/carrieres\/carrieres-experimentees\/ingenierie-et-technique\/#breadcrumb","itemListElement":[{"@type":"ListItem","position":1,"name":"In\u00edcio","item":"https:\/\/www.res-group.com\/fr\/"},{"@type":"ListItem","position":2,"name":"Carri\u00e8res","item":"https:\/\/www.res-group.com\/fr\/carrieres\/"},{"@type":"ListItem","position":3,"name":"Carri\u00e8res exp\u00e9riment\u00e9es","item":"https:\/\/www.res-group.com\/fr\/carrieres\/carrieres-experimentees\/"},{"@type":"ListItem","position":4,"name":"Methodes, Performance et Ing\u00e9nierie."}]},{"@type":"WebSite","@id":"https:\/\/www.res-group.com\/fr\/#website","url":"https:\/\/www.res-group.com\/fr\/","name":"res-group.com","description":"The power behind a clean energy future","publisher":{"@id":"https:\/\/www.res-group.com\/fr\/#organization"},"potentialAction":[{"@type":"SearchAction","target":{"@type":"EntryPoint","urlTemplate":"https:\/\/www.res-group.com\/fr\/?s={search_term_string}"},"query-input":{"@type":"PropertyValueSpecification","valueRequired":true,"valueName":"search_term_string"}}],"inLanguage":"fr-FR"},{"@type":"Organization","@id":"https:\/\/www.res-group.com\/fr\/#organization","name":"RES","url":"https:\/\/www.res-group.com\/fr\/","logo":{"@type":"ImageObject","inLanguage":"fr-FR","@id":"https:\/\/www.res-group.com\/fr\/#\/schema\/logo\/image\/","url":"https:\/\/www.res-group.com\/wp-content\/uploads\/2023\/05\/header-logo.svg","contentUrl":"https:\/\/www.res-group.com\/wp-content\/uploads\/2023\/05\/header-logo.svg","width":82.634,"height":38,"caption":"RES"},"image":{"@id":"https:\/\/www.res-group.com\/fr\/#\/schema\/logo\/image\/"},"sameAs":["https:\/\/x.com\/RESGroup","https:\/\/www.instagram.com\/res_powerforgood","https:\/\/www.linkedin.com\/company\/res-group\/","https:\/\/vimeo.com\/resgroup"]}]}},"_links":{"self":[{"href":"https:\/\/www.res-group.com\/fr\/wp-json\/wp\/v2\/pages\/3763","targetHints":{"allow":["GET"]}}],"collection":[{"href":"https:\/\/www.res-group.com\/fr\/wp-json\/wp\/v2\/pages"}],"about":[{"href":"https:\/\/www.res-group.com\/fr\/wp-json\/wp\/v2\/types\/page"}],"author":[{"embeddable":true,"href":"https:\/\/www.res-group.com\/fr\/wp-json\/wp\/v2\/users\/1"}],"replies":[{"embeddable":true,"href":"https:\/\/www.res-group.com\/fr\/wp-json\/wp\/v2\/comments?post=3763"}],"version-history":[{"count":0,"href":"https:\/\/www.res-group.com\/fr\/wp-json\/wp\/v2\/pages\/3763\/revisions"}],"up":[{"embeddable":true,"href":"https:\/\/www.res-group.com\/fr\/wp-json\/wp\/v2\/pages\/3646"}],"wp:featuredmedia":[{"embeddable":true,"href":"https:\/\/www.res-group.com\/fr\/wp-json\/wp\/v2\/media\/3767"}],"wp:attachment":[{"href":"https:\/\/www.res-group.com\/fr\/wp-json\/wp\/v2\/media?parent=3763"}],"curies":[{"name":"wp","href":"https:\/\/api.w.org\/{rel}","templated":true}]}}