{"id":3425,"date":"2023-08-09T12:53:25","date_gmt":"2023-08-09T11:53:25","guid":{"rendered":"http:\/\/www.res-group.com\/a-propos-de-nous\/reseaux-daffinites\/"},"modified":"2025-06-26T09:32:07","modified_gmt":"2025-06-26T08:32:07","slug":"reseaux-daffinites","status":"publish","type":"page","link":"https:\/\/www.res-group.com\/fr\/a-propos-de-nous\/reseaux-daffinites\/","title":{"rendered":"R\u00e9seaux d&#8217;affinit\u00e9s"},"content":{"rendered":"","protected":false},"excerpt":{"rendered":"","protected":false},"author":1,"featured_media":19339,"parent":2258,"menu_order":0,"comment_status":"closed","ping_status":"closed","template":"index.php","meta":{"_acf_changed":false,"footnotes":""},"class_list":["post-3425","page","type-page","status-publish","has-post-thumbnail","hentry"],"acf":[],"yoast_head":"<!-- This site is optimized with the Yoast SEO Premium plugin v27.2 (Yoast SEO v27.2) - https:\/\/yoast.com\/product\/yoast-seo-premium-wordpress\/ -->\n<title>R\u00e9seaux d&#039;affinit\u00e9s - RES<\/title>\n<meta name=\"description\" content=\"Les r\u00e9seaux d&#039;afinit\u00e9s sont ouverts \u00e0 tous et offrent un espace o\u00f9 les collaborateurs peuvent se r\u00e9unir et partager librement leurs identit\u00e9s, leurs exp\u00e9riences et les d\u00e9fis auxquels ils sont confront\u00e9s sur le lieu de travail.\" \/>\n<meta name=\"robots\" content=\"index, follow, max-snippet:-1, max-image-preview:large, max-video-preview:-1\" \/>\n<link rel=\"canonical\" href=\"https:\/\/www.res-group.com\/fr\/a-propos-de-nous\/reseaux-daffinites\/\" \/>\n<meta property=\"og:locale\" content=\"fr_FR\" \/>\n<meta property=\"og:type\" content=\"article\" \/>\n<meta property=\"og:title\" content=\"R\u00e9seaux d&#039;affinit\u00e9s\" \/>\n<meta property=\"og:description\" content=\"Les r\u00e9seaux d&#039;afinit\u00e9s sont ouverts \u00e0 tous et offrent un espace o\u00f9 les collaborateurs peuvent se r\u00e9unir et partager librement leurs identit\u00e9s, leurs exp\u00e9riences et les d\u00e9fis auxquels ils sont confront\u00e9s sur le lieu de travail.\" \/>\n<meta property=\"og:url\" content=\"https:\/\/www.res-group.com\/fr\/a-propos-de-nous\/reseaux-daffinites\/\" \/>\n<meta property=\"og:site_name\" content=\"RES\" \/>\n<meta property=\"article:modified_time\" content=\"2025-06-26T08:32:07+00:00\" \/>\n<meta property=\"og:image\" content=\"https:\/\/www.res-group.com\/wp-content\/uploads\/2023\/08\/Affinity-Network-Banner-Desktop.jpg\" \/>\n\t<meta property=\"og:image:width\" content=\"1920\" \/>\n\t<meta property=\"og:image:height\" content=\"970\" \/>\n\t<meta property=\"og:image:type\" content=\"image\/jpeg\" \/>\n<meta name=\"twitter:card\" content=\"summary_large_image\" \/>\n<meta name=\"twitter:site\" content=\"@RESGroup\" \/>\n<meta name=\"twitter:label1\" content=\"Dur\u00e9e de lecture estim\u00e9e\" \/>\n\t<meta name=\"twitter:data1\" content=\"1 minute\" \/>\n<script type=\"application\/ld+json\" class=\"yoast-schema-graph\">{\"@context\":\"https:\/\/schema.org\",\"@graph\":[{\"@type\":\"WebPage\",\"@id\":\"https:\/\/www.res-group.com\/fr\/a-propos-de-nous\/reseaux-daffinites\/\",\"url\":\"https:\/\/www.res-group.com\/fr\/a-propos-de-nous\/reseaux-daffinites\/\",\"name\":\"R\u00e9seaux d'affinit\u00e9s - RES\",\"isPartOf\":{\"@id\":\"https:\/\/www.res-group.com\/fr\/#website\"},\"primaryImageOfPage\":{\"@id\":\"https:\/\/www.res-group.com\/fr\/a-propos-de-nous\/reseaux-daffinites\/#primaryimage\"},\"image\":{\"@id\":\"https:\/\/www.res-group.com\/fr\/a-propos-de-nous\/reseaux-daffinites\/#primaryimage\"},\"thumbnailUrl\":\"https:\/\/www.res-group.com\/wp-content\/uploads\/2023\/08\/Affinity-Network-Banner-Desktop.jpg\",\"datePublished\":\"2023-08-09T11:53:25+00:00\",\"dateModified\":\"2025-06-26T08:32:07+00:00\",\"description\":\"Les r\u00e9seaux d'afinit\u00e9s sont ouverts \u00e0 tous et offrent un espace o\u00f9 les collaborateurs peuvent se r\u00e9unir et partager librement leurs identit\u00e9s, leurs exp\u00e9riences et les d\u00e9fis auxquels ils sont confront\u00e9s sur le lieu de travail.\",\"breadcrumb\":{\"@id\":\"https:\/\/www.res-group.com\/fr\/a-propos-de-nous\/reseaux-daffinites\/#breadcrumb\"},\"inLanguage\":\"fr-FR\",\"potentialAction\":[{\"@type\":\"ReadAction\",\"target\":[\"https:\/\/www.res-group.com\/fr\/a-propos-de-nous\/reseaux-daffinites\/\"]}]},{\"@type\":\"ImageObject\",\"inLanguage\":\"fr-FR\",\"@id\":\"https:\/\/www.res-group.com\/fr\/a-propos-de-nous\/reseaux-daffinites\/#primaryimage\",\"url\":\"https:\/\/www.res-group.com\/wp-content\/uploads\/2023\/08\/Affinity-Network-Banner-Desktop.jpg\",\"contentUrl\":\"https:\/\/www.res-group.com\/wp-content\/uploads\/2023\/08\/Affinity-Network-Banner-Desktop.jpg\",\"width\":1920,\"height\":970},{\"@type\":\"BreadcrumbList\",\"@id\":\"https:\/\/www.res-group.com\/fr\/a-propos-de-nous\/reseaux-daffinites\/#breadcrumb\",\"itemListElement\":[{\"@type\":\"ListItem\",\"position\":1,\"name\":\"In\u00edcio\",\"item\":\"https:\/\/www.res-group.com\/fr\/\"},{\"@type\":\"ListItem\",\"position\":2,\"name\":\"A propos de nous\",\"item\":\"https:\/\/www.res-group.com\/fr\/a-propos-de-nous\/\"},{\"@type\":\"ListItem\",\"position\":3,\"name\":\"R\u00e9seaux d&#8217;affinit\u00e9s\"}]},{\"@type\":\"WebSite\",\"@id\":\"https:\/\/www.res-group.com\/fr\/#website\",\"url\":\"https:\/\/www.res-group.com\/fr\/\",\"name\":\"res-group.com\",\"description\":\"The power behind a clean energy future\",\"publisher\":{\"@id\":\"https:\/\/www.res-group.com\/fr\/#organization\"},\"potentialAction\":[{\"@type\":\"SearchAction\",\"target\":{\"@type\":\"EntryPoint\",\"urlTemplate\":\"https:\/\/www.res-group.com\/fr\/?s={search_term_string}\"},\"query-input\":{\"@type\":\"PropertyValueSpecification\",\"valueRequired\":true,\"valueName\":\"search_term_string\"}}],\"inLanguage\":\"fr-FR\"},{\"@type\":\"Organization\",\"@id\":\"https:\/\/www.res-group.com\/fr\/#organization\",\"name\":\"RES\",\"url\":\"https:\/\/www.res-group.com\/fr\/\",\"logo\":{\"@type\":\"ImageObject\",\"inLanguage\":\"fr-FR\",\"@id\":\"https:\/\/www.res-group.com\/fr\/#\/schema\/logo\/image\/\",\"url\":\"https:\/\/www.res-group.com\/wp-content\/uploads\/2023\/05\/header-logo.svg\",\"contentUrl\":\"https:\/\/www.res-group.com\/wp-content\/uploads\/2023\/05\/header-logo.svg\",\"width\":82.634,\"height\":38,\"caption\":\"RES\"},\"image\":{\"@id\":\"https:\/\/www.res-group.com\/fr\/#\/schema\/logo\/image\/\"},\"sameAs\":[\"https:\/\/x.com\/RESGroup\",\"https:\/\/www.instagram.com\/res_powerforgood\",\"https:\/\/www.linkedin.com\/company\/res-group\/\",\"https:\/\/vimeo.com\/resgroup\"]}]}<\/script>\n<!-- \/ Yoast SEO Premium plugin. -->","yoast_head_json":{"title":"R\u00e9seaux d'affinit\u00e9s - RES","description":"Les r\u00e9seaux d'afinit\u00e9s sont ouverts \u00e0 tous et offrent un espace o\u00f9 les collaborateurs peuvent se r\u00e9unir et partager librement leurs identit\u00e9s, leurs exp\u00e9riences et les d\u00e9fis auxquels ils sont confront\u00e9s sur le lieu de travail.","robots":{"index":"index","follow":"follow","max-snippet":"max-snippet:-1","max-image-preview":"max-image-preview:large","max-video-preview":"max-video-preview:-1"},"canonical":"https:\/\/www.res-group.com\/fr\/a-propos-de-nous\/reseaux-daffinites\/","og_locale":"fr_FR","og_type":"article","og_title":"R\u00e9seaux d'affinit\u00e9s","og_description":"Les r\u00e9seaux d'afinit\u00e9s sont ouverts \u00e0 tous et offrent un espace o\u00f9 les collaborateurs peuvent se r\u00e9unir et partager librement leurs identit\u00e9s, leurs exp\u00e9riences et les d\u00e9fis auxquels ils sont confront\u00e9s sur le lieu de travail.","og_url":"https:\/\/www.res-group.com\/fr\/a-propos-de-nous\/reseaux-daffinites\/","og_site_name":"RES","article_modified_time":"2025-06-26T08:32:07+00:00","og_image":[{"width":1920,"height":970,"url":"https:\/\/www.res-group.com\/wp-content\/uploads\/2023\/08\/Affinity-Network-Banner-Desktop.jpg","type":"image\/jpeg"}],"twitter_card":"summary_large_image","twitter_site":"@RESGroup","twitter_misc":{"Dur\u00e9e de lecture estim\u00e9e":"1 minute"},"schema":{"@context":"https:\/\/schema.org","@graph":[{"@type":"WebPage","@id":"https:\/\/www.res-group.com\/fr\/a-propos-de-nous\/reseaux-daffinites\/","url":"https:\/\/www.res-group.com\/fr\/a-propos-de-nous\/reseaux-daffinites\/","name":"R\u00e9seaux d'affinit\u00e9s - RES","isPartOf":{"@id":"https:\/\/www.res-group.com\/fr\/#website"},"primaryImageOfPage":{"@id":"https:\/\/www.res-group.com\/fr\/a-propos-de-nous\/reseaux-daffinites\/#primaryimage"},"image":{"@id":"https:\/\/www.res-group.com\/fr\/a-propos-de-nous\/reseaux-daffinites\/#primaryimage"},"thumbnailUrl":"https:\/\/www.res-group.com\/wp-content\/uploads\/2023\/08\/Affinity-Network-Banner-Desktop.jpg","datePublished":"2023-08-09T11:53:25+00:00","dateModified":"2025-06-26T08:32:07+00:00","description":"Les r\u00e9seaux d'afinit\u00e9s sont ouverts \u00e0 tous et offrent un espace o\u00f9 les collaborateurs peuvent se r\u00e9unir et partager librement leurs identit\u00e9s, leurs exp\u00e9riences et les d\u00e9fis auxquels ils sont confront\u00e9s sur le lieu de travail.","breadcrumb":{"@id":"https:\/\/www.res-group.com\/fr\/a-propos-de-nous\/reseaux-daffinites\/#breadcrumb"},"inLanguage":"fr-FR","potentialAction":[{"@type":"ReadAction","target":["https:\/\/www.res-group.com\/fr\/a-propos-de-nous\/reseaux-daffinites\/"]}]},{"@type":"ImageObject","inLanguage":"fr-FR","@id":"https:\/\/www.res-group.com\/fr\/a-propos-de-nous\/reseaux-daffinites\/#primaryimage","url":"https:\/\/www.res-group.com\/wp-content\/uploads\/2023\/08\/Affinity-Network-Banner-Desktop.jpg","contentUrl":"https:\/\/www.res-group.com\/wp-content\/uploads\/2023\/08\/Affinity-Network-Banner-Desktop.jpg","width":1920,"height":970},{"@type":"BreadcrumbList","@id":"https:\/\/www.res-group.com\/fr\/a-propos-de-nous\/reseaux-daffinites\/#breadcrumb","itemListElement":[{"@type":"ListItem","position":1,"name":"In\u00edcio","item":"https:\/\/www.res-group.com\/fr\/"},{"@type":"ListItem","position":2,"name":"A propos de nous","item":"https:\/\/www.res-group.com\/fr\/a-propos-de-nous\/"},{"@type":"ListItem","position":3,"name":"R\u00e9seaux d&#8217;affinit\u00e9s"}]},{"@type":"WebSite","@id":"https:\/\/www.res-group.com\/fr\/#website","url":"https:\/\/www.res-group.com\/fr\/","name":"res-group.com","description":"The power behind a clean energy future","publisher":{"@id":"https:\/\/www.res-group.com\/fr\/#organization"},"potentialAction":[{"@type":"SearchAction","target":{"@type":"EntryPoint","urlTemplate":"https:\/\/www.res-group.com\/fr\/?s={search_term_string}"},"query-input":{"@type":"PropertyValueSpecification","valueRequired":true,"valueName":"search_term_string"}}],"inLanguage":"fr-FR"},{"@type":"Organization","@id":"https:\/\/www.res-group.com\/fr\/#organization","name":"RES","url":"https:\/\/www.res-group.com\/fr\/","logo":{"@type":"ImageObject","inLanguage":"fr-FR","@id":"https:\/\/www.res-group.com\/fr\/#\/schema\/logo\/image\/","url":"https:\/\/www.res-group.com\/wp-content\/uploads\/2023\/05\/header-logo.svg","contentUrl":"https:\/\/www.res-group.com\/wp-content\/uploads\/2023\/05\/header-logo.svg","width":82.634,"height":38,"caption":"RES"},"image":{"@id":"https:\/\/www.res-group.com\/fr\/#\/schema\/logo\/image\/"},"sameAs":["https:\/\/x.com\/RESGroup","https:\/\/www.instagram.com\/res_powerforgood","https:\/\/www.linkedin.com\/company\/res-group\/","https:\/\/vimeo.com\/resgroup"]}]}},"_links":{"self":[{"href":"https:\/\/www.res-group.com\/fr\/wp-json\/wp\/v2\/pages\/3425","targetHints":{"allow":["GET"]}}],"collection":[{"href":"https:\/\/www.res-group.com\/fr\/wp-json\/wp\/v2\/pages"}],"about":[{"href":"https:\/\/www.res-group.com\/fr\/wp-json\/wp\/v2\/types\/page"}],"author":[{"embeddable":true,"href":"https:\/\/www.res-group.com\/fr\/wp-json\/wp\/v2\/users\/1"}],"replies":[{"embeddable":true,"href":"https:\/\/www.res-group.com\/fr\/wp-json\/wp\/v2\/comments?post=3425"}],"version-history":[{"count":0,"href":"https:\/\/www.res-group.com\/fr\/wp-json\/wp\/v2\/pages\/3425\/revisions"}],"up":[{"embeddable":true,"href":"https:\/\/www.res-group.com\/fr\/wp-json\/wp\/v2\/pages\/2258"}],"wp:featuredmedia":[{"embeddable":true,"href":"https:\/\/www.res-group.com\/fr\/wp-json\/wp\/v2\/media\/19339"}],"wp:attachment":[{"href":"https:\/\/www.res-group.com\/fr\/wp-json\/wp\/v2\/media?parent=3425"}],"curies":[{"name":"wp","href":"https:\/\/api.w.org\/{rel}","templated":true}]}}