{"id":22160,"date":"2023-08-29T12:05:27","date_gmt":"2023-08-29T11:05:27","guid":{"rendered":"https:\/\/www.res-group.com\/cookies\/"},"modified":"2026-04-21T17:07:10","modified_gmt":"2026-04-21T16:07:10","slug":"cookies","status":"publish","type":"page","link":"https:\/\/www.res-group.com\/fr\/cookies-fr\/","title":{"rendered":"Cookies"},"content":{"rendered":"\n<h3 class=\"wp-block-heading\" id=\"h-\"><\/h3>\n\n\n\n<h2 class=\"wp-block-heading\" id=\"h-pourquoi-utilisons-nous-des-cookies\">Pourquoi utilisons-nous des cookies ?<\/h2>\n\n\n\n<p>Nous utilisons des cookies pour plusieurs raisons. Certains cookies sont indispensables d&#8217;un point de vue technique au bon fonctionnement de notre site web, tandis que d&#8217;autres nous permettent de suivre et de cibler les centres d&#8217;int\u00e9r\u00eat de nos utilisateurs afin d&#8217;am\u00e9liorer leur exp\u00e9rience sur notre site. Des tiers peuvent \u00e9galement installer des cookies via notre site web \u00e0 des fins publicitaires, d&#8217;analyse ou autres.<\/p>\n\n\n\n<!-- OneTrust Cookies List start -->\n<div id=\"ot-sdk-cookie-policy\"><\/div>\n<!-- OneTrust Cookies List end -->\n","protected":false},"excerpt":{"rendered":"<p>Pourquoi utilisons-nous des cookies ? Nous utilisons des cookies pour plusieurs raisons. Certains cookies sont indispensables d&#8217;un point de vue technique au bon fonctionnement de notre site web, tandis que d&#8217;autres nous permettent de suivre et de cibler les centres d&#8217;int\u00e9r\u00eat de nos utilisateurs afin d&#8217;am\u00e9liorer leur exp\u00e9rience sur notre&#8230;<\/p>\n","protected":false},"author":1,"featured_media":0,"parent":0,"menu_order":0,"comment_status":"closed","ping_status":"closed","template":"","meta":{"_acf_changed":false,"footnotes":""},"class_list":["post-22160","page","type-page","status-publish","hentry"],"acf":[],"yoast_head":"<!-- This site is optimized with the Yoast SEO Premium plugin v27.2 (Yoast SEO v27.2) - https:\/\/yoast.com\/product\/yoast-seo-premium-wordpress\/ -->\n<title>Cookies - RES<\/title>\n<meta name=\"robots\" content=\"index, follow, max-snippet:-1, max-image-preview:large, max-video-preview:-1\" \/>\n<link rel=\"canonical\" href=\"https:\/\/www.res-group.com\/fr\/cookies-fr\/\" \/>\n<meta property=\"og:locale\" content=\"fr_FR\" \/>\n<meta property=\"og:type\" content=\"article\" \/>\n<meta property=\"og:title\" content=\"Cookies\" \/>\n<meta property=\"og:description\" content=\"Pourquoi utilisons-nous des cookies ? Nous utilisons des cookies pour plusieurs raisons. Certains cookies sont indispensables d&#8217;un point de vue technique au bon fonctionnement de notre site web, tandis que d&#8217;autres nous permettent de suivre et de cibler les centres d&#8217;int\u00e9r\u00eat de nos utilisateurs afin d&#8217;am\u00e9liorer leur exp\u00e9rience sur notre...\" \/>\n<meta property=\"og:url\" content=\"https:\/\/www.res-group.com\/fr\/cookies-fr\/\" \/>\n<meta property=\"og:site_name\" content=\"RES\" \/>\n<meta property=\"article:modified_time\" content=\"2026-04-21T16:07:10+00:00\" \/>\n<meta name=\"twitter:card\" content=\"summary_large_image\" \/>\n<meta name=\"twitter:site\" content=\"@RESGroup\" \/>\n<meta name=\"twitter:label1\" content=\"Dur\u00e9e de lecture estim\u00e9e\" \/>\n\t<meta name=\"twitter:data1\" content=\"1 minute\" \/>\n<script type=\"application\/ld+json\" class=\"yoast-schema-graph\">{\"@context\":\"https:\/\/schema.org\",\"@graph\":[{\"@type\":\"WebPage\",\"@id\":\"https:\/\/www.res-group.com\/fr\/cookies-fr\/\",\"url\":\"https:\/\/www.res-group.com\/fr\/cookies-fr\/\",\"name\":\"Cookies - RES\",\"isPartOf\":{\"@id\":\"https:\/\/www.res-group.com\/fr\/#website\"},\"datePublished\":\"2023-08-29T11:05:27+00:00\",\"dateModified\":\"2026-04-21T16:07:10+00:00\",\"breadcrumb\":{\"@id\":\"https:\/\/www.res-group.com\/fr\/cookies-fr\/#breadcrumb\"},\"inLanguage\":\"fr-FR\",\"potentialAction\":[{\"@type\":\"ReadAction\",\"target\":[\"https:\/\/www.res-group.com\/fr\/cookies-fr\/\"]}]},{\"@type\":\"BreadcrumbList\",\"@id\":\"https:\/\/www.res-group.com\/fr\/cookies-fr\/#breadcrumb\",\"itemListElement\":[{\"@type\":\"ListItem\",\"position\":1,\"name\":\"In\u00edcio\",\"item\":\"https:\/\/www.res-group.com\/fr\/\"},{\"@type\":\"ListItem\",\"position\":2,\"name\":\"Cookies\"}]},{\"@type\":\"WebSite\",\"@id\":\"https:\/\/www.res-group.com\/fr\/#website\",\"url\":\"https:\/\/www.res-group.com\/fr\/\",\"name\":\"res-group.com\",\"description\":\"The power behind a clean energy future\",\"publisher\":{\"@id\":\"https:\/\/www.res-group.com\/fr\/#organization\"},\"potentialAction\":[{\"@type\":\"SearchAction\",\"target\":{\"@type\":\"EntryPoint\",\"urlTemplate\":\"https:\/\/www.res-group.com\/fr\/?s={search_term_string}\"},\"query-input\":{\"@type\":\"PropertyValueSpecification\",\"valueRequired\":true,\"valueName\":\"search_term_string\"}}],\"inLanguage\":\"fr-FR\"},{\"@type\":\"Organization\",\"@id\":\"https:\/\/www.res-group.com\/fr\/#organization\",\"name\":\"RES\",\"url\":\"https:\/\/www.res-group.com\/fr\/\",\"logo\":{\"@type\":\"ImageObject\",\"inLanguage\":\"fr-FR\",\"@id\":\"https:\/\/www.res-group.com\/fr\/#\/schema\/logo\/image\/\",\"url\":\"https:\/\/www.res-group.com\/wp-content\/uploads\/2023\/05\/header-logo.svg\",\"contentUrl\":\"https:\/\/www.res-group.com\/wp-content\/uploads\/2023\/05\/header-logo.svg\",\"width\":82.634,\"height\":38,\"caption\":\"RES\"},\"image\":{\"@id\":\"https:\/\/www.res-group.com\/fr\/#\/schema\/logo\/image\/\"},\"sameAs\":[\"https:\/\/x.com\/RESGroup\",\"https:\/\/www.instagram.com\/res_powerforgood\",\"https:\/\/www.linkedin.com\/company\/res-group\/\",\"https:\/\/vimeo.com\/resgroup\"]}]}<\/script>\n<!-- \/ Yoast SEO Premium plugin. -->","yoast_head_json":{"title":"Cookies - RES","robots":{"index":"index","follow":"follow","max-snippet":"max-snippet:-1","max-image-preview":"max-image-preview:large","max-video-preview":"max-video-preview:-1"},"canonical":"https:\/\/www.res-group.com\/fr\/cookies-fr\/","og_locale":"fr_FR","og_type":"article","og_title":"Cookies","og_description":"Pourquoi utilisons-nous des cookies ? Nous utilisons des cookies pour plusieurs raisons. Certains cookies sont indispensables d&#8217;un point de vue technique au bon fonctionnement de notre site web, tandis que d&#8217;autres nous permettent de suivre et de cibler les centres d&#8217;int\u00e9r\u00eat de nos utilisateurs afin d&#8217;am\u00e9liorer leur exp\u00e9rience sur notre...","og_url":"https:\/\/www.res-group.com\/fr\/cookies-fr\/","og_site_name":"RES","article_modified_time":"2026-04-21T16:07:10+00:00","twitter_card":"summary_large_image","twitter_site":"@RESGroup","twitter_misc":{"Dur\u00e9e de lecture estim\u00e9e":"1 minute"},"schema":{"@context":"https:\/\/schema.org","@graph":[{"@type":"WebPage","@id":"https:\/\/www.res-group.com\/fr\/cookies-fr\/","url":"https:\/\/www.res-group.com\/fr\/cookies-fr\/","name":"Cookies - RES","isPartOf":{"@id":"https:\/\/www.res-group.com\/fr\/#website"},"datePublished":"2023-08-29T11:05:27+00:00","dateModified":"2026-04-21T16:07:10+00:00","breadcrumb":{"@id":"https:\/\/www.res-group.com\/fr\/cookies-fr\/#breadcrumb"},"inLanguage":"fr-FR","potentialAction":[{"@type":"ReadAction","target":["https:\/\/www.res-group.com\/fr\/cookies-fr\/"]}]},{"@type":"BreadcrumbList","@id":"https:\/\/www.res-group.com\/fr\/cookies-fr\/#breadcrumb","itemListElement":[{"@type":"ListItem","position":1,"name":"In\u00edcio","item":"https:\/\/www.res-group.com\/fr\/"},{"@type":"ListItem","position":2,"name":"Cookies"}]},{"@type":"WebSite","@id":"https:\/\/www.res-group.com\/fr\/#website","url":"https:\/\/www.res-group.com\/fr\/","name":"res-group.com","description":"The power behind a clean energy future","publisher":{"@id":"https:\/\/www.res-group.com\/fr\/#organization"},"potentialAction":[{"@type":"SearchAction","target":{"@type":"EntryPoint","urlTemplate":"https:\/\/www.res-group.com\/fr\/?s={search_term_string}"},"query-input":{"@type":"PropertyValueSpecification","valueRequired":true,"valueName":"search_term_string"}}],"inLanguage":"fr-FR"},{"@type":"Organization","@id":"https:\/\/www.res-group.com\/fr\/#organization","name":"RES","url":"https:\/\/www.res-group.com\/fr\/","logo":{"@type":"ImageObject","inLanguage":"fr-FR","@id":"https:\/\/www.res-group.com\/fr\/#\/schema\/logo\/image\/","url":"https:\/\/www.res-group.com\/wp-content\/uploads\/2023\/05\/header-logo.svg","contentUrl":"https:\/\/www.res-group.com\/wp-content\/uploads\/2023\/05\/header-logo.svg","width":82.634,"height":38,"caption":"RES"},"image":{"@id":"https:\/\/www.res-group.com\/fr\/#\/schema\/logo\/image\/"},"sameAs":["https:\/\/x.com\/RESGroup","https:\/\/www.instagram.com\/res_powerforgood","https:\/\/www.linkedin.com\/company\/res-group\/","https:\/\/vimeo.com\/resgroup"]}]}},"_links":{"self":[{"href":"https:\/\/www.res-group.com\/fr\/wp-json\/wp\/v2\/pages\/22160","targetHints":{"allow":["GET"]}}],"collection":[{"href":"https:\/\/www.res-group.com\/fr\/wp-json\/wp\/v2\/pages"}],"about":[{"href":"https:\/\/www.res-group.com\/fr\/wp-json\/wp\/v2\/types\/page"}],"author":[{"embeddable":true,"href":"https:\/\/www.res-group.com\/fr\/wp-json\/wp\/v2\/users\/1"}],"replies":[{"embeddable":true,"href":"https:\/\/www.res-group.com\/fr\/wp-json\/wp\/v2\/comments?post=22160"}],"version-history":[{"count":2,"href":"https:\/\/www.res-group.com\/fr\/wp-json\/wp\/v2\/pages\/22160\/revisions"}],"predecessor-version":[{"id":45644,"href":"https:\/\/www.res-group.com\/fr\/wp-json\/wp\/v2\/pages\/22160\/revisions\/45644"}],"wp:attachment":[{"href":"https:\/\/www.res-group.com\/fr\/wp-json\/wp\/v2\/media?parent=22160"}],"curies":[{"name":"wp","href":"https:\/\/api.w.org\/{rel}","templated":true}]}}