{"id":21348,"date":"2023-08-29T13:52:55","date_gmt":"2023-08-29T12:52:55","guid":{"rendered":"http:\/\/www.res-group.com\/modern-slavery\/"},"modified":"2025-09-01T11:27:21","modified_gmt":"2025-09-01T10:27:21","slug":"esclavage-moderne","status":"publish","type":"page","link":"https:\/\/www.res-group.com\/fr\/esclavage-moderne\/","title":{"rendered":"Esclavage moderne"},"content":{"rendered":"\n<p><strong>Loi de 2015 sur l&#8217;esclavage moderne \u2013 D\u00e9claration sur l&#8217;esclavage et la traite des personnes<\/strong><\/p>\n\n\n\n<p>Nous sommes une entreprise mondiale qui d\u00e9veloppe, construit et entretient des projets et des infrastructures d&#8217;\u00e9nergie renouvelable \u00e0 l&#8217;\u00e9chelle des services publics. Nous sommes la soci\u00e9t\u00e9 m\u00e8re de RES. La soci\u00e9t\u00e9 a son si\u00e8ge social au Royaume-Uni et exerce ses activit\u00e9s dans 24 pays, chaque pays \u00e9tant dirig\u00e9 par un directeur national ou un dirigeant r\u00e9gional avec la contribution de la haute direction du groupe RES.<\/p>\n\n\n\n<p>Les principes fondateurs de la Loi sur l&#8217;esclavage moderne de 2015 (la \u00ab MSA \u00bb) s&#8217;alignent sur les valeurs de notre organisation et notre conseil d&#8217;administration soutient les principes de la MSA dans nos pratiques commerciales. Les politiques d&#8217;approvisionnement des SRE tiennent compte des principes qui sous-tendent les initiatives mondiales pertinentes, notamment le Code de base du Pacte mondial des Nations Unies et de l&#8217;Initiative sur le commerce \u00e9thique. Cette d\u00e9claration servira de base \u00e0 notre engagement \u00e0 essayer de veiller \u00e0 ce que l&#8217;esclavage moderne n&#8217;existe pas dans notre cha\u00eene d&#8217;approvisionnement.<\/p>\n\n\n\n<p>RES s&#8217;est jointe au Pacte mondial des Nations Unies (UNGC) pour renforcer son engagement envers les pratiques commerciales durables.<\/p>\n\n\n\n<p>RES travaille avec une vaste cha\u00eene d&#8217;approvisionnement, y compris des fabricants d&#8217;\u00e9quipements sp\u00e9cialis\u00e9s. Nous croyons que nos fournisseurs devraient s&#8217;efforcer d&#8217;\u00e9viter l&#8217;esclavage moderne. Cela inclut les sous-traitants de nos fournisseurs, qui peuvent faire appel \u00e0 des employ\u00e9s temporaires et \u00e0 des agences.<\/p>\n\n\n\n<p>RES examine p\u00e9riodiquement les risques li\u00e9s \u00e0 l&#8217;esclavage moderne et s&#8217;est concentr\u00e9e sur les principaux fournisseurs ayant une empreinte manufacturi\u00e8re mondiale, tels que les fournisseurs d&#8217;\u00e9oliennes et d&#8217;\u00e9quipement \u00e9lectrique pour nos projets. Nous avons examin\u00e9 la question de l&#8217;esclavage moderne avec certains de nos plus proches partenaires dans ce secteur et voici des exemples de mesures prises par certains d&#8217;entre eux :<\/p>\n\n\n\n<ul class=\"wp-block-list\">\n<li>Adh\u00e9sion au Pacte mondial des Nations Unies<\/li>\n\n\n\n<li>Publication des politiques en mati\u00e8re de droits de la personne<\/li>\n\n\n\n<li>Mise en place de comit\u00e9s de durabilit\u00e9, de codes de conduite et de voies de communication pour le personnel sp\u00e9cifiquement li\u00e9s \u00e0 l&#8217;\u00e9thique des affaires<\/li>\n\n\n\n<li>R\u00e9alisation de la diligence raisonnable sociale et environnementale des projets<\/li>\n\n\n\n<li>Mise en \u0153uvre d&#8217;un syst\u00e8me de gestion responsable de la cha\u00eene d&#8217;approvisionnement, qui comprend un code de conduite pour les fournisseurs, la surveillance de leurs fournisseurs, des v\u00e9rifications et un suivi.<\/li>\n<\/ul>\n\n\n\n<p>Dans le cadre de l&#8217;\u00e9valuation du risque li\u00e9 \u00e0 l&#8217;esclavage moderne, nous travaillons avec les fournisseurs d&#8217;\u00e9quipements majeurs pour identifier les composants fabriqu\u00e9s ou achet\u00e9s dans des pays qui pourraient \u00eatre consid\u00e9r\u00e9s comme \u00e0 risque plus \u00e9lev\u00e9 (en se r\u00e9f\u00e9rant \u00e0 la derni\u00e8re \u00e9dition de l&#8217;Indice mondial de l&#8217;esclavage). Nous avons constat\u00e9 que la grande majorit\u00e9 des activit\u00e9s de d\u00e9veloppement, de construction et de services de projets de RES se d\u00e9roulent toutes dans des pays consid\u00e9r\u00e9s comme relativement \u00e0 faible risque et prennent les mesures \u00e9nonc\u00e9es ci-dessus en ce qui concerne les activit\u00e9s de notre cha\u00eene d&#8217;approvisionnement.<\/p>\n\n\n\n<p>RES a publi\u00e9 des directives \u00e0 l&#8217;intention du personnel concernant les pr\u00e9occupations concernant l&#8217;\u00e9thique des affaires et la d\u00e9nonciation, et s&#8217;engage \u00e0 y r\u00e9pondre efficacement. Les politiques relatives \u00e0 l&#8217;approvisionnement durable et \u00e0 l&#8217;esclavage moderne sont \u00e9galement disponibles pour tout le personnel sur l&#8217;intranet de l&#8217;entreprise.<\/p>\n\n\n\n<p>Cette d\u00e9claration est approuv\u00e9e par le conseil d&#8217;administration de Renewable Energy Systems Limited (au nom de toutes les autres soci\u00e9t\u00e9s de RES). Le contenu de cette d\u00e9claration a \u00e9galement \u00e9t\u00e9 communiqu\u00e9 \u00e0 d&#8217;autres intervenants internes pertinents.<\/p>\n\n\n\n<p>Cette d\u00e9claration est faite en vertu de l&#8217;article 54(1) de la MSA et constitue une d\u00e9claration RES sur l&#8217;esclavage et la traite des personnes pour l&#8217;exercice financier se terminant le 31 octobre 2024.<\/p>\n\n\n\n<p>Cet \u00e9nonc\u00e9 demeure pratiquement inchang\u00e9 par rapport \u00e0 l&#8217;exercice pr\u00e9c\u00e9dent, car le SRE n&#8217;a pas relev\u00e9 de mesures suppl\u00e9mentaires ou de changements n\u00e9cessaires dans l&#8217;intervalle.<\/p>\n\n\n\n<p>Sign\u00e9 par :<\/p>\n\n\n\n<p>Eduardo Medina<br>Chef de la direction<\/p>\n\n\n\n<p>Janvier 2025<\/p>\n\n\n\n<p><a href=\"https:\/\/www.res-group.com\/wp-content\/uploads\/2025\/09\/RES_Canada_Inc_-_Modern_Day_Slavery_Report_EC_FR_2025-08-11.pdf\" target=\"_blank\" rel=\"noreferrer noopener\">RES au Canada Esclavage moderne<\/a><\/p>\n\n\n\n<p><\/p>\n","protected":false},"excerpt":{"rendered":"<p>Loi de 2015 sur l&#8217;esclavage moderne \u2013 D\u00e9claration sur l&#8217;esclavage et la traite des personnes Nous sommes une entreprise mondiale qui d\u00e9veloppe, construit et entretient des projets et des infrastructures d&#8217;\u00e9nergie renouvelable \u00e0 l&#8217;\u00e9chelle des services publics. Nous sommes la soci\u00e9t\u00e9 m\u00e8re de RES. La soci\u00e9t\u00e9 a son si\u00e8ge social&#8230;<\/p>\n","protected":false},"author":1,"featured_media":0,"parent":0,"menu_order":0,"comment_status":"closed","ping_status":"closed","template":"","meta":{"_acf_changed":false,"footnotes":""},"class_list":["post-21348","page","type-page","status-publish","hentry"],"acf":[],"yoast_head":"<!-- This site is optimized with the Yoast SEO Premium plugin v27.2 (Yoast SEO v27.2) - https:\/\/yoast.com\/product\/yoast-seo-premium-wordpress\/ -->\n<title>Esclavage moderne - RES<\/title>\n<meta name=\"description\" content=\"D\u00e9couvrez comment notre entreprise se conforme \u00e0 la loi britannique sur l&#039;esclavage moderne (Modern Slavery Act) 2015\" \/>\n<meta name=\"robots\" content=\"index, follow, max-snippet:-1, max-image-preview:large, max-video-preview:-1\" \/>\n<link rel=\"canonical\" href=\"https:\/\/www.res-group.com\/fr\/esclavage-moderne\/\" \/>\n<meta property=\"og:locale\" content=\"fr_FR\" \/>\n<meta property=\"og:type\" content=\"article\" \/>\n<meta property=\"og:title\" content=\"Esclavage moderne\" \/>\n<meta property=\"og:description\" content=\"D\u00e9couvrez comment notre entreprise se conforme \u00e0 la loi britannique sur l&#039;esclavage moderne (Modern Slavery Act) 2015\" \/>\n<meta property=\"og:url\" content=\"https:\/\/www.res-group.com\/fr\/esclavage-moderne\/\" \/>\n<meta property=\"og:site_name\" content=\"RES\" \/>\n<meta property=\"article:modified_time\" content=\"2025-09-01T10:27:21+00:00\" \/>\n<meta name=\"twitter:card\" content=\"summary_large_image\" \/>\n<meta name=\"twitter:site\" content=\"@RESGroup\" \/>\n<meta name=\"twitter:label1\" content=\"Dur\u00e9e de lecture estim\u00e9e\" \/>\n\t<meta name=\"twitter:data1\" content=\"3 minutes\" \/>\n<script type=\"application\/ld+json\" class=\"yoast-schema-graph\">{\"@context\":\"https:\/\/schema.org\",\"@graph\":[{\"@type\":\"WebPage\",\"@id\":\"https:\/\/www.res-group.com\/fr\/esclavage-moderne\/\",\"url\":\"https:\/\/www.res-group.com\/fr\/esclavage-moderne\/\",\"name\":\"Esclavage moderne - RES\",\"isPartOf\":{\"@id\":\"https:\/\/www.res-group.com\/fr\/#website\"},\"datePublished\":\"2023-08-29T12:52:55+00:00\",\"dateModified\":\"2025-09-01T10:27:21+00:00\",\"description\":\"D\u00e9couvrez comment notre entreprise se conforme \u00e0 la loi britannique sur l'esclavage moderne (Modern Slavery Act) 2015\",\"breadcrumb\":{\"@id\":\"https:\/\/www.res-group.com\/fr\/esclavage-moderne\/#breadcrumb\"},\"inLanguage\":\"fr-FR\",\"potentialAction\":[{\"@type\":\"ReadAction\",\"target\":[\"https:\/\/www.res-group.com\/fr\/esclavage-moderne\/\"]}]},{\"@type\":\"BreadcrumbList\",\"@id\":\"https:\/\/www.res-group.com\/fr\/esclavage-moderne\/#breadcrumb\",\"itemListElement\":[{\"@type\":\"ListItem\",\"position\":1,\"name\":\"In\u00edcio\",\"item\":\"https:\/\/www.res-group.com\/fr\/\"},{\"@type\":\"ListItem\",\"position\":2,\"name\":\"Esclavage moderne\"}]},{\"@type\":\"WebSite\",\"@id\":\"https:\/\/www.res-group.com\/fr\/#website\",\"url\":\"https:\/\/www.res-group.com\/fr\/\",\"name\":\"res-group.com\",\"description\":\"The power behind a clean energy future\",\"publisher\":{\"@id\":\"https:\/\/www.res-group.com\/fr\/#organization\"},\"potentialAction\":[{\"@type\":\"SearchAction\",\"target\":{\"@type\":\"EntryPoint\",\"urlTemplate\":\"https:\/\/www.res-group.com\/fr\/?s={search_term_string}\"},\"query-input\":{\"@type\":\"PropertyValueSpecification\",\"valueRequired\":true,\"valueName\":\"search_term_string\"}}],\"inLanguage\":\"fr-FR\"},{\"@type\":\"Organization\",\"@id\":\"https:\/\/www.res-group.com\/fr\/#organization\",\"name\":\"RES\",\"url\":\"https:\/\/www.res-group.com\/fr\/\",\"logo\":{\"@type\":\"ImageObject\",\"inLanguage\":\"fr-FR\",\"@id\":\"https:\/\/www.res-group.com\/fr\/#\/schema\/logo\/image\/\",\"url\":\"https:\/\/www.res-group.com\/wp-content\/uploads\/2023\/05\/header-logo.svg\",\"contentUrl\":\"https:\/\/www.res-group.com\/wp-content\/uploads\/2023\/05\/header-logo.svg\",\"width\":82.634,\"height\":38,\"caption\":\"RES\"},\"image\":{\"@id\":\"https:\/\/www.res-group.com\/fr\/#\/schema\/logo\/image\/\"},\"sameAs\":[\"https:\/\/x.com\/RESGroup\",\"https:\/\/www.instagram.com\/res_powerforgood\",\"https:\/\/www.linkedin.com\/company\/res-group\/\",\"https:\/\/vimeo.com\/resgroup\"]}]}<\/script>\n<!-- \/ Yoast SEO Premium plugin. -->","yoast_head_json":{"title":"Esclavage moderne - RES","description":"D\u00e9couvrez comment notre entreprise se conforme \u00e0 la loi britannique sur l'esclavage moderne (Modern Slavery Act) 2015","robots":{"index":"index","follow":"follow","max-snippet":"max-snippet:-1","max-image-preview":"max-image-preview:large","max-video-preview":"max-video-preview:-1"},"canonical":"https:\/\/www.res-group.com\/fr\/esclavage-moderne\/","og_locale":"fr_FR","og_type":"article","og_title":"Esclavage moderne","og_description":"D\u00e9couvrez comment notre entreprise se conforme \u00e0 la loi britannique sur l'esclavage moderne (Modern Slavery Act) 2015","og_url":"https:\/\/www.res-group.com\/fr\/esclavage-moderne\/","og_site_name":"RES","article_modified_time":"2025-09-01T10:27:21+00:00","twitter_card":"summary_large_image","twitter_site":"@RESGroup","twitter_misc":{"Dur\u00e9e de lecture estim\u00e9e":"3 minutes"},"schema":{"@context":"https:\/\/schema.org","@graph":[{"@type":"WebPage","@id":"https:\/\/www.res-group.com\/fr\/esclavage-moderne\/","url":"https:\/\/www.res-group.com\/fr\/esclavage-moderne\/","name":"Esclavage moderne - RES","isPartOf":{"@id":"https:\/\/www.res-group.com\/fr\/#website"},"datePublished":"2023-08-29T12:52:55+00:00","dateModified":"2025-09-01T10:27:21+00:00","description":"D\u00e9couvrez comment notre entreprise se conforme \u00e0 la loi britannique sur l'esclavage moderne (Modern Slavery Act) 2015","breadcrumb":{"@id":"https:\/\/www.res-group.com\/fr\/esclavage-moderne\/#breadcrumb"},"inLanguage":"fr-FR","potentialAction":[{"@type":"ReadAction","target":["https:\/\/www.res-group.com\/fr\/esclavage-moderne\/"]}]},{"@type":"BreadcrumbList","@id":"https:\/\/www.res-group.com\/fr\/esclavage-moderne\/#breadcrumb","itemListElement":[{"@type":"ListItem","position":1,"name":"In\u00edcio","item":"https:\/\/www.res-group.com\/fr\/"},{"@type":"ListItem","position":2,"name":"Esclavage moderne"}]},{"@type":"WebSite","@id":"https:\/\/www.res-group.com\/fr\/#website","url":"https:\/\/www.res-group.com\/fr\/","name":"res-group.com","description":"The power behind a clean energy future","publisher":{"@id":"https:\/\/www.res-group.com\/fr\/#organization"},"potentialAction":[{"@type":"SearchAction","target":{"@type":"EntryPoint","urlTemplate":"https:\/\/www.res-group.com\/fr\/?s={search_term_string}"},"query-input":{"@type":"PropertyValueSpecification","valueRequired":true,"valueName":"search_term_string"}}],"inLanguage":"fr-FR"},{"@type":"Organization","@id":"https:\/\/www.res-group.com\/fr\/#organization","name":"RES","url":"https:\/\/www.res-group.com\/fr\/","logo":{"@type":"ImageObject","inLanguage":"fr-FR","@id":"https:\/\/www.res-group.com\/fr\/#\/schema\/logo\/image\/","url":"https:\/\/www.res-group.com\/wp-content\/uploads\/2023\/05\/header-logo.svg","contentUrl":"https:\/\/www.res-group.com\/wp-content\/uploads\/2023\/05\/header-logo.svg","width":82.634,"height":38,"caption":"RES"},"image":{"@id":"https:\/\/www.res-group.com\/fr\/#\/schema\/logo\/image\/"},"sameAs":["https:\/\/x.com\/RESGroup","https:\/\/www.instagram.com\/res_powerforgood","https:\/\/www.linkedin.com\/company\/res-group\/","https:\/\/vimeo.com\/resgroup"]}]}},"_links":{"self":[{"href":"https:\/\/www.res-group.com\/fr\/wp-json\/wp\/v2\/pages\/21348","targetHints":{"allow":["GET"]}}],"collection":[{"href":"https:\/\/www.res-group.com\/fr\/wp-json\/wp\/v2\/pages"}],"about":[{"href":"https:\/\/www.res-group.com\/fr\/wp-json\/wp\/v2\/types\/page"}],"author":[{"embeddable":true,"href":"https:\/\/www.res-group.com\/fr\/wp-json\/wp\/v2\/users\/1"}],"replies":[{"embeddable":true,"href":"https:\/\/www.res-group.com\/fr\/wp-json\/wp\/v2\/comments?post=21348"}],"version-history":[{"count":0,"href":"https:\/\/www.res-group.com\/fr\/wp-json\/wp\/v2\/pages\/21348\/revisions"}],"wp:attachment":[{"href":"https:\/\/www.res-group.com\/fr\/wp-json\/wp\/v2\/media?parent=21348"}],"curies":[{"name":"wp","href":"https:\/\/api.w.org\/{rel}","templated":true}]}}