{"id":19726,"date":"2023-08-30T09:54:35","date_gmt":"2023-08-30T08:54:35","guid":{"rendered":"http:\/\/www.res-group.com\/?page_id=19726"},"modified":"2026-04-21T16:55:14","modified_gmt":"2026-04-21T15:55:14","slug":"conditions-dutilisation","status":"publish","type":"page","link":"https:\/\/www.res-group.com\/fr\/conditions-dutilisation\/","title":{"rendered":"Conditions d&#8217;utilisation"},"content":{"rendered":"\n<p>Ce site web est uniquement destin\u00e9 \u00e0 l&#8217;information et Renewable Energy Systems Limited et l&#8217;une ou l&#8217;autre de ses filiales et soci\u00e9t\u00e9s affili\u00e9es (RES) ne font aucune d\u00e9claration ou garantie, expresse ou implicite, quant \u00e0 l&#8217;exactitude et l&#8217;exhaustivit\u00e9 des informations qu&#8217;il contient. RES d\u00e9cline, dans la mesure maximale permise par la loi, toute responsabilit\u00e9 quant au contenu de ce site web.<\/p>\n\n\n\n<p>Le site web contient des liens vers d&#8217;autres sites web, qui ne sont pas produits par, ou sous le contr\u00f4le de, RES. RES n&#8217;est pas responsable du contenu de ces sites web et les liens sont fournis uniquement pour des raisons de commodit\u00e9. RES n&#8217;approuve ni ne v\u00e9rifie le contenu ou les ressources disponibles sur ces sites web et, par cons\u00e9quent, toute responsabilit\u00e9 en d\u00e9coulant est express\u00e9ment exclue.<\/p>\n\n\n\n<p>Ce site web et son contenu sont r\u00e9gis par les lois d&#8217;Angleterre et du Pays de Galles et les tribunaux d&#8217;Angleterre et du Pays de Galles auront la juridiction exclusive en ce qui concerne toute r\u00e9clamation ou tout litige en d\u00e9coulant. Les proc\u00e9dures judiciaires ne peuvent \u00eatre signifi\u00e9es \u00e0 un membre du groupe RES qu&#8217;au si\u00e8ge social de la soci\u00e9t\u00e9 concern\u00e9e, et la signification \u00e9lectronique des proc\u00e9dures judiciaires n&#8217;est pas autoris\u00e9e. En continuant \u00e0 utiliser ce site apr\u00e8s l&#8217;affichage de tout changement, vous acceptez les conditions g\u00e9n\u00e9rales r\u00e9vis\u00e9es.<\/p>\n\n\n\n<p>RES peut r\u00e9viser ces termes et conditions \u00e0 tout moment en mettant \u00e0 jour ce site, vous devez donc revenir sur cette page de temps en temps afin de consulter les termes et conditions alors en vigueur.<\/p>\n\n\n\n<p>L&#8217;utilisation de ce site constitue une acceptation des conditions g\u00e9n\u00e9rales ci-dessus, \u00e0 la date de votre premi\u00e8re utilisation de ce site.<\/p>\n\n\n\n<p>Vous acceptez d&#8217;utiliser ce site uniquement \u00e0 des fins l\u00e9gales et d&#8217;une mani\u00e8re qui ne porte pas atteinte aux droits, ni ne restreint ou n&#8217;emp\u00eache l&#8217;utilisation et la jouissance du site par toute autre personne.<\/p>\n\n\n\n<p>Restrictions en mati\u00e8re de droits d&#8217;auteur : (a) L&#8217;utilisation commerciale ou la publication de tout ou partie des \u00e9l\u00e9ments affich\u00e9s est strictement interdite sans autorisation pr\u00e9alable de RES. Rien de ce qui est contenu dans le pr\u00e9sent document ne doit \u00eatre interpr\u00e9t\u00e9 comme conf\u00e9rant une licence \u00e0 RES pour l&#8217;utilisation de tout \u00e9l\u00e9ment affich\u00e9. (b) Les documents peuvent \u00eatre copi\u00e9s pour un usage personnel uniquement \u00e0 condition que les droits d&#8217;auteur et les indications de source soient \u00e9galement copi\u00e9s, qu&#8217;aucune modification ne soit apport\u00e9e et que le document soit copi\u00e9 int\u00e9gralement. Toutefois, certains documents et photos peuvent avoir \u00e9t\u00e9 publi\u00e9s sur ce site avec l&#8217;autorisation des d\u00e9tenteurs de droits d&#8217;auteur concern\u00e9s (hors RES). Tous les droits sont r\u00e9serv\u00e9s sur ces documents et l&#8217;autorisation de les copier doit \u00eatre demand\u00e9e aux propri\u00e9taires des droits d&#8217;auteur (les sources sont indiqu\u00e9es dans ces documents\/photos).<\/p>\n\n\n\n<p>Toute communication ou tout mat\u00e9riel que vous transmettez ou publiez dans une zone publique du site, y compris les donn\u00e9es, questions, commentaires, suggestions ou autres, est et sera trait\u00e9 comme une information non confidentielle et non exclusive.<\/p>\n\n\n\n<p>En cas de conflit entre les pr\u00e9sentes conditions d&#8217;utilisation et les r\u00e8gles et\/ou conditions d&#8217;utilisation sp\u00e9cifiques apparaissant ailleurs sur ce site concernant un mat\u00e9riel sp\u00e9cifique, ce sont ces derni\u00e8res qui pr\u00e9valent.<\/p>\n\n\n\n<p>Si les pr\u00e9sentes conditions d&#8217;utilisation ne sont pas accept\u00e9es dans leur int\u00e9gralit\u00e9, votre utilisation de ce site doit \u00eatre interrompue imm\u00e9diatement.<\/p>\n\n\n\n<h4 class=\"wp-block-heading\" id=\"h-conditions-d-utilisation-des-images\">Conditions d&#8217;utilisation des images<\/h4>\n\n\n\n<p>Conditions d&#8217;utilisation des images sur la plateforme de la salle de presse RES.<\/p>\n\n\n\n<p>Dans le cadre de l&#8217;utilisation de notre plateforme de salle de presse, les m\u00e9dias (\u00ab vous \u00bb) peuvent acc\u00e9der \u00e0 certaines images, photographies ou illustrations (\u00ab images \u00bb) ou les utiliser de toute autre mani\u00e8re.<\/p>\n\n\n\n<p>Les droits d&#8217;auteur relatifs aux Images sont d\u00e9tenus par RES. Nous vous accordons une licence non exclusive, r\u00e9vocable et non transf\u00e9rable vous permettant de t\u00e9l\u00e9charger, copier, afficher, visualiser et utiliser les Images dans le cadre de la couverture de l&#8217;actualit\u00e9 concern\u00e9e \u00e0 partir de notre plateforme de presse.<\/p>\n\n\n\n<p>En t\u00e9l\u00e9chargeant et en utilisant l\u2019une quelconque des Images, vous acceptez :<\/p>\n\n\n\n<p>de mentionner \u00ab RES \u00a9 \u00bb et de ne pas supprimer, modifier ou masquer les marques commerciales, marques de service, mentions de droits d\u2019auteur et autres mentions de propri\u00e9t\u00e9 figurant sur les Images ;<br>d\u2019utiliser ces Images uniquement dans le cadre de la couverture de l\u2019actualit\u00e9 concern\u00e9e, sauf si un responsable de la communication chez RES vous a donn\u00e9 son accord \u00e9crit pr\u00e9alable pour toute utilisation suppl\u00e9mentaire envisag\u00e9e ; et de ne pas utiliser ou exploiter les Images de quelque mani\u00e8re que ce soit \u00e0 d\u2019autres fins que celles express\u00e9ment autoris\u00e9es dans les pr\u00e9sentes.<\/p>\n","protected":false},"excerpt":{"rendered":"<p>Ce site web est uniquement destin\u00e9 \u00e0 l&#8217;information et Renewable Energy Systems Limited et l&#8217;une ou l&#8217;autre de ses filiales et soci\u00e9t\u00e9s affili\u00e9es (RES) ne font aucune d\u00e9claration ou garantie, expresse ou implicite, quant \u00e0 l&#8217;exactitude et l&#8217;exhaustivit\u00e9 des informations qu&#8217;il contient. RES d\u00e9cline, dans la mesure maximale permise par&#8230;<\/p>\n","protected":false},"author":1,"featured_media":0,"parent":0,"menu_order":0,"comment_status":"closed","ping_status":"closed","template":"","meta":{"_acf_changed":false,"footnotes":""},"class_list":["post-19726","page","type-page","status-publish","hentry"],"acf":[],"yoast_head":"<!-- This site is optimized with the Yoast SEO Premium plugin v27.2 (Yoast SEO v27.2) - https:\/\/yoast.com\/product\/yoast-seo-premium-wordpress\/ -->\n<title>Conditions d&#039;utilisation - RES<\/title>\n<meta name=\"robots\" content=\"index, follow, max-snippet:-1, max-image-preview:large, max-video-preview:-1\" \/>\n<link rel=\"canonical\" href=\"https:\/\/www.res-group.com\/fr\/conditions-dutilisation\/\" \/>\n<meta property=\"og:locale\" content=\"fr_FR\" \/>\n<meta property=\"og:type\" content=\"article\" \/>\n<meta property=\"og:title\" content=\"Conditions d&#039;utilisation\" \/>\n<meta property=\"og:description\" content=\"Ce site web est uniquement destin\u00e9 \u00e0 l&#8217;information et Renewable Energy Systems Limited et l&#8217;une ou l&#8217;autre de ses filiales et soci\u00e9t\u00e9s affili\u00e9es (RES) ne font aucune d\u00e9claration ou garantie, expresse ou implicite, quant \u00e0 l&#8217;exactitude et l&#8217;exhaustivit\u00e9 des informations qu&#8217;il contient. RES d\u00e9cline, dans la mesure maximale permise par...\" \/>\n<meta property=\"og:url\" content=\"https:\/\/www.res-group.com\/fr\/conditions-dutilisation\/\" \/>\n<meta property=\"og:site_name\" content=\"RES\" \/>\n<meta property=\"article:modified_time\" content=\"2026-04-21T15:55:14+00:00\" \/>\n<meta name=\"twitter:card\" content=\"summary_large_image\" \/>\n<meta name=\"twitter:site\" content=\"@RESGroup\" \/>\n<meta name=\"twitter:label1\" content=\"Dur\u00e9e de lecture estim\u00e9e\" \/>\n\t<meta name=\"twitter:data1\" content=\"4 minutes\" \/>\n<script type=\"application\/ld+json\" class=\"yoast-schema-graph\">{\"@context\":\"https:\/\/schema.org\",\"@graph\":[{\"@type\":\"WebPage\",\"@id\":\"https:\/\/www.res-group.com\/fr\/conditions-dutilisation\/\",\"url\":\"https:\/\/www.res-group.com\/fr\/conditions-dutilisation\/\",\"name\":\"Conditions d'utilisation - RES\",\"isPartOf\":{\"@id\":\"https:\/\/www.res-group.com\/fr\/#website\"},\"datePublished\":\"2023-08-30T08:54:35+00:00\",\"dateModified\":\"2026-04-21T15:55:14+00:00\",\"breadcrumb\":{\"@id\":\"https:\/\/www.res-group.com\/fr\/conditions-dutilisation\/#breadcrumb\"},\"inLanguage\":\"fr-FR\",\"potentialAction\":[{\"@type\":\"ReadAction\",\"target\":[\"https:\/\/www.res-group.com\/fr\/conditions-dutilisation\/\"]}]},{\"@type\":\"BreadcrumbList\",\"@id\":\"https:\/\/www.res-group.com\/fr\/conditions-dutilisation\/#breadcrumb\",\"itemListElement\":[{\"@type\":\"ListItem\",\"position\":1,\"name\":\"In\u00edcio\",\"item\":\"https:\/\/www.res-group.com\/fr\/\"},{\"@type\":\"ListItem\",\"position\":2,\"name\":\"Conditions d&#8217;utilisation\"}]},{\"@type\":\"WebSite\",\"@id\":\"https:\/\/www.res-group.com\/fr\/#website\",\"url\":\"https:\/\/www.res-group.com\/fr\/\",\"name\":\"res-group.com\",\"description\":\"The power behind a clean energy future\",\"publisher\":{\"@id\":\"https:\/\/www.res-group.com\/fr\/#organization\"},\"potentialAction\":[{\"@type\":\"SearchAction\",\"target\":{\"@type\":\"EntryPoint\",\"urlTemplate\":\"https:\/\/www.res-group.com\/fr\/?s={search_term_string}\"},\"query-input\":{\"@type\":\"PropertyValueSpecification\",\"valueRequired\":true,\"valueName\":\"search_term_string\"}}],\"inLanguage\":\"fr-FR\"},{\"@type\":\"Organization\",\"@id\":\"https:\/\/www.res-group.com\/fr\/#organization\",\"name\":\"RES\",\"url\":\"https:\/\/www.res-group.com\/fr\/\",\"logo\":{\"@type\":\"ImageObject\",\"inLanguage\":\"fr-FR\",\"@id\":\"https:\/\/www.res-group.com\/fr\/#\/schema\/logo\/image\/\",\"url\":\"https:\/\/www.res-group.com\/wp-content\/uploads\/2023\/05\/header-logo.svg\",\"contentUrl\":\"https:\/\/www.res-group.com\/wp-content\/uploads\/2023\/05\/header-logo.svg\",\"width\":82.634,\"height\":38,\"caption\":\"RES\"},\"image\":{\"@id\":\"https:\/\/www.res-group.com\/fr\/#\/schema\/logo\/image\/\"},\"sameAs\":[\"https:\/\/x.com\/RESGroup\",\"https:\/\/www.instagram.com\/res_powerforgood\",\"https:\/\/www.linkedin.com\/company\/res-group\/\",\"https:\/\/vimeo.com\/resgroup\"]}]}<\/script>\n<!-- \/ Yoast SEO Premium plugin. -->","yoast_head_json":{"title":"Conditions d'utilisation - RES","robots":{"index":"index","follow":"follow","max-snippet":"max-snippet:-1","max-image-preview":"max-image-preview:large","max-video-preview":"max-video-preview:-1"},"canonical":"https:\/\/www.res-group.com\/fr\/conditions-dutilisation\/","og_locale":"fr_FR","og_type":"article","og_title":"Conditions d'utilisation","og_description":"Ce site web est uniquement destin\u00e9 \u00e0 l&#8217;information et Renewable Energy Systems Limited et l&#8217;une ou l&#8217;autre de ses filiales et soci\u00e9t\u00e9s affili\u00e9es (RES) ne font aucune d\u00e9claration ou garantie, expresse ou implicite, quant \u00e0 l&#8217;exactitude et l&#8217;exhaustivit\u00e9 des informations qu&#8217;il contient. RES d\u00e9cline, dans la mesure maximale permise par...","og_url":"https:\/\/www.res-group.com\/fr\/conditions-dutilisation\/","og_site_name":"RES","article_modified_time":"2026-04-21T15:55:14+00:00","twitter_card":"summary_large_image","twitter_site":"@RESGroup","twitter_misc":{"Dur\u00e9e de lecture estim\u00e9e":"4 minutes"},"schema":{"@context":"https:\/\/schema.org","@graph":[{"@type":"WebPage","@id":"https:\/\/www.res-group.com\/fr\/conditions-dutilisation\/","url":"https:\/\/www.res-group.com\/fr\/conditions-dutilisation\/","name":"Conditions d'utilisation - RES","isPartOf":{"@id":"https:\/\/www.res-group.com\/fr\/#website"},"datePublished":"2023-08-30T08:54:35+00:00","dateModified":"2026-04-21T15:55:14+00:00","breadcrumb":{"@id":"https:\/\/www.res-group.com\/fr\/conditions-dutilisation\/#breadcrumb"},"inLanguage":"fr-FR","potentialAction":[{"@type":"ReadAction","target":["https:\/\/www.res-group.com\/fr\/conditions-dutilisation\/"]}]},{"@type":"BreadcrumbList","@id":"https:\/\/www.res-group.com\/fr\/conditions-dutilisation\/#breadcrumb","itemListElement":[{"@type":"ListItem","position":1,"name":"In\u00edcio","item":"https:\/\/www.res-group.com\/fr\/"},{"@type":"ListItem","position":2,"name":"Conditions d&#8217;utilisation"}]},{"@type":"WebSite","@id":"https:\/\/www.res-group.com\/fr\/#website","url":"https:\/\/www.res-group.com\/fr\/","name":"res-group.com","description":"The power behind a clean energy future","publisher":{"@id":"https:\/\/www.res-group.com\/fr\/#organization"},"potentialAction":[{"@type":"SearchAction","target":{"@type":"EntryPoint","urlTemplate":"https:\/\/www.res-group.com\/fr\/?s={search_term_string}"},"query-input":{"@type":"PropertyValueSpecification","valueRequired":true,"valueName":"search_term_string"}}],"inLanguage":"fr-FR"},{"@type":"Organization","@id":"https:\/\/www.res-group.com\/fr\/#organization","name":"RES","url":"https:\/\/www.res-group.com\/fr\/","logo":{"@type":"ImageObject","inLanguage":"fr-FR","@id":"https:\/\/www.res-group.com\/fr\/#\/schema\/logo\/image\/","url":"https:\/\/www.res-group.com\/wp-content\/uploads\/2023\/05\/header-logo.svg","contentUrl":"https:\/\/www.res-group.com\/wp-content\/uploads\/2023\/05\/header-logo.svg","width":82.634,"height":38,"caption":"RES"},"image":{"@id":"https:\/\/www.res-group.com\/fr\/#\/schema\/logo\/image\/"},"sameAs":["https:\/\/x.com\/RESGroup","https:\/\/www.instagram.com\/res_powerforgood","https:\/\/www.linkedin.com\/company\/res-group\/","https:\/\/vimeo.com\/resgroup"]}]}},"_links":{"self":[{"href":"https:\/\/www.res-group.com\/fr\/wp-json\/wp\/v2\/pages\/19726","targetHints":{"allow":["GET"]}}],"collection":[{"href":"https:\/\/www.res-group.com\/fr\/wp-json\/wp\/v2\/pages"}],"about":[{"href":"https:\/\/www.res-group.com\/fr\/wp-json\/wp\/v2\/types\/page"}],"author":[{"embeddable":true,"href":"https:\/\/www.res-group.com\/fr\/wp-json\/wp\/v2\/users\/1"}],"replies":[{"embeddable":true,"href":"https:\/\/www.res-group.com\/fr\/wp-json\/wp\/v2\/comments?post=19726"}],"version-history":[{"count":2,"href":"https:\/\/www.res-group.com\/fr\/wp-json\/wp\/v2\/pages\/19726\/revisions"}],"predecessor-version":[{"id":45552,"href":"https:\/\/www.res-group.com\/fr\/wp-json\/wp\/v2\/pages\/19726\/revisions\/45552"}],"wp:attachment":[{"href":"https:\/\/www.res-group.com\/fr\/wp-json\/wp\/v2\/media?parent=19726"}],"curies":[{"name":"wp","href":"https:\/\/api.w.org\/{rel}","templated":true}]}}