{"id":1883,"date":"2023-07-12T10:25:43","date_gmt":"2023-07-12T09:25:43","guid":{"rendered":"http:\/\/www.res-group.com\/privacy\/"},"modified":"2026-04-21T17:18:55","modified_gmt":"2026-04-21T16:18:55","slug":"privacy","status":"publish","type":"page","link":"https:\/\/www.res-group.com\/fr\/privacy\/","title":{"rendered":"Confidentialit\u00e9"},"content":{"rendered":"\n<p id=\"h-\">Le groupe RES s&#8217;engage \u00e0 respecter le droit de chaque individu \u00e0 la vie priv\u00e9e et \u00e0 se conformer aux lois en vigueur. Cette d\u00e9claration de confidentialit\u00e9 s&#8217;applique \u00e0 toutes les soci\u00e9t\u00e9s du groupe RES qui contr\u00f4lent et utilisent les informations personnelles collect\u00e9es via ce site web. Elle explique \u00e9galement comment nous utilisons les informations personnelles qui nous sont fournies directement dans ou depuis l&#8217;Union europ\u00e9enne, par exemple par courrier \u00e9lectronique ou par lettre, plut\u00f4t que par l&#8217;interm\u00e9diaire de ce site web.<\/p>\n\n\n\n<p>Veuillez noter qu&#8217;en r\u00e8gle g\u00e9n\u00e9rale, nous pouvons collecter, utiliser et divulguer des donn\u00e9es \u00e0 caract\u00e8re personnel \u00e0 des fins d&#8217;investigation juridique, d&#8217;enqu\u00eate et de conformit\u00e9. Le cas \u00e9ch\u00e9ant, nous pouvons \u00e9galement collecter, utiliser et divulguer des donn\u00e9es \u00e0 caract\u00e8re personnel avec votre consentement.<\/p>\n\n\n\n<h4 class=\"wp-block-heading\" id=\"h-quelles-sont-les-informations-que-nous-recueillons\">QUELLES SONT LES INFORMATIONS QUE NOUS RECUEILLONS ?<\/h4>\n\n\n\n<p>Ce site web ne recueille que les informations personnelles que vous avez sp\u00e9cifiquement et volontairement fournies. Il peut s&#8217;agir de coordonn\u00e9es telles que votre nom, votre adresse \u00e9lectronique, votre num\u00e9ro de t\u00e9l\u00e9phone ou votre adresse.<br>Si vous nous contactez par courrier \u00e9lectronique ou par d&#8217;autres moyens et que vous fournissez des informations vous concernant, ces informations personnelles seront \u00e9galement collect\u00e9es, utilis\u00e9es et divulgu\u00e9es dans le cadre de l&#8217;affaire en question, et vous devriez avoir des attentes raisonnables \u00e0 cet \u00e9gard.<\/p>\n\n\n\n<p>Lorsque vous ou votre organisation avez des relations commerciales avec nous, ou avec des tiers pour lesquels nous sommes un prestataire de services (qui peuvent \u00e9galement nous avoir fourni des informations), cela peut signifier que nous pouvons collecter, utiliser et divulguer vos donn\u00e9es personnelles, y compris les donn\u00e9es de paiement (par exemple, si vous \u00eates un propri\u00e9taire foncier d&#8217;un projet d&#8217;\u00e9nergie renouvelable que nous d\u00e9veloppons, construisons ou g\u00e9rons).<br>Nous recueillons, utilisons et divulguons \u00e9galement des informations personnelles sur les personnes avec lesquelles nous interagissons \u00e0 partir de sources accessibles au public et de bases de donn\u00e9es commerciales ou gouvernementales.<\/p>\n\n\n\n<p>En outre, nous prenons parfois des photos et r\u00e9alisons des films audiovisuels dans des bureaux, des chantiers de construction, des projets op\u00e9rationnels et d&#8217;autres lieux, que nous poss\u00e9dons, exploitons ou visitons, ce qui peut impliquer la capture d&#8217;images et de voix de personnes, ainsi que d&#8217;immatriculations de voitures (par exemple sur des syst\u00e8mes de vid\u00e9osurveillance utilis\u00e9s \u00e0 des fins de s\u00e9curit\u00e9). Lorsqu&#8217;un tournage, un enregistrement ou une photographie a \u00e9t\u00e9 organis\u00e9 par ou au nom de RES, l&#8217;attention est g\u00e9n\u00e9ralement attir\u00e9e par des panneaux, des annonces ou d&#8217;autres formes de communication. Vous serez ainsi averti de la possibilit\u00e9 que votre image et d&#8217;autres donn\u00e9es personnelles soient captur\u00e9es, ce qui vous permettra d&#8217;\u00e9viter que cela ne se produise si vous le souhaitez. Dans des circonstances moins formelles, par exemple si un employ\u00e9 du RES filme ou prend des photos \u00e0 l&#8217;aide d&#8217;un smartphone, une telle communication ne peut avoir lieu. Sauf si vous avez accept\u00e9 de ne pas le faire, vous pouvez retirer tout consentement explicite ou implicite \u00e0 l&#8217;utilisation de vos donn\u00e9es personnelles de cette mani\u00e8re dans des circonstances sp\u00e9cifiques en contactant notre \u00e9quipe de communication (coordonn\u00e9es ci-dessous).<\/p>\n\n\n\n<h4 class=\"wp-block-heading\" id=\"h-pourquoi-recueillons-nous-des-informations-personnelles-vous-concernant\">POURQUOI RECUEILLONS-NOUS DES INFORMATIONS PERSONNELLES VOUS CONCERNANT ?<\/h4>\n\n\n\n<p>Le groupe RES peut collecter, utiliser et divulguer des informations vous concernant dans le cadre de nos relations commerciales telles que d\u00e9crites ci-dessus, \u00e0 des fins de conformit\u00e9 l\u00e9gale, de s\u00e9curit\u00e9 ou d&#8217;assurance, ou dans le cadre de nos processus et contr\u00f4les financiers. Vos informations personnelles peuvent \u00e9galement \u00eatre collect\u00e9es, utilis\u00e9es et divulgu\u00e9es afin d&#8217;am\u00e9liorer les services que nous vous fournissons ou que nous fournissons \u00e0 votre organisation, ou pour r\u00e9pondre \u00e0 des demandes de renseignements ou \u00e0 d&#8217;autres questions soulev\u00e9es par vous.<\/p>\n\n\n\n<p>Si vous nous soumettez des informations personnelles afin que nous puissions examiner votre candidature \u00e0 un poste au sein du groupe RES, ou si vous postulez \u00e0 RES pour un poste vacant publi\u00e9 sur ce site web, nous collecterons, utiliserons et divulguerons ces donn\u00e9es dans le but d&#8217;examiner votre candidature et de la traiter pendant ou apr\u00e8s le processus de recrutement en question.<\/p>\n\n\n\n<p>En outre, nous collecterons, utiliserons et divulguerons des informations personnelles \u00e0 d&#8217;autres fins li\u00e9es ou accessoires \u00e0 celles d\u00e9crites dans la pr\u00e9sente d\u00e9claration de confidentialit\u00e9.<\/p>\n\n\n\n<p>Le groupe RES peut \u00e9galement utiliser les informations que vous avez soumises ou que nous avons obtenues d&#8217;une autre mani\u00e8re pour r\u00e9aliser des \u00e9tudes de march\u00e9 et de marketing, mais nous ne vendons pas les informations personnelles ni ne les divulguons \u00e0 des tiers \u00e0 des fins sans rapport avec les raisons pour lesquelles nous les d\u00e9tenons.<\/p>\n\n\n\n<p>Lors de l&#8217;\u00e9laboration et de la construction de projets d&#8217;\u00e9nergie renouvelable, nous devons consulter les membres de la communaut\u00e9 locale et les tenir inform\u00e9s. \u00c0 cette fin, nous menons des campagnes postales et d&#8217;autres campagnes m\u00e9diatiques en utilisant des bases de donn\u00e9es de tiers pour obtenir les adresses des habitants de la r\u00e9gion.<\/p>\n\n\n\n<p>Il est donc possible que nous vous contactions par ce biais, mais vous \u00eates toujours libre de nous demander de cesser de vous contacter. Si vous recevez du mat\u00e9riel de marketing non sollicit\u00e9 que vous pensez provenir de nous et que vous ne souhaitez pas recevoir, veuillez nous en informer en contactant notre \u00e9quipe de communication au 01923 299200 ou \u00e0 l&#8217;adresse suivante <a href=\"mailto:info@res-group.com\"><strong>privacy@res-group.com<\/strong><\/a> ou \u00e9crire \u00e0 Communications Team, RES Group, Beaufort Court, Egg Farm Lane, Kings Langley, Hertfordshire, WD4 8LR.<\/p>\n\n\n\n<h4 class=\"wp-block-heading\" id=\"h-partagerons-nous-vos-informations-personnelles-avec-d-autres-organisations-une-fois-que-nous-les-aurons-recues\">PARTAGERONS-NOUS VOS INFORMATIONS PERSONNELLES AVEC D&#8217;AUTRES ORGANISATIONS UNE FOIS QUE NOUS LES AURONS RE\u00c7UES ?<\/h4>\n\n\n\n<p>En r\u00e8gle g\u00e9n\u00e9rale, nous ne transmettons pas les informations que vous nous communiquez \u00e0 des organisations autres que les soci\u00e9t\u00e9s du groupe RES. Il existe des exceptions \u00e0 cette r\u00e8gle, lorsque la loi le permet ou l&#8217;exige (notamment \u00e0 des fins de conformit\u00e9 l\u00e9gale, de pr\u00e9vention de la criminalit\u00e9, de v\u00e9rification de la solvabilit\u00e9 et de pr\u00e9vention de la fraude). Cela peut \u00e9galement \u00eatre n\u00e9cessaire lorsque nous avons un accord avec vous, ou que nous fournissons des services \u00e0 quelqu&#8217;un qui en a un, ou que vous avez \u00e9t\u00e9 affect\u00e9 par nos activit\u00e9s ou celles de nos clients, par exemple pour charger des conseillers externes de nous aider ou d&#8217;aider notre client dans le cadre d&#8217;une affaire vous concernant ou concernant votre organisation (y compris tout litige). Nous pouvons \u00e9galement publier des photographies et des films audiovisuels pris ou r\u00e9alis\u00e9s par ou pour notre compte, ou par notre personnel, sur nos sites Internet et ceux de tiers, de m\u00eame que notre personnel, et les utiliser \u00e0 des fins de communication interne et de formation au sein de RES.<\/p>\n\n\n\n<h4 class=\"wp-block-heading\" id=\"h-vos-informations-sont-elles-stockees-en-toute-securite\">VOS INFORMATIONS SONT-ELLES STOCK\u00c9ES EN TOUTE S\u00c9CURIT\u00c9 ?<\/h4>\n\n\n\n<p>Lorsque vous envoyez des informations dans un but particulier, elles sont stock\u00e9es conform\u00e9ment \u00e0 nos pratiques commerciales actuelles qui sont con\u00e7ues pour maintenir la s\u00e9curit\u00e9 et la confidentialit\u00e9. Si vous nous demandez de d\u00e9truire ces informations, nous le ferons dans la mesure du possible, sous r\u00e9serve de toute restriction l\u00e9gale applicable et de nos exigences de conservation des informations aux fins de remplir nos obligations l\u00e9gales et de conformit\u00e9 interne, y compris la d\u00e9monstration de la conformit\u00e9 \u00e0 l&#8217;avenir si des actions en justice sont intent\u00e9es contre nous.<\/p>\n\n\n\n<p>Nous conserverons vos donn\u00e9es \u00e0 caract\u00e8re personnel aussi longtemps que cela sera raisonnablement n\u00e9cessaire (ou, en ce qui concerne les informations fournies uniquement avec votre consentement, jusqu&#8217;\u00e0 ce que vous retiriez ce consentement), y compris \u00e0 des fins juridiques et de conformit\u00e9 interne et pour la d\u00e9fense potentielle de r\u00e9clamations \u00e0 l&#8217;avenir ou si nous sommes autrement autoris\u00e9s \u00e0 le faire.<\/p>\n\n\n\n<h4 class=\"wp-block-heading\" id=\"h-comment-savoir-quelles-sont-les-informations-stockees-a-votre-sujet\">COMMENT SAVOIR QUELLES SONT LES INFORMATIONS STOCK\u00c9ES \u00c0 VOTRE SUJET ?<\/h4>\n\n\n\n<p>Vous avez le droit de conna\u00eetre certaines informations vous concernant que nous avons recueillies, \u00e0 condition de remplir une demande et de fournir une preuve d&#8217;identit\u00e9. Vous pouvez contacter notre \u00e9quipe de communication \u00e0 ces fins au 01923 299200, ou nous envoyer un courrier \u00e9lectronique \u00e0 l&#8217;adresse suivante <a href=\"mailto:info@res-group.com\"><strong>privacy@res-group.com<\/strong><\/a>ou \u00e9crire \u00e0 Communications Team, RES Group, Beaufort Court, Egg Farm Lane, Kings Langley, Hertfordshire, WD4 8LR.<\/p>\n\n\n\n<p>Les informations que vous pouvez demander seront fournies rapidement conform\u00e9ment \u00e0 la loi applicable s&#8217;il s&#8217;agit d&#8217;informations personnelles que nous sommes tenus de mettre \u00e0 votre disposition. En tout \u00e9tat de cause, nous ferons tout ce qui est raisonnablement possible pour nous assurer que les informations que nous d\u00e9tenons sont exactes, \u00e0 jour et pertinentes et nous serons heureux de corriger toute inexactitude.<\/p>\n\n\n\n<h4 class=\"wp-block-heading\" id=\"h-google-recaptcha\">GOOGLE RECAPTCHA<\/h4>\n\n\n\n<p>Nous pouvons \u00e9galement utiliser Google reCAPTCHA (\u00ab ReCAPTCHA \u00bb) sur nos sites web. Ce service est fourni par Google LLC, dont le si\u00e8ge est situ\u00e9 au 1600 Amphitheatre Parkway, Mountain View, CA 94043, \u00c9tats-Unis (\u00ab Google \u00bb). ReCAPTCHA analyse les donn\u00e9es saisies sur notre site web (par exemple via un formulaire de contact) afin de d\u00e9terminer si l&#8217;utilisateur est une personne r\u00e9elle ou un \u00ab bot \u00bb, dans le but d&#8217;emp\u00eacher des \u00ab logiciels automatis\u00e9s \u00bb de surcharger notre site web par des op\u00e9rations de collecte de donn\u00e9es (crawling) ou de spam. Les informations analys\u00e9es, qui peuvent inclure l&#8217;adresse IP de l&#8217;utilisateur, ses habitudes de saisie, le nombre de clics effectu\u00e9s sur le site ainsi que la langue utilis\u00e9e par son navigateur, sont transmises \u00e0 Google. L\u2019ensemble des informations collect\u00e9es par ReCAPTCHA est trait\u00e9 par Google conform\u00e9ment aux <a href=\"https:\/\/cloud.google.com\/terms\">Conditions d&#8217;utilisation de Google Cloud<\/a> et \u00e0 l&#8217;<a href=\"https:\/\/cloud.google.com\/terms\/data-processing-addendum\">Addendum sur le traitement des donn\u00e9es dans le cloud<\/a>.<\/p>\n\n\n\n<h4 class=\"wp-block-heading\" id=\"h-mises-a-jour-de-la-politique-de-confidentialite\">MISES \u00c0 JOUR DE LA POLITIQUE DE CONFIDENTIALIT\u00c9<\/h4>\n\n\n\n<p>Nous pouvons mettre \u00e0 jour nos politiques sur cette page de temps en temps, veuillez donc v\u00e9rifier que vous avez lu la derni\u00e8re version.<\/p>\n\n\n\n<p>DERNI\u00c8RE MISE \u00c0 JOUR : AO\u00dbT 2023<\/p>\n","protected":false},"excerpt":{"rendered":"<p>Le groupe RES s&#8217;engage \u00e0 respecter le droit de chaque individu \u00e0 la vie priv\u00e9e et \u00e0 se conformer aux lois en vigueur. Cette d\u00e9claration de confidentialit\u00e9 s&#8217;applique \u00e0 toutes les soci\u00e9t\u00e9s du groupe RES qui contr\u00f4lent et utilisent les informations personnelles collect\u00e9es via ce site web. Elle explique \u00e9galement&#8230;<\/p>\n","protected":false},"author":1,"featured_media":0,"parent":0,"menu_order":0,"comment_status":"closed","ping_status":"closed","template":"","meta":{"_acf_changed":false,"footnotes":""},"class_list":["post-1883","page","type-page","status-publish","hentry"],"acf":[],"yoast_head":"<!-- This site is optimized with the Yoast SEO Premium plugin v27.2 (Yoast SEO v27.2) - https:\/\/yoast.com\/product\/yoast-seo-premium-wordpress\/ -->\n<title>Confidentialit\u00e9 - RES<\/title>\n<meta name=\"robots\" content=\"index, follow, max-snippet:-1, max-image-preview:large, max-video-preview:-1\" \/>\n<link rel=\"canonical\" href=\"https:\/\/www.res-group.com\/fr\/privacy\/\" \/>\n<meta property=\"og:locale\" content=\"fr_FR\" \/>\n<meta property=\"og:type\" content=\"article\" \/>\n<meta property=\"og:title\" content=\"Confidentialit\u00e9\" \/>\n<meta property=\"og:description\" content=\"Le groupe RES s&#8217;engage \u00e0 respecter le droit de chaque individu \u00e0 la vie priv\u00e9e et \u00e0 se conformer aux lois en vigueur. Cette d\u00e9claration de confidentialit\u00e9 s&#8217;applique \u00e0 toutes les soci\u00e9t\u00e9s du groupe RES qui contr\u00f4lent et utilisent les informations personnelles collect\u00e9es via ce site web. Elle explique \u00e9galement...\" \/>\n<meta property=\"og:url\" content=\"https:\/\/www.res-group.com\/fr\/privacy\/\" \/>\n<meta property=\"og:site_name\" content=\"RES\" \/>\n<meta property=\"article:modified_time\" content=\"2026-04-21T16:18:55+00:00\" \/>\n<meta name=\"twitter:card\" content=\"summary_large_image\" \/>\n<meta name=\"twitter:site\" content=\"@RESGroup\" \/>\n<meta name=\"twitter:label1\" content=\"Dur\u00e9e de lecture estim\u00e9e\" \/>\n\t<meta name=\"twitter:data1\" content=\"7 minutes\" \/>\n<script type=\"application\/ld+json\" class=\"yoast-schema-graph\">{\"@context\":\"https:\/\/schema.org\",\"@graph\":[{\"@type\":\"WebPage\",\"@id\":\"https:\/\/www.res-group.com\/fr\/privacy\/\",\"url\":\"https:\/\/www.res-group.com\/fr\/privacy\/\",\"name\":\"Confidentialit\u00e9 - RES\",\"isPartOf\":{\"@id\":\"https:\/\/www.res-group.com\/fr\/#website\"},\"datePublished\":\"2023-07-12T09:25:43+00:00\",\"dateModified\":\"2026-04-21T16:18:55+00:00\",\"breadcrumb\":{\"@id\":\"https:\/\/www.res-group.com\/fr\/privacy\/#breadcrumb\"},\"inLanguage\":\"fr-FR\",\"potentialAction\":[{\"@type\":\"ReadAction\",\"target\":[\"https:\/\/www.res-group.com\/fr\/privacy\/\"]}]},{\"@type\":\"BreadcrumbList\",\"@id\":\"https:\/\/www.res-group.com\/fr\/privacy\/#breadcrumb\",\"itemListElement\":[{\"@type\":\"ListItem\",\"position\":1,\"name\":\"In\u00edcio\",\"item\":\"https:\/\/www.res-group.com\/fr\/\"},{\"@type\":\"ListItem\",\"position\":2,\"name\":\"Confidentialit\u00e9\"}]},{\"@type\":\"WebSite\",\"@id\":\"https:\/\/www.res-group.com\/fr\/#website\",\"url\":\"https:\/\/www.res-group.com\/fr\/\",\"name\":\"res-group.com\",\"description\":\"The power behind a clean energy future\",\"publisher\":{\"@id\":\"https:\/\/www.res-group.com\/fr\/#organization\"},\"potentialAction\":[{\"@type\":\"SearchAction\",\"target\":{\"@type\":\"EntryPoint\",\"urlTemplate\":\"https:\/\/www.res-group.com\/fr\/?s={search_term_string}\"},\"query-input\":{\"@type\":\"PropertyValueSpecification\",\"valueRequired\":true,\"valueName\":\"search_term_string\"}}],\"inLanguage\":\"fr-FR\"},{\"@type\":\"Organization\",\"@id\":\"https:\/\/www.res-group.com\/fr\/#organization\",\"name\":\"RES\",\"url\":\"https:\/\/www.res-group.com\/fr\/\",\"logo\":{\"@type\":\"ImageObject\",\"inLanguage\":\"fr-FR\",\"@id\":\"https:\/\/www.res-group.com\/fr\/#\/schema\/logo\/image\/\",\"url\":\"https:\/\/www.res-group.com\/wp-content\/uploads\/2023\/05\/header-logo.svg\",\"contentUrl\":\"https:\/\/www.res-group.com\/wp-content\/uploads\/2023\/05\/header-logo.svg\",\"width\":82.634,\"height\":38,\"caption\":\"RES\"},\"image\":{\"@id\":\"https:\/\/www.res-group.com\/fr\/#\/schema\/logo\/image\/\"},\"sameAs\":[\"https:\/\/x.com\/RESGroup\",\"https:\/\/www.instagram.com\/res_powerforgood\",\"https:\/\/www.linkedin.com\/company\/res-group\/\",\"https:\/\/vimeo.com\/resgroup\"]}]}<\/script>\n<!-- \/ Yoast SEO Premium plugin. -->","yoast_head_json":{"title":"Confidentialit\u00e9 - RES","robots":{"index":"index","follow":"follow","max-snippet":"max-snippet:-1","max-image-preview":"max-image-preview:large","max-video-preview":"max-video-preview:-1"},"canonical":"https:\/\/www.res-group.com\/fr\/privacy\/","og_locale":"fr_FR","og_type":"article","og_title":"Confidentialit\u00e9","og_description":"Le groupe RES s&#8217;engage \u00e0 respecter le droit de chaque individu \u00e0 la vie priv\u00e9e et \u00e0 se conformer aux lois en vigueur. Cette d\u00e9claration de confidentialit\u00e9 s&#8217;applique \u00e0 toutes les soci\u00e9t\u00e9s du groupe RES qui contr\u00f4lent et utilisent les informations personnelles collect\u00e9es via ce site web. Elle explique \u00e9galement...","og_url":"https:\/\/www.res-group.com\/fr\/privacy\/","og_site_name":"RES","article_modified_time":"2026-04-21T16:18:55+00:00","twitter_card":"summary_large_image","twitter_site":"@RESGroup","twitter_misc":{"Dur\u00e9e de lecture estim\u00e9e":"7 minutes"},"schema":{"@context":"https:\/\/schema.org","@graph":[{"@type":"WebPage","@id":"https:\/\/www.res-group.com\/fr\/privacy\/","url":"https:\/\/www.res-group.com\/fr\/privacy\/","name":"Confidentialit\u00e9 - RES","isPartOf":{"@id":"https:\/\/www.res-group.com\/fr\/#website"},"datePublished":"2023-07-12T09:25:43+00:00","dateModified":"2026-04-21T16:18:55+00:00","breadcrumb":{"@id":"https:\/\/www.res-group.com\/fr\/privacy\/#breadcrumb"},"inLanguage":"fr-FR","potentialAction":[{"@type":"ReadAction","target":["https:\/\/www.res-group.com\/fr\/privacy\/"]}]},{"@type":"BreadcrumbList","@id":"https:\/\/www.res-group.com\/fr\/privacy\/#breadcrumb","itemListElement":[{"@type":"ListItem","position":1,"name":"In\u00edcio","item":"https:\/\/www.res-group.com\/fr\/"},{"@type":"ListItem","position":2,"name":"Confidentialit\u00e9"}]},{"@type":"WebSite","@id":"https:\/\/www.res-group.com\/fr\/#website","url":"https:\/\/www.res-group.com\/fr\/","name":"res-group.com","description":"The power behind a clean energy future","publisher":{"@id":"https:\/\/www.res-group.com\/fr\/#organization"},"potentialAction":[{"@type":"SearchAction","target":{"@type":"EntryPoint","urlTemplate":"https:\/\/www.res-group.com\/fr\/?s={search_term_string}"},"query-input":{"@type":"PropertyValueSpecification","valueRequired":true,"valueName":"search_term_string"}}],"inLanguage":"fr-FR"},{"@type":"Organization","@id":"https:\/\/www.res-group.com\/fr\/#organization","name":"RES","url":"https:\/\/www.res-group.com\/fr\/","logo":{"@type":"ImageObject","inLanguage":"fr-FR","@id":"https:\/\/www.res-group.com\/fr\/#\/schema\/logo\/image\/","url":"https:\/\/www.res-group.com\/wp-content\/uploads\/2023\/05\/header-logo.svg","contentUrl":"https:\/\/www.res-group.com\/wp-content\/uploads\/2023\/05\/header-logo.svg","width":82.634,"height":38,"caption":"RES"},"image":{"@id":"https:\/\/www.res-group.com\/fr\/#\/schema\/logo\/image\/"},"sameAs":["https:\/\/x.com\/RESGroup","https:\/\/www.instagram.com\/res_powerforgood","https:\/\/www.linkedin.com\/company\/res-group\/","https:\/\/vimeo.com\/resgroup"]}]}},"_links":{"self":[{"href":"https:\/\/www.res-group.com\/fr\/wp-json\/wp\/v2\/pages\/1883","targetHints":{"allow":["GET"]}}],"collection":[{"href":"https:\/\/www.res-group.com\/fr\/wp-json\/wp\/v2\/pages"}],"about":[{"href":"https:\/\/www.res-group.com\/fr\/wp-json\/wp\/v2\/types\/page"}],"author":[{"embeddable":true,"href":"https:\/\/www.res-group.com\/fr\/wp-json\/wp\/v2\/users\/1"}],"replies":[{"embeddable":true,"href":"https:\/\/www.res-group.com\/fr\/wp-json\/wp\/v2\/comments?post=1883"}],"version-history":[{"count":3,"href":"https:\/\/www.res-group.com\/fr\/wp-json\/wp\/v2\/pages\/1883\/revisions"}],"predecessor-version":[{"id":45558,"href":"https:\/\/www.res-group.com\/fr\/wp-json\/wp\/v2\/pages\/1883\/revisions\/45558"}],"wp:attachment":[{"href":"https:\/\/www.res-group.com\/fr\/wp-json\/wp\/v2\/media?parent=1883"}],"curies":[{"name":"wp","href":"https:\/\/api.w.org\/{rel}","templated":true}]}}