{"id":31537,"date":"2025-02-10T14:31:45","date_gmt":"2025-02-10T14:31:45","guid":{"rendered":"https:\/\/www.res-group.com\/cookies\/"},"modified":"2025-02-10T14:32:13","modified_gmt":"2025-02-10T14:32:13","slug":"cookies","status":"publish","type":"page","link":"https:\/\/www.res-group.com\/es\/cookies\/","title":{"rendered":"Cookies"},"content":{"rendered":"\n<h3 class=\"wp-block-heading\"><\/h3>\n\n<h2 class=\"wp-block-heading\">\u00bfPor qu\u00e9 utilizamos cookies?<\/h2>\n\n<p>Utilizamos cookies por varias razones. Algunas cookies son necesarias por razones t\u00e9cnicas para que nuestro sitio web funcione y otras cookies nos permiten rastrear y orientar los intereses de nuestros usuarios para mejorar la experiencia en nuestro sitio web. Tambi\u00e9n es posible que terceros utilicen cookies a trav\u00e9s de nuestro sitio web con fines publicitarios, anal\u00edticos y de otro tipo.  <\/p>\n\n<!-- OneTrust Cookies List start -->\n<div id=\"ot-sdk-cookie-policy\"><\/div>\n<!-- OneTrust Cookies List end -->\n","protected":false},"excerpt":{"rendered":"<p>\u00bfPor qu\u00e9 utilizamos cookies? Utilizamos cookies por varias razones. Algunas cookies son necesarias por razones t\u00e9cnicas para que nuestro sitio web funcione y otras cookies nos permiten rastrear y orientar los intereses de nuestros usuarios para mejorar la experiencia en nuestro sitio web. Tambi\u00e9n es posible que terceros utilicen cookies&#8230;<\/p>\n","protected":false},"author":1,"featured_media":0,"parent":0,"menu_order":0,"comment_status":"closed","ping_status":"closed","template":"","meta":{"_acf_changed":false,"footnotes":""},"class_list":["post-31537","page","type-page","status-publish","hentry"],"acf":[],"yoast_head":"<!-- This site is optimized with the Yoast SEO Premium plugin v27.2 (Yoast SEO v27.2) - https:\/\/yoast.com\/product\/yoast-seo-premium-wordpress\/ -->\n<title>Cookies - RES<\/title>\n<meta name=\"robots\" content=\"index, follow, max-snippet:-1, max-image-preview:large, max-video-preview:-1\" \/>\n<link rel=\"canonical\" href=\"https:\/\/www.res-group.com\/es\/cookies\/\" \/>\n<meta property=\"og:locale\" content=\"es_ES\" \/>\n<meta property=\"og:type\" content=\"article\" \/>\n<meta property=\"og:title\" content=\"Cookies\" \/>\n<meta property=\"og:description\" content=\"\u00bfPor qu\u00e9 utilizamos cookies? Utilizamos cookies por varias razones. Algunas cookies son necesarias por razones t\u00e9cnicas para que nuestro sitio web funcione y otras cookies nos permiten rastrear y orientar los intereses de nuestros usuarios para mejorar la experiencia en nuestro sitio web. Tambi\u00e9n es posible que terceros utilicen cookies...\" \/>\n<meta property=\"og:url\" content=\"https:\/\/www.res-group.com\/es\/cookies\/\" \/>\n<meta property=\"og:site_name\" content=\"RES\" \/>\n<meta property=\"article:modified_time\" content=\"2025-02-10T14:32:13+00:00\" \/>\n<meta name=\"twitter:card\" content=\"summary_large_image\" \/>\n<meta name=\"twitter:site\" content=\"@RESGroup\" \/>\n<script type=\"application\/ld+json\" class=\"yoast-schema-graph\">{\"@context\":\"https:\/\/schema.org\",\"@graph\":[{\"@type\":\"WebPage\",\"@id\":\"https:\/\/www.res-group.com\/es\/cookies\/\",\"url\":\"https:\/\/www.res-group.com\/es\/cookies\/\",\"name\":\"Cookies - RES\",\"isPartOf\":{\"@id\":\"https:\/\/www.res-group.com\/es\/#website\"},\"datePublished\":\"2025-02-10T14:31:45+00:00\",\"dateModified\":\"2025-02-10T14:32:13+00:00\",\"breadcrumb\":{\"@id\":\"https:\/\/www.res-group.com\/es\/cookies\/#breadcrumb\"},\"inLanguage\":\"es\",\"potentialAction\":[{\"@type\":\"ReadAction\",\"target\":[\"https:\/\/www.res-group.com\/es\/cookies\/\"]}]},{\"@type\":\"BreadcrumbList\",\"@id\":\"https:\/\/www.res-group.com\/es\/cookies\/#breadcrumb\",\"itemListElement\":[{\"@type\":\"ListItem\",\"position\":1,\"name\":\"In\u00edcio\",\"item\":\"https:\/\/www.res-group.com\/es\/\"},{\"@type\":\"ListItem\",\"position\":2,\"name\":\"Cookies\"}]},{\"@type\":\"WebSite\",\"@id\":\"https:\/\/www.res-group.com\/es\/#website\",\"url\":\"https:\/\/www.res-group.com\/es\/\",\"name\":\"res-group.com\",\"description\":\"The power behind a clean energy future\",\"publisher\":{\"@id\":\"https:\/\/www.res-group.com\/es\/#organization\"},\"potentialAction\":[{\"@type\":\"SearchAction\",\"target\":{\"@type\":\"EntryPoint\",\"urlTemplate\":\"https:\/\/www.res-group.com\/es\/?s={search_term_string}\"},\"query-input\":{\"@type\":\"PropertyValueSpecification\",\"valueRequired\":true,\"valueName\":\"search_term_string\"}}],\"inLanguage\":\"es\"},{\"@type\":\"Organization\",\"@id\":\"https:\/\/www.res-group.com\/es\/#organization\",\"name\":\"RES\",\"url\":\"https:\/\/www.res-group.com\/es\/\",\"logo\":{\"@type\":\"ImageObject\",\"inLanguage\":\"es\",\"@id\":\"https:\/\/www.res-group.com\/es\/#\/schema\/logo\/image\/\",\"url\":\"https:\/\/www.res-group.com\/wp-content\/uploads\/2023\/05\/header-logo.svg\",\"contentUrl\":\"https:\/\/www.res-group.com\/wp-content\/uploads\/2023\/05\/header-logo.svg\",\"width\":82.634,\"height\":38,\"caption\":\"RES\"},\"image\":{\"@id\":\"https:\/\/www.res-group.com\/es\/#\/schema\/logo\/image\/\"},\"sameAs\":[\"https:\/\/x.com\/RESGroup\",\"https:\/\/www.instagram.com\/res_powerforgood\",\"https:\/\/www.linkedin.com\/company\/res-group\/\",\"https:\/\/vimeo.com\/resgroup\"]}]}<\/script>\n<!-- \/ Yoast SEO Premium plugin. -->","yoast_head_json":{"title":"Cookies - RES","robots":{"index":"index","follow":"follow","max-snippet":"max-snippet:-1","max-image-preview":"max-image-preview:large","max-video-preview":"max-video-preview:-1"},"canonical":"https:\/\/www.res-group.com\/es\/cookies\/","og_locale":"es_ES","og_type":"article","og_title":"Cookies","og_description":"\u00bfPor qu\u00e9 utilizamos cookies? Utilizamos cookies por varias razones. Algunas cookies son necesarias por razones t\u00e9cnicas para que nuestro sitio web funcione y otras cookies nos permiten rastrear y orientar los intereses de nuestros usuarios para mejorar la experiencia en nuestro sitio web. Tambi\u00e9n es posible que terceros utilicen cookies...","og_url":"https:\/\/www.res-group.com\/es\/cookies\/","og_site_name":"RES","article_modified_time":"2025-02-10T14:32:13+00:00","twitter_card":"summary_large_image","twitter_site":"@RESGroup","schema":{"@context":"https:\/\/schema.org","@graph":[{"@type":"WebPage","@id":"https:\/\/www.res-group.com\/es\/cookies\/","url":"https:\/\/www.res-group.com\/es\/cookies\/","name":"Cookies - RES","isPartOf":{"@id":"https:\/\/www.res-group.com\/es\/#website"},"datePublished":"2025-02-10T14:31:45+00:00","dateModified":"2025-02-10T14:32:13+00:00","breadcrumb":{"@id":"https:\/\/www.res-group.com\/es\/cookies\/#breadcrumb"},"inLanguage":"es","potentialAction":[{"@type":"ReadAction","target":["https:\/\/www.res-group.com\/es\/cookies\/"]}]},{"@type":"BreadcrumbList","@id":"https:\/\/www.res-group.com\/es\/cookies\/#breadcrumb","itemListElement":[{"@type":"ListItem","position":1,"name":"In\u00edcio","item":"https:\/\/www.res-group.com\/es\/"},{"@type":"ListItem","position":2,"name":"Cookies"}]},{"@type":"WebSite","@id":"https:\/\/www.res-group.com\/es\/#website","url":"https:\/\/www.res-group.com\/es\/","name":"res-group.com","description":"The power behind a clean energy future","publisher":{"@id":"https:\/\/www.res-group.com\/es\/#organization"},"potentialAction":[{"@type":"SearchAction","target":{"@type":"EntryPoint","urlTemplate":"https:\/\/www.res-group.com\/es\/?s={search_term_string}"},"query-input":{"@type":"PropertyValueSpecification","valueRequired":true,"valueName":"search_term_string"}}],"inLanguage":"es"},{"@type":"Organization","@id":"https:\/\/www.res-group.com\/es\/#organization","name":"RES","url":"https:\/\/www.res-group.com\/es\/","logo":{"@type":"ImageObject","inLanguage":"es","@id":"https:\/\/www.res-group.com\/es\/#\/schema\/logo\/image\/","url":"https:\/\/www.res-group.com\/wp-content\/uploads\/2023\/05\/header-logo.svg","contentUrl":"https:\/\/www.res-group.com\/wp-content\/uploads\/2023\/05\/header-logo.svg","width":82.634,"height":38,"caption":"RES"},"image":{"@id":"https:\/\/www.res-group.com\/es\/#\/schema\/logo\/image\/"},"sameAs":["https:\/\/x.com\/RESGroup","https:\/\/www.instagram.com\/res_powerforgood","https:\/\/www.linkedin.com\/company\/res-group\/","https:\/\/vimeo.com\/resgroup"]}]}},"_links":{"self":[{"href":"https:\/\/www.res-group.com\/es\/wp-json\/wp\/v2\/pages\/31537","targetHints":{"allow":["GET"]}}],"collection":[{"href":"https:\/\/www.res-group.com\/es\/wp-json\/wp\/v2\/pages"}],"about":[{"href":"https:\/\/www.res-group.com\/es\/wp-json\/wp\/v2\/types\/page"}],"author":[{"embeddable":true,"href":"https:\/\/www.res-group.com\/es\/wp-json\/wp\/v2\/users\/1"}],"replies":[{"embeddable":true,"href":"https:\/\/www.res-group.com\/es\/wp-json\/wp\/v2\/comments?post=31537"}],"version-history":[{"count":0,"href":"https:\/\/www.res-group.com\/es\/wp-json\/wp\/v2\/pages\/31537\/revisions"}],"wp:attachment":[{"href":"https:\/\/www.res-group.com\/es\/wp-json\/wp\/v2\/media?parent=31537"}],"curies":[{"name":"wp","href":"https:\/\/api.w.org\/{rel}","templated":true}]}}