{"id":23704,"date":"2023-08-29T13:52:55","date_gmt":"2023-08-29T12:52:55","guid":{"rendered":"https:\/\/www.res-group.com\/modern-slavery\/"},"modified":"2025-03-28T09:40:58","modified_gmt":"2025-03-28T09:40:58","slug":"modern-slavery","status":"publish","type":"page","link":"https:\/\/www.res-group.com\/es\/esclavitud-moderna\/","title":{"rendered":"Esclavitud Moderna"},"content":{"rendered":"\n<p><strong>Ley sobre la Esclavitud Moderna de 2015: declaraci\u00f3n sobre la esclavitud y la trata de seres humanos<\/strong><\/p>\n\n\n\n<p>Somos una empresa global que desarrolla, construye y explota proyectos e infraestructuras de energ\u00edas renovables a escala de servicios p\u00fablicos. Somos la sociedad matriz del Grupo RES (\u00abRES\u00bb). La empresa tiene su sede en el Reino Unido y opera en 14 pa\u00edses, cada uno de los cuales est\u00e1 dirigido por un director nacional con la colaboraci\u00f3n de la alta direcci\u00f3n del Grupo RES.<\/p>\n\n\n\n<p>Los principios fundacionales de la Ley sobre la Esclavitud Moderna de 2015 (Modern Slavery Act, \u00abMSA\u00bb) coinciden con los valores de nuestra organizaci\u00f3n, y nuestro consejo de administraci\u00f3n apoya los principios de la MSA dentro de nuestras pr\u00e1cticas empresariales. Las pol\u00edticas de adquisiciones de RES tienen en cuenta los principios subyacentes a las iniciativas mundiales pertinentes, incluido el Pacto Mundial de las Naciones Unidas y el C\u00f3digo B\u00e1sico de la Iniciativa de Comercio \u00c9tico. Esta declaraci\u00f3n servir\u00e1 de base para nuestro compromiso de intentar garantizar que no exista esclavitud moderna en nuestra cadena de suministro.<\/p>\n\n\n\n<p>RES se ha adherido recientemente al Pacto Mundial de las Naciones Unidas (United Nations Global Compact, UNGC) para reforzar su compromiso con las pr\u00e1cticas empresariales sostenibles.<br>RES trabaja con una amplia cadena de suministro que incluye fabricantes de equipos especializados. Creemos que nuestros proveedores deben trabajar para garantizar que no se produzca la esclavitud moderna. Esto incluye a los subcontratistas de nuestros proveedores, que pueden utilizar empleados temporales y de agencias.<\/p>\n\n\n\n<p>RES revisa peri\u00f3dicamente los riesgos relacionados con la esclavitud moderna y se ha centrado en los principales proveedores con una huella de fabricaci\u00f3n global, como los proveedores de aerogeneradores y equipos el\u00e9ctricos para nuestros proyectos. Hemos revisado la cuesti\u00f3n de la esclavitud moderna con algunos de nuestros socios m\u00e1s cercanos en este sector y, entre los ejemplos de medidas adoptadas por algunos de ellos, se incluyen los siguientes:<\/p>\n\n\n\n<p>Adhesi\u00f3n al Pacto Mundial de las Naciones Unidas<br>Publicaci\u00f3n de las pol\u00edticas de derechos humanos<\/p>\n\n\n\n<p><br>Creaci\u00f3n de comit\u00e9s de sostenibilidad, c\u00f3digos de conducta y v\u00edas de comunicaci\u00f3n para el personal espec\u00edficamente relacionadas con la \u00e9tica empresarial<br>Realizaci\u00f3n de la diligencia debida social y medioambiental de los proyectos<br>Implantaci\u00f3n de un sistema de gesti\u00f3n responsable de la cadena de suministro, que incluye un c\u00f3digo de conducta para los proveedores, supervisi\u00f3n de sus proveedores, auditor\u00edas y seguimiento.<br>Al evaluar el riesgo en relaci\u00f3n con la esclavitud moderna, estamos trabajando con los proveedores de los principales equipos para identificar cualquier componente de fabricaci\u00f3n o abastecimiento de pa\u00edses que podr\u00edan considerarse de mayor riesgo (por referencia a la \u00faltima edici\u00f3n de The Global Slavery Index). Hemos determinado que la gran mayor\u00eda de las actividades de desarrollo, construcci\u00f3n y explotaci\u00f3n de proyectos de RES se llevan a cabo en pa\u00edses considerados de riesgo relativamente bajo y adoptamos las medidas expuestas anteriormente en relaci\u00f3n con las actividades de nuestra cadena de suministro.<\/p>\n\n\n\n<p>RES ha publicado orientaciones para el personal en relaci\u00f3n con el planteamiento de preocupaciones en materia de \u00e9tica empresarial y denuncia de irregularidades, y se compromete a abordarlas de forma eficaz. Las pol\u00edticas relativas a las adquisiciones sostenibles y la esclavitud moderna tambi\u00e9n est\u00e1n a disposici\u00f3n de todo el personal en la intranet de la empresa.<br>Esta declaraci\u00f3n ha sido aprobada por el consejo de Renewable Energy Systems Limited (en nombre de todas las dem\u00e1s empresas de RES). El contenido de esta declaraci\u00f3n tambi\u00e9n se ha compartido con otras partes interesadas internas relevantes.<\/p>\n\n\n\n<p>La presente declaraci\u00f3n se realiza de conformidad con el art\u00edculo 54(1) de la MSA y constituye la declaraci\u00f3n de RES sobre la esclavitud y la trata de seres humanos correspondiente al ejercicio que finaliza el 31 de octubre de 2022.<\/p>\n\n\n\n<p>Esta declaraci\u00f3n se mantiene pr\u00e1cticamente sin cambios con respecto al a\u00f1o anterior, ya que RES no ha identificado ninguna medida adicional o cambio necesario durante ese periodo.<\/p>\n\n\n\n<p>Firmado por:<br>Eduardo Medina<br>CEO<br>Abril de 2023<\/p>\n","protected":false},"excerpt":{"rendered":"<p>Ley sobre la Esclavitud Moderna de 2015: declaraci\u00f3n sobre la esclavitud y la trata de seres humanos Somos una empresa global que desarrolla, construye y explota proyectos e infraestructuras de energ\u00edas renovables a escala de servicios p\u00fablicos. Somos la sociedad matriz del Grupo RES (\u00abRES\u00bb). La empresa tiene su sede&#8230;<\/p>\n","protected":false},"author":1,"featured_media":0,"parent":0,"menu_order":0,"comment_status":"closed","ping_status":"closed","template":"","meta":{"_acf_changed":false,"footnotes":""},"class_list":["post-23704","page","type-page","status-publish","hentry"],"acf":[],"yoast_head":"<!-- This site is optimized with the Yoast SEO Premium plugin v27.2 (Yoast SEO v27.2) - https:\/\/yoast.com\/product\/yoast-seo-premium-wordpress\/ -->\n<title>Esclavitud Moderna - RES<\/title>\n<meta name=\"robots\" content=\"index, follow, max-snippet:-1, max-image-preview:large, max-video-preview:-1\" \/>\n<link rel=\"canonical\" href=\"https:\/\/www.res-group.com\/es\/esclavitud-moderna\/\" \/>\n<meta property=\"og:locale\" content=\"es_ES\" \/>\n<meta property=\"og:type\" content=\"article\" \/>\n<meta property=\"og:title\" content=\"Esclavitud Moderna\" \/>\n<meta property=\"og:description\" content=\"Ley sobre la Esclavitud Moderna de 2015: declaraci\u00f3n sobre la esclavitud y la trata de seres humanos Somos una empresa global que desarrolla, construye y explota proyectos e infraestructuras de energ\u00edas renovables a escala de servicios p\u00fablicos. Somos la sociedad matriz del Grupo RES (\u00abRES\u00bb). La empresa tiene su sede...\" \/>\n<meta property=\"og:url\" content=\"https:\/\/www.res-group.com\/es\/esclavitud-moderna\/\" \/>\n<meta property=\"og:site_name\" content=\"RES\" \/>\n<meta property=\"article:modified_time\" content=\"2025-03-28T09:40:58+00:00\" \/>\n<meta name=\"twitter:card\" content=\"summary_large_image\" \/>\n<meta name=\"twitter:site\" content=\"@RESGroup\" \/>\n<meta name=\"twitter:label1\" content=\"Tiempo de lectura\" \/>\n\t<meta name=\"twitter:data1\" content=\"3 minutos\" \/>\n<script type=\"application\/ld+json\" class=\"yoast-schema-graph\">{\"@context\":\"https:\/\/schema.org\",\"@graph\":[{\"@type\":\"WebPage\",\"@id\":\"https:\/\/www.res-group.com\/es\/esclavitud-moderna\/\",\"url\":\"https:\/\/www.res-group.com\/es\/esclavitud-moderna\/\",\"name\":\"Esclavitud Moderna - RES\",\"isPartOf\":{\"@id\":\"https:\/\/www.res-group.com\/es\/#website\"},\"datePublished\":\"2023-08-29T12:52:55+00:00\",\"dateModified\":\"2025-03-28T09:40:58+00:00\",\"breadcrumb\":{\"@id\":\"https:\/\/www.res-group.com\/es\/esclavitud-moderna\/#breadcrumb\"},\"inLanguage\":\"es\",\"potentialAction\":[{\"@type\":\"ReadAction\",\"target\":[\"https:\/\/www.res-group.com\/es\/esclavitud-moderna\/\"]}]},{\"@type\":\"BreadcrumbList\",\"@id\":\"https:\/\/www.res-group.com\/es\/esclavitud-moderna\/#breadcrumb\",\"itemListElement\":[{\"@type\":\"ListItem\",\"position\":1,\"name\":\"In\u00edcio\",\"item\":\"https:\/\/www.res-group.com\/es\/\"},{\"@type\":\"ListItem\",\"position\":2,\"name\":\"Esclavitud Moderna\"}]},{\"@type\":\"WebSite\",\"@id\":\"https:\/\/www.res-group.com\/es\/#website\",\"url\":\"https:\/\/www.res-group.com\/es\/\",\"name\":\"res-group.com\",\"description\":\"The power behind a clean energy future\",\"publisher\":{\"@id\":\"https:\/\/www.res-group.com\/es\/#organization\"},\"potentialAction\":[{\"@type\":\"SearchAction\",\"target\":{\"@type\":\"EntryPoint\",\"urlTemplate\":\"https:\/\/www.res-group.com\/es\/?s={search_term_string}\"},\"query-input\":{\"@type\":\"PropertyValueSpecification\",\"valueRequired\":true,\"valueName\":\"search_term_string\"}}],\"inLanguage\":\"es\"},{\"@type\":\"Organization\",\"@id\":\"https:\/\/www.res-group.com\/es\/#organization\",\"name\":\"RES\",\"url\":\"https:\/\/www.res-group.com\/es\/\",\"logo\":{\"@type\":\"ImageObject\",\"inLanguage\":\"es\",\"@id\":\"https:\/\/www.res-group.com\/es\/#\/schema\/logo\/image\/\",\"url\":\"https:\/\/www.res-group.com\/wp-content\/uploads\/2023\/05\/header-logo.svg\",\"contentUrl\":\"https:\/\/www.res-group.com\/wp-content\/uploads\/2023\/05\/header-logo.svg\",\"width\":82.634,\"height\":38,\"caption\":\"RES\"},\"image\":{\"@id\":\"https:\/\/www.res-group.com\/es\/#\/schema\/logo\/image\/\"},\"sameAs\":[\"https:\/\/x.com\/RESGroup\",\"https:\/\/www.instagram.com\/res_powerforgood\",\"https:\/\/www.linkedin.com\/company\/res-group\/\",\"https:\/\/vimeo.com\/resgroup\"]}]}<\/script>\n<!-- \/ Yoast SEO Premium plugin. -->","yoast_head_json":{"title":"Esclavitud Moderna - RES","robots":{"index":"index","follow":"follow","max-snippet":"max-snippet:-1","max-image-preview":"max-image-preview:large","max-video-preview":"max-video-preview:-1"},"canonical":"https:\/\/www.res-group.com\/es\/esclavitud-moderna\/","og_locale":"es_ES","og_type":"article","og_title":"Esclavitud Moderna","og_description":"Ley sobre la Esclavitud Moderna de 2015: declaraci\u00f3n sobre la esclavitud y la trata de seres humanos Somos una empresa global que desarrolla, construye y explota proyectos e infraestructuras de energ\u00edas renovables a escala de servicios p\u00fablicos. Somos la sociedad matriz del Grupo RES (\u00abRES\u00bb). La empresa tiene su sede...","og_url":"https:\/\/www.res-group.com\/es\/esclavitud-moderna\/","og_site_name":"RES","article_modified_time":"2025-03-28T09:40:58+00:00","twitter_card":"summary_large_image","twitter_site":"@RESGroup","twitter_misc":{"Tiempo de lectura":"3 minutos"},"schema":{"@context":"https:\/\/schema.org","@graph":[{"@type":"WebPage","@id":"https:\/\/www.res-group.com\/es\/esclavitud-moderna\/","url":"https:\/\/www.res-group.com\/es\/esclavitud-moderna\/","name":"Esclavitud Moderna - RES","isPartOf":{"@id":"https:\/\/www.res-group.com\/es\/#website"},"datePublished":"2023-08-29T12:52:55+00:00","dateModified":"2025-03-28T09:40:58+00:00","breadcrumb":{"@id":"https:\/\/www.res-group.com\/es\/esclavitud-moderna\/#breadcrumb"},"inLanguage":"es","potentialAction":[{"@type":"ReadAction","target":["https:\/\/www.res-group.com\/es\/esclavitud-moderna\/"]}]},{"@type":"BreadcrumbList","@id":"https:\/\/www.res-group.com\/es\/esclavitud-moderna\/#breadcrumb","itemListElement":[{"@type":"ListItem","position":1,"name":"In\u00edcio","item":"https:\/\/www.res-group.com\/es\/"},{"@type":"ListItem","position":2,"name":"Esclavitud Moderna"}]},{"@type":"WebSite","@id":"https:\/\/www.res-group.com\/es\/#website","url":"https:\/\/www.res-group.com\/es\/","name":"res-group.com","description":"The power behind a clean energy future","publisher":{"@id":"https:\/\/www.res-group.com\/es\/#organization"},"potentialAction":[{"@type":"SearchAction","target":{"@type":"EntryPoint","urlTemplate":"https:\/\/www.res-group.com\/es\/?s={search_term_string}"},"query-input":{"@type":"PropertyValueSpecification","valueRequired":true,"valueName":"search_term_string"}}],"inLanguage":"es"},{"@type":"Organization","@id":"https:\/\/www.res-group.com\/es\/#organization","name":"RES","url":"https:\/\/www.res-group.com\/es\/","logo":{"@type":"ImageObject","inLanguage":"es","@id":"https:\/\/www.res-group.com\/es\/#\/schema\/logo\/image\/","url":"https:\/\/www.res-group.com\/wp-content\/uploads\/2023\/05\/header-logo.svg","contentUrl":"https:\/\/www.res-group.com\/wp-content\/uploads\/2023\/05\/header-logo.svg","width":82.634,"height":38,"caption":"RES"},"image":{"@id":"https:\/\/www.res-group.com\/es\/#\/schema\/logo\/image\/"},"sameAs":["https:\/\/x.com\/RESGroup","https:\/\/www.instagram.com\/res_powerforgood","https:\/\/www.linkedin.com\/company\/res-group\/","https:\/\/vimeo.com\/resgroup"]}]}},"_links":{"self":[{"href":"https:\/\/www.res-group.com\/es\/wp-json\/wp\/v2\/pages\/23704","targetHints":{"allow":["GET"]}}],"collection":[{"href":"https:\/\/www.res-group.com\/es\/wp-json\/wp\/v2\/pages"}],"about":[{"href":"https:\/\/www.res-group.com\/es\/wp-json\/wp\/v2\/types\/page"}],"author":[{"embeddable":true,"href":"https:\/\/www.res-group.com\/es\/wp-json\/wp\/v2\/users\/1"}],"replies":[{"embeddable":true,"href":"https:\/\/www.res-group.com\/es\/wp-json\/wp\/v2\/comments?post=23704"}],"version-history":[{"count":0,"href":"https:\/\/www.res-group.com\/es\/wp-json\/wp\/v2\/pages\/23704\/revisions"}],"wp:attachment":[{"href":"https:\/\/www.res-group.com\/es\/wp-json\/wp\/v2\/media?parent=23704"}],"curies":[{"name":"wp","href":"https:\/\/api.w.org\/{rel}","templated":true}]}}