{"id":23657,"date":"2023-08-29T12:20:06","date_gmt":"2023-08-29T11:20:06","guid":{"rendered":"https:\/\/www.res-group.com\/terms-of-use\/"},"modified":"2024-01-15T15:37:14","modified_gmt":"2024-01-15T15:37:14","slug":"terms-of-use","status":"publish","type":"page","link":"https:\/\/www.res-group.com\/es\/condiciones-de-uso\/","title":{"rendered":"Condiciones De Uso"},"content":{"rendered":"\n<p>Esta p\u00e1gina web tiene \u00fanicamente fines informativos y Renewable Energy Systems Limited y cualquiera o todas sus filiales y subsidiarias (RES) no ofrecen ninguna garant\u00eda, expresa o impl\u00edcita, en cuanto a la exactitud e integridad de la informaci\u00f3n contenida en la misma. RES declina, en la m\u00e1xima extensi\u00f3n permitida por la ley, toda responsabilidad con respecto al contenido de esta p\u00e1gina web.<\/p>\n\n\n\n<p>La p\u00e1gina web contiene enlaces a otras p\u00e1ginas web que no han sido creadas por RES ni est\u00e1n bajo su control. RES no se hace responsable del contenido de estas p\u00e1ginas web y los enlaces se facilitan \u00fanicamente por comodidad. RES no aprueba ni comprueba el contenido ni el material disponible en estas p\u00e1ginas web y, por lo tanto, queda expresamente excluida toda responsabilidad derivada de las mismas.<\/p>\n\n\n\n<p>RES puede revisar estos t\u00e9rminos y condiciones en cualquier momento mediante la actualizaci\u00f3n de esta p\u00e1gina, por lo que debe volver a ella de vez en cuando para ver los t\u00e9rminos y condiciones vigentes en ese momento.<\/p>\n\n\n\n<p>El uso de esta p\u00e1gina implica la aceptaci\u00f3n de los t\u00e9rminos y condiciones anteriores, en la fecha de su primer uso de esta p\u00e1gina.<\/p>\n\n\n\n<p>Usted se compromete a utilizar esta p\u00e1gina solo para fines l\u00edcitos y de una manera que no infrinja los derechos, o restrinja o inhiba el uso y disfrute de la p\u00e1gina por cualquier otra persona.<\/p>\n\n\n\n<p>Restricciones de copyright: (a) Queda terminantemente prohibido el uso comercial o la publicaci\u00f3n de todos o cualquiera de los elementos mostrados sin la autorizaci\u00f3n previa de RES. Nada de lo aqu\u00ed contenido se interpretar\u00e1 como concesi\u00f3n de licencia alguna por parte de RESpara utilizar cualquier elemento mostrado. (b) Los documentos solo podr\u00e1n copiarse para uso personal a condici\u00f3n de que tambi\u00e9n se copien las indicaciones de copyright y la fuente, no se realicen modificaciones y el documento se copie de forma \u00edntegra. No obstante, algunos documentos y fotograf\u00edas pueden haber sido publicados en esta p\u00e1gina con el permiso de los correspondientes titulares de los derechos de autor (que no son RES). Todos los derechos sobre estos documentos est\u00e1n reservados y el permiso para copiarlos debe solicitarse a los propietarios de los derechos de autor (las fuentes se indican dentro de estos documentos o fotograf\u00edas).<\/p>\n\n\n\n<p>Cualquier comunicaci\u00f3n o material que transmita o publique en cualquier \u00e1rea p\u00fablica de la p\u00e1gina, incluidos datos, preguntas, comentarios, sugerencias o similares, se tratar\u00e1 como informaci\u00f3n no confidencial y no sujeta a derechos de propiedad.<\/p>\n\n\n\n<p>En caso de conflicto entre las presentes condiciones de uso y las normas o condiciones de uso espec\u00edficas que aparezcan en otro lugar de esta p\u00e1gina relativas a material espec\u00edfico, prevalecer\u00e1n estas \u00faltimas.<\/p>\n\n\n\n<p>Si no se aceptan \u00edntegramente estas Condiciones de uso, se deber\u00e1 poner fin inmediatamente al uso de esta p\u00e1gina.<\/p>\n\n\n\n<p>Condiciones de uso de las im\u00e1genes<\/p>\n\n\n\n<p>Condiciones de uso de las im\u00e1genes en la plataforma de redacci\u00f3n de RES.<\/p>\n\n\n\n<p>Como parte del uso de nuestra plataforma de redacci\u00f3n, las publicaciones de los medios de comunicaci\u00f3n (\u00abUsted\u00bb) pueden acceder o utilizar determinadas im\u00e1genes, fotograf\u00edas o ilustraciones (\u00abIm\u00e1genes\u00bb).<\/p>\n\n\n\n<p>Los derechos de autor de las Im\u00e1genes son propiedad de RES. Le concedemos una licencia no exclusiva, revocable e intransferible para descargar, copiar, mostrar, ver y utilizar las Im\u00e1genes en la cobertura de la noticia correspondiente desde nuestra plataforma de redacci\u00f3n.<\/p>\n\n\n\n<p>Al descargar y utilizar cualquiera de las Im\u00e1genes, Usted acepta:<\/p>\n\n\n\n<p>acreditar a RES \u00a9 y no eliminar, alterar o encubrir cualquier marca comercial, marca de servicio, derechos de autor y otros avisos de propiedad si est\u00e1n contenidos en las Im\u00e1genes;<\/p>\n\n\n\n<p>utilizar dichas im\u00e1genes \u00fanicamente en relaci\u00f3n con la cobertura de la noticia en cuesti\u00f3n, a menos que un responsable de comunicaci\u00f3n de RES le proporcione una aprobaci\u00f3n previa por escrito de su uso adicional previsto; y no utilizar ni explotar de ning\u00fan otro modo las Im\u00e1genes para ning\u00fan fin, salvo los espec\u00edficamente permitidos en el presente documento.<\/p>\n","protected":false},"excerpt":{"rendered":"<p>Esta p\u00e1gina web tiene \u00fanicamente fines informativos y Renewable Energy Systems Limited y cualquiera o todas sus filiales y subsidiarias (RES) no ofrecen ninguna garant\u00eda, expresa o impl\u00edcita, en cuanto a la exactitud e integridad de la informaci\u00f3n contenida en la misma. RES declina, en la m\u00e1xima extensi\u00f3n permitida por&#8230;<\/p>\n","protected":false},"author":18,"featured_media":0,"parent":0,"menu_order":0,"comment_status":"closed","ping_status":"closed","template":"","meta":{"_acf_changed":false,"footnotes":""},"class_list":["post-23657","page","type-page","status-publish","hentry"],"acf":[],"yoast_head":"<!-- This site is optimized with the Yoast SEO Premium plugin v27.2 (Yoast SEO v27.2) - https:\/\/yoast.com\/product\/yoast-seo-premium-wordpress\/ -->\n<title>Condiciones De Uso - RES<\/title>\n<meta name=\"robots\" content=\"index, follow, max-snippet:-1, max-image-preview:large, max-video-preview:-1\" \/>\n<link rel=\"canonical\" href=\"https:\/\/www.res-group.com\/es\/condiciones-de-uso\/\" \/>\n<meta property=\"og:locale\" content=\"es_ES\" \/>\n<meta property=\"og:type\" content=\"article\" \/>\n<meta property=\"og:title\" content=\"Condiciones De Uso\" \/>\n<meta property=\"og:description\" content=\"Esta p\u00e1gina web tiene \u00fanicamente fines informativos y Renewable Energy Systems Limited y cualquiera o todas sus filiales y subsidiarias (RES) no ofrecen ninguna garant\u00eda, expresa o impl\u00edcita, en cuanto a la exactitud e integridad de la informaci\u00f3n contenida en la misma. RES declina, en la m\u00e1xima extensi\u00f3n permitida por...\" \/>\n<meta property=\"og:url\" content=\"https:\/\/www.res-group.com\/es\/condiciones-de-uso\/\" \/>\n<meta property=\"og:site_name\" content=\"RES\" \/>\n<meta property=\"article:modified_time\" content=\"2024-01-15T15:37:14+00:00\" \/>\n<meta name=\"twitter:card\" content=\"summary_large_image\" \/>\n<meta name=\"twitter:site\" content=\"@RESGroup\" \/>\n<meta name=\"twitter:label1\" content=\"Tiempo de lectura\" \/>\n\t<meta name=\"twitter:data1\" content=\"3 minutos\" \/>\n<script type=\"application\/ld+json\" class=\"yoast-schema-graph\">{\"@context\":\"https:\/\/schema.org\",\"@graph\":[{\"@type\":\"WebPage\",\"@id\":\"https:\/\/www.res-group.com\/es\/condiciones-de-uso\/\",\"url\":\"https:\/\/www.res-group.com\/es\/condiciones-de-uso\/\",\"name\":\"Condiciones De Uso - RES\",\"isPartOf\":{\"@id\":\"https:\/\/www.res-group.com\/es\/#website\"},\"datePublished\":\"2023-08-29T11:20:06+00:00\",\"dateModified\":\"2024-01-15T15:37:14+00:00\",\"breadcrumb\":{\"@id\":\"https:\/\/www.res-group.com\/es\/condiciones-de-uso\/#breadcrumb\"},\"inLanguage\":\"es\",\"potentialAction\":[{\"@type\":\"ReadAction\",\"target\":[\"https:\/\/www.res-group.com\/es\/condiciones-de-uso\/\"]}]},{\"@type\":\"BreadcrumbList\",\"@id\":\"https:\/\/www.res-group.com\/es\/condiciones-de-uso\/#breadcrumb\",\"itemListElement\":[{\"@type\":\"ListItem\",\"position\":1,\"name\":\"In\u00edcio\",\"item\":\"https:\/\/www.res-group.com\/es\/\"},{\"@type\":\"ListItem\",\"position\":2,\"name\":\"Condiciones De Uso\"}]},{\"@type\":\"WebSite\",\"@id\":\"https:\/\/www.res-group.com\/es\/#website\",\"url\":\"https:\/\/www.res-group.com\/es\/\",\"name\":\"res-group.com\",\"description\":\"The power behind a clean energy future\",\"publisher\":{\"@id\":\"https:\/\/www.res-group.com\/es\/#organization\"},\"potentialAction\":[{\"@type\":\"SearchAction\",\"target\":{\"@type\":\"EntryPoint\",\"urlTemplate\":\"https:\/\/www.res-group.com\/es\/?s={search_term_string}\"},\"query-input\":{\"@type\":\"PropertyValueSpecification\",\"valueRequired\":true,\"valueName\":\"search_term_string\"}}],\"inLanguage\":\"es\"},{\"@type\":\"Organization\",\"@id\":\"https:\/\/www.res-group.com\/es\/#organization\",\"name\":\"RES\",\"url\":\"https:\/\/www.res-group.com\/es\/\",\"logo\":{\"@type\":\"ImageObject\",\"inLanguage\":\"es\",\"@id\":\"https:\/\/www.res-group.com\/es\/#\/schema\/logo\/image\/\",\"url\":\"https:\/\/www.res-group.com\/wp-content\/uploads\/2023\/05\/header-logo.svg\",\"contentUrl\":\"https:\/\/www.res-group.com\/wp-content\/uploads\/2023\/05\/header-logo.svg\",\"width\":82.634,\"height\":38,\"caption\":\"RES\"},\"image\":{\"@id\":\"https:\/\/www.res-group.com\/es\/#\/schema\/logo\/image\/\"},\"sameAs\":[\"https:\/\/x.com\/RESGroup\",\"https:\/\/www.instagram.com\/res_powerforgood\",\"https:\/\/www.linkedin.com\/company\/res-group\/\",\"https:\/\/vimeo.com\/resgroup\"]}]}<\/script>\n<!-- \/ Yoast SEO Premium plugin. -->","yoast_head_json":{"title":"Condiciones De Uso - RES","robots":{"index":"index","follow":"follow","max-snippet":"max-snippet:-1","max-image-preview":"max-image-preview:large","max-video-preview":"max-video-preview:-1"},"canonical":"https:\/\/www.res-group.com\/es\/condiciones-de-uso\/","og_locale":"es_ES","og_type":"article","og_title":"Condiciones De Uso","og_description":"Esta p\u00e1gina web tiene \u00fanicamente fines informativos y Renewable Energy Systems Limited y cualquiera o todas sus filiales y subsidiarias (RES) no ofrecen ninguna garant\u00eda, expresa o impl\u00edcita, en cuanto a la exactitud e integridad de la informaci\u00f3n contenida en la misma. RES declina, en la m\u00e1xima extensi\u00f3n permitida por...","og_url":"https:\/\/www.res-group.com\/es\/condiciones-de-uso\/","og_site_name":"RES","article_modified_time":"2024-01-15T15:37:14+00:00","twitter_card":"summary_large_image","twitter_site":"@RESGroup","twitter_misc":{"Tiempo de lectura":"3 minutos"},"schema":{"@context":"https:\/\/schema.org","@graph":[{"@type":"WebPage","@id":"https:\/\/www.res-group.com\/es\/condiciones-de-uso\/","url":"https:\/\/www.res-group.com\/es\/condiciones-de-uso\/","name":"Condiciones De Uso - RES","isPartOf":{"@id":"https:\/\/www.res-group.com\/es\/#website"},"datePublished":"2023-08-29T11:20:06+00:00","dateModified":"2024-01-15T15:37:14+00:00","breadcrumb":{"@id":"https:\/\/www.res-group.com\/es\/condiciones-de-uso\/#breadcrumb"},"inLanguage":"es","potentialAction":[{"@type":"ReadAction","target":["https:\/\/www.res-group.com\/es\/condiciones-de-uso\/"]}]},{"@type":"BreadcrumbList","@id":"https:\/\/www.res-group.com\/es\/condiciones-de-uso\/#breadcrumb","itemListElement":[{"@type":"ListItem","position":1,"name":"In\u00edcio","item":"https:\/\/www.res-group.com\/es\/"},{"@type":"ListItem","position":2,"name":"Condiciones De Uso"}]},{"@type":"WebSite","@id":"https:\/\/www.res-group.com\/es\/#website","url":"https:\/\/www.res-group.com\/es\/","name":"res-group.com","description":"The power behind a clean energy future","publisher":{"@id":"https:\/\/www.res-group.com\/es\/#organization"},"potentialAction":[{"@type":"SearchAction","target":{"@type":"EntryPoint","urlTemplate":"https:\/\/www.res-group.com\/es\/?s={search_term_string}"},"query-input":{"@type":"PropertyValueSpecification","valueRequired":true,"valueName":"search_term_string"}}],"inLanguage":"es"},{"@type":"Organization","@id":"https:\/\/www.res-group.com\/es\/#organization","name":"RES","url":"https:\/\/www.res-group.com\/es\/","logo":{"@type":"ImageObject","inLanguage":"es","@id":"https:\/\/www.res-group.com\/es\/#\/schema\/logo\/image\/","url":"https:\/\/www.res-group.com\/wp-content\/uploads\/2023\/05\/header-logo.svg","contentUrl":"https:\/\/www.res-group.com\/wp-content\/uploads\/2023\/05\/header-logo.svg","width":82.634,"height":38,"caption":"RES"},"image":{"@id":"https:\/\/www.res-group.com\/es\/#\/schema\/logo\/image\/"},"sameAs":["https:\/\/x.com\/RESGroup","https:\/\/www.instagram.com\/res_powerforgood","https:\/\/www.linkedin.com\/company\/res-group\/","https:\/\/vimeo.com\/resgroup"]}]}},"_links":{"self":[{"href":"https:\/\/www.res-group.com\/es\/wp-json\/wp\/v2\/pages\/23657","targetHints":{"allow":["GET"]}}],"collection":[{"href":"https:\/\/www.res-group.com\/es\/wp-json\/wp\/v2\/pages"}],"about":[{"href":"https:\/\/www.res-group.com\/es\/wp-json\/wp\/v2\/types\/page"}],"author":[{"embeddable":true,"href":"https:\/\/www.res-group.com\/es\/wp-json\/wp\/v2\/users\/18"}],"replies":[{"embeddable":true,"href":"https:\/\/www.res-group.com\/es\/wp-json\/wp\/v2\/comments?post=23657"}],"version-history":[{"count":0,"href":"https:\/\/www.res-group.com\/es\/wp-json\/wp\/v2\/pages\/23657\/revisions"}],"wp:attachment":[{"href":"https:\/\/www.res-group.com\/es\/wp-json\/wp\/v2\/media?parent=23657"}],"curies":[{"name":"wp","href":"https:\/\/api.w.org\/{rel}","templated":true}]}}