{"id":7692,"date":"2023-08-15T08:25:11","date_gmt":"2023-08-15T07:25:11","guid":{"rendered":"http:\/\/www.res-group.com\/entwicklung\/"},"modified":"2026-01-26T14:13:40","modified_gmt":"2026-01-26T14:13:40","slug":"projektentwicklung","status":"publish","type":"page","link":"https:\/\/www.res-group.com\/de\/projektentwicklung\/","title":{"rendered":"Projektentwicklung"},"content":{"rendered":"","protected":false},"excerpt":{"rendered":"","protected":false},"author":1,"featured_media":1304,"parent":0,"menu_order":0,"comment_status":"closed","ping_status":"closed","template":"index.php","meta":{"_acf_changed":false,"footnotes":""},"class_list":["post-7692","page","type-page","status-publish","has-post-thumbnail","hentry"],"acf":[],"yoast_head":"<!-- This site is optimized with the Yoast SEO Premium plugin v27.2 (Yoast SEO v27.2) - https:\/\/yoast.com\/product\/yoast-seo-premium-wordpress\/ -->\n<title>Projektentwicklung - RES<\/title>\n<meta name=\"description\" content=\"Wir entwickeln erfolgreiche Erneuerbare-Energien-Projekte auf der ganzen Welt. Unsere Expertise umfasst Wind an Land und Offshore, Freifl\u00e4chen-Photovoltaik, Energiespeicher und gr\u00fcner Wasserstoff. Wir sorgen daf\u00fcr, dass unsere Projekte maximalen Nutzen schaffen und etablieren bei deren Entwicklung und Umsetzung nachhaltige Beziehungen zu Fl\u00e4cheneigent\u00fcmern, lokalen Gemeinden, Investoren, Regierungen, Beh\u00f6rden und Verb\u00e4nden.\" \/>\n<meta name=\"robots\" content=\"index, follow, max-snippet:-1, max-image-preview:large, max-video-preview:-1\" \/>\n<link rel=\"canonical\" href=\"https:\/\/www.res-group.com\/de\/projektentwicklung\/\" \/>\n<meta property=\"og:locale\" content=\"de_DE\" \/>\n<meta property=\"og:type\" content=\"article\" \/>\n<meta property=\"og:title\" content=\"Projektentwicklung\" \/>\n<meta property=\"og:description\" content=\"Wir entwickeln erfolgreiche Erneuerbare-Energien-Projekte auf der ganzen Welt. Unsere Expertise umfasst Wind an Land und Offshore, Freifl\u00e4chen-Photovoltaik, Energiespeicher und gr\u00fcner Wasserstoff. Wir sorgen daf\u00fcr, dass unsere Projekte maximalen Nutzen schaffen und etablieren bei deren Entwicklung und Umsetzung nachhaltige Beziehungen zu Fl\u00e4cheneigent\u00fcmern, lokalen Gemeinden, Investoren, Regierungen, Beh\u00f6rden und Verb\u00e4nden.\" \/>\n<meta property=\"og:url\" content=\"https:\/\/www.res-group.com\/de\/projektentwicklung\/\" \/>\n<meta property=\"og:site_name\" content=\"RES\" \/>\n<meta property=\"article:modified_time\" content=\"2026-01-26T14:13:40+00:00\" \/>\n<meta property=\"og:image\" content=\"https:\/\/www.res-group.com\/wp-content\/uploads\/2023\/05\/Banner_singleservice_mob.png\" \/>\n\t<meta property=\"og:image:width\" content=\"390\" \/>\n\t<meta property=\"og:image:height\" content=\"755\" \/>\n\t<meta property=\"og:image:type\" content=\"image\/png\" \/>\n<meta name=\"twitter:card\" content=\"summary_large_image\" \/>\n<meta name=\"twitter:site\" content=\"@RESGroup\" \/>\n<meta name=\"twitter:label1\" content=\"Gesch\u00e4tzte Lesezeit\" \/>\n\t<meta name=\"twitter:data1\" content=\"1\u00a0Minute\" \/>\n<script type=\"application\/ld+json\" class=\"yoast-schema-graph\">{\"@context\":\"https:\/\/schema.org\",\"@graph\":[{\"@type\":\"WebPage\",\"@id\":\"https:\/\/www.res-group.com\/de\/projektentwicklung\/\",\"url\":\"https:\/\/www.res-group.com\/de\/projektentwicklung\/\",\"name\":\"Projektentwicklung - RES\",\"isPartOf\":{\"@id\":\"https:\/\/www.res-group.com\/de\/#website\"},\"primaryImageOfPage\":{\"@id\":\"https:\/\/www.res-group.com\/de\/projektentwicklung\/#primaryimage\"},\"image\":{\"@id\":\"https:\/\/www.res-group.com\/de\/projektentwicklung\/#primaryimage\"},\"thumbnailUrl\":\"https:\/\/www.res-group.com\/wp-content\/uploads\/2023\/05\/Banner_singleservice_mob.png\",\"datePublished\":\"2023-08-15T07:25:11+00:00\",\"dateModified\":\"2026-01-26T14:13:40+00:00\",\"description\":\"Wir entwickeln erfolgreiche Erneuerbare-Energien-Projekte auf der ganzen Welt. Unsere Expertise umfasst Wind an Land und Offshore, Freifl\u00e4chen-Photovoltaik, Energiespeicher und gr\u00fcner Wasserstoff. Wir sorgen daf\u00fcr, dass unsere Projekte maximalen Nutzen schaffen und etablieren bei deren Entwicklung und Umsetzung nachhaltige Beziehungen zu Fl\u00e4cheneigent\u00fcmern, lokalen Gemeinden, Investoren, Regierungen, Beh\u00f6rden und Verb\u00e4nden.\",\"breadcrumb\":{\"@id\":\"https:\/\/www.res-group.com\/de\/projektentwicklung\/#breadcrumb\"},\"inLanguage\":\"de\",\"potentialAction\":[{\"@type\":\"ReadAction\",\"target\":[\"https:\/\/www.res-group.com\/de\/projektentwicklung\/\"]}]},{\"@type\":\"ImageObject\",\"inLanguage\":\"de\",\"@id\":\"https:\/\/www.res-group.com\/de\/projektentwicklung\/#primaryimage\",\"url\":\"https:\/\/www.res-group.com\/wp-content\/uploads\/2023\/05\/Banner_singleservice_mob.png\",\"contentUrl\":\"https:\/\/www.res-group.com\/wp-content\/uploads\/2023\/05\/Banner_singleservice_mob.png\",\"width\":390,\"height\":755},{\"@type\":\"BreadcrumbList\",\"@id\":\"https:\/\/www.res-group.com\/de\/projektentwicklung\/#breadcrumb\",\"itemListElement\":[{\"@type\":\"ListItem\",\"position\":1,\"name\":\"In\u00edcio\",\"item\":\"https:\/\/www.res-group.com\/de\/\"},{\"@type\":\"ListItem\",\"position\":2,\"name\":\"Projektentwicklung\"}]},{\"@type\":\"WebSite\",\"@id\":\"https:\/\/www.res-group.com\/de\/#website\",\"url\":\"https:\/\/www.res-group.com\/de\/\",\"name\":\"res-group.com\",\"description\":\"The power behind a clean energy future\",\"publisher\":{\"@id\":\"https:\/\/www.res-group.com\/de\/#organization\"},\"potentialAction\":[{\"@type\":\"SearchAction\",\"target\":{\"@type\":\"EntryPoint\",\"urlTemplate\":\"https:\/\/www.res-group.com\/de\/?s={search_term_string}\"},\"query-input\":{\"@type\":\"PropertyValueSpecification\",\"valueRequired\":true,\"valueName\":\"search_term_string\"}}],\"inLanguage\":\"de\"},{\"@type\":\"Organization\",\"@id\":\"https:\/\/www.res-group.com\/de\/#organization\",\"name\":\"RES\",\"url\":\"https:\/\/www.res-group.com\/de\/\",\"logo\":{\"@type\":\"ImageObject\",\"inLanguage\":\"de\",\"@id\":\"https:\/\/www.res-group.com\/de\/#\/schema\/logo\/image\/\",\"url\":\"https:\/\/www.res-group.com\/wp-content\/uploads\/2023\/05\/header-logo.svg\",\"contentUrl\":\"https:\/\/www.res-group.com\/wp-content\/uploads\/2023\/05\/header-logo.svg\",\"width\":82.634,\"height\":38,\"caption\":\"RES\"},\"image\":{\"@id\":\"https:\/\/www.res-group.com\/de\/#\/schema\/logo\/image\/\"},\"sameAs\":[\"https:\/\/x.com\/RESGroup\",\"https:\/\/www.instagram.com\/res_powerforgood\",\"https:\/\/www.linkedin.com\/company\/res-group\/\",\"https:\/\/vimeo.com\/resgroup\"]}]}<\/script>\n<!-- \/ Yoast SEO Premium plugin. -->","yoast_head_json":{"title":"Projektentwicklung - RES","description":"Wir entwickeln erfolgreiche Erneuerbare-Energien-Projekte auf der ganzen Welt. Unsere Expertise umfasst Wind an Land und Offshore, Freifl\u00e4chen-Photovoltaik, Energiespeicher und gr\u00fcner Wasserstoff. Wir sorgen daf\u00fcr, dass unsere Projekte maximalen Nutzen schaffen und etablieren bei deren Entwicklung und Umsetzung nachhaltige Beziehungen zu Fl\u00e4cheneigent\u00fcmern, lokalen Gemeinden, Investoren, Regierungen, Beh\u00f6rden und Verb\u00e4nden.","robots":{"index":"index","follow":"follow","max-snippet":"max-snippet:-1","max-image-preview":"max-image-preview:large","max-video-preview":"max-video-preview:-1"},"canonical":"https:\/\/www.res-group.com\/de\/projektentwicklung\/","og_locale":"de_DE","og_type":"article","og_title":"Projektentwicklung","og_description":"Wir entwickeln erfolgreiche Erneuerbare-Energien-Projekte auf der ganzen Welt. Unsere Expertise umfasst Wind an Land und Offshore, Freifl\u00e4chen-Photovoltaik, Energiespeicher und gr\u00fcner Wasserstoff. Wir sorgen daf\u00fcr, dass unsere Projekte maximalen Nutzen schaffen und etablieren bei deren Entwicklung und Umsetzung nachhaltige Beziehungen zu Fl\u00e4cheneigent\u00fcmern, lokalen Gemeinden, Investoren, Regierungen, Beh\u00f6rden und Verb\u00e4nden.","og_url":"https:\/\/www.res-group.com\/de\/projektentwicklung\/","og_site_name":"RES","article_modified_time":"2026-01-26T14:13:40+00:00","og_image":[{"width":390,"height":755,"url":"https:\/\/www.res-group.com\/wp-content\/uploads\/2023\/05\/Banner_singleservice_mob.png","type":"image\/png"}],"twitter_card":"summary_large_image","twitter_site":"@RESGroup","twitter_misc":{"Gesch\u00e4tzte Lesezeit":"1\u00a0Minute"},"schema":{"@context":"https:\/\/schema.org","@graph":[{"@type":"WebPage","@id":"https:\/\/www.res-group.com\/de\/projektentwicklung\/","url":"https:\/\/www.res-group.com\/de\/projektentwicklung\/","name":"Projektentwicklung - RES","isPartOf":{"@id":"https:\/\/www.res-group.com\/de\/#website"},"primaryImageOfPage":{"@id":"https:\/\/www.res-group.com\/de\/projektentwicklung\/#primaryimage"},"image":{"@id":"https:\/\/www.res-group.com\/de\/projektentwicklung\/#primaryimage"},"thumbnailUrl":"https:\/\/www.res-group.com\/wp-content\/uploads\/2023\/05\/Banner_singleservice_mob.png","datePublished":"2023-08-15T07:25:11+00:00","dateModified":"2026-01-26T14:13:40+00:00","description":"Wir entwickeln erfolgreiche Erneuerbare-Energien-Projekte auf der ganzen Welt. Unsere Expertise umfasst Wind an Land und Offshore, Freifl\u00e4chen-Photovoltaik, Energiespeicher und gr\u00fcner Wasserstoff. Wir sorgen daf\u00fcr, dass unsere Projekte maximalen Nutzen schaffen und etablieren bei deren Entwicklung und Umsetzung nachhaltige Beziehungen zu Fl\u00e4cheneigent\u00fcmern, lokalen Gemeinden, Investoren, Regierungen, Beh\u00f6rden und Verb\u00e4nden.","breadcrumb":{"@id":"https:\/\/www.res-group.com\/de\/projektentwicklung\/#breadcrumb"},"inLanguage":"de","potentialAction":[{"@type":"ReadAction","target":["https:\/\/www.res-group.com\/de\/projektentwicklung\/"]}]},{"@type":"ImageObject","inLanguage":"de","@id":"https:\/\/www.res-group.com\/de\/projektentwicklung\/#primaryimage","url":"https:\/\/www.res-group.com\/wp-content\/uploads\/2023\/05\/Banner_singleservice_mob.png","contentUrl":"https:\/\/www.res-group.com\/wp-content\/uploads\/2023\/05\/Banner_singleservice_mob.png","width":390,"height":755},{"@type":"BreadcrumbList","@id":"https:\/\/www.res-group.com\/de\/projektentwicklung\/#breadcrumb","itemListElement":[{"@type":"ListItem","position":1,"name":"In\u00edcio","item":"https:\/\/www.res-group.com\/de\/"},{"@type":"ListItem","position":2,"name":"Projektentwicklung"}]},{"@type":"WebSite","@id":"https:\/\/www.res-group.com\/de\/#website","url":"https:\/\/www.res-group.com\/de\/","name":"res-group.com","description":"The power behind a clean energy future","publisher":{"@id":"https:\/\/www.res-group.com\/de\/#organization"},"potentialAction":[{"@type":"SearchAction","target":{"@type":"EntryPoint","urlTemplate":"https:\/\/www.res-group.com\/de\/?s={search_term_string}"},"query-input":{"@type":"PropertyValueSpecification","valueRequired":true,"valueName":"search_term_string"}}],"inLanguage":"de"},{"@type":"Organization","@id":"https:\/\/www.res-group.com\/de\/#organization","name":"RES","url":"https:\/\/www.res-group.com\/de\/","logo":{"@type":"ImageObject","inLanguage":"de","@id":"https:\/\/www.res-group.com\/de\/#\/schema\/logo\/image\/","url":"https:\/\/www.res-group.com\/wp-content\/uploads\/2023\/05\/header-logo.svg","contentUrl":"https:\/\/www.res-group.com\/wp-content\/uploads\/2023\/05\/header-logo.svg","width":82.634,"height":38,"caption":"RES"},"image":{"@id":"https:\/\/www.res-group.com\/de\/#\/schema\/logo\/image\/"},"sameAs":["https:\/\/x.com\/RESGroup","https:\/\/www.instagram.com\/res_powerforgood","https:\/\/www.linkedin.com\/company\/res-group\/","https:\/\/vimeo.com\/resgroup"]}]}},"_links":{"self":[{"href":"https:\/\/www.res-group.com\/de\/wp-json\/wp\/v2\/pages\/7692","targetHints":{"allow":["GET"]}}],"collection":[{"href":"https:\/\/www.res-group.com\/de\/wp-json\/wp\/v2\/pages"}],"about":[{"href":"https:\/\/www.res-group.com\/de\/wp-json\/wp\/v2\/types\/page"}],"author":[{"embeddable":true,"href":"https:\/\/www.res-group.com\/de\/wp-json\/wp\/v2\/users\/1"}],"replies":[{"embeddable":true,"href":"https:\/\/www.res-group.com\/de\/wp-json\/wp\/v2\/comments?post=7692"}],"version-history":[{"count":0,"href":"https:\/\/www.res-group.com\/de\/wp-json\/wp\/v2\/pages\/7692\/revisions"}],"wp:featuredmedia":[{"embeddable":true,"href":"https:\/\/www.res-group.com\/de\/wp-json\/wp\/v2\/media\/1304"}],"wp:attachment":[{"href":"https:\/\/www.res-group.com\/de\/wp-json\/wp\/v2\/media?parent=7692"}],"curies":[{"name":"wp","href":"https:\/\/api.w.org\/{rel}","templated":true}]}}