{"id":22191,"date":"2023-09-11T17:15:33","date_gmt":"2023-09-11T16:15:33","guid":{"rendered":"https:\/\/www.res-group.com\/?page_id=22191"},"modified":"2023-09-22T09:03:33","modified_gmt":"2023-09-22T08:03:33","slug":"impressum","status":"publish","type":"page","link":"https:\/\/www.res-group.com\/de\/res-impressum\/","title":{"rendered":"Impressum"},"content":{"rendered":"\n<h3 class=\"wp-block-heading\">RES Deutschland GmbH<\/h3>\n\n\n\n<p>Reutener Str. 18, 79279 V\u00f6rstetten<br>Tel: +49 (0) 7666 61899 18<\/p>\n\n\n\n<p>E-Mail:&nbsp;<a href=\"mailto:info.germany@res-group.com\">info.germany@res-group.com<\/a><\/p>\n\n\n\n<h4 class=\"wp-block-heading\">Gesch\u00e4ftsf\u00fchrung:<\/h4>\n\n\n\n<p>Marco Perona und Gerhard Kienzler<br>Rechtsform: Gesellschaft mit beschr\u00e4nkter Haftung (GmbH)<br>Sitz: V\u00f6rstetten<br>Amtsgericht: Freiburg im Breisgau<br>Handelsregister-Nr.: HRB721687<br>Umsatzsteueridentifikations-Nr.: DE289682314<\/p>\n\n\n\n<h4 class=\"wp-block-heading\">Webdesign und Programmierung<\/h4>\n\n\n\n<p>Renewable Energy Systems Ltd<br>Beaufort Court, Egg Farm Lane Kings Langley<br>Hertfordshire WD4 8LR<br>Email:&nbsp;<a href=\"mailto:info@res-group.com\">info@res-group.com<\/a><br>Website:&nbsp;<a href=\"http:\/\/www.res-group.com\/\">www.res-group.com<\/a><\/p>\n\n\n\n<h4 class=\"wp-block-heading\">Urheberrecht<\/h4>\n\n\n\n<p>Das Layout dieser Website und alle ihre Inhalte sind urheberrechtlich gesch\u00fctzt. Das gilt insbesondere auch f\u00fcr das verwendete Bildmaterial.<\/p>\n","protected":false},"excerpt":{"rendered":"<p>RES Deutschland GmbH Reutener Str. 18, 79279 V\u00f6rstettenTel: +49 (0) 7666 61899 18 E-Mail:&nbsp;info.germany@res-group.com Gesch\u00e4ftsf\u00fchrung: Marco Perona und Gerhard KienzlerRechtsform: Gesellschaft mit beschr\u00e4nkter Haftung (GmbH)Sitz: V\u00f6rstettenAmtsgericht: Freiburg im BreisgauHandelsregister-Nr.: HRB721687Umsatzsteueridentifikations-Nr.: DE289682314 Webdesign und Programmierung Renewable Energy Systems LtdBeaufort Court, Egg Farm Lane Kings LangleyHertfordshire WD4 8LREmail:&nbsp;info@res-group.comWebsite:&nbsp;www.res-group.com Urheberrecht Das Layout dieser&#8230;<\/p>\n","protected":false},"author":1,"featured_media":0,"parent":0,"menu_order":0,"comment_status":"closed","ping_status":"closed","template":"","meta":{"_acf_changed":false,"footnotes":""},"class_list":["post-22191","page","type-page","status-publish","hentry"],"acf":[],"yoast_head":"<!-- This site is optimized with the Yoast SEO Premium plugin v27.2 (Yoast SEO v27.2) - https:\/\/yoast.com\/product\/yoast-seo-premium-wordpress\/ -->\n<title>Impressum - RES<\/title>\n<meta name=\"robots\" content=\"index, follow, max-snippet:-1, max-image-preview:large, max-video-preview:-1\" \/>\n<link rel=\"canonical\" href=\"https:\/\/www.res-group.com\/de\/res-impressum\/\" \/>\n<meta property=\"og:locale\" content=\"de_DE\" \/>\n<meta property=\"og:type\" content=\"article\" \/>\n<meta property=\"og:title\" content=\"Impressum\" \/>\n<meta property=\"og:description\" content=\"RES Deutschland GmbH Reutener Str. 18, 79279 V\u00f6rstettenTel: +49 (0) 7666 61899 18 E-Mail:&nbsp;info.germany@res-group.com Gesch\u00e4ftsf\u00fchrung: Marco Perona und Gerhard KienzlerRechtsform: Gesellschaft mit beschr\u00e4nkter Haftung (GmbH)Sitz: V\u00f6rstettenAmtsgericht: Freiburg im BreisgauHandelsregister-Nr.: HRB721687Umsatzsteueridentifikations-Nr.: DE289682314 Webdesign und Programmierung Renewable Energy Systems LtdBeaufort Court, Egg Farm Lane Kings LangleyHertfordshire WD4 8LREmail:&nbsp;info@res-group.comWebsite:&nbsp;www.res-group.com Urheberrecht Das Layout dieser...\" \/>\n<meta property=\"og:url\" content=\"https:\/\/www.res-group.com\/de\/res-impressum\/\" \/>\n<meta property=\"og:site_name\" content=\"RES\" \/>\n<meta property=\"article:modified_time\" content=\"2023-09-22T08:03:33+00:00\" \/>\n<meta name=\"twitter:card\" content=\"summary_large_image\" \/>\n<meta name=\"twitter:site\" content=\"@RESGroup\" \/>\n<meta name=\"twitter:label1\" content=\"Gesch\u00e4tzte Lesezeit\" \/>\n\t<meta name=\"twitter:data1\" content=\"1\u00a0Minute\" \/>\n<script type=\"application\/ld+json\" class=\"yoast-schema-graph\">{\"@context\":\"https:\/\/schema.org\",\"@graph\":[{\"@type\":\"WebPage\",\"@id\":\"https:\/\/www.res-group.com\/de\/res-impressum\/\",\"url\":\"https:\/\/www.res-group.com\/de\/res-impressum\/\",\"name\":\"Impressum - RES\",\"isPartOf\":{\"@id\":\"https:\/\/www.res-group.com\/de\/#website\"},\"datePublished\":\"2023-09-11T16:15:33+00:00\",\"dateModified\":\"2023-09-22T08:03:33+00:00\",\"breadcrumb\":{\"@id\":\"https:\/\/www.res-group.com\/de\/res-impressum\/#breadcrumb\"},\"inLanguage\":\"de\",\"potentialAction\":[{\"@type\":\"ReadAction\",\"target\":[\"https:\/\/www.res-group.com\/de\/res-impressum\/\"]}]},{\"@type\":\"BreadcrumbList\",\"@id\":\"https:\/\/www.res-group.com\/de\/res-impressum\/#breadcrumb\",\"itemListElement\":[{\"@type\":\"ListItem\",\"position\":1,\"name\":\"In\u00edcio\",\"item\":\"https:\/\/www.res-group.com\/de\/\"},{\"@type\":\"ListItem\",\"position\":2,\"name\":\"Impressum\"}]},{\"@type\":\"WebSite\",\"@id\":\"https:\/\/www.res-group.com\/de\/#website\",\"url\":\"https:\/\/www.res-group.com\/de\/\",\"name\":\"res-group.com\",\"description\":\"The power behind a clean energy future\",\"publisher\":{\"@id\":\"https:\/\/www.res-group.com\/de\/#organization\"},\"potentialAction\":[{\"@type\":\"SearchAction\",\"target\":{\"@type\":\"EntryPoint\",\"urlTemplate\":\"https:\/\/www.res-group.com\/de\/?s={search_term_string}\"},\"query-input\":{\"@type\":\"PropertyValueSpecification\",\"valueRequired\":true,\"valueName\":\"search_term_string\"}}],\"inLanguage\":\"de\"},{\"@type\":\"Organization\",\"@id\":\"https:\/\/www.res-group.com\/de\/#organization\",\"name\":\"RES\",\"url\":\"https:\/\/www.res-group.com\/de\/\",\"logo\":{\"@type\":\"ImageObject\",\"inLanguage\":\"de\",\"@id\":\"https:\/\/www.res-group.com\/de\/#\/schema\/logo\/image\/\",\"url\":\"https:\/\/www.res-group.com\/wp-content\/uploads\/2023\/05\/header-logo.svg\",\"contentUrl\":\"https:\/\/www.res-group.com\/wp-content\/uploads\/2023\/05\/header-logo.svg\",\"width\":82.634,\"height\":38,\"caption\":\"RES\"},\"image\":{\"@id\":\"https:\/\/www.res-group.com\/de\/#\/schema\/logo\/image\/\"},\"sameAs\":[\"https:\/\/x.com\/RESGroup\",\"https:\/\/www.instagram.com\/res_powerforgood\",\"https:\/\/www.linkedin.com\/company\/res-group\/\",\"https:\/\/vimeo.com\/resgroup\"]}]}<\/script>\n<!-- \/ Yoast SEO Premium plugin. -->","yoast_head_json":{"title":"Impressum - RES","robots":{"index":"index","follow":"follow","max-snippet":"max-snippet:-1","max-image-preview":"max-image-preview:large","max-video-preview":"max-video-preview:-1"},"canonical":"https:\/\/www.res-group.com\/de\/res-impressum\/","og_locale":"de_DE","og_type":"article","og_title":"Impressum","og_description":"RES Deutschland GmbH Reutener Str. 18, 79279 V\u00f6rstettenTel: +49 (0) 7666 61899 18 E-Mail:&nbsp;info.germany@res-group.com Gesch\u00e4ftsf\u00fchrung: Marco Perona und Gerhard KienzlerRechtsform: Gesellschaft mit beschr\u00e4nkter Haftung (GmbH)Sitz: V\u00f6rstettenAmtsgericht: Freiburg im BreisgauHandelsregister-Nr.: HRB721687Umsatzsteueridentifikations-Nr.: DE289682314 Webdesign und Programmierung Renewable Energy Systems LtdBeaufort Court, Egg Farm Lane Kings LangleyHertfordshire WD4 8LREmail:&nbsp;info@res-group.comWebsite:&nbsp;www.res-group.com Urheberrecht Das Layout dieser...","og_url":"https:\/\/www.res-group.com\/de\/res-impressum\/","og_site_name":"RES","article_modified_time":"2023-09-22T08:03:33+00:00","twitter_card":"summary_large_image","twitter_site":"@RESGroup","twitter_misc":{"Gesch\u00e4tzte Lesezeit":"1\u00a0Minute"},"schema":{"@context":"https:\/\/schema.org","@graph":[{"@type":"WebPage","@id":"https:\/\/www.res-group.com\/de\/res-impressum\/","url":"https:\/\/www.res-group.com\/de\/res-impressum\/","name":"Impressum - RES","isPartOf":{"@id":"https:\/\/www.res-group.com\/de\/#website"},"datePublished":"2023-09-11T16:15:33+00:00","dateModified":"2023-09-22T08:03:33+00:00","breadcrumb":{"@id":"https:\/\/www.res-group.com\/de\/res-impressum\/#breadcrumb"},"inLanguage":"de","potentialAction":[{"@type":"ReadAction","target":["https:\/\/www.res-group.com\/de\/res-impressum\/"]}]},{"@type":"BreadcrumbList","@id":"https:\/\/www.res-group.com\/de\/res-impressum\/#breadcrumb","itemListElement":[{"@type":"ListItem","position":1,"name":"In\u00edcio","item":"https:\/\/www.res-group.com\/de\/"},{"@type":"ListItem","position":2,"name":"Impressum"}]},{"@type":"WebSite","@id":"https:\/\/www.res-group.com\/de\/#website","url":"https:\/\/www.res-group.com\/de\/","name":"res-group.com","description":"The power behind a clean energy future","publisher":{"@id":"https:\/\/www.res-group.com\/de\/#organization"},"potentialAction":[{"@type":"SearchAction","target":{"@type":"EntryPoint","urlTemplate":"https:\/\/www.res-group.com\/de\/?s={search_term_string}"},"query-input":{"@type":"PropertyValueSpecification","valueRequired":true,"valueName":"search_term_string"}}],"inLanguage":"de"},{"@type":"Organization","@id":"https:\/\/www.res-group.com\/de\/#organization","name":"RES","url":"https:\/\/www.res-group.com\/de\/","logo":{"@type":"ImageObject","inLanguage":"de","@id":"https:\/\/www.res-group.com\/de\/#\/schema\/logo\/image\/","url":"https:\/\/www.res-group.com\/wp-content\/uploads\/2023\/05\/header-logo.svg","contentUrl":"https:\/\/www.res-group.com\/wp-content\/uploads\/2023\/05\/header-logo.svg","width":82.634,"height":38,"caption":"RES"},"image":{"@id":"https:\/\/www.res-group.com\/de\/#\/schema\/logo\/image\/"},"sameAs":["https:\/\/x.com\/RESGroup","https:\/\/www.instagram.com\/res_powerforgood","https:\/\/www.linkedin.com\/company\/res-group\/","https:\/\/vimeo.com\/resgroup"]}]}},"_links":{"self":[{"href":"https:\/\/www.res-group.com\/de\/wp-json\/wp\/v2\/pages\/22191","targetHints":{"allow":["GET"]}}],"collection":[{"href":"https:\/\/www.res-group.com\/de\/wp-json\/wp\/v2\/pages"}],"about":[{"href":"https:\/\/www.res-group.com\/de\/wp-json\/wp\/v2\/types\/page"}],"author":[{"embeddable":true,"href":"https:\/\/www.res-group.com\/de\/wp-json\/wp\/v2\/users\/1"}],"replies":[{"embeddable":true,"href":"https:\/\/www.res-group.com\/de\/wp-json\/wp\/v2\/comments?post=22191"}],"version-history":[{"count":0,"href":"https:\/\/www.res-group.com\/de\/wp-json\/wp\/v2\/pages\/22191\/revisions"}],"wp:attachment":[{"href":"https:\/\/www.res-group.com\/de\/wp-json\/wp\/v2\/media?parent=22191"}],"curies":[{"name":"wp","href":"https:\/\/api.w.org\/{rel}","templated":true}]}}