{"id":19675,"date":"2023-05-26T12:20:27","date_gmt":"2023-05-26T11:20:27","guid":{"rendered":"http:\/\/www.res-group.com\/privacy-policy\/"},"modified":"2024-06-12T09:55:59","modified_gmt":"2024-06-12T08:55:59","slug":"privacy-policy","status":"publish","type":"page","link":"https:\/\/www.res-group.com\/de\/datenschutzerklarung\/","title":{"rendered":"DATENSCHUTZERKL\u00c4RUNG"},"content":{"rendered":"\n<h3 class=\"wp-block-heading\">RES-GRUPPE WEBSITE&nbsp;<\/h3>\n\n\n\n<p>Die RES Gruppe ist dem Recht jedes Einzelnen auf Datenschutz und der Einhaltung der geltenden Gesetze verpflichtet. Diese Datenschutzerkl\u00e4rung gilt f\u00fcr alle Unternehmen der RES Gruppe, die die \u00fcber diese Website gesammelten personenbezogenen Daten kontrollieren und nutzen. Sie erkl\u00e4rt auch, wie wir pers\u00f6nliche Daten nutzen, die uns direkt, z. B. per E-Mail oder Brief, und nicht \u00fcber diese Website zur Verf\u00fcgung gestellt werden.&nbsp;<\/p>\n\n\n\n<p>Bitte beachten Sie, dass wir generell personenbezogene Daten f\u00fcr rechtliche Untersuchungen, Nachforschungen und Compliance-Zwecke erheben, verwenden und weitergeben k\u00f6nnen. Gegebenenfalls k\u00f6nnen wir personenbezogene Daten auch mit Ihrer Zustimmung erheben, nutzen und weitergeben.&nbsp;<\/p>\n\n\n\n<p><strong>WELCHE INFORMATIONEN SAMMELN WIR?&nbsp;<\/strong><\/p>\n\n\n\n<p>Auf dieser Website werden nur personenbezogene Daten erfasst, die von Ihnen ausdr\u00fccklich und freiwillig zur Verf\u00fcgung gestellt werden. Dazu k\u00f6nnen Kontaktinformationen wie Ihr Name, Ihre E-Mail-Adresse, Telefonnummer oder Adresse geh\u00f6ren.<\/p>\n\n\n\n<p>Wenn Sie sich per E-Mail oder auf anderem Wege an uns wenden und Angaben zu Ihrer Person machen, werden auch diese personenbezogenen Daten im Zusammenhang mit der betreffenden Angelegenheit erfasst, verwendet und weitergegeben, und Sie sollten dies in angemessener Weise erwarten k\u00f6nnen.&nbsp;<\/p>\n\n\n\n<p>Wenn Sie oder Ihre Organisation gesch\u00e4ftliche Beziehungen zu uns oder zu Dritten unterhalten, f\u00fcr die wir als Dienstleister t\u00e4tig sind (und die uns m\u00f6glicherweise ihrerseits Informationen zur Verf\u00fcgung gestellt haben), kann dies bedeuten, dass wir Ihre personenbezogenen Daten, einschlie\u00dflich Zahlungsdaten, erheben, verwenden und weitergeben (z. B. wenn Sie Grundst\u00fcckseigent\u00fcmer eines von uns entwickelten, gebauten oder verwalteten Projekts f\u00fcr erneuerbare Energien sind).&nbsp;<\/p>\n\n\n\n<p>Wir erheben, verwenden und ver\u00f6ffentlichen auch personenbezogene Daten \u00fcber Personen, mit denen wir zusammenarbeiten, aus \u00f6ffentlich zug\u00e4nglichen Quellen und kommerziellen\/staatlichen Datenbanken.&nbsp;<\/p>\n\n\n\n<p>Dar\u00fcber hinaus fotografieren und filmen wir manchmal in B\u00fcros, auf Baustellen, bei Betriebsprojekten und an anderen Orten, die uns geh\u00f6ren, die wir betreiben oder die wir besuchen, und dabei k\u00f6nnen Bilder und Stimmen von Personen sowie Fahrzeugregistrierungen (z. B. bei der Video\u00fcberwachung zu Sicherheitszwecken) aufgenommen werden. Wenn das Filmen, Aufnehmen oder Fotografieren von oder im Namen der RES Gruppe organisiert wurde, wird dies in der Regel durch Schilder, Durchsagen oder andere Formen der Kommunikation kenntlich gemacht.&nbsp; Dadurch werden Sie darauf aufmerksam gemacht, dass Ihr Bild und andere pers\u00f6nliche Daten aufgenommen werden k\u00f6nnten, so dass Sie dies auf Wunsch verhindern k\u00f6nnen.&nbsp; In weniger formellen F\u00e4llen, z. B. wenn ein Mitarbeiter der RES Gruppe mit einem Smartphone filmt oder fotografiert, erfolgt eine solche Mitteilung m\u00f6glicherweise nicht.&nbsp; Sofern Sie dem nicht zugestimmt haben, k\u00f6nnen Sie unter bestimmten Umst\u00e4nden Ihre ausdr\u00fcckliche oder stillschweigende Zustimmung zur Verwendung Ihrer personenbezogenen Daten auf diese Weise zur\u00fcckziehen, indem Sie sich an unser Kommunikationsteam wenden (Einzelheiten siehe unten).&nbsp;<\/p>\n\n\n\n<p><strong>WARUM SAMMELN WIR PERSONENBEZOGENE DATEN \u00dcBER SIE?&nbsp;&nbsp;<\/strong><\/p>\n\n\n\n<p>Die RES Gruppe kann Informationen \u00fcber Sie im Rahmen der oben beschriebenen Gesch\u00e4ftsvorg\u00e4nge, zur Einhaltung gesetzlicher Vorschriften, zu Sicherheits- oder Versicherungszwecken oder in Verbindung mit unseren Finanzprozessen und -kontrollen erfassen, verwenden und weitergeben. Ihre pers\u00f6nlichen Daten k\u00f6nnen auch erfasst, verwendet und weitergegeben werden, um die Dienstleistungen, die wir Ihnen oder Ihrer Organisation anbieten, zu verbessern oder um auf Anfragen oder andere von Ihnen aufgeworfene Probleme zu reagieren.&nbsp;<\/p>\n\n\n\n<p>Wenn Sie uns personenbezogene Daten \u00fcbermitteln, damit wir Sie f\u00fcr eine Stelle innerhalb der RES Gruppe in Betracht ziehen k\u00f6nnen, oder wenn Sie sich bei der RES Gruppe auf eine auf dieser Website ausgeschriebene Stelle bewerben, werden wir diese Daten zum Zweck der Pr\u00fcfung Ihrer Bewerbung und der sonstigen Bearbeitung w\u00e4hrend oder nach dem betreffenden Einstellungsverfahren erfassen, verwenden und weitergeben.&nbsp;<\/p>\n\n\n\n<p>Dar\u00fcber hinaus werden wir personenbezogene Daten f\u00fcr andere Zwecke erheben, verwenden und offenlegen, die mit den in dieser Datenschutzerkl\u00e4rung beschriebenen Zwecken in Zusammenhang stehen oder diese erg\u00e4nzen.&nbsp;<\/p>\n\n\n\n<p>Die RES Gruppe kann die von Ihnen zur Verf\u00fcgung gestellten oder anderweitig erhaltenen Informationen auch f\u00fcr Marketing und Marktforschung verwenden, aber wir verkaufen keine pers\u00f6nlichen Informationen und geben sie nicht an Dritte weiter, wenn dies nicht dem Zweck dient, f\u00fcr den wir sie besitzen.&nbsp;<\/p>\n\n\n\n<p>Bei der Entwicklung und dem Bau von Projekten f\u00fcr erneuerbare Energien ist es notwendig, dass wir uns mit den Mitgliedern der \u00f6rtlichen Gemeinschaft beraten und sie auf dem Laufenden halten. Zu diesem Zweck f\u00fchren wir Post- und andere Medienkampagnen durch, wobei wir Datenbanken Dritter nutzen, um Adressen von Einwohnern zu erhalten.&nbsp;<\/p>\n\n\n\n<p>Daher kann es sein, dass Sie auf diesem Weg von uns h\u00f6ren, aber Sie k\u00f6nnen uns jederzeit anweisen, den Kontakt zu Ihnen einzustellen. Wenn Sie unaufgefordert Marketingmaterial erhalten, von dem Sie glauben, dass es von uns stammt und das Sie nicht erhalten m\u00f6chten, teilen Sie uns dies bitte mit, indem Sie unser Kommunikationsteam unter +49 7666 61899 18 oder <a href=\"mailto:datenschutz@res-group.com\">datenschutz@res-group.com<\/a> kontaktieren oder an Communications Team, RES Group, Beaufort Court, Egg Farm Lane, Kings Langley, Hertfordshire, WD4 8LR schreiben.\u00a0<\/p>\n\n\n\n<p><strong>WERDEN WIR IHRE PERS\u00d6NLICHEN DATEN AN ANDERE ORGANISATIONEN WEITERGEBEN, NACHDEM WIR SIE ERHALTEN HABEN?&nbsp;<\/strong><\/p>\n\n\n\n<p>Im Allgemeinen geben wir keine Informationen, die Sie uns geben, an andere Organisationen als die Unternehmen der RES-Gruppe weiter. Es gibt jedoch Ausnahmen, wenn dies gesetzlich zul\u00e4ssig oder erforderlich ist (z. B. zur Einhaltung gesetzlicher Vorschriften, zur Verbrechensverh\u00fctung, zur Kreditw\u00fcrdigkeitspr\u00fcfung und zur Betrugsbek\u00e4mpfung). Es kann auch notwendig sein, Ihre Daten an Organisationen weiterzugeben, mit denen wir ein Joint Venture oder eine Vereinbarung zur Zusammenarbeit haben, oder wenn wir eine Vereinbarung mit Ihnen haben oder Dienstleistungen f\u00fcr jemanden erbringen, der dies tut, oder wenn Sie von unseren Aktivit\u00e4ten oder denen unserer Kunden betroffen sind, z. B. um externe Berater zu beauftragen, uns oder unseren Kunden in einer Angelegenheit zu unterst\u00fctzen, die Sie oder Ihre Organisation betrifft (einschlie\u00dflich etwaiger Streitigkeiten). Wir k\u00f6nnen auch Fotos und audiovisuelles Filmmaterial, das von oder in unserem Namen oder von unseren Mitarbeitern aufgenommen oder erstellt wurde, auf unseren Websites und denen Dritter ver\u00f6ffentlichen, ebenso wie unsere Mitarbeiter, und sie f\u00fcr interne Kommunikations- und Schulungszwecke innerhalb der RES Gruppe verwenden.&nbsp;<\/p>\n\n\n\n<p><strong>WERDEN IHRE INFORMATIONEN SICHER GESPEICHERT?<\/strong><\/p>\n\n\n\n<p>Wenn Sie uns Informationen f\u00fcr einen bestimmten Zweck \u00fcbermitteln, werden diese in \u00dcbereinstimmung mit unseren aktuellen Gesch\u00e4ftspraktiken gespeichert, die darauf ausgerichtet sind, Sicherheit und Vertraulichkeit zu gew\u00e4hrleisten. Wenn Sie uns bitten, diese Daten zu vernichten, werden wir dies tun, soweit dies praktisch m\u00f6glich ist, vorbehaltlich geltender gesetzlicher Beschr\u00e4nkungen und unserer Anforderungen an die Aufbewahrung von Daten zum Zwecke der Erf\u00fcllung unserer gesetzlichen und internen Verpflichtungen, einschlie\u00dflich des Nachweises der Einhaltung von Vorschriften in der Zukunft, falls rechtliche Anspr\u00fcche gegen uns geltend gemacht werden.&nbsp;<\/p>\n\n\n\n<p>Wir werden Ihre personenbezogenen Daten so lange aufbewahren, wie es vern\u00fcnftigerweise erforderlich ist (oder, in Verbindung mit Informationen, die nur mit Ihrer Zustimmung zur Verf\u00fcgung gestellt wurden, bis Sie diese Zustimmung zur\u00fcckziehen), einschlie\u00dflich f\u00fcr rechtliche und interne Compliance-Zwecke und die m\u00f6gliche Abwehr von Anspr\u00fcchen in der Zukunft oder wenn wir anderweitig dazu berechtigt sind.&nbsp;<\/p>\n\n\n\n<p><strong>WIE K\u00d6NNEN SIE HERAUSFINDEN, WELCHE INFORMATIONEN \u00dcBER SIE GESPEICHERT SIND?<\/strong><\/p>\n\n\n\n<p>Sie haben das Recht, bestimmte Informationen, die wir \u00fcber Sie gesammelt haben, zu erfahren, sofern Sie einen Antrag ausf\u00fcllen und sich ausweisen k\u00f6nnen. Zu diesem Zweck k\u00f6nnen Sie unser Kommunikationsteam unter der Telefonnummer +49 7666 61899 18 kontaktieren, uns eine E-Mail an <a href=\"mailto:datenschutz@res-group.com\">datenschutz@res-group.com<\/a> senden oder an das Kommunikationsteam, RES Group, Reutener Str. 18, 79279, V\u00f6rstetten, Deutschland, schreiben.<\/p>\n\n\n\n<p>Die von Ihnen angeforderten Informationen werden in \u00dcbereinstimmung mit den geltenden Gesetzen umgehend zur Verf\u00fcgung gestellt, wenn es sich um pers\u00f6nliche Daten handelt, die wir Ihnen zur Verf\u00fcgung stellen m\u00fcssen. In jedem Fall werden wir alle angemessenen Anstrengungen unternehmen, um sicherzustellen, dass die von uns gespeicherten Informationen korrekt, aktuell und relevant sind, und wir sind gerne bereit, etwaige Ungenauigkeiten zu korrigieren.<\/p>\n\n\n\n<p><strong>GOOGLE RECAPTCHA&nbsp;<\/strong><strong><\/strong><\/p>\n\n\n\n<p>Wir k\u00f6nnen auch Google reCAPTCHA (\u201eReCAPTCHA\u201c) auf unseren Websites verwenden. Dieser Dienst wird von Google LLC, 1600 Amphitheatre Parkway, Mountain View, CA 94043, USA (\u201eGoogle\u201c) bereitgestellt. ReCAPTCHA analysiert die auf unserer Website (z. B. in einem Kontaktformular) eingegebenen Daten, um festzustellen, ob es sich bei dem Nutzer um eine reale Person oder einen \u201eBot\u201c handelt, um zu verhindern, dass \u201eautomatisierte Software\u201c unsere Website durch automatisiertes Crawling oder Spam belastet. Die analysierten Informationen, zu denen die IP-Adresse des Nutzers, das Tippverhalten des Nutzers, die Anzahl der Mausklicks eines Nutzers auf der Website und die vom Browser des Nutzers verwendete Sprache geh\u00f6ren k\u00f6nnen, werden an Google \u00fcbermittelt. Alle von ReCAPTCHA gesammelten Informationen werden von Google in \u00dcbereinstimmung mit den <a href=\"https:\/\/policies.google.com\/terms\" target=\"_blank\" rel=\"noreferrer noopener\">Google Servicebedingungen<\/a> und den <a href=\"https:\/\/policies.google.com\/privacy\" target=\"_blank\" rel=\"noreferrer noopener\">Google Datenschutzbestimmungen<\/a> gespeichert.<\/p>\n\n\n\n<p><strong>AKTUALISIERUNGEN DER DATENSCHUTZRICHTLINIEN&nbsp;<\/strong><\/p>\n\n\n\n<p>Wir k\u00f6nnen unsere Richtlinien auf dieser Seite von Zeit zu Zeit aktualisieren. Bitte vergewissern Sie sich daher, dass Sie die neueste Version gelesen haben.<\/p>\n\n\n\n<p><strong>LETZTE AKTUALISIERUNG: NOVEMBER 2023<\/strong><\/p>\n","protected":false},"excerpt":{"rendered":"<p>RES-GRUPPE WEBSITE&nbsp; Die RES Gruppe ist dem Recht jedes Einzelnen auf Datenschutz und der Einhaltung der geltenden Gesetze verpflichtet. Diese Datenschutzerkl\u00e4rung gilt f\u00fcr alle Unternehmen der RES Gruppe, die die \u00fcber diese Website gesammelten personenbezogenen Daten kontrollieren und nutzen. Sie erkl\u00e4rt auch, wie wir pers\u00f6nliche Daten nutzen, die uns direkt,&#8230;<\/p>\n","protected":false},"author":1,"featured_media":0,"parent":0,"menu_order":0,"comment_status":"closed","ping_status":"closed","template":"","meta":{"_acf_changed":false,"footnotes":""},"class_list":["post-19675","page","type-page","status-publish","hentry"],"acf":[],"yoast_head":"<!-- This site is optimized with the Yoast SEO Premium plugin v27.2 (Yoast SEO v27.2) - https:\/\/yoast.com\/product\/yoast-seo-premium-wordpress\/ -->\n<title>DATENSCHUTZERKL\u00c4RUNG - RES<\/title>\n<meta name=\"robots\" content=\"index, follow, max-snippet:-1, max-image-preview:large, max-video-preview:-1\" \/>\n<link rel=\"canonical\" href=\"https:\/\/www.res-group.com\/de\/datenschutzerklarung\/\" \/>\n<meta property=\"og:locale\" content=\"de_DE\" \/>\n<meta property=\"og:type\" content=\"article\" \/>\n<meta property=\"og:title\" content=\"DATENSCHUTZERKL\u00c4RUNG\" \/>\n<meta property=\"og:description\" content=\"RES-GRUPPE WEBSITE&nbsp; Die RES Gruppe ist dem Recht jedes Einzelnen auf Datenschutz und der Einhaltung der geltenden Gesetze verpflichtet. Diese Datenschutzerkl\u00e4rung gilt f\u00fcr alle Unternehmen der RES Gruppe, die die \u00fcber diese Website gesammelten personenbezogenen Daten kontrollieren und nutzen. Sie erkl\u00e4rt auch, wie wir pers\u00f6nliche Daten nutzen, die uns direkt,...\" \/>\n<meta property=\"og:url\" content=\"https:\/\/www.res-group.com\/de\/datenschutzerklarung\/\" \/>\n<meta property=\"og:site_name\" content=\"RES\" \/>\n<meta property=\"article:modified_time\" content=\"2024-06-12T08:55:59+00:00\" \/>\n<meta name=\"twitter:card\" content=\"summary_large_image\" \/>\n<meta name=\"twitter:site\" content=\"@RESGroup\" \/>\n<meta name=\"twitter:label1\" content=\"Gesch\u00e4tzte Lesezeit\" \/>\n\t<meta name=\"twitter:data1\" content=\"6\u00a0Minuten\" \/>\n<script type=\"application\/ld+json\" class=\"yoast-schema-graph\">{\"@context\":\"https:\/\/schema.org\",\"@graph\":[{\"@type\":\"WebPage\",\"@id\":\"https:\/\/www.res-group.com\/de\/datenschutzerklarung\/\",\"url\":\"https:\/\/www.res-group.com\/de\/datenschutzerklarung\/\",\"name\":\"DATENSCHUTZERKL\u00c4RUNG - RES\",\"isPartOf\":{\"@id\":\"https:\/\/www.res-group.com\/de\/#website\"},\"datePublished\":\"2023-05-26T11:20:27+00:00\",\"dateModified\":\"2024-06-12T08:55:59+00:00\",\"breadcrumb\":{\"@id\":\"https:\/\/www.res-group.com\/de\/datenschutzerklarung\/#breadcrumb\"},\"inLanguage\":\"de\",\"potentialAction\":[{\"@type\":\"ReadAction\",\"target\":[\"https:\/\/www.res-group.com\/de\/datenschutzerklarung\/\"]}]},{\"@type\":\"BreadcrumbList\",\"@id\":\"https:\/\/www.res-group.com\/de\/datenschutzerklarung\/#breadcrumb\",\"itemListElement\":[{\"@type\":\"ListItem\",\"position\":1,\"name\":\"In\u00edcio\",\"item\":\"https:\/\/www.res-group.com\/de\/\"},{\"@type\":\"ListItem\",\"position\":2,\"name\":\"DATENSCHUTZERKL\u00c4RUNG\"}]},{\"@type\":\"WebSite\",\"@id\":\"https:\/\/www.res-group.com\/de\/#website\",\"url\":\"https:\/\/www.res-group.com\/de\/\",\"name\":\"res-group.com\",\"description\":\"The power behind a clean energy future\",\"publisher\":{\"@id\":\"https:\/\/www.res-group.com\/de\/#organization\"},\"potentialAction\":[{\"@type\":\"SearchAction\",\"target\":{\"@type\":\"EntryPoint\",\"urlTemplate\":\"https:\/\/www.res-group.com\/de\/?s={search_term_string}\"},\"query-input\":{\"@type\":\"PropertyValueSpecification\",\"valueRequired\":true,\"valueName\":\"search_term_string\"}}],\"inLanguage\":\"de\"},{\"@type\":\"Organization\",\"@id\":\"https:\/\/www.res-group.com\/de\/#organization\",\"name\":\"RES\",\"url\":\"https:\/\/www.res-group.com\/de\/\",\"logo\":{\"@type\":\"ImageObject\",\"inLanguage\":\"de\",\"@id\":\"https:\/\/www.res-group.com\/de\/#\/schema\/logo\/image\/\",\"url\":\"https:\/\/www.res-group.com\/wp-content\/uploads\/2023\/05\/header-logo.svg\",\"contentUrl\":\"https:\/\/www.res-group.com\/wp-content\/uploads\/2023\/05\/header-logo.svg\",\"width\":82.634,\"height\":38,\"caption\":\"RES\"},\"image\":{\"@id\":\"https:\/\/www.res-group.com\/de\/#\/schema\/logo\/image\/\"},\"sameAs\":[\"https:\/\/x.com\/RESGroup\",\"https:\/\/www.instagram.com\/res_powerforgood\",\"https:\/\/www.linkedin.com\/company\/res-group\/\",\"https:\/\/vimeo.com\/resgroup\"]}]}<\/script>\n<!-- \/ Yoast SEO Premium plugin. -->","yoast_head_json":{"title":"DATENSCHUTZERKL\u00c4RUNG - RES","robots":{"index":"index","follow":"follow","max-snippet":"max-snippet:-1","max-image-preview":"max-image-preview:large","max-video-preview":"max-video-preview:-1"},"canonical":"https:\/\/www.res-group.com\/de\/datenschutzerklarung\/","og_locale":"de_DE","og_type":"article","og_title":"DATENSCHUTZERKL\u00c4RUNG","og_description":"RES-GRUPPE WEBSITE&nbsp; Die RES Gruppe ist dem Recht jedes Einzelnen auf Datenschutz und der Einhaltung der geltenden Gesetze verpflichtet. Diese Datenschutzerkl\u00e4rung gilt f\u00fcr alle Unternehmen der RES Gruppe, die die \u00fcber diese Website gesammelten personenbezogenen Daten kontrollieren und nutzen. Sie erkl\u00e4rt auch, wie wir pers\u00f6nliche Daten nutzen, die uns direkt,...","og_url":"https:\/\/www.res-group.com\/de\/datenschutzerklarung\/","og_site_name":"RES","article_modified_time":"2024-06-12T08:55:59+00:00","twitter_card":"summary_large_image","twitter_site":"@RESGroup","twitter_misc":{"Gesch\u00e4tzte Lesezeit":"6\u00a0Minuten"},"schema":{"@context":"https:\/\/schema.org","@graph":[{"@type":"WebPage","@id":"https:\/\/www.res-group.com\/de\/datenschutzerklarung\/","url":"https:\/\/www.res-group.com\/de\/datenschutzerklarung\/","name":"DATENSCHUTZERKL\u00c4RUNG - RES","isPartOf":{"@id":"https:\/\/www.res-group.com\/de\/#website"},"datePublished":"2023-05-26T11:20:27+00:00","dateModified":"2024-06-12T08:55:59+00:00","breadcrumb":{"@id":"https:\/\/www.res-group.com\/de\/datenschutzerklarung\/#breadcrumb"},"inLanguage":"de","potentialAction":[{"@type":"ReadAction","target":["https:\/\/www.res-group.com\/de\/datenschutzerklarung\/"]}]},{"@type":"BreadcrumbList","@id":"https:\/\/www.res-group.com\/de\/datenschutzerklarung\/#breadcrumb","itemListElement":[{"@type":"ListItem","position":1,"name":"In\u00edcio","item":"https:\/\/www.res-group.com\/de\/"},{"@type":"ListItem","position":2,"name":"DATENSCHUTZERKL\u00c4RUNG"}]},{"@type":"WebSite","@id":"https:\/\/www.res-group.com\/de\/#website","url":"https:\/\/www.res-group.com\/de\/","name":"res-group.com","description":"The power behind a clean energy future","publisher":{"@id":"https:\/\/www.res-group.com\/de\/#organization"},"potentialAction":[{"@type":"SearchAction","target":{"@type":"EntryPoint","urlTemplate":"https:\/\/www.res-group.com\/de\/?s={search_term_string}"},"query-input":{"@type":"PropertyValueSpecification","valueRequired":true,"valueName":"search_term_string"}}],"inLanguage":"de"},{"@type":"Organization","@id":"https:\/\/www.res-group.com\/de\/#organization","name":"RES","url":"https:\/\/www.res-group.com\/de\/","logo":{"@type":"ImageObject","inLanguage":"de","@id":"https:\/\/www.res-group.com\/de\/#\/schema\/logo\/image\/","url":"https:\/\/www.res-group.com\/wp-content\/uploads\/2023\/05\/header-logo.svg","contentUrl":"https:\/\/www.res-group.com\/wp-content\/uploads\/2023\/05\/header-logo.svg","width":82.634,"height":38,"caption":"RES"},"image":{"@id":"https:\/\/www.res-group.com\/de\/#\/schema\/logo\/image\/"},"sameAs":["https:\/\/x.com\/RESGroup","https:\/\/www.instagram.com\/res_powerforgood","https:\/\/www.linkedin.com\/company\/res-group\/","https:\/\/vimeo.com\/resgroup"]}]}},"_links":{"self":[{"href":"https:\/\/www.res-group.com\/de\/wp-json\/wp\/v2\/pages\/19675","targetHints":{"allow":["GET"]}}],"collection":[{"href":"https:\/\/www.res-group.com\/de\/wp-json\/wp\/v2\/pages"}],"about":[{"href":"https:\/\/www.res-group.com\/de\/wp-json\/wp\/v2\/types\/page"}],"author":[{"embeddable":true,"href":"https:\/\/www.res-group.com\/de\/wp-json\/wp\/v2\/users\/1"}],"replies":[{"embeddable":true,"href":"https:\/\/www.res-group.com\/de\/wp-json\/wp\/v2\/comments?post=19675"}],"version-history":[{"count":0,"href":"https:\/\/www.res-group.com\/de\/wp-json\/wp\/v2\/pages\/19675\/revisions"}],"wp:attachment":[{"href":"https:\/\/www.res-group.com\/de\/wp-json\/wp\/v2\/media?parent=19675"}],"curies":[{"name":"wp","href":"https:\/\/api.w.org\/{rel}","templated":true}]}}