{"id":13535,"date":"2023-08-25T11:14:30","date_gmt":"2023-08-25T10:14:30","guid":{"rendered":"http:\/\/www.res-group.com\/karriere\/aktuelle-stellenanzeigen\/"},"modified":"2025-01-23T14:56:53","modified_gmt":"2025-01-23T14:56:53","slug":"aktuelle-stellenanzeigen","status":"publish","type":"page","link":"https:\/\/www.res-group.com\/de\/karriere\/aktuelle-stellenanzeigen\/","title":{"rendered":"Aktuelle Stellenanzeigen"},"content":{"rendered":"","protected":false},"excerpt":{"rendered":"","protected":false},"author":1,"featured_media":0,"parent":7691,"menu_order":3,"comment_status":"closed","ping_status":"closed","template":"index.php","meta":{"_acf_changed":false,"footnotes":""},"class_list":["post-13535","page","type-page","status-publish","hentry"],"acf":[],"yoast_head":"<!-- This site is optimized with the Yoast SEO Premium plugin v27.2 (Yoast SEO v27.2) - https:\/\/yoast.com\/product\/yoast-seo-premium-wordpress\/ -->\n<title>Aktuelle Stellenanzeigen - RES<\/title>\n<meta name=\"description\" content=\"Wenn Sie sich f\u00fcr eine Stelle interessieren, aber Ihre bisherigen Erfahrungen nicht perfekt mit der Stellenbeschreibung \u00fcbereinstimmen, m\u00f6chten wir Sie dennoch ermutigen, sich zu bewerben.\" \/>\n<meta name=\"robots\" content=\"index, follow, max-snippet:-1, max-image-preview:large, max-video-preview:-1\" \/>\n<link rel=\"canonical\" href=\"https:\/\/www.res-group.com\/de\/karriere\/aktuelle-stellenanzeigen\/\" \/>\n<meta property=\"og:locale\" content=\"de_DE\" \/>\n<meta property=\"og:type\" content=\"article\" \/>\n<meta property=\"og:title\" content=\"Aktuelle Stellenanzeigen\" \/>\n<meta property=\"og:description\" content=\"Wenn Sie sich f\u00fcr eine Stelle interessieren, aber Ihre bisherigen Erfahrungen nicht perfekt mit der Stellenbeschreibung \u00fcbereinstimmen, m\u00f6chten wir Sie dennoch ermutigen, sich zu bewerben.\" \/>\n<meta property=\"og:url\" content=\"https:\/\/www.res-group.com\/de\/karriere\/aktuelle-stellenanzeigen\/\" \/>\n<meta property=\"og:site_name\" content=\"RES\" \/>\n<meta property=\"article:modified_time\" content=\"2025-01-23T14:56:53+00:00\" \/>\n<meta name=\"twitter:card\" content=\"summary_large_image\" \/>\n<meta name=\"twitter:site\" content=\"@RESGroup\" \/>\n<script type=\"application\/ld+json\" class=\"yoast-schema-graph\">{\"@context\":\"https:\/\/schema.org\",\"@graph\":[{\"@type\":\"WebPage\",\"@id\":\"https:\/\/www.res-group.com\/de\/karriere\/aktuelle-stellenanzeigen\/\",\"url\":\"https:\/\/www.res-group.com\/de\/karriere\/aktuelle-stellenanzeigen\/\",\"name\":\"Aktuelle Stellenanzeigen - RES\",\"isPartOf\":{\"@id\":\"https:\/\/www.res-group.com\/de\/#website\"},\"datePublished\":\"2023-08-25T10:14:30+00:00\",\"dateModified\":\"2025-01-23T14:56:53+00:00\",\"description\":\"Wenn Sie sich f\u00fcr eine Stelle interessieren, aber Ihre bisherigen Erfahrungen nicht perfekt mit der Stellenbeschreibung \u00fcbereinstimmen, m\u00f6chten wir Sie dennoch ermutigen, sich zu bewerben.\",\"breadcrumb\":{\"@id\":\"https:\/\/www.res-group.com\/de\/karriere\/aktuelle-stellenanzeigen\/#breadcrumb\"},\"inLanguage\":\"de\",\"potentialAction\":[{\"@type\":\"ReadAction\",\"target\":[\"https:\/\/www.res-group.com\/de\/karriere\/aktuelle-stellenanzeigen\/\"]}]},{\"@type\":\"BreadcrumbList\",\"@id\":\"https:\/\/www.res-group.com\/de\/karriere\/aktuelle-stellenanzeigen\/#breadcrumb\",\"itemListElement\":[{\"@type\":\"ListItem\",\"position\":1,\"name\":\"In\u00edcio\",\"item\":\"https:\/\/www.res-group.com\/de\/\"},{\"@type\":\"ListItem\",\"position\":2,\"name\":\"Karriere\",\"item\":\"https:\/\/www.res-group.com\/de\/karriere\/\"},{\"@type\":\"ListItem\",\"position\":3,\"name\":\"Aktuelle Stellenanzeigen\"}]},{\"@type\":\"WebSite\",\"@id\":\"https:\/\/www.res-group.com\/de\/#website\",\"url\":\"https:\/\/www.res-group.com\/de\/\",\"name\":\"res-group.com\",\"description\":\"The power behind a clean energy future\",\"publisher\":{\"@id\":\"https:\/\/www.res-group.com\/de\/#organization\"},\"potentialAction\":[{\"@type\":\"SearchAction\",\"target\":{\"@type\":\"EntryPoint\",\"urlTemplate\":\"https:\/\/www.res-group.com\/de\/?s={search_term_string}\"},\"query-input\":{\"@type\":\"PropertyValueSpecification\",\"valueRequired\":true,\"valueName\":\"search_term_string\"}}],\"inLanguage\":\"de\"},{\"@type\":\"Organization\",\"@id\":\"https:\/\/www.res-group.com\/de\/#organization\",\"name\":\"RES\",\"url\":\"https:\/\/www.res-group.com\/de\/\",\"logo\":{\"@type\":\"ImageObject\",\"inLanguage\":\"de\",\"@id\":\"https:\/\/www.res-group.com\/de\/#\/schema\/logo\/image\/\",\"url\":\"https:\/\/www.res-group.com\/wp-content\/uploads\/2023\/05\/header-logo.svg\",\"contentUrl\":\"https:\/\/www.res-group.com\/wp-content\/uploads\/2023\/05\/header-logo.svg\",\"width\":82.634,\"height\":38,\"caption\":\"RES\"},\"image\":{\"@id\":\"https:\/\/www.res-group.com\/de\/#\/schema\/logo\/image\/\"},\"sameAs\":[\"https:\/\/x.com\/RESGroup\",\"https:\/\/www.instagram.com\/res_powerforgood\",\"https:\/\/www.linkedin.com\/company\/res-group\/\",\"https:\/\/vimeo.com\/resgroup\"]}]}<\/script>\n<!-- \/ Yoast SEO Premium plugin. -->","yoast_head_json":{"title":"Aktuelle Stellenanzeigen - RES","description":"Wenn Sie sich f\u00fcr eine Stelle interessieren, aber Ihre bisherigen Erfahrungen nicht perfekt mit der Stellenbeschreibung \u00fcbereinstimmen, m\u00f6chten wir Sie dennoch ermutigen, sich zu bewerben.","robots":{"index":"index","follow":"follow","max-snippet":"max-snippet:-1","max-image-preview":"max-image-preview:large","max-video-preview":"max-video-preview:-1"},"canonical":"https:\/\/www.res-group.com\/de\/karriere\/aktuelle-stellenanzeigen\/","og_locale":"de_DE","og_type":"article","og_title":"Aktuelle Stellenanzeigen","og_description":"Wenn Sie sich f\u00fcr eine Stelle interessieren, aber Ihre bisherigen Erfahrungen nicht perfekt mit der Stellenbeschreibung \u00fcbereinstimmen, m\u00f6chten wir Sie dennoch ermutigen, sich zu bewerben.","og_url":"https:\/\/www.res-group.com\/de\/karriere\/aktuelle-stellenanzeigen\/","og_site_name":"RES","article_modified_time":"2025-01-23T14:56:53+00:00","twitter_card":"summary_large_image","twitter_site":"@RESGroup","schema":{"@context":"https:\/\/schema.org","@graph":[{"@type":"WebPage","@id":"https:\/\/www.res-group.com\/de\/karriere\/aktuelle-stellenanzeigen\/","url":"https:\/\/www.res-group.com\/de\/karriere\/aktuelle-stellenanzeigen\/","name":"Aktuelle Stellenanzeigen - RES","isPartOf":{"@id":"https:\/\/www.res-group.com\/de\/#website"},"datePublished":"2023-08-25T10:14:30+00:00","dateModified":"2025-01-23T14:56:53+00:00","description":"Wenn Sie sich f\u00fcr eine Stelle interessieren, aber Ihre bisherigen Erfahrungen nicht perfekt mit der Stellenbeschreibung \u00fcbereinstimmen, m\u00f6chten wir Sie dennoch ermutigen, sich zu bewerben.","breadcrumb":{"@id":"https:\/\/www.res-group.com\/de\/karriere\/aktuelle-stellenanzeigen\/#breadcrumb"},"inLanguage":"de","potentialAction":[{"@type":"ReadAction","target":["https:\/\/www.res-group.com\/de\/karriere\/aktuelle-stellenanzeigen\/"]}]},{"@type":"BreadcrumbList","@id":"https:\/\/www.res-group.com\/de\/karriere\/aktuelle-stellenanzeigen\/#breadcrumb","itemListElement":[{"@type":"ListItem","position":1,"name":"In\u00edcio","item":"https:\/\/www.res-group.com\/de\/"},{"@type":"ListItem","position":2,"name":"Karriere","item":"https:\/\/www.res-group.com\/de\/karriere\/"},{"@type":"ListItem","position":3,"name":"Aktuelle Stellenanzeigen"}]},{"@type":"WebSite","@id":"https:\/\/www.res-group.com\/de\/#website","url":"https:\/\/www.res-group.com\/de\/","name":"res-group.com","description":"The power behind a clean energy future","publisher":{"@id":"https:\/\/www.res-group.com\/de\/#organization"},"potentialAction":[{"@type":"SearchAction","target":{"@type":"EntryPoint","urlTemplate":"https:\/\/www.res-group.com\/de\/?s={search_term_string}"},"query-input":{"@type":"PropertyValueSpecification","valueRequired":true,"valueName":"search_term_string"}}],"inLanguage":"de"},{"@type":"Organization","@id":"https:\/\/www.res-group.com\/de\/#organization","name":"RES","url":"https:\/\/www.res-group.com\/de\/","logo":{"@type":"ImageObject","inLanguage":"de","@id":"https:\/\/www.res-group.com\/de\/#\/schema\/logo\/image\/","url":"https:\/\/www.res-group.com\/wp-content\/uploads\/2023\/05\/header-logo.svg","contentUrl":"https:\/\/www.res-group.com\/wp-content\/uploads\/2023\/05\/header-logo.svg","width":82.634,"height":38,"caption":"RES"},"image":{"@id":"https:\/\/www.res-group.com\/de\/#\/schema\/logo\/image\/"},"sameAs":["https:\/\/x.com\/RESGroup","https:\/\/www.instagram.com\/res_powerforgood","https:\/\/www.linkedin.com\/company\/res-group\/","https:\/\/vimeo.com\/resgroup"]}]}},"_links":{"self":[{"href":"https:\/\/www.res-group.com\/de\/wp-json\/wp\/v2\/pages\/13535","targetHints":{"allow":["GET"]}}],"collection":[{"href":"https:\/\/www.res-group.com\/de\/wp-json\/wp\/v2\/pages"}],"about":[{"href":"https:\/\/www.res-group.com\/de\/wp-json\/wp\/v2\/types\/page"}],"author":[{"embeddable":true,"href":"https:\/\/www.res-group.com\/de\/wp-json\/wp\/v2\/users\/1"}],"replies":[{"embeddable":true,"href":"https:\/\/www.res-group.com\/de\/wp-json\/wp\/v2\/comments?post=13535"}],"version-history":[{"count":0,"href":"https:\/\/www.res-group.com\/de\/wp-json\/wp\/v2\/pages\/13535\/revisions"}],"up":[{"embeddable":true,"href":"https:\/\/www.res-group.com\/de\/wp-json\/wp\/v2\/pages\/7691"}],"wp:attachment":[{"href":"https:\/\/www.res-group.com\/de\/wp-json\/wp\/v2\/media?parent=13535"}],"curies":[{"name":"wp","href":"https:\/\/api.w.org\/{rel}","templated":true}]}}