{"id":13336,"date":"2023-08-24T12:05:36","date_gmt":"2023-08-24T11:05:36","guid":{"rendered":"http:\/\/www.res-group.com\/betrieb\/betriebsfuehrung\/"},"modified":"2026-03-18T12:51:45","modified_gmt":"2026-03-18T12:51:45","slug":"betriebsfuehrung","status":"publish","type":"page","link":"https:\/\/www.res-group.com\/de\/betrieb\/betriebsfuehrung\/","title":{"rendered":"Betriebsf\u00fchrung"},"content":{"rendered":"","protected":false},"excerpt":{"rendered":"","protected":false},"author":1,"featured_media":2999,"parent":7694,"menu_order":0,"comment_status":"closed","ping_status":"closed","template":"index.php","meta":{"_acf_changed":false,"footnotes":""},"class_list":["post-13336","page","type-page","status-publish","has-post-thumbnail","hentry"],"acf":[],"yoast_head":"<!-- This site is optimized with the Yoast SEO Premium plugin v27.2 (Yoast SEO v27.2) - https:\/\/yoast.com\/product\/yoast-seo-premium-wordpress\/ -->\n<title>Betriebsf\u00fchrung - RES<\/title>\n<meta name=\"description\" content=\"Durch die enge Zusammenarbeit mit Herstellern, Zulieferern und Dienstleistern k\u00f6nnen wir ma\u00dfgeschneiderte L\u00f6sungen f\u00fcr einzelne Projekte oder ein globales Portfolio anbieten.\" \/>\n<meta name=\"robots\" content=\"index, follow, max-snippet:-1, max-image-preview:large, max-video-preview:-1\" \/>\n<link rel=\"canonical\" href=\"https:\/\/www.res-group.com\/de\/betrieb\/betriebsfuehrung\/\" \/>\n<meta property=\"og:locale\" content=\"de_DE\" \/>\n<meta property=\"og:type\" content=\"article\" \/>\n<meta property=\"og:title\" content=\"Betriebsf\u00fchrung\" \/>\n<meta property=\"og:description\" content=\"Durch die enge Zusammenarbeit mit Herstellern, Zulieferern und Dienstleistern k\u00f6nnen wir ma\u00dfgeschneiderte L\u00f6sungen f\u00fcr einzelne Projekte oder ein globales Portfolio anbieten.\" \/>\n<meta property=\"og:url\" content=\"https:\/\/www.res-group.com\/de\/betrieb\/betriebsfuehrung\/\" \/>\n<meta property=\"og:site_name\" content=\"RES\" \/>\n<meta property=\"article:modified_time\" content=\"2026-03-18T12:51:45+00:00\" \/>\n<meta property=\"og:image\" content=\"https:\/\/www.res-group.com\/wp-content\/uploads\/2023\/08\/OperationsMaint-Banner-Desktop.jpg\" \/>\n\t<meta property=\"og:image:width\" content=\"1920\" \/>\n\t<meta property=\"og:image:height\" content=\"970\" \/>\n\t<meta property=\"og:image:type\" content=\"image\/jpeg\" \/>\n<meta name=\"twitter:card\" content=\"summary_large_image\" \/>\n<meta name=\"twitter:site\" content=\"@RESGroup\" \/>\n<meta name=\"twitter:label1\" content=\"Gesch\u00e4tzte Lesezeit\" \/>\n\t<meta name=\"twitter:data1\" content=\"1\u00a0Minute\" \/>\n<script type=\"application\/ld+json\" class=\"yoast-schema-graph\">{\"@context\":\"https:\/\/schema.org\",\"@graph\":[{\"@type\":\"WebPage\",\"@id\":\"https:\/\/www.res-group.com\/de\/betrieb\/betriebsfuehrung\/\",\"url\":\"https:\/\/www.res-group.com\/de\/betrieb\/betriebsfuehrung\/\",\"name\":\"Betriebsf\u00fchrung - RES\",\"isPartOf\":{\"@id\":\"https:\/\/www.res-group.com\/de\/#website\"},\"primaryImageOfPage\":{\"@id\":\"https:\/\/www.res-group.com\/de\/betrieb\/betriebsfuehrung\/#primaryimage\"},\"image\":{\"@id\":\"https:\/\/www.res-group.com\/de\/betrieb\/betriebsfuehrung\/#primaryimage\"},\"thumbnailUrl\":\"https:\/\/www.res-group.com\/wp-content\/uploads\/2023\/08\/OperationsMaint-Banner-Desktop.jpg\",\"datePublished\":\"2023-08-24T11:05:36+00:00\",\"dateModified\":\"2026-03-18T12:51:45+00:00\",\"description\":\"Durch die enge Zusammenarbeit mit Herstellern, Zulieferern und Dienstleistern k\u00f6nnen wir ma\u00dfgeschneiderte L\u00f6sungen f\u00fcr einzelne Projekte oder ein globales Portfolio anbieten.\",\"breadcrumb\":{\"@id\":\"https:\/\/www.res-group.com\/de\/betrieb\/betriebsfuehrung\/#breadcrumb\"},\"inLanguage\":\"de\",\"potentialAction\":[{\"@type\":\"ReadAction\",\"target\":[\"https:\/\/www.res-group.com\/de\/betrieb\/betriebsfuehrung\/\"]}]},{\"@type\":\"ImageObject\",\"inLanguage\":\"de\",\"@id\":\"https:\/\/www.res-group.com\/de\/betrieb\/betriebsfuehrung\/#primaryimage\",\"url\":\"https:\/\/www.res-group.com\/wp-content\/uploads\/2023\/08\/OperationsMaint-Banner-Desktop.jpg\",\"contentUrl\":\"https:\/\/www.res-group.com\/wp-content\/uploads\/2023\/08\/OperationsMaint-Banner-Desktop.jpg\",\"width\":1920,\"height\":970,\"caption\":\"Asset Management\"},{\"@type\":\"BreadcrumbList\",\"@id\":\"https:\/\/www.res-group.com\/de\/betrieb\/betriebsfuehrung\/#breadcrumb\",\"itemListElement\":[{\"@type\":\"ListItem\",\"position\":1,\"name\":\"In\u00edcio\",\"item\":\"https:\/\/www.res-group.com\/de\/\"},{\"@type\":\"ListItem\",\"position\":2,\"name\":\"Betrieb\",\"item\":\"https:\/\/www.res-group.com\/de\/betrieb\/\"},{\"@type\":\"ListItem\",\"position\":3,\"name\":\"Betriebsf\u00fchrung\"}]},{\"@type\":\"WebSite\",\"@id\":\"https:\/\/www.res-group.com\/de\/#website\",\"url\":\"https:\/\/www.res-group.com\/de\/\",\"name\":\"res-group.com\",\"description\":\"The power behind a clean energy future\",\"publisher\":{\"@id\":\"https:\/\/www.res-group.com\/de\/#organization\"},\"potentialAction\":[{\"@type\":\"SearchAction\",\"target\":{\"@type\":\"EntryPoint\",\"urlTemplate\":\"https:\/\/www.res-group.com\/de\/?s={search_term_string}\"},\"query-input\":{\"@type\":\"PropertyValueSpecification\",\"valueRequired\":true,\"valueName\":\"search_term_string\"}}],\"inLanguage\":\"de\"},{\"@type\":\"Organization\",\"@id\":\"https:\/\/www.res-group.com\/de\/#organization\",\"name\":\"RES\",\"url\":\"https:\/\/www.res-group.com\/de\/\",\"logo\":{\"@type\":\"ImageObject\",\"inLanguage\":\"de\",\"@id\":\"https:\/\/www.res-group.com\/de\/#\/schema\/logo\/image\/\",\"url\":\"https:\/\/www.res-group.com\/wp-content\/uploads\/2023\/05\/header-logo.svg\",\"contentUrl\":\"https:\/\/www.res-group.com\/wp-content\/uploads\/2023\/05\/header-logo.svg\",\"width\":82.634,\"height\":38,\"caption\":\"RES\"},\"image\":{\"@id\":\"https:\/\/www.res-group.com\/de\/#\/schema\/logo\/image\/\"},\"sameAs\":[\"https:\/\/x.com\/RESGroup\",\"https:\/\/www.instagram.com\/res_powerforgood\",\"https:\/\/www.linkedin.com\/company\/res-group\/\",\"https:\/\/vimeo.com\/resgroup\"]}]}<\/script>\n<!-- \/ Yoast SEO Premium plugin. -->","yoast_head_json":{"title":"Betriebsf\u00fchrung - RES","description":"Durch die enge Zusammenarbeit mit Herstellern, Zulieferern und Dienstleistern k\u00f6nnen wir ma\u00dfgeschneiderte L\u00f6sungen f\u00fcr einzelne Projekte oder ein globales Portfolio anbieten.","robots":{"index":"index","follow":"follow","max-snippet":"max-snippet:-1","max-image-preview":"max-image-preview:large","max-video-preview":"max-video-preview:-1"},"canonical":"https:\/\/www.res-group.com\/de\/betrieb\/betriebsfuehrung\/","og_locale":"de_DE","og_type":"article","og_title":"Betriebsf\u00fchrung","og_description":"Durch die enge Zusammenarbeit mit Herstellern, Zulieferern und Dienstleistern k\u00f6nnen wir ma\u00dfgeschneiderte L\u00f6sungen f\u00fcr einzelne Projekte oder ein globales Portfolio anbieten.","og_url":"https:\/\/www.res-group.com\/de\/betrieb\/betriebsfuehrung\/","og_site_name":"RES","article_modified_time":"2026-03-18T12:51:45+00:00","og_image":[{"width":1920,"height":970,"url":"https:\/\/www.res-group.com\/wp-content\/uploads\/2023\/08\/OperationsMaint-Banner-Desktop.jpg","type":"image\/jpeg"}],"twitter_card":"summary_large_image","twitter_site":"@RESGroup","twitter_misc":{"Gesch\u00e4tzte Lesezeit":"1\u00a0Minute"},"schema":{"@context":"https:\/\/schema.org","@graph":[{"@type":"WebPage","@id":"https:\/\/www.res-group.com\/de\/betrieb\/betriebsfuehrung\/","url":"https:\/\/www.res-group.com\/de\/betrieb\/betriebsfuehrung\/","name":"Betriebsf\u00fchrung - RES","isPartOf":{"@id":"https:\/\/www.res-group.com\/de\/#website"},"primaryImageOfPage":{"@id":"https:\/\/www.res-group.com\/de\/betrieb\/betriebsfuehrung\/#primaryimage"},"image":{"@id":"https:\/\/www.res-group.com\/de\/betrieb\/betriebsfuehrung\/#primaryimage"},"thumbnailUrl":"https:\/\/www.res-group.com\/wp-content\/uploads\/2023\/08\/OperationsMaint-Banner-Desktop.jpg","datePublished":"2023-08-24T11:05:36+00:00","dateModified":"2026-03-18T12:51:45+00:00","description":"Durch die enge Zusammenarbeit mit Herstellern, Zulieferern und Dienstleistern k\u00f6nnen wir ma\u00dfgeschneiderte L\u00f6sungen f\u00fcr einzelne Projekte oder ein globales Portfolio anbieten.","breadcrumb":{"@id":"https:\/\/www.res-group.com\/de\/betrieb\/betriebsfuehrung\/#breadcrumb"},"inLanguage":"de","potentialAction":[{"@type":"ReadAction","target":["https:\/\/www.res-group.com\/de\/betrieb\/betriebsfuehrung\/"]}]},{"@type":"ImageObject","inLanguage":"de","@id":"https:\/\/www.res-group.com\/de\/betrieb\/betriebsfuehrung\/#primaryimage","url":"https:\/\/www.res-group.com\/wp-content\/uploads\/2023\/08\/OperationsMaint-Banner-Desktop.jpg","contentUrl":"https:\/\/www.res-group.com\/wp-content\/uploads\/2023\/08\/OperationsMaint-Banner-Desktop.jpg","width":1920,"height":970,"caption":"Asset Management"},{"@type":"BreadcrumbList","@id":"https:\/\/www.res-group.com\/de\/betrieb\/betriebsfuehrung\/#breadcrumb","itemListElement":[{"@type":"ListItem","position":1,"name":"In\u00edcio","item":"https:\/\/www.res-group.com\/de\/"},{"@type":"ListItem","position":2,"name":"Betrieb","item":"https:\/\/www.res-group.com\/de\/betrieb\/"},{"@type":"ListItem","position":3,"name":"Betriebsf\u00fchrung"}]},{"@type":"WebSite","@id":"https:\/\/www.res-group.com\/de\/#website","url":"https:\/\/www.res-group.com\/de\/","name":"res-group.com","description":"The power behind a clean energy future","publisher":{"@id":"https:\/\/www.res-group.com\/de\/#organization"},"potentialAction":[{"@type":"SearchAction","target":{"@type":"EntryPoint","urlTemplate":"https:\/\/www.res-group.com\/de\/?s={search_term_string}"},"query-input":{"@type":"PropertyValueSpecification","valueRequired":true,"valueName":"search_term_string"}}],"inLanguage":"de"},{"@type":"Organization","@id":"https:\/\/www.res-group.com\/de\/#organization","name":"RES","url":"https:\/\/www.res-group.com\/de\/","logo":{"@type":"ImageObject","inLanguage":"de","@id":"https:\/\/www.res-group.com\/de\/#\/schema\/logo\/image\/","url":"https:\/\/www.res-group.com\/wp-content\/uploads\/2023\/05\/header-logo.svg","contentUrl":"https:\/\/www.res-group.com\/wp-content\/uploads\/2023\/05\/header-logo.svg","width":82.634,"height":38,"caption":"RES"},"image":{"@id":"https:\/\/www.res-group.com\/de\/#\/schema\/logo\/image\/"},"sameAs":["https:\/\/x.com\/RESGroup","https:\/\/www.instagram.com\/res_powerforgood","https:\/\/www.linkedin.com\/company\/res-group\/","https:\/\/vimeo.com\/resgroup"]}]}},"_links":{"self":[{"href":"https:\/\/www.res-group.com\/de\/wp-json\/wp\/v2\/pages\/13336","targetHints":{"allow":["GET"]}}],"collection":[{"href":"https:\/\/www.res-group.com\/de\/wp-json\/wp\/v2\/pages"}],"about":[{"href":"https:\/\/www.res-group.com\/de\/wp-json\/wp\/v2\/types\/page"}],"author":[{"embeddable":true,"href":"https:\/\/www.res-group.com\/de\/wp-json\/wp\/v2\/users\/1"}],"replies":[{"embeddable":true,"href":"https:\/\/www.res-group.com\/de\/wp-json\/wp\/v2\/comments?post=13336"}],"version-history":[{"count":1,"href":"https:\/\/www.res-group.com\/de\/wp-json\/wp\/v2\/pages\/13336\/revisions"}],"predecessor-version":[{"id":44030,"href":"https:\/\/www.res-group.com\/de\/wp-json\/wp\/v2\/pages\/13336\/revisions\/44030"}],"up":[{"embeddable":true,"href":"https:\/\/www.res-group.com\/de\/wp-json\/wp\/v2\/pages\/7694"}],"wp:featuredmedia":[{"embeddable":true,"href":"https:\/\/www.res-group.com\/de\/wp-json\/wp\/v2\/media\/2999"}],"wp:attachment":[{"href":"https:\/\/www.res-group.com\/de\/wp-json\/wp\/v2\/media?parent=13336"}],"curies":[{"name":"wp","href":"https:\/\/api.w.org\/{rel}","templated":true}]}}