{"id":13227,"date":"2023-08-21T15:08:15","date_gmt":"2023-08-21T14:08:15","guid":{"rendered":"http:\/\/www.res-group.com\/ueber-uns\/affinitaetsnetzwerke\/"},"modified":"2026-03-18T13:57:55","modified_gmt":"2026-03-18T13:57:55","slug":"affinitaetsnetzwerke","status":"publish","type":"page","link":"https:\/\/www.res-group.com\/de\/ueber-uns\/affinitatsnetzwerke\/","title":{"rendered":"Affinit\u00e4tsnetzwerke"},"content":{"rendered":"","protected":false},"excerpt":{"rendered":"","protected":false},"author":1,"featured_media":19340,"parent":10084,"menu_order":0,"comment_status":"closed","ping_status":"closed","template":"index.php","meta":{"_acf_changed":false,"footnotes":""},"class_list":["post-13227","page","type-page","status-publish","has-post-thumbnail","hentry"],"acf":[],"yoast_head":"<!-- This site is optimized with the Yoast SEO Premium plugin v27.2 (Yoast SEO v27.2) - https:\/\/yoast.com\/product\/yoast-seo-premium-wordpress\/ -->\n<title>Affinit\u00e4tsnetzwerke - RES<\/title>\n<meta name=\"description\" content=\"Unsere Netzwerke stehen allen Mitarbeitenden offen und bieten einen gesch\u00fctzten Raum, in dem Menschen zusammenkommen und sich frei \u00fcber ihre Identit\u00e4t, ihre Erfahrungen und die Herausforderungen, denen sie am Arbeitsplatz begegnen, austauschen k\u00f6nnen.\" \/>\n<meta name=\"robots\" content=\"index, follow, max-snippet:-1, max-image-preview:large, max-video-preview:-1\" \/>\n<link rel=\"canonical\" href=\"https:\/\/www.res-group.com\/de\/ueber-uns\/affinitatsnetzwerke\/\" \/>\n<meta property=\"og:locale\" content=\"de_DE\" \/>\n<meta property=\"og:type\" content=\"article\" \/>\n<meta property=\"og:title\" content=\"Affinit\u00e4tsnetzwerke\" \/>\n<meta property=\"og:description\" content=\"Unsere Netzwerke stehen allen Mitarbeitenden offen und bieten einen gesch\u00fctzten Raum, in dem Menschen zusammenkommen und sich frei \u00fcber ihre Identit\u00e4t, ihre Erfahrungen und die Herausforderungen, denen sie am Arbeitsplatz begegnen, austauschen k\u00f6nnen.\" \/>\n<meta property=\"og:url\" content=\"https:\/\/www.res-group.com\/de\/ueber-uns\/affinitatsnetzwerke\/\" \/>\n<meta property=\"og:site_name\" content=\"RES\" \/>\n<meta property=\"article:modified_time\" content=\"2026-03-18T13:57:55+00:00\" \/>\n<meta property=\"og:image\" content=\"https:\/\/www.res-group.com\/wp-content\/uploads\/2023\/08\/Affinity-Network-Banner-Desktop.jpg\" \/>\n\t<meta property=\"og:image:width\" content=\"1920\" \/>\n\t<meta property=\"og:image:height\" content=\"970\" \/>\n\t<meta property=\"og:image:type\" content=\"image\/jpeg\" \/>\n<meta name=\"twitter:card\" content=\"summary_large_image\" \/>\n<meta name=\"twitter:site\" content=\"@RESGroup\" \/>\n<meta name=\"twitter:label1\" content=\"Gesch\u00e4tzte Lesezeit\" \/>\n\t<meta name=\"twitter:data1\" content=\"1\u00a0Minute\" \/>\n<script type=\"application\/ld+json\" class=\"yoast-schema-graph\">{\"@context\":\"https:\/\/schema.org\",\"@graph\":[{\"@type\":\"WebPage\",\"@id\":\"https:\/\/www.res-group.com\/de\/ueber-uns\/affinitatsnetzwerke\/\",\"url\":\"https:\/\/www.res-group.com\/de\/ueber-uns\/affinitatsnetzwerke\/\",\"name\":\"Affinit\u00e4tsnetzwerke - RES\",\"isPartOf\":{\"@id\":\"https:\/\/www.res-group.com\/de\/#website\"},\"primaryImageOfPage\":{\"@id\":\"https:\/\/www.res-group.com\/de\/ueber-uns\/affinitatsnetzwerke\/#primaryimage\"},\"image\":{\"@id\":\"https:\/\/www.res-group.com\/de\/ueber-uns\/affinitatsnetzwerke\/#primaryimage\"},\"thumbnailUrl\":\"https:\/\/www.res-group.com\/wp-content\/uploads\/2023\/08\/Affinity-Network-Banner-Desktop.jpg\",\"datePublished\":\"2023-08-21T14:08:15+00:00\",\"dateModified\":\"2026-03-18T13:57:55+00:00\",\"description\":\"Unsere Netzwerke stehen allen Mitarbeitenden offen und bieten einen gesch\u00fctzten Raum, in dem Menschen zusammenkommen und sich frei \u00fcber ihre Identit\u00e4t, ihre Erfahrungen und die Herausforderungen, denen sie am Arbeitsplatz begegnen, austauschen k\u00f6nnen.\",\"breadcrumb\":{\"@id\":\"https:\/\/www.res-group.com\/de\/ueber-uns\/affinitatsnetzwerke\/#breadcrumb\"},\"inLanguage\":\"de\",\"potentialAction\":[{\"@type\":\"ReadAction\",\"target\":[\"https:\/\/www.res-group.com\/de\/ueber-uns\/affinitatsnetzwerke\/\"]}]},{\"@type\":\"ImageObject\",\"inLanguage\":\"de\",\"@id\":\"https:\/\/www.res-group.com\/de\/ueber-uns\/affinitatsnetzwerke\/#primaryimage\",\"url\":\"https:\/\/www.res-group.com\/wp-content\/uploads\/2023\/08\/Affinity-Network-Banner-Desktop.jpg\",\"contentUrl\":\"https:\/\/www.res-group.com\/wp-content\/uploads\/2023\/08\/Affinity-Network-Banner-Desktop.jpg\",\"width\":1920,\"height\":970},{\"@type\":\"BreadcrumbList\",\"@id\":\"https:\/\/www.res-group.com\/de\/ueber-uns\/affinitatsnetzwerke\/#breadcrumb\",\"itemListElement\":[{\"@type\":\"ListItem\",\"position\":1,\"name\":\"In\u00edcio\",\"item\":\"https:\/\/www.res-group.com\/de\/\"},{\"@type\":\"ListItem\",\"position\":2,\"name\":\"\u00dcber RES\",\"item\":\"https:\/\/www.res-group.com\/de\/ueber-uns\/\"},{\"@type\":\"ListItem\",\"position\":3,\"name\":\"Affinit\u00e4tsnetzwerke\"}]},{\"@type\":\"WebSite\",\"@id\":\"https:\/\/www.res-group.com\/de\/#website\",\"url\":\"https:\/\/www.res-group.com\/de\/\",\"name\":\"res-group.com\",\"description\":\"The power behind a clean energy future\",\"publisher\":{\"@id\":\"https:\/\/www.res-group.com\/de\/#organization\"},\"potentialAction\":[{\"@type\":\"SearchAction\",\"target\":{\"@type\":\"EntryPoint\",\"urlTemplate\":\"https:\/\/www.res-group.com\/de\/?s={search_term_string}\"},\"query-input\":{\"@type\":\"PropertyValueSpecification\",\"valueRequired\":true,\"valueName\":\"search_term_string\"}}],\"inLanguage\":\"de\"},{\"@type\":\"Organization\",\"@id\":\"https:\/\/www.res-group.com\/de\/#organization\",\"name\":\"RES\",\"url\":\"https:\/\/www.res-group.com\/de\/\",\"logo\":{\"@type\":\"ImageObject\",\"inLanguage\":\"de\",\"@id\":\"https:\/\/www.res-group.com\/de\/#\/schema\/logo\/image\/\",\"url\":\"https:\/\/www.res-group.com\/wp-content\/uploads\/2023\/05\/header-logo.svg\",\"contentUrl\":\"https:\/\/www.res-group.com\/wp-content\/uploads\/2023\/05\/header-logo.svg\",\"width\":82.634,\"height\":38,\"caption\":\"RES\"},\"image\":{\"@id\":\"https:\/\/www.res-group.com\/de\/#\/schema\/logo\/image\/\"},\"sameAs\":[\"https:\/\/x.com\/RESGroup\",\"https:\/\/www.instagram.com\/res_powerforgood\",\"https:\/\/www.linkedin.com\/company\/res-group\/\",\"https:\/\/vimeo.com\/resgroup\"]}]}<\/script>\n<!-- \/ Yoast SEO Premium plugin. -->","yoast_head_json":{"title":"Affinit\u00e4tsnetzwerke - RES","description":"Unsere Netzwerke stehen allen Mitarbeitenden offen und bieten einen gesch\u00fctzten Raum, in dem Menschen zusammenkommen und sich frei \u00fcber ihre Identit\u00e4t, ihre Erfahrungen und die Herausforderungen, denen sie am Arbeitsplatz begegnen, austauschen k\u00f6nnen.","robots":{"index":"index","follow":"follow","max-snippet":"max-snippet:-1","max-image-preview":"max-image-preview:large","max-video-preview":"max-video-preview:-1"},"canonical":"https:\/\/www.res-group.com\/de\/ueber-uns\/affinitatsnetzwerke\/","og_locale":"de_DE","og_type":"article","og_title":"Affinit\u00e4tsnetzwerke","og_description":"Unsere Netzwerke stehen allen Mitarbeitenden offen und bieten einen gesch\u00fctzten Raum, in dem Menschen zusammenkommen und sich frei \u00fcber ihre Identit\u00e4t, ihre Erfahrungen und die Herausforderungen, denen sie am Arbeitsplatz begegnen, austauschen k\u00f6nnen.","og_url":"https:\/\/www.res-group.com\/de\/ueber-uns\/affinitatsnetzwerke\/","og_site_name":"RES","article_modified_time":"2026-03-18T13:57:55+00:00","og_image":[{"width":1920,"height":970,"url":"https:\/\/www.res-group.com\/wp-content\/uploads\/2023\/08\/Affinity-Network-Banner-Desktop.jpg","type":"image\/jpeg"}],"twitter_card":"summary_large_image","twitter_site":"@RESGroup","twitter_misc":{"Gesch\u00e4tzte Lesezeit":"1\u00a0Minute"},"schema":{"@context":"https:\/\/schema.org","@graph":[{"@type":"WebPage","@id":"https:\/\/www.res-group.com\/de\/ueber-uns\/affinitatsnetzwerke\/","url":"https:\/\/www.res-group.com\/de\/ueber-uns\/affinitatsnetzwerke\/","name":"Affinit\u00e4tsnetzwerke - RES","isPartOf":{"@id":"https:\/\/www.res-group.com\/de\/#website"},"primaryImageOfPage":{"@id":"https:\/\/www.res-group.com\/de\/ueber-uns\/affinitatsnetzwerke\/#primaryimage"},"image":{"@id":"https:\/\/www.res-group.com\/de\/ueber-uns\/affinitatsnetzwerke\/#primaryimage"},"thumbnailUrl":"https:\/\/www.res-group.com\/wp-content\/uploads\/2023\/08\/Affinity-Network-Banner-Desktop.jpg","datePublished":"2023-08-21T14:08:15+00:00","dateModified":"2026-03-18T13:57:55+00:00","description":"Unsere Netzwerke stehen allen Mitarbeitenden offen und bieten einen gesch\u00fctzten Raum, in dem Menschen zusammenkommen und sich frei \u00fcber ihre Identit\u00e4t, ihre Erfahrungen und die Herausforderungen, denen sie am Arbeitsplatz begegnen, austauschen k\u00f6nnen.","breadcrumb":{"@id":"https:\/\/www.res-group.com\/de\/ueber-uns\/affinitatsnetzwerke\/#breadcrumb"},"inLanguage":"de","potentialAction":[{"@type":"ReadAction","target":["https:\/\/www.res-group.com\/de\/ueber-uns\/affinitatsnetzwerke\/"]}]},{"@type":"ImageObject","inLanguage":"de","@id":"https:\/\/www.res-group.com\/de\/ueber-uns\/affinitatsnetzwerke\/#primaryimage","url":"https:\/\/www.res-group.com\/wp-content\/uploads\/2023\/08\/Affinity-Network-Banner-Desktop.jpg","contentUrl":"https:\/\/www.res-group.com\/wp-content\/uploads\/2023\/08\/Affinity-Network-Banner-Desktop.jpg","width":1920,"height":970},{"@type":"BreadcrumbList","@id":"https:\/\/www.res-group.com\/de\/ueber-uns\/affinitatsnetzwerke\/#breadcrumb","itemListElement":[{"@type":"ListItem","position":1,"name":"In\u00edcio","item":"https:\/\/www.res-group.com\/de\/"},{"@type":"ListItem","position":2,"name":"\u00dcber RES","item":"https:\/\/www.res-group.com\/de\/ueber-uns\/"},{"@type":"ListItem","position":3,"name":"Affinit\u00e4tsnetzwerke"}]},{"@type":"WebSite","@id":"https:\/\/www.res-group.com\/de\/#website","url":"https:\/\/www.res-group.com\/de\/","name":"res-group.com","description":"The power behind a clean energy future","publisher":{"@id":"https:\/\/www.res-group.com\/de\/#organization"},"potentialAction":[{"@type":"SearchAction","target":{"@type":"EntryPoint","urlTemplate":"https:\/\/www.res-group.com\/de\/?s={search_term_string}"},"query-input":{"@type":"PropertyValueSpecification","valueRequired":true,"valueName":"search_term_string"}}],"inLanguage":"de"},{"@type":"Organization","@id":"https:\/\/www.res-group.com\/de\/#organization","name":"RES","url":"https:\/\/www.res-group.com\/de\/","logo":{"@type":"ImageObject","inLanguage":"de","@id":"https:\/\/www.res-group.com\/de\/#\/schema\/logo\/image\/","url":"https:\/\/www.res-group.com\/wp-content\/uploads\/2023\/05\/header-logo.svg","contentUrl":"https:\/\/www.res-group.com\/wp-content\/uploads\/2023\/05\/header-logo.svg","width":82.634,"height":38,"caption":"RES"},"image":{"@id":"https:\/\/www.res-group.com\/de\/#\/schema\/logo\/image\/"},"sameAs":["https:\/\/x.com\/RESGroup","https:\/\/www.instagram.com\/res_powerforgood","https:\/\/www.linkedin.com\/company\/res-group\/","https:\/\/vimeo.com\/resgroup"]}]}},"_links":{"self":[{"href":"https:\/\/www.res-group.com\/de\/wp-json\/wp\/v2\/pages\/13227","targetHints":{"allow":["GET"]}}],"collection":[{"href":"https:\/\/www.res-group.com\/de\/wp-json\/wp\/v2\/pages"}],"about":[{"href":"https:\/\/www.res-group.com\/de\/wp-json\/wp\/v2\/types\/page"}],"author":[{"embeddable":true,"href":"https:\/\/www.res-group.com\/de\/wp-json\/wp\/v2\/users\/1"}],"replies":[{"embeddable":true,"href":"https:\/\/www.res-group.com\/de\/wp-json\/wp\/v2\/comments?post=13227"}],"version-history":[{"count":1,"href":"https:\/\/www.res-group.com\/de\/wp-json\/wp\/v2\/pages\/13227\/revisions"}],"predecessor-version":[{"id":44040,"href":"https:\/\/www.res-group.com\/de\/wp-json\/wp\/v2\/pages\/13227\/revisions\/44040"}],"up":[{"embeddable":true,"href":"https:\/\/www.res-group.com\/de\/wp-json\/wp\/v2\/pages\/10084"}],"wp:featuredmedia":[{"embeddable":true,"href":"https:\/\/www.res-group.com\/de\/wp-json\/wp\/v2\/media\/19340"}],"wp:attachment":[{"href":"https:\/\/www.res-group.com\/de\/wp-json\/wp\/v2\/media?parent=13227"}],"curies":[{"name":"wp","href":"https:\/\/api.w.org\/{rel}","templated":true}]}}