{"id":13221,"date":"2023-08-21T12:23:24","date_gmt":"2023-08-21T11:23:24","guid":{"rendered":"http:\/\/www.res-group.com\/entwicklung\/investoren\/"},"modified":"2025-09-17T16:00:49","modified_gmt":"2025-09-17T15:00:49","slug":"investoren","status":"publish","type":"page","link":"https:\/\/www.res-group.com\/de\/projektentwicklung\/investoren\/","title":{"rendered":"Investoren"},"content":{"rendered":"","protected":false},"excerpt":{"rendered":"","protected":false},"author":1,"featured_media":19896,"parent":7692,"menu_order":0,"comment_status":"closed","ping_status":"closed","template":"index.php","meta":{"_acf_changed":false,"footnotes":""},"class_list":["post-13221","page","type-page","status-publish","has-post-thumbnail","hentry"],"acf":[],"yoast_head":"<!-- This site is optimized with the Yoast SEO Premium plugin v27.2 (Yoast SEO v27.2) - https:\/\/yoast.com\/product\/yoast-seo-premium-wordpress\/ -->\n<title>Investoren - RES<\/title>\n<meta name=\"description\" content=\"Wir schneiden unseren Ansatz auf jeden Markt individuell zu. Das bedeutet, dass wir Ihnen eine flexible Unterst\u00fctzung anbieten k\u00f6nnen, die Ihren spezifischen Bed\u00fcrfnissen entspricht. Unser teambasierter Ansatz bei der Projektentwicklung beinhaltet den Aufbau enger Beziehungen zu allen Akteuren von Anfang an.\" \/>\n<meta name=\"robots\" content=\"index, follow, max-snippet:-1, max-image-preview:large, max-video-preview:-1\" \/>\n<link rel=\"canonical\" href=\"https:\/\/www.res-group.com\/de\/projektentwicklung\/investoren\/\" \/>\n<meta property=\"og:locale\" content=\"de_DE\" \/>\n<meta property=\"og:type\" content=\"article\" \/>\n<meta property=\"og:title\" content=\"Investoren\" \/>\n<meta property=\"og:description\" content=\"Wir schneiden unseren Ansatz auf jeden Markt individuell zu. Das bedeutet, dass wir Ihnen eine flexible Unterst\u00fctzung anbieten k\u00f6nnen, die Ihren spezifischen Bed\u00fcrfnissen entspricht. Unser teambasierter Ansatz bei der Projektentwicklung beinhaltet den Aufbau enger Beziehungen zu allen Akteuren von Anfang an.\" \/>\n<meta property=\"og:url\" content=\"https:\/\/www.res-group.com\/de\/projektentwicklung\/investoren\/\" \/>\n<meta property=\"og:site_name\" content=\"RES\" \/>\n<meta property=\"article:modified_time\" content=\"2025-09-17T15:00:49+00:00\" \/>\n<meta property=\"og:image\" content=\"https:\/\/www.res-group.com\/wp-content\/uploads\/2023\/08\/Investors-Banner-03.jpg\" \/>\n\t<meta property=\"og:image:width\" content=\"1920\" \/>\n\t<meta property=\"og:image:height\" content=\"970\" \/>\n\t<meta property=\"og:image:type\" content=\"image\/jpeg\" \/>\n<meta name=\"twitter:card\" content=\"summary_large_image\" \/>\n<meta name=\"twitter:site\" content=\"@RESGroup\" \/>\n<meta name=\"twitter:label1\" content=\"Gesch\u00e4tzte Lesezeit\" \/>\n\t<meta name=\"twitter:data1\" content=\"1\u00a0Minute\" \/>\n<script type=\"application\/ld+json\" class=\"yoast-schema-graph\">{\"@context\":\"https:\/\/schema.org\",\"@graph\":[{\"@type\":\"WebPage\",\"@id\":\"https:\/\/www.res-group.com\/de\/projektentwicklung\/investoren\/\",\"url\":\"https:\/\/www.res-group.com\/de\/projektentwicklung\/investoren\/\",\"name\":\"Investoren - RES\",\"isPartOf\":{\"@id\":\"https:\/\/www.res-group.com\/de\/#website\"},\"primaryImageOfPage\":{\"@id\":\"https:\/\/www.res-group.com\/de\/projektentwicklung\/investoren\/#primaryimage\"},\"image\":{\"@id\":\"https:\/\/www.res-group.com\/de\/projektentwicklung\/investoren\/#primaryimage\"},\"thumbnailUrl\":\"https:\/\/www.res-group.com\/wp-content\/uploads\/2023\/08\/Investors-Banner-03.jpg\",\"datePublished\":\"2023-08-21T11:23:24+00:00\",\"dateModified\":\"2025-09-17T15:00:49+00:00\",\"description\":\"Wir schneiden unseren Ansatz auf jeden Markt individuell zu. Das bedeutet, dass wir Ihnen eine flexible Unterst\u00fctzung anbieten k\u00f6nnen, die Ihren spezifischen Bed\u00fcrfnissen entspricht. Unser teambasierter Ansatz bei der Projektentwicklung beinhaltet den Aufbau enger Beziehungen zu allen Akteuren von Anfang an.\",\"breadcrumb\":{\"@id\":\"https:\/\/www.res-group.com\/de\/projektentwicklung\/investoren\/#breadcrumb\"},\"inLanguage\":\"de\",\"potentialAction\":[{\"@type\":\"ReadAction\",\"target\":[\"https:\/\/www.res-group.com\/de\/projektentwicklung\/investoren\/\"]}]},{\"@type\":\"ImageObject\",\"inLanguage\":\"de\",\"@id\":\"https:\/\/www.res-group.com\/de\/projektentwicklung\/investoren\/#primaryimage\",\"url\":\"https:\/\/www.res-group.com\/wp-content\/uploads\/2023\/08\/Investors-Banner-03.jpg\",\"contentUrl\":\"https:\/\/www.res-group.com\/wp-content\/uploads\/2023\/08\/Investors-Banner-03.jpg\",\"width\":1920,\"height\":970},{\"@type\":\"BreadcrumbList\",\"@id\":\"https:\/\/www.res-group.com\/de\/projektentwicklung\/investoren\/#breadcrumb\",\"itemListElement\":[{\"@type\":\"ListItem\",\"position\":1,\"name\":\"In\u00edcio\",\"item\":\"https:\/\/www.res-group.com\/de\/\"},{\"@type\":\"ListItem\",\"position\":2,\"name\":\"Projektentwicklung\",\"item\":\"https:\/\/www.res-group.com\/de\/projektentwicklung\/\"},{\"@type\":\"ListItem\",\"position\":3,\"name\":\"Investoren\"}]},{\"@type\":\"WebSite\",\"@id\":\"https:\/\/www.res-group.com\/de\/#website\",\"url\":\"https:\/\/www.res-group.com\/de\/\",\"name\":\"res-group.com\",\"description\":\"The power behind a clean energy future\",\"publisher\":{\"@id\":\"https:\/\/www.res-group.com\/de\/#organization\"},\"potentialAction\":[{\"@type\":\"SearchAction\",\"target\":{\"@type\":\"EntryPoint\",\"urlTemplate\":\"https:\/\/www.res-group.com\/de\/?s={search_term_string}\"},\"query-input\":{\"@type\":\"PropertyValueSpecification\",\"valueRequired\":true,\"valueName\":\"search_term_string\"}}],\"inLanguage\":\"de\"},{\"@type\":\"Organization\",\"@id\":\"https:\/\/www.res-group.com\/de\/#organization\",\"name\":\"RES\",\"url\":\"https:\/\/www.res-group.com\/de\/\",\"logo\":{\"@type\":\"ImageObject\",\"inLanguage\":\"de\",\"@id\":\"https:\/\/www.res-group.com\/de\/#\/schema\/logo\/image\/\",\"url\":\"https:\/\/www.res-group.com\/wp-content\/uploads\/2023\/05\/header-logo.svg\",\"contentUrl\":\"https:\/\/www.res-group.com\/wp-content\/uploads\/2023\/05\/header-logo.svg\",\"width\":82.634,\"height\":38,\"caption\":\"RES\"},\"image\":{\"@id\":\"https:\/\/www.res-group.com\/de\/#\/schema\/logo\/image\/\"},\"sameAs\":[\"https:\/\/x.com\/RESGroup\",\"https:\/\/www.instagram.com\/res_powerforgood\",\"https:\/\/www.linkedin.com\/company\/res-group\/\",\"https:\/\/vimeo.com\/resgroup\"]}]}<\/script>\n<!-- \/ Yoast SEO Premium plugin. -->","yoast_head_json":{"title":"Investoren - RES","description":"Wir schneiden unseren Ansatz auf jeden Markt individuell zu. Das bedeutet, dass wir Ihnen eine flexible Unterst\u00fctzung anbieten k\u00f6nnen, die Ihren spezifischen Bed\u00fcrfnissen entspricht. Unser teambasierter Ansatz bei der Projektentwicklung beinhaltet den Aufbau enger Beziehungen zu allen Akteuren von Anfang an.","robots":{"index":"index","follow":"follow","max-snippet":"max-snippet:-1","max-image-preview":"max-image-preview:large","max-video-preview":"max-video-preview:-1"},"canonical":"https:\/\/www.res-group.com\/de\/projektentwicklung\/investoren\/","og_locale":"de_DE","og_type":"article","og_title":"Investoren","og_description":"Wir schneiden unseren Ansatz auf jeden Markt individuell zu. Das bedeutet, dass wir Ihnen eine flexible Unterst\u00fctzung anbieten k\u00f6nnen, die Ihren spezifischen Bed\u00fcrfnissen entspricht. Unser teambasierter Ansatz bei der Projektentwicklung beinhaltet den Aufbau enger Beziehungen zu allen Akteuren von Anfang an.","og_url":"https:\/\/www.res-group.com\/de\/projektentwicklung\/investoren\/","og_site_name":"RES","article_modified_time":"2025-09-17T15:00:49+00:00","og_image":[{"width":1920,"height":970,"url":"https:\/\/www.res-group.com\/wp-content\/uploads\/2023\/08\/Investors-Banner-03.jpg","type":"image\/jpeg"}],"twitter_card":"summary_large_image","twitter_site":"@RESGroup","twitter_misc":{"Gesch\u00e4tzte Lesezeit":"1\u00a0Minute"},"schema":{"@context":"https:\/\/schema.org","@graph":[{"@type":"WebPage","@id":"https:\/\/www.res-group.com\/de\/projektentwicklung\/investoren\/","url":"https:\/\/www.res-group.com\/de\/projektentwicklung\/investoren\/","name":"Investoren - RES","isPartOf":{"@id":"https:\/\/www.res-group.com\/de\/#website"},"primaryImageOfPage":{"@id":"https:\/\/www.res-group.com\/de\/projektentwicklung\/investoren\/#primaryimage"},"image":{"@id":"https:\/\/www.res-group.com\/de\/projektentwicklung\/investoren\/#primaryimage"},"thumbnailUrl":"https:\/\/www.res-group.com\/wp-content\/uploads\/2023\/08\/Investors-Banner-03.jpg","datePublished":"2023-08-21T11:23:24+00:00","dateModified":"2025-09-17T15:00:49+00:00","description":"Wir schneiden unseren Ansatz auf jeden Markt individuell zu. Das bedeutet, dass wir Ihnen eine flexible Unterst\u00fctzung anbieten k\u00f6nnen, die Ihren spezifischen Bed\u00fcrfnissen entspricht. Unser teambasierter Ansatz bei der Projektentwicklung beinhaltet den Aufbau enger Beziehungen zu allen Akteuren von Anfang an.","breadcrumb":{"@id":"https:\/\/www.res-group.com\/de\/projektentwicklung\/investoren\/#breadcrumb"},"inLanguage":"de","potentialAction":[{"@type":"ReadAction","target":["https:\/\/www.res-group.com\/de\/projektentwicklung\/investoren\/"]}]},{"@type":"ImageObject","inLanguage":"de","@id":"https:\/\/www.res-group.com\/de\/projektentwicklung\/investoren\/#primaryimage","url":"https:\/\/www.res-group.com\/wp-content\/uploads\/2023\/08\/Investors-Banner-03.jpg","contentUrl":"https:\/\/www.res-group.com\/wp-content\/uploads\/2023\/08\/Investors-Banner-03.jpg","width":1920,"height":970},{"@type":"BreadcrumbList","@id":"https:\/\/www.res-group.com\/de\/projektentwicklung\/investoren\/#breadcrumb","itemListElement":[{"@type":"ListItem","position":1,"name":"In\u00edcio","item":"https:\/\/www.res-group.com\/de\/"},{"@type":"ListItem","position":2,"name":"Projektentwicklung","item":"https:\/\/www.res-group.com\/de\/projektentwicklung\/"},{"@type":"ListItem","position":3,"name":"Investoren"}]},{"@type":"WebSite","@id":"https:\/\/www.res-group.com\/de\/#website","url":"https:\/\/www.res-group.com\/de\/","name":"res-group.com","description":"The power behind a clean energy future","publisher":{"@id":"https:\/\/www.res-group.com\/de\/#organization"},"potentialAction":[{"@type":"SearchAction","target":{"@type":"EntryPoint","urlTemplate":"https:\/\/www.res-group.com\/de\/?s={search_term_string}"},"query-input":{"@type":"PropertyValueSpecification","valueRequired":true,"valueName":"search_term_string"}}],"inLanguage":"de"},{"@type":"Organization","@id":"https:\/\/www.res-group.com\/de\/#organization","name":"RES","url":"https:\/\/www.res-group.com\/de\/","logo":{"@type":"ImageObject","inLanguage":"de","@id":"https:\/\/www.res-group.com\/de\/#\/schema\/logo\/image\/","url":"https:\/\/www.res-group.com\/wp-content\/uploads\/2023\/05\/header-logo.svg","contentUrl":"https:\/\/www.res-group.com\/wp-content\/uploads\/2023\/05\/header-logo.svg","width":82.634,"height":38,"caption":"RES"},"image":{"@id":"https:\/\/www.res-group.com\/de\/#\/schema\/logo\/image\/"},"sameAs":["https:\/\/x.com\/RESGroup","https:\/\/www.instagram.com\/res_powerforgood","https:\/\/www.linkedin.com\/company\/res-group\/","https:\/\/vimeo.com\/resgroup"]}]}},"_links":{"self":[{"href":"https:\/\/www.res-group.com\/de\/wp-json\/wp\/v2\/pages\/13221","targetHints":{"allow":["GET"]}}],"collection":[{"href":"https:\/\/www.res-group.com\/de\/wp-json\/wp\/v2\/pages"}],"about":[{"href":"https:\/\/www.res-group.com\/de\/wp-json\/wp\/v2\/types\/page"}],"author":[{"embeddable":true,"href":"https:\/\/www.res-group.com\/de\/wp-json\/wp\/v2\/users\/1"}],"replies":[{"embeddable":true,"href":"https:\/\/www.res-group.com\/de\/wp-json\/wp\/v2\/comments?post=13221"}],"version-history":[{"count":0,"href":"https:\/\/www.res-group.com\/de\/wp-json\/wp\/v2\/pages\/13221\/revisions"}],"up":[{"embeddable":true,"href":"https:\/\/www.res-group.com\/de\/wp-json\/wp\/v2\/pages\/7692"}],"wp:featuredmedia":[{"embeddable":true,"href":"https:\/\/www.res-group.com\/de\/wp-json\/wp\/v2\/media\/19896"}],"wp:attachment":[{"href":"https:\/\/www.res-group.com\/de\/wp-json\/wp\/v2\/media?parent=13221"}],"curies":[{"name":"wp","href":"https:\/\/api.w.org\/{rel}","templated":true}]}}